{"id":6806,"date":"2025-05-13T06:57:45","date_gmt":"2025-05-13T06:57:45","guid":{"rendered":"https:\/\/www.hyflexpack.com\/?post_type=product&#038;p=6806"},"modified":"2026-01-07T08:56:41","modified_gmt":"2026-01-07T08:56:41","slug":"custom-rotisserie-chicken-bag","status":"publish","type":"product","link":"https:\/\/www.hyflexpack.com\/es\/product\/custom-rotisserie-chicken-bag\/","title":{"rendered":"Bolsas personalizadas para pollo asado, Doypack Packaging with Logo, Fabricante de bolsas para pollo asado"},"content":{"rendered":"<div class=\"wp-block-columns is-layout-flex wp-container-core-columns-is-layout-9d6595d7 wp-block-columns-is-layout-flex\">\n<div class=\"wp-block-column is-layout-flow wp-block-column-is-layout-flow\">\n<h2 class=\"wp-block-heading\">Caracter\u00edsticas de Custom Rotisserie Chicken Bag<\/h2>\n\n\n\n<ul class=\"wp-block-list\">\n<li><strong>Opciones de marca personalizadas<\/strong>: Como fabricante experimentado de doypack, ofrecemos opciones completas de OEM. Cualquier envase personalizado de pollo asado puede llevar impreso el nombre y la marca de su empresa para proporcionar visibilidad del producto y reconocimiento de la marca en los segmentos minorista y de restauraci\u00f3n.<\/li>\n\n\n\n<li><strong>Materiales resistentes y seguros<\/strong>: Fabricado con pl\u00e1stico alimentario de excelente resistencia y durabilidad, nuestro envase laminado para pollo asado sin BPA promete limpieza, seguridad y longevidad durante el almacenamiento y el transporte.<\/li>\n\n\n\n<li><strong>Frescura y protecci\u00f3n<\/strong>: Nuestra bolsa para pollo asado est\u00e1 especialmente formulada para mantener la temperatura, la humedad y la frescura del pollo asado y evitar la contaminaci\u00f3n y las fugas.<\/li>\n\n\n\n<li><strong>F\u00e1cil de manejar y c\u00f3modo<\/strong>: Dise\u00f1ada para facilitar la comodidad del cliente, nuestra bolsa tipo doypack es ligera, resistente al calor y viene con asas o cremallera (opcional) para facilitar su transporte y recalentamiento cuando sea necesario.<\/li>\n\n\n\n<li><strong>Dise\u00f1o estable de pie<\/strong>: Como fabricante fiable de doypack, ofrecemos formatos de bolsa stand-up muy visibles en el lineal y estables, ideales para la exposici\u00f3n en supermercados o mostradores de comida para llevar.<\/li>\n<\/ul>\n<\/div>\n\n\n\n<div class=\"wp-block-column is-layout-flow wp-block-column-is-layout-flow\">\n<figure class=\"wp-block-image size-full\"><img fetchpriority=\"high\" decoding=\"async\" width=\"750\" height=\"750\" src=\"https:\/\/www.hyflexpack.com\/wp-content\/uploads\/2025\/04\/Custom-Plastic-Chicken-Packaging-Bags-5.webp\" alt=\"Fabricante de bolsas a medida para pollos asados\" class=\"wp-image-6785\" srcset=\"https:\/\/www.hyflexpack.com\/wp-content\/uploads\/2025\/04\/Custom-Plastic-Chicken-Packaging-Bags-5.webp 750w, https:\/\/www.hyflexpack.com\/wp-content\/uploads\/2025\/04\/Custom-Plastic-Chicken-Packaging-Bags-5-300x300.webp 300w, https:\/\/www.hyflexpack.com\/wp-content\/uploads\/2025\/04\/Custom-Plastic-Chicken-Packaging-Bags-5-150x150.webp 150w, https:\/\/www.hyflexpack.com\/wp-content\/uploads\/2025\/04\/Custom-Plastic-Chicken-Packaging-Bags-5-12x12.webp 12w, https:\/\/www.hyflexpack.com\/wp-content\/uploads\/2025\/04\/Custom-Plastic-Chicken-Packaging-Bags-5-285x285.webp 285w, https:\/\/www.hyflexpack.com\/wp-content\/uploads\/2025\/04\/Custom-Plastic-Chicken-Packaging-Bags-5-270x270.webp 270w, https:\/\/www.hyflexpack.com\/wp-content\/uploads\/2025\/04\/Custom-Plastic-Chicken-Packaging-Bags-5-540x540.webp 540w, https:\/\/www.hyflexpack.com\/wp-content\/uploads\/2025\/04\/Custom-Plastic-Chicken-Packaging-Bags-5-660x660.webp 660w\" sizes=\"(max-width: 750px) 100vw, 750px\" \/><\/figure>\n<\/div>\n<\/div>","protected":false},"excerpt":{"rendered":"<p>Descubra c\u00f3mo nuestras bolsas de pl\u00e1stico personalizadas para pollo a la parrilla se fabrican con film de envasado compuesto de calidad alimentaria respetuoso con el medio ambiente. Las bolsas de pl\u00e1stico personalizadas con logotipos est\u00e1n especialmente dise\u00f1adas para el envasado de pollo a la parrilla. Esta bolsa no s\u00f3lo puede envasar bien el pollo a la parrilla, sino tambi\u00e9n mejorar la imagen de marca con logotipos personalizados, y es conveniente para llevar y mostrar los productos de pollo a la parrilla. Es una opci\u00f3n de envasado ideal para los comerciantes de pollo a la parrilla. P\u00f3ngase en contacto con nosotros hoy mismo para solicitar un presupuesto. Nos comprometemos a ofrecer soluciones integrales de envasado de alta calidad y respetuosas con el medio ambiente.<\/p>\n<h3>Ventajas del fabricante de bolsas para pollos asados<\/h3>\n<p>Dise\u00f1o personalizado: Proporcionamos servicios personalizados de bolsas de embalaje, incluyendo el material, el tama\u00f1o y la personalizaci\u00f3n del patr\u00f3n de impresi\u00f3n para satisfacer las necesidades del cliente, y apoyamos OEM y ODM.<\/p>\n<p>\u25cfFabricaci\u00f3n: Con equipos y tecnolog\u00eda avanzados, podemos completar la producci\u00f3n de pedidos de manera eficiente y con alta calidad, y entregar a tiempo.<\/p>\n<p>\u25cfInspecci\u00f3n de calidad: La producci\u00f3n se realiza siguiendo estrictamente las normas de calidad y los requisitos de seguridad alimentaria para garantizar que los productos cumplen las normas.<\/p>\n<p>\u25cfServicio de atenci\u00f3n al cliente: Proporcionar una respuesta r\u00e1pida y un servicio de atenci\u00f3n al cliente atento 24 horas al d\u00eda.<\/p>\n<p>\u25cfMuestra gratuita: Proporcionar servicio de muestra gratis para que usted pueda evaluar el producto.<\/p>\n<p>Huiyang Packaging se compromete a proporcionar a los clientes bolsas de pl\u00e1stico personalizadas de alta calidad para el envasado de pollos, ayudando a los clientes a mejorar la imagen de sus productos y mejorar su competitividad en el mercado.<\/p>","protected":false},"featured_media":6785,"comment_status":"open","ping_status":"closed","template":"","meta":[],"product_brand":[],"product_cat":[88],"product_tag":[124],"class_list":{"0":"post-6806","1":"product","2":"type-product","3":"status-publish","4":"has-post-thumbnail","6":"product_cat-roast-chicken-packaging-bag","7":"product_tag-zipper-pouch-manufacturer","9":"first","10":"instock","11":"shipping-taxable","12":"product-type-simple"},"_links":{"self":[{"href":"https:\/\/www.hyflexpack.com\/es\/wp-json\/wp\/v2\/product\/6806","targetHints":{"allow":["GET"]}}],"collection":[{"href":"https:\/\/www.hyflexpack.com\/es\/wp-json\/wp\/v2\/product"}],"about":[{"href":"https:\/\/www.hyflexpack.com\/es\/wp-json\/wp\/v2\/types\/product"}],"replies":[{"embeddable":true,"href":"https:\/\/www.hyflexpack.com\/es\/wp-json\/wp\/v2\/comments?post=6806"}],"wp:featuredmedia":[{"embeddable":true,"href":"https:\/\/www.hyflexpack.com\/es\/wp-json\/wp\/v2\/media\/6785"}],"wp:attachment":[{"href":"https:\/\/www.hyflexpack.com\/es\/wp-json\/wp\/v2\/media?parent=6806"}],"wp:term":[{"taxonomy":"product_brand","embeddable":true,"href":"https:\/\/www.hyflexpack.com\/es\/wp-json\/wp\/v2\/product_brand?post=6806"},{"taxonomy":"product_cat","embeddable":true,"href":"https:\/\/www.hyflexpack.com\/es\/wp-json\/wp\/v2\/product_cat?post=6806"},{"taxonomy":"product_tag","embeddable":true,"href":"https:\/\/www.hyflexpack.com\/es\/wp-json\/wp\/v2\/product_tag?post=6806"}],"curies":[{"name":"wp","href":"https:\/\/api.w.org\/{rel}","templated":true}]}}