{"id":6722,"date":"2025-06-06T01:51:36","date_gmt":"2025-06-06T01:51:36","guid":{"rendered":"https:\/\/www.hyflexpack.com\/?post_type=product&#038;p=6722"},"modified":"2026-01-07T08:21:30","modified_gmt":"2026-01-07T08:21:30","slug":"oem-food-pouch-for-dried-mulberry","status":"publish","type":"product","link":"https:\/\/www.hyflexpack.com\/es\/product\/oem-food-pouch-for-dried-mulberry\/","title":{"rendered":"OEM bolsa de pl\u00e1stico de alimentos para morera seca, laminado reciclado de pie bolsa con cremallera"},"content":{"rendered":"<div class=\"wp-block-columns is-layout-flex wp-container-core-columns-is-layout-9d6595d7 wp-block-columns-is-layout-flex\">\n<div class=\"wp-block-column is-layout-flow wp-block-column-is-layout-flow\">\n<h2 class=\"wp-block-heading\">Caracter\u00edsticas de la bolsa de pl\u00e1stico OEM para morera seca<\/h2>\n\n\n\n<ul class=\"wp-block-list\">\n<li>Estructura compuesta: El proceso compuesto multicapa se adopta para hacer que la bolsa de envasado tenga buenas propiedades de barrera, lo que puede bloquear eficazmente el ox\u00edgeno, la humedad, el olor, etc., extender la vida \u00fatil de las moras secas, y mantenerlas secas y frescas.<\/li>\n\n\n\n<li>Materiales reciclables: Responder activamente al concepto de protecci\u00f3n medioambiental, utilizar materiales reciclables para fabricar bolsas de embalaje y reducir el impacto sobre el medio ambiente.<\/li>\n\n\n\n<li>Autoportante: La exclusiva estructura autoportante permite que la bolsa de envasado permanezca en posici\u00f3n vertical cuando se coloca, lo que atrae la atenci\u00f3n de los consumidores, al tiempo que ahorra espacio de almacenamiento, facilitando a los comerciantes la exposici\u00f3n y gesti\u00f3n de las mercanc\u00edas.<\/li>\n\n\n\n<li>Cierre de cremallera: Equipado con un dise\u00f1o de cremallera, es conveniente para los consumidores abrir y cerrar la bolsa de embalaje varias veces, asegurando que despu\u00e9s de cada uso de moras secas, los productos restantes en la bolsa todav\u00eda pueden estar bien sellados y conservados para evitar la humedad y el deterioro.<\/li>\n<\/ul>\n<\/div>\n\n\n\n<div class=\"wp-block-column is-layout-flow wp-block-column-is-layout-flow\">\n<figure class=\"wp-block-image size-full\"><img fetchpriority=\"high\" decoding=\"async\" width=\"750\" height=\"750\" src=\"https:\/\/www.hyflexpack.com\/wp-content\/uploads\/2025\/04\/OEM-Plastic-Food-Pouch-for-Dried-Mulberry1.webp\" alt=\"OEM Bolsa de pl\u00e1stico para alimentos de morera seca\" class=\"wp-image-6708\" srcset=\"https:\/\/www.hyflexpack.com\/wp-content\/uploads\/2025\/04\/OEM-Plastic-Food-Pouch-for-Dried-Mulberry1.webp 750w, https:\/\/www.hyflexpack.com\/wp-content\/uploads\/2025\/04\/OEM-Plastic-Food-Pouch-for-Dried-Mulberry1-300x300.webp 300w, https:\/\/www.hyflexpack.com\/wp-content\/uploads\/2025\/04\/OEM-Plastic-Food-Pouch-for-Dried-Mulberry1-150x150.webp 150w, https:\/\/www.hyflexpack.com\/wp-content\/uploads\/2025\/04\/OEM-Plastic-Food-Pouch-for-Dried-Mulberry1-12x12.webp 12w, https:\/\/www.hyflexpack.com\/wp-content\/uploads\/2025\/04\/OEM-Plastic-Food-Pouch-for-Dried-Mulberry1-285x285.webp 285w, https:\/\/www.hyflexpack.com\/wp-content\/uploads\/2025\/04\/OEM-Plastic-Food-Pouch-for-Dried-Mulberry1-270x270.webp 270w, https:\/\/www.hyflexpack.com\/wp-content\/uploads\/2025\/04\/OEM-Plastic-Food-Pouch-for-Dried-Mulberry1-540x540.webp 540w, https:\/\/www.hyflexpack.com\/wp-content\/uploads\/2025\/04\/OEM-Plastic-Food-Pouch-for-Dried-Mulberry1-660x660.webp 660w\" sizes=\"(max-width: 750px) 100vw, 750px\" \/><\/figure>\n<\/div>\n<\/div>\n\n\n\n<p><\/p>","protected":false},"excerpt":{"rendered":"<p>Se trata de una bolsa de pl\u00e1stico personalizada para envasar frutos secos. Se trata de una bolsa flexible para envasado de alimentos con cierre de cremallera. Est\u00e1 dise\u00f1ada para contener frutos secos. La bolsa es de pl\u00e1stico, por lo que es resistente y ligera. El dise\u00f1o autoportante resulta pr\u00e1ctico para su exposici\u00f3n y almacenamiento. La cremallera permite abrir y cerrar la bolsa c\u00f3modamente, manteniendo frescos los frutos secos. Puede personalizarse seg\u00fan las necesidades espec\u00edficas del cliente, como a\u00f1adir un logotipo o un dise\u00f1o. P\u00f3ngase en contacto con nosotros hoy mismo para solicitar un presupuesto. Nos comprometemos a ofrecer soluciones integrales de envasado ecol\u00f3gicas y de alta calidad.<\/p>\n<h3>Ventajas de la bolsa de pl\u00e1stico personalizada de alta calidad para frutos secos<\/h3>\n<ul>\n<li>Dise\u00f1o personalizado: Proporcionamos servicios personalizados de bolsas de embalaje, incluyendo el material, el tama\u00f1o y la personalizaci\u00f3n del patr\u00f3n de impresi\u00f3n para satisfacer las necesidades del cliente, y apoyamos OEM y ODM.<\/li>\n<li>Fabricaci\u00f3n: Con equipos y tecnolog\u00eda avanzados, podemos completar la producci\u00f3n de pedidos de manera eficiente y con alta calidad, y entregar a tiempo.<\/li>\n<li>Inspecci\u00f3n de calidad: La producci\u00f3n se lleva a cabo siguiendo estrictamente las normas de calidad y los requisitos de seguridad alimentaria para garantizar que los productos cumplen las normas.<\/li>\n<li>Atenci\u00f3n al cliente: Ofrezca una respuesta r\u00e1pida y un servicio de atenci\u00f3n al cliente atento las 24 horas del d\u00eda.<\/li>\n<li>Muestra gratuita: Proporcionar un servicio de muestra gratuita para que pueda evaluar el producto.<\/li>\n<\/ul>\n<p>Huiyang Packaging se compromete a proporcionar a los clientes bolsas de pl\u00e1stico de alta calidad para frutas secas, ayudando a los clientes a mejorar la imagen de sus productos y mejorar su competitividad en el mercado.<\/p>","protected":false},"featured_media":6708,"comment_status":"open","ping_status":"closed","template":"","meta":[],"product_brand":[],"product_cat":[87],"product_tag":[116,124],"class_list":{"0":"post-6722","1":"product","2":"type-product","3":"status-publish","4":"has-post-thumbnail","6":"product_cat-dried-fruit-packaging-bags-wholesale","7":"product_tag-stand-up-pouch-manufacturer","8":"product_tag-zipper-pouch-manufacturer","10":"first","11":"instock","12":"shipping-taxable","13":"product-type-simple"},"_links":{"self":[{"href":"https:\/\/www.hyflexpack.com\/es\/wp-json\/wp\/v2\/product\/6722","targetHints":{"allow":["GET"]}}],"collection":[{"href":"https:\/\/www.hyflexpack.com\/es\/wp-json\/wp\/v2\/product"}],"about":[{"href":"https:\/\/www.hyflexpack.com\/es\/wp-json\/wp\/v2\/types\/product"}],"replies":[{"embeddable":true,"href":"https:\/\/www.hyflexpack.com\/es\/wp-json\/wp\/v2\/comments?post=6722"}],"wp:featuredmedia":[{"embeddable":true,"href":"https:\/\/www.hyflexpack.com\/es\/wp-json\/wp\/v2\/media\/6708"}],"wp:attachment":[{"href":"https:\/\/www.hyflexpack.com\/es\/wp-json\/wp\/v2\/media?parent=6722"}],"wp:term":[{"taxonomy":"product_brand","embeddable":true,"href":"https:\/\/www.hyflexpack.com\/es\/wp-json\/wp\/v2\/product_brand?post=6722"},{"taxonomy":"product_cat","embeddable":true,"href":"https:\/\/www.hyflexpack.com\/es\/wp-json\/wp\/v2\/product_cat?post=6722"},{"taxonomy":"product_tag","embeddable":true,"href":"https:\/\/www.hyflexpack.com\/es\/wp-json\/wp\/v2\/product_tag?post=6722"}],"curies":[{"name":"wp","href":"https:\/\/api.w.org\/{rel}","templated":true}]}}