{"id":6694,"date":"2025-05-13T06:27:24","date_gmt":"2025-05-13T06:27:24","guid":{"rendered":"https:\/\/www.hyflexpack.com\/?post_type=product&#038;p=6694"},"modified":"2026-01-07T08:57:07","modified_gmt":"2026-01-07T08:57:07","slug":"custom-doypack-for-dried-fruit","status":"publish","type":"product","link":"https:\/\/www.hyflexpack.com\/es\/product\/custom-doypack-for-dried-fruit\/","title":{"rendered":"DoyPack Personalizado para Fruta Deshidratada - Alta Calidad, Bolsas de pie con cremallera"},"content":{"rendered":"<div class=\"wp-block-columns is-layout-flex wp-container-core-columns-is-layout-9d6595d7 wp-block-columns-is-layout-flex\">\n<div class=\"wp-block-column is-layout-flow wp-block-column-is-layout-flow\">\n<h2 class=\"wp-block-heading\">Caracter\u00edsticas del envasado personalizado de aperitivos de fruta deshidratada<\/h2>\n\n\n\n<ul class=\"wp-block-list\">\n<li>Nuestros envases personalizados para aperitivos de fruta deshidratada presentan las siguientes caracter\u00edsticas: <\/li>\n\n\n\n<li>Excelentes propiedades de barrera: Puede bloquear eficazmente la luz y evitar la oxidaci\u00f3n, decoloraci\u00f3n y p\u00e9rdida de nutrientes en los frutos secos debido a la luz<\/li>\n\n\n\n<li>Cierre de cremallera: equipada con una estructura de cremallera, los consumidores pueden abrir y cerrar f\u00e1cilmente la bolsa. El dise\u00f1o de la cremallera garantiza un buen sellado y puede bloquear eficazmente la intrusi\u00f3n de factores externos como el aire, la humedad y el polvo.<\/li>\n\n\n\n<li>Personalizaci\u00f3n a medida: Ofrecemos servicios personalizados y podemos personalizar la bolsa seg\u00fan las necesidades del cliente. Incluyendo el tama\u00f1o de la bolsa, el color de la apariencia, el patr\u00f3n de impresi\u00f3n y el texto se pueden personalizar seg\u00fan los requisitos del cliente.<\/li>\n\n\n\n<li>Aplicable a una gran variedad de frutos secos: Es adecuado para varios tipos de envases de frutos secos, como pasas, almendras, nueces, anacardos, ar\u00e1ndanos secos, etc., y puede proteger bien frutos secos de diferentes formas y texturas.<\/li>\n<\/ul>\n<\/div>\n\n\n\n<div class=\"wp-block-column is-layout-flow wp-block-column-is-layout-flow\">\n<figure class=\"wp-block-image size-full\"><img fetchpriority=\"high\" decoding=\"async\" width=\"750\" height=\"750\" src=\"https:\/\/www.hyflexpack.com\/wp-content\/uploads\/2025\/04\/Custom-DoyPack-for-Dried-Fruit-1.webp\" alt=\"DoyPack personalizado para fruta deshidratada\" class=\"wp-image-6665\" srcset=\"https:\/\/www.hyflexpack.com\/wp-content\/uploads\/2025\/04\/Custom-DoyPack-for-Dried-Fruit-1.webp 750w, https:\/\/www.hyflexpack.com\/wp-content\/uploads\/2025\/04\/Custom-DoyPack-for-Dried-Fruit-1-300x300.webp 300w, https:\/\/www.hyflexpack.com\/wp-content\/uploads\/2025\/04\/Custom-DoyPack-for-Dried-Fruit-1-150x150.webp 150w, https:\/\/www.hyflexpack.com\/wp-content\/uploads\/2025\/04\/Custom-DoyPack-for-Dried-Fruit-1-12x12.webp 12w, https:\/\/www.hyflexpack.com\/wp-content\/uploads\/2025\/04\/Custom-DoyPack-for-Dried-Fruit-1-285x285.webp 285w, https:\/\/www.hyflexpack.com\/wp-content\/uploads\/2025\/04\/Custom-DoyPack-for-Dried-Fruit-1-270x270.webp 270w, https:\/\/www.hyflexpack.com\/wp-content\/uploads\/2025\/04\/Custom-DoyPack-for-Dried-Fruit-1-540x540.webp 540w, https:\/\/www.hyflexpack.com\/wp-content\/uploads\/2025\/04\/Custom-DoyPack-for-Dried-Fruit-1-660x660.webp 660w\" sizes=\"(max-width: 750px) 100vw, 750px\" \/><\/figure>\n<\/div>\n<\/div>\n\n\n\n<div class=\"wp-block-columns is-layout-flex wp-container-core-columns-is-layout-9d6595d7 wp-block-columns-is-layout-flex\">\n<div class=\"wp-block-column is-layout-flow wp-block-column-is-layout-flow\"><\/div>\n\n\n\n<div class=\"wp-block-column is-layout-flow wp-block-column-is-layout-flow\"><\/div>\n<\/div>","protected":false},"excerpt":{"rendered":"<p>Disfrute del delicioso sabor de los frutos secos con nuestras bolsas de pie personalizadas. Esta soluci\u00f3n de envasado de alta calidad, pensada para los amantes de los frutos secos, combina funcionalidad y estilo. Las bolsas de pie vienen con un pr\u00e1ctico cierre de cremallera para facilitar la apertura y la frescura. Mejore su experiencia con los frutos secos con nuestras bolsas Dewar's personalizadas. P\u00f3ngase en contacto con nosotros hoy mismo para solicitar un presupuesto, estamos comprometidos a proporcionar soluciones de envasado de alta calidad y respetuosas con el medio ambiente. Ventajas de DoyPack personalizado de alta calidad para frutas secas \u25cfDise\u00f1o personalizado: Proporcionamos servicios personalizados de bolsas de embalaje, incluyendo el material, el tama\u00f1o y la personalizaci\u00f3n del patr\u00f3n de impresi\u00f3n para satisfacer las necesidades del cliente, y apoyamos OEM y ODM. \u25cfFabricaci\u00f3n: Con equipos y tecnolog\u00eda avanzados, podemos completar la producci\u00f3n de pedidos de manera eficiente y con alta calidad, y entregar a tiempo. Inspecci\u00f3n de calidad: La producci\u00f3n se lleva a cabo en estricta conformidad con las normas de calidad y los requisitos de seguridad alimentaria para garantizar que los productos cumplan con las normas. \u25cfServicio al cliente: Proporcione una respuesta r\u00e1pida y un soporte de servicio al cliente considerado las 24 horas del d\u00eda. \u25cfMuestra gratuita: Proporcionar servicio de muestra gratuita para que pueda evaluar el producto. Huiyang Packaging se compromete a proporcionar a los clientes con alta calidad personalizada fruta seca Snack Packaging para ayudar a los clientes a mejorar su imagen de producto y mejorar su competitividad en el mercado.<\/p>","protected":false},"featured_media":6665,"comment_status":"open","ping_status":"closed","template":"","meta":[],"product_brand":[],"product_cat":[87,51],"product_tag":[116,124],"class_list":{"0":"post-6694","1":"product","2":"type-product","3":"status-publish","4":"has-post-thumbnail","6":"product_cat-dried-fruit-packaging-bags-wholesale","7":"product_cat-custom-food-packaging-bags","8":"product_tag-stand-up-pouch-manufacturer","9":"product_tag-zipper-pouch-manufacturer","11":"first","12":"instock","13":"shipping-taxable","14":"product-type-simple"},"_links":{"self":[{"href":"https:\/\/www.hyflexpack.com\/es\/wp-json\/wp\/v2\/product\/6694","targetHints":{"allow":["GET"]}}],"collection":[{"href":"https:\/\/www.hyflexpack.com\/es\/wp-json\/wp\/v2\/product"}],"about":[{"href":"https:\/\/www.hyflexpack.com\/es\/wp-json\/wp\/v2\/types\/product"}],"replies":[{"embeddable":true,"href":"https:\/\/www.hyflexpack.com\/es\/wp-json\/wp\/v2\/comments?post=6694"}],"wp:featuredmedia":[{"embeddable":true,"href":"https:\/\/www.hyflexpack.com\/es\/wp-json\/wp\/v2\/media\/6665"}],"wp:attachment":[{"href":"https:\/\/www.hyflexpack.com\/es\/wp-json\/wp\/v2\/media?parent=6694"}],"wp:term":[{"taxonomy":"product_brand","embeddable":true,"href":"https:\/\/www.hyflexpack.com\/es\/wp-json\/wp\/v2\/product_brand?post=6694"},{"taxonomy":"product_cat","embeddable":true,"href":"https:\/\/www.hyflexpack.com\/es\/wp-json\/wp\/v2\/product_cat?post=6694"},{"taxonomy":"product_tag","embeddable":true,"href":"https:\/\/www.hyflexpack.com\/es\/wp-json\/wp\/v2\/product_tag?post=6694"}],"curies":[{"name":"wp","href":"https:\/\/api.w.org\/{rel}","templated":true}]}}