{"id":6657,"date":"2025-05-26T09:53:17","date_gmt":"2025-05-26T09:53:17","guid":{"rendered":"https:\/\/www.hyflexpack.com\/?post_type=product&#038;p=6657"},"modified":"2025-05-26T09:53:20","modified_gmt":"2025-05-26T09:53:20","slug":"custom-printed-cold-seal-film-rolls","status":"publish","type":"product","link":"https:\/\/www.hyflexpack.com\/es\/product\/custom-printed-cold-seal-film-rolls\/","title":{"rendered":"Rollos de film de sellado en fr\u00edo impresos a medida para el envasado de alimentos, sin necesidad de sellado t\u00e9rmico"},"content":{"rendered":"<div class=\"wp-block-columns is-layout-flex wp-container-core-columns-is-layout-9d6595d7 wp-block-columns-is-layout-flex\">\n<div class=\"wp-block-column is-layout-flow wp-block-column-is-layout-flow\">\n<h2 class=\"wp-block-heading\">Caracter\u00edsticas de los rollos de film de sellado en fr\u00edo con impresi\u00f3n personalizada<\/h2>\n\n\n\n<p><\/p>\n\n\n\n<ul class=\"wp-block-list\">\n<li><strong>Sello fr\u00edo sin calefacci\u00f3n - Eficiencia energ\u00e9tica<\/strong>: La pel\u00edcula de sellado en fr\u00edo impresa a medida utiliza un revestimiento especial que se adhiere a temperatura ambiente, sin necesidad de equipos de calefacci\u00f3n. Esto no solo reduce el consumo de energ\u00eda y las emisiones de carbono, sino que tambi\u00e9n disminuye los costes de los equipos, lo que la convierte en una soluci\u00f3n de sellado rentable y respetuosa con el medio ambiente.<\/li>\n\n\n\n<li><strong>Impresi\u00f3n personalizada para la visibilidad de la marca<\/strong>: Nuestra pel\u00edcula de sellado en fr\u00edo impresa a medida admite impresi\u00f3n a todo color de alta resoluci\u00f3n, incluidos logotipos, texto y patrones gr\u00e1ficos. Perfecto para mejorar el atractivo de los estantes y reforzar su imagen de marca en entornos minoristas competitivos.<\/li>\n\n\n\n<li><strong>Seguridad alimentaria y ausencia de contaminaci\u00f3n<\/strong>: El adhesivo de sellado en fr\u00edo se adhiere s\u00f3lo a s\u00ed mismo, evitando el contacto directo con los alimentos. Esta caracter\u00edstica garantiza la seguridad alimentaria, minimiza los riesgos de contaminaci\u00f3n y ayuda a prolongar la vida \u00fatil del producto: ideal para dulces, aperitivos y productos horneados.<\/li>\n\n\n\n<li><strong>Opciones ecol\u00f3gicas y sostenibles<\/strong>: Disponible con materiales biodegradables y reciclables, el film cumple las normas de envasado ecol\u00f3gico. Tambi\u00e9n puede elegir entre varios grosores de film para reducir el uso de materias primas y la huella de carbono global.<\/li>\n<\/ul>\n<\/div>\n\n\n\n<div class=\"wp-block-column is-layout-flow wp-block-column-is-layout-flow\">\n<figure class=\"wp-block-image size-full\"><img fetchpriority=\"high\" decoding=\"async\" width=\"750\" height=\"750\" src=\"https:\/\/www.hyflexpack.com\/wp-content\/uploads\/2025\/04\/Custom-Printed-Cold-Seal-Film-Rolls4.webp\" alt=\"Rollos de film de sellado en fr\u00edo con impresi\u00f3n personalizada\" class=\"wp-image-6641\" srcset=\"https:\/\/www.hyflexpack.com\/wp-content\/uploads\/2025\/04\/Custom-Printed-Cold-Seal-Film-Rolls4.webp 750w, https:\/\/www.hyflexpack.com\/wp-content\/uploads\/2025\/04\/Custom-Printed-Cold-Seal-Film-Rolls4-300x300.webp 300w, https:\/\/www.hyflexpack.com\/wp-content\/uploads\/2025\/04\/Custom-Printed-Cold-Seal-Film-Rolls4-150x150.webp 150w, https:\/\/www.hyflexpack.com\/wp-content\/uploads\/2025\/04\/Custom-Printed-Cold-Seal-Film-Rolls4-12x12.webp 12w, https:\/\/www.hyflexpack.com\/wp-content\/uploads\/2025\/04\/Custom-Printed-Cold-Seal-Film-Rolls4-285x285.webp 285w, https:\/\/www.hyflexpack.com\/wp-content\/uploads\/2025\/04\/Custom-Printed-Cold-Seal-Film-Rolls4-270x270.webp 270w, https:\/\/www.hyflexpack.com\/wp-content\/uploads\/2025\/04\/Custom-Printed-Cold-Seal-Film-Rolls4-540x540.webp 540w, https:\/\/www.hyflexpack.com\/wp-content\/uploads\/2025\/04\/Custom-Printed-Cold-Seal-Film-Rolls4-660x660.webp 660w\" sizes=\"(max-width: 750px) 100vw, 750px\" \/><\/figure>\n<\/div>\n<\/div>\n\n\n\n<p><\/p>","protected":false},"excerpt":{"rendered":"<p>Los rollos de pel\u00edcula de sellado en fr\u00edo impresos a medida y dise\u00f1ados para el envasado de alimentos utilizan una tecnolog\u00eda de sellado por prensado en fr\u00edo respetuosa con el medio ambiente, que puede sellarse r\u00e1pidamente sin necesidad de calentamiento, por lo que es perfecta para productos sensibles a la temperatura como el chocolate, los dulces y los productos horneados. Admite la impresi\u00f3n de LOGOTIPO de alta definici\u00f3n, cumple las normas internacionales de calidad alimentaria, ofrece un alto rendimiento de barrera y a prueba de humedad, es compatible con l\u00edneas de producci\u00f3n automatizadas, y el dise\u00f1o del rollo mejora la eficacia del envasado, ahorra energ\u00eda y reduce las p\u00e9rdidas de equipos. P\u00f3ngase en contacto con nosotros hoy mismo y d\u00e9jenos personalizar su exclusivo envase alimentario.<\/p>\n<h3>Ventajas del proveedor de l\u00e1minas de sellado en fr\u00edo<\/h3>\n<ul>\n<li><strong>Dise\u00f1o personalizado<\/strong>: Proporcionar soluciones de dise\u00f1o personalizadas, apoyar OEM \/ ODM, personalizar con diferentes especificaciones, tama\u00f1os, patrones de impresi\u00f3n, etc.<\/li>\n<li><strong>Garant\u00eda de calidad<\/strong>: Controlar el proceso de producci\u00f3n y disponer de materiales de alta calidad y equipos avanzados para garantizar la calidad del producto.<\/li>\n<li><strong>Entrega puntual<\/strong>: Optimizar el proceso de producci\u00f3n y mejorar la eficacia de la producci\u00f3n para garantizar la entrega a tiempo y satisfacer las necesidades urgentes de los clientes.<\/li>\n<li><strong>Asistencia t\u00e9cnica profesional<\/strong>: El experimentado equipo t\u00e9cnico proporciona asistencia t\u00e9cnica profesional y un servicio de asesoramiento posventa las 24 horas del d\u00eda.<\/li>\n<li><strong>Muestra gratuita<\/strong>: Proporcionamos un servicio de muestras gratuitas para que pueda evaluar los productos.<\/li>\n<\/ul>\n<p>Huiyang Packaging se compromete a proporcionar a los clientes rollos de pel\u00edcula de sellado en fr\u00edo con impresi\u00f3n personalizada de alta calidad para ayudarles a mejorar la imagen de sus productos y aumentar su competitividad en el mercado.<\/p>","protected":false},"featured_media":6641,"comment_status":"open","ping_status":"closed","template":"","meta":[],"product_brand":[],"product_cat":[86,53],"product_tag":[],"class_list":{"0":"post-6657","1":"product","2":"type-product","3":"status-publish","4":"has-post-thumbnail","6":"product_cat-cold-seal-film","7":"product_cat-packaging-film-supplier","9":"first","10":"instock","11":"shipping-taxable","12":"product-type-simple"},"_links":{"self":[{"href":"https:\/\/www.hyflexpack.com\/es\/wp-json\/wp\/v2\/product\/6657","targetHints":{"allow":["GET"]}}],"collection":[{"href":"https:\/\/www.hyflexpack.com\/es\/wp-json\/wp\/v2\/product"}],"about":[{"href":"https:\/\/www.hyflexpack.com\/es\/wp-json\/wp\/v2\/types\/product"}],"replies":[{"embeddable":true,"href":"https:\/\/www.hyflexpack.com\/es\/wp-json\/wp\/v2\/comments?post=6657"}],"wp:featuredmedia":[{"embeddable":true,"href":"https:\/\/www.hyflexpack.com\/es\/wp-json\/wp\/v2\/media\/6641"}],"wp:attachment":[{"href":"https:\/\/www.hyflexpack.com\/es\/wp-json\/wp\/v2\/media?parent=6657"}],"wp:term":[{"taxonomy":"product_brand","embeddable":true,"href":"https:\/\/www.hyflexpack.com\/es\/wp-json\/wp\/v2\/product_brand?post=6657"},{"taxonomy":"product_cat","embeddable":true,"href":"https:\/\/www.hyflexpack.com\/es\/wp-json\/wp\/v2\/product_cat?post=6657"},{"taxonomy":"product_tag","embeddable":true,"href":"https:\/\/www.hyflexpack.com\/es\/wp-json\/wp\/v2\/product_tag?post=6657"}],"curies":[{"name":"wp","href":"https:\/\/api.w.org\/{rel}","templated":true}]}}