{"id":6564,"date":"2025-06-05T19:48:57","date_gmt":"2025-06-05T19:48:57","guid":{"rendered":"https:\/\/www.hyflexpack.com\/?post_type=product&#038;p=6564"},"modified":"2025-06-05T19:48:59","modified_gmt":"2025-06-05T19:48:59","slug":"custom-snack-bags-of-chips","status":"publish","type":"product","link":"https:\/\/www.hyflexpack.com\/es\/product\/custom-snack-bags-of-chips\/","title":{"rendered":"Bolsas personalizadas para aperitivos de patatas fritas\uff0cBolsa de pl\u00e1stico laminado de aluminio para envasado de alimentos"},"content":{"rendered":"<div class=\"wp-block-columns is-layout-flex wp-container-core-columns-is-layout-9d6595d7 wp-block-columns-is-layout-flex\">\n<div class=\"wp-block-column is-layout-flow wp-block-column-is-layout-flow\">\n<h2 class=\"wp-block-heading\">Caracter\u00edsticas de las bolsas de aperitivos personalizadas<\/h2>\n\n\n\n<ul class=\"wp-block-list\">\n<li>Nuestras bolsas personalizadas para patatas fritas utilizan una pel\u00edcula de pl\u00e1stico compuesto multicapa con altas propiedades de barrera para evitar eficazmente la humedad, el ox\u00edgeno y la luz. 2. La estructura multicapa mantiene la frescura.<br>Mantiene las patatas fritas crujientes y prolonga la vida \u00fatil del producto. 3. La tecnolog\u00eda de sellado t\u00e9rmico sella firmemente para evitar fugas de aire y humedad, garantizando la seguridad del transporte. 4. Diferentes tama\u00f1os se pueden personalizar, con una variedad de opciones de espesor Apoya el dise\u00f1o de impresi\u00f3n de patrones. 5. Adecuado para todo tipo de patatas fritas, envases de alimentos inflados y aperitivos de frutos secos.<\/li>\n<\/ul>\n<\/div>\n\n\n\n<div class=\"wp-block-column is-layout-flow wp-block-column-is-layout-flow\">\n<figure class=\"wp-block-image size-full\"><img fetchpriority=\"high\" decoding=\"async\" width=\"750\" height=\"750\" src=\"https:\/\/www.hyflexpack.com\/wp-content\/uploads\/2025\/03\/Custom-Snack-Bags-of-Chips-1.webp\" alt=\"Bolsas de patatas fritas personalizadas \" class=\"wp-image-6552\" srcset=\"https:\/\/www.hyflexpack.com\/wp-content\/uploads\/2025\/03\/Custom-Snack-Bags-of-Chips-1.webp 750w, https:\/\/www.hyflexpack.com\/wp-content\/uploads\/2025\/03\/Custom-Snack-Bags-of-Chips-1-300x300.webp 300w, https:\/\/www.hyflexpack.com\/wp-content\/uploads\/2025\/03\/Custom-Snack-Bags-of-Chips-1-150x150.webp 150w, https:\/\/www.hyflexpack.com\/wp-content\/uploads\/2025\/03\/Custom-Snack-Bags-of-Chips-1-12x12.webp 12w, https:\/\/www.hyflexpack.com\/wp-content\/uploads\/2025\/03\/Custom-Snack-Bags-of-Chips-1-285x285.webp 285w, https:\/\/www.hyflexpack.com\/wp-content\/uploads\/2025\/03\/Custom-Snack-Bags-of-Chips-1-270x270.webp 270w, https:\/\/www.hyflexpack.com\/wp-content\/uploads\/2025\/03\/Custom-Snack-Bags-of-Chips-1-540x540.webp 540w, https:\/\/www.hyflexpack.com\/wp-content\/uploads\/2025\/03\/Custom-Snack-Bags-of-Chips-1-660x660.webp 660w\" sizes=\"(max-width: 750px) 100vw, 750px\" \/><\/figure>\n<\/div>\n<\/div>\n\n\n\n<p><\/p>","protected":false},"excerpt":{"rendered":"<p>\u00bfBusca bolsas de patatas fritas de calidad al por mayor? Nuestras bolsas personalizadas para patatas fritas est\u00e1n hechas de materiales de calidad alimentaria con buenas propiedades de sellado, que pueden mantener eficazmente la frescura y el sabor de las patatas fritas.<\/p>\n<h3>Ventajas del proveedor de bolsas de patatas fritas<\/h3>\n<ul>\n<li><strong>Dise\u00f1o a medida<\/strong>: Ofrecemos bolsas de embalaje personalizado de chips de servicio, incluyendo el material, tama\u00f1o y patr\u00f3n de impresi\u00f3n de personalizaci\u00f3n para satisfacer las necesidades de los clientes, y el apoyo de OEM y ODM.<\/li>\n<li><strong>Fabricaci\u00f3n<\/strong>: Con equipos y tecnolog\u00eda avanzados, podemos completar la producci\u00f3n de pedidos con alta eficiencia y alta calidad, y entregar a tiempo.<\/li>\n<li><strong>Inspecci\u00f3n de calidad<\/strong>: Siga estrictamente las normas de calidad y los requisitos de seguridad alimentaria para garantizar que los productos cumplen las normas.<\/li>\n<li><strong>Equipo de asistencia t\u00e9cnica<\/strong>: Nuestro equipo cuenta con una gran experiencia en el sector y conocimientos profesionales, y puede proporcionar asistencia t\u00e9cnica y servicio de consultor\u00eda las 24 horas del d\u00eda a nuestros clientes.<\/li>\n<li><strong>Muestra gratuita<\/strong>: Proporcionamos muestras gratuitas para que pueda evaluar los productos.<\/li>\n<\/ul>","protected":false},"featured_media":6552,"comment_status":"open","ping_status":"closed","template":"","meta":[],"product_brand":[],"product_cat":[57],"product_tag":[],"class_list":{"0":"post-6564","1":"product","2":"type-product","3":"status-publish","4":"has-post-thumbnail","6":"product_cat-snack-packaging-bags-wholesale","8":"first","9":"instock","10":"shipping-taxable","11":"product-type-simple"},"_links":{"self":[{"href":"https:\/\/www.hyflexpack.com\/es\/wp-json\/wp\/v2\/product\/6564","targetHints":{"allow":["GET"]}}],"collection":[{"href":"https:\/\/www.hyflexpack.com\/es\/wp-json\/wp\/v2\/product"}],"about":[{"href":"https:\/\/www.hyflexpack.com\/es\/wp-json\/wp\/v2\/types\/product"}],"replies":[{"embeddable":true,"href":"https:\/\/www.hyflexpack.com\/es\/wp-json\/wp\/v2\/comments?post=6564"}],"wp:featuredmedia":[{"embeddable":true,"href":"https:\/\/www.hyflexpack.com\/es\/wp-json\/wp\/v2\/media\/6552"}],"wp:attachment":[{"href":"https:\/\/www.hyflexpack.com\/es\/wp-json\/wp\/v2\/media?parent=6564"}],"wp:term":[{"taxonomy":"product_brand","embeddable":true,"href":"https:\/\/www.hyflexpack.com\/es\/wp-json\/wp\/v2\/product_brand?post=6564"},{"taxonomy":"product_cat","embeddable":true,"href":"https:\/\/www.hyflexpack.com\/es\/wp-json\/wp\/v2\/product_cat?post=6564"},{"taxonomy":"product_tag","embeddable":true,"href":"https:\/\/www.hyflexpack.com\/es\/wp-json\/wp\/v2\/product_tag?post=6564"}],"curies":[{"name":"wp","href":"https:\/\/api.w.org\/{rel}","templated":true}]}}