{"id":6537,"date":"2025-03-27T08:23:06","date_gmt":"2025-03-27T08:23:06","guid":{"rendered":"https:\/\/www.hyflexpack.com\/?post_type=product&#038;p=6537"},"modified":"2025-10-27T08:37:45","modified_gmt":"2025-10-27T08:37:45","slug":"oem-egg-roll-packaging-bag-wholesaler","status":"publish","type":"product","link":"https:\/\/www.hyflexpack.com\/es\/product\/oem-egg-roll-packaging-bag-wholesaler\/","title":{"rendered":"OEM Egg Roll Bolsa de Embalaje, Reciclado de pie bolsas con cremallera Mayorista"},"content":{"rendered":"<div class=\"wp-block-columns is-layout-flex wp-container-core-columns-is-layout-9d6595d7 wp-block-columns-is-layout-flex\">\n<div class=\"wp-block-column is-layout-flow wp-block-column-is-layout-flow\">\n<h2 class=\"wp-block-heading\">OEM Bolsa de embalaje para rollitos de huevo Caracter\u00edsticas: <\/h2>\n\n\n\n<ul class=\"wp-block-list\">\n<li><strong>Materiales reciclables respetuosos con el medio ambiente:<\/strong> Nuestros envases OEM para rollitos de huevo est\u00e1n fabricados con pel\u00edculas laminadas reciclables, lo que reduce eficazmente el despilfarro de recursos y apoya los objetivos de desarrollo sostenible.<\/li>\n\n\n\n<li><strong>Protecci\u00f3n alimentaria de alta barrera:<\/strong> Fabricado con materiales de alta calidad como PET, PE y papel de aluminio, este envase OEM para rollitos de huevo ofrece una excelente resistencia a la humedad, el ox\u00edgeno y los olores, manteniendo sus rollitos secos, crujientes y frescos durante m\u00e1s tiempo.<\/li>\n\n\n\n<li><strong>Dise\u00f1o estable de pie para exposici\u00f3n: <\/strong>El fondo reforzado permite que la bolsa se sostenga por s\u00ed sola, lo que la hace m\u00e1s pr\u00e1ctica para mejorar la presentaci\u00f3n y visibilidad del producto en la tienda y en casa.<\/li>\n\n\n\n<li><strong>Cremallera f\u00e1cil de volver a cerrar: <\/strong>Estas bolsas se abren y cierran f\u00e1cilmente con un cierre de cremallera fiable, que garantiza un rendimiento a prueba de humedad y fugas para una mejor conservaci\u00f3n del producto.<\/li>\n\n\n\n<li><strong>Opciones personalizadas de reputadas bolsas con cremallera al por mayor:<\/strong> Como mayorista profesional de bolsas con cremallera stand up, ofrecemos combinaciones personalizadas de tama\u00f1o, impresi\u00f3n y material para conseguir la m\u00e1xima eficacia en el envasado de sus productos y la mejor imagen de marca.<\/li>\n\n\n\n<li><strong>Suministro de f\u00e1brica ecol\u00f3gico y de alta calidad:<\/strong> Respaldado por modernas l\u00edneas de producci\u00f3n y un estricto control de calidad, nuestro equipo de mayoristas de bolsas con cremallera stand up garantiza una calidad estable, una entrega puntual y soluciones de envasado respetuosas con el medio ambiente.<\/li>\n<\/ul>\n<\/div>\n\n\n\n<div class=\"wp-block-column is-layout-flow wp-block-column-is-layout-flow\">\n<figure class=\"wp-block-image size-full\"><img fetchpriority=\"high\" decoding=\"async\" width=\"750\" height=\"750\" src=\"https:\/\/www.hyflexpack.com\/wp-content\/uploads\/2025\/03\/OEM-Egg-Roll-Packaging-Bag-1.webp\" alt=\"Bolsa de embalaje OEM para rollitos de huevo \" class=\"wp-image-6558\" srcset=\"https:\/\/www.hyflexpack.com\/wp-content\/uploads\/2025\/03\/OEM-Egg-Roll-Packaging-Bag-1.webp 750w, https:\/\/www.hyflexpack.com\/wp-content\/uploads\/2025\/03\/OEM-Egg-Roll-Packaging-Bag-1-300x300.webp 300w, https:\/\/www.hyflexpack.com\/wp-content\/uploads\/2025\/03\/OEM-Egg-Roll-Packaging-Bag-1-150x150.webp 150w, https:\/\/www.hyflexpack.com\/wp-content\/uploads\/2025\/03\/OEM-Egg-Roll-Packaging-Bag-1-12x12.webp 12w, https:\/\/www.hyflexpack.com\/wp-content\/uploads\/2025\/03\/OEM-Egg-Roll-Packaging-Bag-1-285x285.webp 285w, https:\/\/www.hyflexpack.com\/wp-content\/uploads\/2025\/03\/OEM-Egg-Roll-Packaging-Bag-1-270x270.webp 270w, https:\/\/www.hyflexpack.com\/wp-content\/uploads\/2025\/03\/OEM-Egg-Roll-Packaging-Bag-1-540x540.webp 540w, https:\/\/www.hyflexpack.com\/wp-content\/uploads\/2025\/03\/OEM-Egg-Roll-Packaging-Bag-1-660x660.webp 660w\" sizes=\"(max-width: 750px) 100vw, 750px\" \/><\/figure>\n<\/div>\n<\/div>\n\n\n\n<p><\/p>","protected":false},"excerpt":{"rendered":"<p data-start=\"1592\" data-end=\"1833\">Mejore sus envases con nuestro <strong data-start=\"1624\" data-end=\"1650\">Envasado OEM de rollitos de huevo<\/strong> fabricados con l\u00e1minas ecol\u00f3gicas de alta barrera. Como profesional <strong data-start=\"1721\" data-end=\"1759\">mayorista de bolsas con cremallera stand up<\/strong>, Ofrecemos dise\u00f1o gratuito, muestras gratuitas y precios al por mayor directos de f\u00e1brica.<\/p>\n<h3>Ventajas de Stand Up Zipper Pouches Mayorista<\/h3>\n<ul>\n<li><strong>Dise\u00f1o personalizado:<\/strong>\u00a0Ofrecemos servicios personalizados, que incluyen la personalizaci\u00f3n del material, el tama\u00f1o y el patr\u00f3n de impresi\u00f3n para satisfacer las necesidades de los clientes, y damos soporte a OEM y ODM.<\/li>\n<li><strong>Fabricaci\u00f3n:<\/strong>\u00a0Con equipos y tecnolog\u00eda avanzados, podemos completar la producci\u00f3n de pedidos de forma eficiente y con alta calidad, y podemos entregar a tiempo.<\/li>\n<li><strong>Inspecci\u00f3n de calidad:<\/strong>\u00a0La producci\u00f3n se lleva a cabo siguiendo estrictamente las normas de calidad y los requisitos de seguridad alimentaria para garantizar que los productos cumplen las normas.<\/li>\n<li><strong>Certificaci\u00f3n\uff1a<\/strong>\u00a0FDA\/BRC\/ISO 9001\/RoHS<\/li>\n<li><strong>Atenci\u00f3n al cliente:<\/strong>\u00a024 horas para ofrecer una respuesta r\u00e1pida y un servicio de atenci\u00f3n al cliente atento.<\/li>\n<li><strong>Muestra gratis:<\/strong>\u00a0Ofrecemos un servicio de muestras gratuito para ayudarle a evaluar el producto.<\/li>\n<li><strong class=\"skrollable skrollable-between\" data-start=\"895\" data-end=\"917\">Precio competitivo:<\/strong>\u00a0Con una capacidad de producci\u00f3n a gran escala y una gesti\u00f3n rentable, ofrecemos precios competitivos sin comprometer la calidad del producto.<\/li>\n<\/ul>\n<p><a href=\"https:\/\/www.hyflexpack.com\/es\/\"><strong>Envasado Huiyang<\/strong><\/a>\u00a0se compromete a proporcionar a los clientes\u00a0<strong>calidad alimentaria<\/strong><strong class=\"skrollable skrollable-between\" data-start=\"184\" data-end=\"214\">\u00a0<strong data-start=\"1624\" data-end=\"1650\">bolsas para envasar rollitos de huevo<\/strong><\/strong>\u00a0ayudar a los clientes a mejorar la imagen de sus productos y aumentar su competitividad en el mercado.<\/p>","protected":false},"featured_media":6558,"comment_status":"open","ping_status":"closed","template":"","meta":[],"product_brand":[],"product_cat":[60,51,88,57],"product_tag":[],"class_list":{"0":"post-6537","1":"product","2":"type-product","3":"status-publish","4":"has-post-thumbnail","6":"product_cat-custom-frozen-food-packaging","7":"product_cat-custom-food-packaging-bags","8":"product_cat-roast-chicken-packaging-bag","9":"product_cat-snack-packaging-bags-wholesale","11":"first","12":"instock","13":"shipping-taxable","14":"product-type-simple"},"_links":{"self":[{"href":"https:\/\/www.hyflexpack.com\/es\/wp-json\/wp\/v2\/product\/6537","targetHints":{"allow":["GET"]}}],"collection":[{"href":"https:\/\/www.hyflexpack.com\/es\/wp-json\/wp\/v2\/product"}],"about":[{"href":"https:\/\/www.hyflexpack.com\/es\/wp-json\/wp\/v2\/types\/product"}],"replies":[{"embeddable":true,"href":"https:\/\/www.hyflexpack.com\/es\/wp-json\/wp\/v2\/comments?post=6537"}],"wp:featuredmedia":[{"embeddable":true,"href":"https:\/\/www.hyflexpack.com\/es\/wp-json\/wp\/v2\/media\/6558"}],"wp:attachment":[{"href":"https:\/\/www.hyflexpack.com\/es\/wp-json\/wp\/v2\/media?parent=6537"}],"wp:term":[{"taxonomy":"product_brand","embeddable":true,"href":"https:\/\/www.hyflexpack.com\/es\/wp-json\/wp\/v2\/product_brand?post=6537"},{"taxonomy":"product_cat","embeddable":true,"href":"https:\/\/www.hyflexpack.com\/es\/wp-json\/wp\/v2\/product_cat?post=6537"},{"taxonomy":"product_tag","embeddable":true,"href":"https:\/\/www.hyflexpack.com\/es\/wp-json\/wp\/v2\/product_tag?post=6537"}],"curies":[{"name":"wp","href":"https:\/\/api.w.org\/{rel}","templated":true}]}}