{"id":6523,"date":"2025-04-09T19:14:00","date_gmt":"2025-04-09T19:14:00","guid":{"rendered":"https:\/\/www.hyflexpack.com\/?post_type=product&#038;p=6523"},"modified":"2025-11-04T09:20:12","modified_gmt":"2025-11-04T09:20:12","slug":"custom-printed-pvc-heat-shrink-film","status":"publish","type":"product","link":"https:\/\/www.hyflexpack.com\/es\/product\/custom-printed-pvc-heat-shrink-film\/","title":{"rendered":"Film termorretr\u00e1ctil de PVC con impresi\u00f3n personalizada para diversos productos"},"content":{"rendered":"<div class=\"wp-block-columns is-layout-flex wp-container-core-columns-is-layout-9d6595d7 wp-block-columns-is-layout-flex\">\n<div class=\"wp-block-column is-layout-flow wp-block-column-is-layout-flow\">\n<h2 class=\"wp-block-heading\">Caracter\u00edsticas de la pel\u00edcula termorretr\u00e1ctil de PVC con impresi\u00f3n personalizada<\/h2>\n\n\n\n<ul class=\"wp-block-list\">\n<li>Nuestro film termorretr\u00e1ctil de PVC con impresi\u00f3n personalizada est\u00e1 fabricado en PVC de alta calidad con una excelente flexibilidad y durabilidad. Tiene una amplia gama de aplicaciones y puede adaptarse a todo tipo de productos. La pel\u00edcula termorretr\u00e1ctil utiliza tecnolog\u00eda de impresi\u00f3n avanzada para lograr una impresi\u00f3n personalizada eficiente, precisa y colorida, presentando claramente patrones y logotipos exclusivos. Al mismo tiempo, tiene un excelente rendimiento de protecci\u00f3n, puede resistir impactos externos, la humedad y el polvo, y proteger eficazmente el producto. Adem\u00e1s, tambi\u00e9n ofrecemos opciones respetuosas con el medio ambiente, al tiempo que satisfacemos las necesidades de embalaje, teniendo en cuenta los conceptos de protecci\u00f3n del medio ambiente, proporcionando una gama completa de soluciones personalizadas y respetuosas con el medio ambiente para el embalaje de sus productos.<\/li>\n<\/ul>\n<\/div>\n\n\n\n<div class=\"wp-block-column is-layout-flow wp-block-column-is-layout-flow\">\n<figure class=\"wp-block-image size-full\"><img fetchpriority=\"high\" decoding=\"async\" width=\"750\" height=\"750\" src=\"https:\/\/www.hyflexpack.com\/wp-content\/uploads\/2025\/03\/Custom-Printed-PVC-Heat-Shrink-Film1.webp\" alt=\"Film termorretr\u00e1ctil de PVC con impresi\u00f3n personalizada\" class=\"wp-image-6497\" srcset=\"https:\/\/www.hyflexpack.com\/wp-content\/uploads\/2025\/03\/Custom-Printed-PVC-Heat-Shrink-Film1.webp 750w, https:\/\/www.hyflexpack.com\/wp-content\/uploads\/2025\/03\/Custom-Printed-PVC-Heat-Shrink-Film1-300x300.webp 300w, https:\/\/www.hyflexpack.com\/wp-content\/uploads\/2025\/03\/Custom-Printed-PVC-Heat-Shrink-Film1-150x150.webp 150w, https:\/\/www.hyflexpack.com\/wp-content\/uploads\/2025\/03\/Custom-Printed-PVC-Heat-Shrink-Film1-12x12.webp 12w, https:\/\/www.hyflexpack.com\/wp-content\/uploads\/2025\/03\/Custom-Printed-PVC-Heat-Shrink-Film1-285x285.webp 285w, https:\/\/www.hyflexpack.com\/wp-content\/uploads\/2025\/03\/Custom-Printed-PVC-Heat-Shrink-Film1-270x270.webp 270w, https:\/\/www.hyflexpack.com\/wp-content\/uploads\/2025\/03\/Custom-Printed-PVC-Heat-Shrink-Film1-540x540.webp 540w, https:\/\/www.hyflexpack.com\/wp-content\/uploads\/2025\/03\/Custom-Printed-PVC-Heat-Shrink-Film1-660x660.webp 660w\" sizes=\"(max-width: 750px) 100vw, 750px\" \/><\/figure>\n<\/div>\n<\/div>\n\n\n\n<p><\/p>","protected":false},"excerpt":{"rendered":"<p>Nuestro film termorretr\u00e1ctil de PVC con impresi\u00f3n personalizada est\u00e1 fabricado con material de PVC de alta calidad con un excelente rendimiento de retracci\u00f3n. Puede ajustarse perfectamente al producto y proporcionar una protecci\u00f3n completa. Su buena transparencia permite que el producto se muestre claramente al tiempo que mejora el atractivo visual. Esta pel\u00edcula termorretr\u00e1ctil no s\u00f3lo es resistente y duradera, sino que puede soportar ciertos impactos externos y roces, protegiendo eficazmente el producto de da\u00f1os durante el transporte y el almacenamiento. Tambi\u00e9n tiene una amplia gama de aplicaciones. Ya se trate de alimentos, art\u00edculos de primera necesidad o productos electr\u00f3nicos, puede utilizarse para conseguir un envasado perfecto y mejorar la calidad general y la competitividad del producto en el mercado. P\u00f3ngase en contacto con nosotros hoy mismo y perm\u00edtanos personalizar su exclusivo envase para alimentos. Ventajas de la pel\u00edcula termorretr\u00e1ctil de PVC impresa personalizada de alta calidad \u25cfDise\u00f1o personalizado: Proporcionamos servicios personalizados, incluyendo el material, el tama\u00f1o y la personalizaci\u00f3n del patr\u00f3n de impresi\u00f3n para satisfacer las necesidades del cliente, y apoyamos OEM y ODM. \u25cfManufacturing: Adopte l\u00edneas de producci\u00f3n compuestas avanzadas internacionalmente y sistemas de control autom\u00e1tico para garantizar procesos de producci\u00f3n eficientes y estables y entregas a tiempo. Inspecci\u00f3n de calidad: Producir estrictamente de acuerdo con las normas de calidad y los requisitos de seguridad alimentaria para garantizar que los productos cumplan con las normas. Servicio al cliente: Proporcione una respuesta r\u00e1pida y un soporte de servicio al cliente considerado las 24 horas del d\u00eda. Muestras gratuitas: Hacer muestras de lotes peque\u00f1os para que los clientes prueben y eval\u00faen Huiyang Packaging se compromete a proporcionar a los clientes pel\u00edcula termorretr\u00e1ctil de PVC impresa personalizada de alta calidad para ayudar a los clientes a mejorar su imagen de producto y mejorar su competitividad en el mercado.<\/p>","protected":false},"featured_media":6497,"comment_status":"open","ping_status":"closed","template":"","meta":[],"product_brand":[],"product_cat":[84,53],"product_tag":[],"class_list":{"0":"post-6523","1":"product","2":"type-product","3":"status-publish","4":"has-post-thumbnail","6":"product_cat-shrink-sleeve-film","7":"product_cat-packaging-film-supplier","9":"first","10":"instock","11":"shipping-taxable","12":"product-type-simple"},"_links":{"self":[{"href":"https:\/\/www.hyflexpack.com\/es\/wp-json\/wp\/v2\/product\/6523","targetHints":{"allow":["GET"]}}],"collection":[{"href":"https:\/\/www.hyflexpack.com\/es\/wp-json\/wp\/v2\/product"}],"about":[{"href":"https:\/\/www.hyflexpack.com\/es\/wp-json\/wp\/v2\/types\/product"}],"replies":[{"embeddable":true,"href":"https:\/\/www.hyflexpack.com\/es\/wp-json\/wp\/v2\/comments?post=6523"}],"wp:featuredmedia":[{"embeddable":true,"href":"https:\/\/www.hyflexpack.com\/es\/wp-json\/wp\/v2\/media\/6497"}],"wp:attachment":[{"href":"https:\/\/www.hyflexpack.com\/es\/wp-json\/wp\/v2\/media?parent=6523"}],"wp:term":[{"taxonomy":"product_brand","embeddable":true,"href":"https:\/\/www.hyflexpack.com\/es\/wp-json\/wp\/v2\/product_brand?post=6523"},{"taxonomy":"product_cat","embeddable":true,"href":"https:\/\/www.hyflexpack.com\/es\/wp-json\/wp\/v2\/product_cat?post=6523"},{"taxonomy":"product_tag","embeddable":true,"href":"https:\/\/www.hyflexpack.com\/es\/wp-json\/wp\/v2\/product_tag?post=6523"}],"curies":[{"name":"wp","href":"https:\/\/api.w.org\/{rel}","templated":true}]}}