{"id":6492,"date":"2025-06-05T20:07:54","date_gmt":"2025-06-05T20:07:54","guid":{"rendered":"https:\/\/www.hyflexpack.com\/?post_type=product&#038;p=6492"},"modified":"2025-12-31T07:45:56","modified_gmt":"2025-12-31T07:45:56","slug":"custom-coffee-powder-packaging-bag","status":"publish","type":"product","link":"https:\/\/www.hyflexpack.com\/es\/product\/custom-coffee-powder-packaging-bag\/","title":{"rendered":"Bolsas personalizadas para caf\u00e9 en polvo, Bolsas de aluminio con fuelle lateral, laminadas en pl\u00e1stico"},"content":{"rendered":"<div class=\"wp-block-columns is-layout-flex wp-container-core-columns-is-layout-9d6595d7 wp-block-columns-is-layout-flex\">\n<div class=\"wp-block-column is-layout-flow wp-block-column-is-layout-flow\">\n<h2 class=\"wp-block-heading\">Caracter\u00edsticas de la bolsa personalizada para caf\u00e9 en polvo<\/h2>\n\n\n\n<ul class=\"wp-block-list\">\n<li>Nuestra bolsa exterior personalizada para caf\u00e9 en polvo utiliza un dise\u00f1o de inserci\u00f3n lateral en la forma de la bolsa, que no s\u00f3lo aumenta la capacidad de la bolsa y puede contener m\u00e1s caf\u00e9 en polvo, sino que tambi\u00e9n hace que la bolsa sea m\u00e1s estable cuando se coloca, y es muy llamativa cuando se expone en el estante.<\/li>\n\n\n\n<li>El material es papel de aluminio compuesto de pl\u00e1stico, lo que hace que la bolsa sea potente. La parte de papel de aluminio puede bloquear eficazmente el ox\u00edgeno, la humedad y la luz, evitar que el caf\u00e9 se oxide, se humedezca y se deteriore, y conservar al m\u00e1ximo el aroma y el sabor del caf\u00e9; la capa de pl\u00e1stico mejora la flexibilidad y la durabilidad de la bolsa y no es f\u00e1cil de romper.<\/li>\n\n\n\n<li>El tama\u00f1o admite la personalizaci\u00f3n y puede ajustarse con flexibilidad seg\u00fan las necesidades del cliente. Tanto si se trata de un solo envase peque\u00f1o como de un tama\u00f1o grande para uso familiar, puede satisfacer las necesidades y adaptarse a diversos escenarios y canales de venta.<\/li>\n<\/ul>\n<\/div>\n\n\n\n<div class=\"wp-block-column is-layout-flow wp-block-column-is-layout-flow\">\n<figure class=\"wp-block-image size-full\"><img fetchpriority=\"high\" decoding=\"async\" width=\"750\" height=\"750\" src=\"https:\/\/www.hyflexpack.com\/wp-content\/uploads\/2025\/03\/Custom-Coffee-Powder-Sachet-Outer-Bag-2.webp\" alt=\"Bolsa exterior para caf\u00e9 en polvo personalizada\" class=\"wp-image-6464\" srcset=\"https:\/\/www.hyflexpack.com\/wp-content\/uploads\/2025\/03\/Custom-Coffee-Powder-Sachet-Outer-Bag-2.webp 750w, https:\/\/www.hyflexpack.com\/wp-content\/uploads\/2025\/03\/Custom-Coffee-Powder-Sachet-Outer-Bag-2-300x300.webp 300w, https:\/\/www.hyflexpack.com\/wp-content\/uploads\/2025\/03\/Custom-Coffee-Powder-Sachet-Outer-Bag-2-150x150.webp 150w, https:\/\/www.hyflexpack.com\/wp-content\/uploads\/2025\/03\/Custom-Coffee-Powder-Sachet-Outer-Bag-2-12x12.webp 12w, https:\/\/www.hyflexpack.com\/wp-content\/uploads\/2025\/03\/Custom-Coffee-Powder-Sachet-Outer-Bag-2-285x285.webp 285w, https:\/\/www.hyflexpack.com\/wp-content\/uploads\/2025\/03\/Custom-Coffee-Powder-Sachet-Outer-Bag-2-270x270.webp 270w, https:\/\/www.hyflexpack.com\/wp-content\/uploads\/2025\/03\/Custom-Coffee-Powder-Sachet-Outer-Bag-2-540x540.webp 540w, https:\/\/www.hyflexpack.com\/wp-content\/uploads\/2025\/03\/Custom-Coffee-Powder-Sachet-Outer-Bag-2-660x660.webp 660w\" sizes=\"(max-width: 750px) 100vw, 750px\" \/><\/figure>\n<\/div>\n<\/div>","protected":false},"excerpt":{"rendered":"<p>Explore nuestras bolsas de envasado de caf\u00e9 en polvo, la aplicaci\u00f3n de material compuesto puede proporcionar una buena funci\u00f3n antihumedad y antiest\u00e1tica, y un alto rendimiento de barrera para garantizar que el caf\u00e9 est\u00e9 seco y seguro, y que los granos de caf\u00e9 no se estropeen por la humedad. El fondo m\u00e1s ancho hace que toda la bolsa sea m\u00e1s inclusiva. P\u00f3ngase en contacto con nosotros hoy mismo para obtener un presupuesto sin compromiso, nos comprometemos a ofrecerle soluciones de envasado de calidad y respetuosas con el medio ambiente.<\/p>\n<h3>Ventajas del proveedor de bolsas para envasado de caf\u00e9<\/h3>\n<ul>\n<li><strong>Dise\u00f1o a medida<\/strong>: Proporcionar soluciones de dise\u00f1o personalizadas para satisfacer diferentes especificaciones, tama\u00f1os y requisitos de impresi\u00f3n de hasta 10 colores seg\u00fan las necesidades del cliente, apoyar la personalizaci\u00f3n OEM y ODM.<\/li>\n<li><strong>Garant\u00eda de calidad<\/strong>: Controlar estrictamente el proceso de producci\u00f3n, utilizando materias primas de alta calidad y equipos de producci\u00f3n avanzados para garantizar una calidad de producto estable y fiable.<\/li>\n<li><strong>Asistencia t\u00e9cnica profesional<\/strong>: Con nuestro experimentado equipo t\u00e9cnico, proporcionamos soporte t\u00e9cnico profesional y servicio postventa para garantizar que las necesidades de los clientes se responden y resuelven con prontitud.<\/li>\n<li><strong>Muestra gratuita<\/strong>: Proporcionamos muestras gratuitas para que pueda evaluar los productos.<\/li>\n<\/ul>\n<p>Huiyang Packaging se dedica a ofrecer bolsas de caf\u00e9 personalizadas de alta calidad que mejoran la imagen del producto e impulsan la competitividad de nuestros clientes en el mercado.<\/p>","protected":false},"featured_media":6463,"comment_status":"open","ping_status":"closed","template":"","meta":[],"product_brand":[],"product_cat":[55],"product_tag":[122,118],"class_list":{"0":"post-6492","1":"product","2":"type-product","3":"status-publish","4":"has-post-thumbnail","6":"product_cat-custom-coffee-packaging","7":"product_tag-gusset-pouch-manufacturer","8":"product_tag-quad-seal-bag-manufacturer","10":"first","11":"instock","12":"shipping-taxable","13":"product-type-simple"},"_links":{"self":[{"href":"https:\/\/www.hyflexpack.com\/es\/wp-json\/wp\/v2\/product\/6492","targetHints":{"allow":["GET"]}}],"collection":[{"href":"https:\/\/www.hyflexpack.com\/es\/wp-json\/wp\/v2\/product"}],"about":[{"href":"https:\/\/www.hyflexpack.com\/es\/wp-json\/wp\/v2\/types\/product"}],"replies":[{"embeddable":true,"href":"https:\/\/www.hyflexpack.com\/es\/wp-json\/wp\/v2\/comments?post=6492"}],"wp:featuredmedia":[{"embeddable":true,"href":"https:\/\/www.hyflexpack.com\/es\/wp-json\/wp\/v2\/media\/6463"}],"wp:attachment":[{"href":"https:\/\/www.hyflexpack.com\/es\/wp-json\/wp\/v2\/media?parent=6492"}],"wp:term":[{"taxonomy":"product_brand","embeddable":true,"href":"https:\/\/www.hyflexpack.com\/es\/wp-json\/wp\/v2\/product_brand?post=6492"},{"taxonomy":"product_cat","embeddable":true,"href":"https:\/\/www.hyflexpack.com\/es\/wp-json\/wp\/v2\/product_cat?post=6492"},{"taxonomy":"product_tag","embeddable":true,"href":"https:\/\/www.hyflexpack.com\/es\/wp-json\/wp\/v2\/product_tag?post=6492"}],"curies":[{"name":"wp","href":"https:\/\/api.w.org\/{rel}","templated":true}]}}