{"id":6489,"date":"2025-04-09T19:22:00","date_gmt":"2025-04-09T19:22:00","guid":{"rendered":"https:\/\/www.hyflexpack.com\/?post_type=product&#038;p=6489"},"modified":"2025-10-23T08:14:18","modified_gmt":"2025-10-23T08:14:18","slug":"custom-cocoa-powder-packaging-bag","status":"publish","type":"product","link":"https:\/\/www.hyflexpack.com\/es\/product\/custom-cocoa-powder-packaging-bag\/","title":{"rendered":"Bolsa de pl\u00e1stico personalizada para cacao en polvo,Bolsa exterior laminada con fuelle lateral termosellable"},"content":{"rendered":"<div class=\"wp-block-columns is-layout-flex wp-container-core-columns-is-layout-9d6595d7 wp-block-columns-is-layout-flex\">\n<div class=\"wp-block-column is-layout-flow wp-block-column-is-layout-flow\">\n<h2 class=\"wp-block-heading\">Caracter\u00edsticas de la bolsa de pl\u00e1stico personalizada para polvo de coco<\/h2>\n\n\n\n<ul class=\"wp-block-list\">\n<li>Materiales respetuosos con el medio ambiente: Nuestra bolsa de pl\u00e1stico personalizada para el envasado de polvo de coco utiliza pl\u00e1stico de alta calidad y materiales laminados para garantizar la seguridad y la durabilidad. 2. 2. Materiales de alta barrera para alimentos: Las bolsas de empaque blando personalizadas utilizan materiales antiest\u00e1ticos de alta barrera ecol\u00f3gicos como PET, PE, papel de aluminio, etc. para garantizar la sequedad y seguridad del producto, a prueba de humedad, antioxidaci\u00f3n y extender la vida \u00fatil. 3. La avanzada tecnolog\u00eda de termosellado garantiza un sellado firme y herm\u00e9tico, un aspecto liso, evita las fugas y satisface plenamente las necesidades de envasado. 4. Ofrece una gran variedad de dise\u00f1os de bolsas: Personalice los tipos de bolsa seg\u00fan el posicionamiento en el mercado.<\/li>\n<\/ul>\n<\/div>\n\n\n\n<div class=\"wp-block-column is-layout-flow wp-block-column-is-layout-flow\">\n<figure class=\"wp-block-image size-full\"><img fetchpriority=\"high\" decoding=\"async\" width=\"750\" height=\"750\" src=\"https:\/\/www.hyflexpack.com\/wp-content\/uploads\/2025\/03\/Custom-Plastic-Cocoapowder-Packaging-Pouch-1.webp\" alt=\"Bolsa de pl\u00e1stico a medida para polvo de coco\" class=\"wp-image-6466\" srcset=\"https:\/\/www.hyflexpack.com\/wp-content\/uploads\/2025\/03\/Custom-Plastic-Cocoapowder-Packaging-Pouch-1.webp 750w, https:\/\/www.hyflexpack.com\/wp-content\/uploads\/2025\/03\/Custom-Plastic-Cocoapowder-Packaging-Pouch-1-300x300.webp 300w, https:\/\/www.hyflexpack.com\/wp-content\/uploads\/2025\/03\/Custom-Plastic-Cocoapowder-Packaging-Pouch-1-150x150.webp 150w, https:\/\/www.hyflexpack.com\/wp-content\/uploads\/2025\/03\/Custom-Plastic-Cocoapowder-Packaging-Pouch-1-12x12.webp 12w, https:\/\/www.hyflexpack.com\/wp-content\/uploads\/2025\/03\/Custom-Plastic-Cocoapowder-Packaging-Pouch-1-285x285.webp 285w, https:\/\/www.hyflexpack.com\/wp-content\/uploads\/2025\/03\/Custom-Plastic-Cocoapowder-Packaging-Pouch-1-270x270.webp 270w, https:\/\/www.hyflexpack.com\/wp-content\/uploads\/2025\/03\/Custom-Plastic-Cocoapowder-Packaging-Pouch-1-540x540.webp 540w, https:\/\/www.hyflexpack.com\/wp-content\/uploads\/2025\/03\/Custom-Plastic-Cocoapowder-Packaging-Pouch-1-660x660.webp 660w\" sizes=\"(max-width: 750px) 100vw, 750px\" \/><\/figure>\n<\/div>\n<\/div>","protected":false},"excerpt":{"rendered":"<p>Descubra c\u00f3mo nuestra bolsa de pl\u00e1stico a medida para el envasado de cacao en polvo est\u00e1 fabricada con una pel\u00edcula de envasado compuesta de calidad alimentaria respetuosa con el medio ambiente. Su exclusiva estructura compuesta no s\u00f3lo aumenta la durabilidad del envase, sino que tambi\u00e9n bloquea eficazmente el aire exterior, la humedad y el olor, garantizando que la calidad y el sabor del cacao en polvo no se vean afectados. El proceso de termosellado hace que el sello sea firme y evita fugas del producto. El dise\u00f1o de pliegues laterales en acorde\u00f3n aumenta enormemente la capacidad de la bolsa, lo que resulta muy pr\u00e1ctico para almacenar y exponer el producto. Los servicios personalizados pueden satisfacer su imagen de marca y sus necesidades de envasado, y son ideales para el envasado de cacao en polvo. P\u00f3ngase en contacto con nosotros hoy mismo para solicitar un presupuesto. Estamos comprometidos a proporcionar soluciones de envasado de alta calidad y respetuosas con el medio ambiente. Ventajas de la bolsa de pl\u00e1stico personalizada de alta calidad para el envasado de cacao en polvo \u25cfDise\u00f1o personalizado: Proporcionamos servicios personalizados de bolsas de embalaje, incluyendo el material, el tama\u00f1o y la personalizaci\u00f3n del patr\u00f3n de impresi\u00f3n para satisfacer las necesidades del cliente, y apoyamos OEM y ODM. \u25cfFabricaci\u00f3n: Con equipos y tecnolog\u00eda avanzados, podemos completar la producci\u00f3n de pedidos de manera eficiente y con alta calidad, y entregar a tiempo. Inspecci\u00f3n de calidad: La producci\u00f3n se lleva a cabo en estricta conformidad con las normas de calidad y los requisitos de seguridad alimentaria para garantizar que los productos cumplan con las normas. \u25cfServicio al cliente: Proporcione una respuesta r\u00e1pida y un soporte de servicio al cliente considerado las 24 horas del d\u00eda. \u25cfMuestra gratuita: Proporcionar servicio de muestra gratuita para que pueda evaluar el producto. Huiyang Packaging se compromete a proporcionar a los clientes de alta calidad personalizada de pl\u00e1stico Cocoapowder bolsa de embalaje, ayudando a los clientes a mejorar su imagen de producto y mejorar su competitividad en el mercado.<\/p>","protected":false},"featured_media":6466,"comment_status":"open","ping_status":"closed","template":"","meta":[],"product_brand":[],"product_cat":[55],"product_tag":[],"class_list":{"0":"post-6489","1":"product","2":"type-product","3":"status-publish","4":"has-post-thumbnail","6":"product_cat-custom-coffee-packaging","8":"first","9":"instock","10":"shipping-taxable","11":"product-type-simple"},"_links":{"self":[{"href":"https:\/\/www.hyflexpack.com\/es\/wp-json\/wp\/v2\/product\/6489","targetHints":{"allow":["GET"]}}],"collection":[{"href":"https:\/\/www.hyflexpack.com\/es\/wp-json\/wp\/v2\/product"}],"about":[{"href":"https:\/\/www.hyflexpack.com\/es\/wp-json\/wp\/v2\/types\/product"}],"replies":[{"embeddable":true,"href":"https:\/\/www.hyflexpack.com\/es\/wp-json\/wp\/v2\/comments?post=6489"}],"wp:featuredmedia":[{"embeddable":true,"href":"https:\/\/www.hyflexpack.com\/es\/wp-json\/wp\/v2\/media\/6466"}],"wp:attachment":[{"href":"https:\/\/www.hyflexpack.com\/es\/wp-json\/wp\/v2\/media?parent=6489"}],"wp:term":[{"taxonomy":"product_brand","embeddable":true,"href":"https:\/\/www.hyflexpack.com\/es\/wp-json\/wp\/v2\/product_brand?post=6489"},{"taxonomy":"product_cat","embeddable":true,"href":"https:\/\/www.hyflexpack.com\/es\/wp-json\/wp\/v2\/product_cat?post=6489"},{"taxonomy":"product_tag","embeddable":true,"href":"https:\/\/www.hyflexpack.com\/es\/wp-json\/wp\/v2\/product_tag?post=6489"}],"curies":[{"name":"wp","href":"https:\/\/api.w.org\/{rel}","templated":true}]}}