{"id":6423,"date":"2025-03-14T10:09:17","date_gmt":"2025-03-14T10:09:17","guid":{"rendered":"https:\/\/www.hyflexpack.com\/?post_type=product&#038;p=6423"},"modified":"2025-03-14T10:09:19","modified_gmt":"2025-03-14T10:09:19","slug":"custom-coffee-bean-bags-wholesale","status":"publish","type":"product","link":"https:\/\/www.hyflexpack.com\/es\/product\/custom-coffee-bean-bags-wholesale\/","title":{"rendered":"Bolsas de caf\u00e9 al por mayor al por mayor de bolsas de papel Kraft de pl\u00e1stico de pie con la v\u00e1lvula"},"content":{"rendered":"<div class=\"wp-block-columns is-layout-flex wp-container-core-columns-is-layout-9d6595d7 wp-block-columns-is-layout-flex\">\n<div class=\"wp-block-column is-layout-flow wp-block-column-is-layout-flow\">\n<h2 class=\"wp-block-heading\">Caracter\u00edsticas de los sacos de caf\u00e9 en grano personalizados con v\u00e1lvula<\/h2>\n\n\n\n<ul class=\"wp-block-list\">\n<li>Materiales respetuosos con el medio ambiente: Nuestra bolsa personalizada para caf\u00e9 en grano con v\u00e1lvula est\u00e1 fabricada con polietileno de alta densidad (HDPE) de calidad alimentaria o papel de aluminio y papel kraft para garantizar la hermeticidad y durabilidad de la bolsa. <\/li>\n\n\n\n<li>La bolsa est\u00e1 equipada con una v\u00e1lvula de aire para facilitar el control de la presi\u00f3n del aire durante la preparaci\u00f3n y garantizar el sabor y la solubilidad de los granos de caf\u00e9. <\/li>\n\n\n\n<li>Cierre de cremallera: El sello de cremallera incorporado es conveniente para abrir el sello varias veces para mantener el caf\u00e9 seco y seguro. <\/li>\n\n\n\n<li>Ofrecer una gran variedad de dise\u00f1os de bolsas: Personalizar el tipo de bolsa seg\u00fan el posicionamiento en el mercado.<\/li>\n<\/ul>\n<\/div>\n\n\n\n<div class=\"wp-block-column is-layout-flow wp-block-column-is-layout-flow\">\n<figure class=\"wp-block-image size-full\"><img fetchpriority=\"high\" decoding=\"async\" width=\"750\" height=\"750\" src=\"https:\/\/www.hyflexpack.com\/wp-content\/uploads\/2025\/03\/3424.jpg\" alt=\"Bolsa de caf\u00e9 en grano personalizada con v\u00e1lvula\" class=\"wp-image-6403\" srcset=\"https:\/\/www.hyflexpack.com\/wp-content\/uploads\/2025\/03\/3424.jpg 750w, https:\/\/www.hyflexpack.com\/wp-content\/uploads\/2025\/03\/3424-300x300.jpg 300w, https:\/\/www.hyflexpack.com\/wp-content\/uploads\/2025\/03\/3424-150x150.jpg 150w, https:\/\/www.hyflexpack.com\/wp-content\/uploads\/2025\/03\/3424-12x12.jpg 12w, https:\/\/www.hyflexpack.com\/wp-content\/uploads\/2025\/03\/3424-285x285.jpg 285w, https:\/\/www.hyflexpack.com\/wp-content\/uploads\/2025\/03\/3424-270x270.jpg 270w, https:\/\/www.hyflexpack.com\/wp-content\/uploads\/2025\/03\/3424-540x540.jpg 540w, https:\/\/www.hyflexpack.com\/wp-content\/uploads\/2025\/03\/3424-660x660.jpg 660w\" sizes=\"(max-width: 750px) 100vw, 750px\" \/><\/figure>\n<\/div>\n<\/div>\n\n\n\n<p><\/p>","protected":false},"excerpt":{"rendered":"<p>Conozca nuestra bolsa personalizada para caf\u00e9 en grano con v\u00e1lvula. Hecho de pl\u00e1stico, papel kraft y papel de aluminio, proporciona buenas propiedades de barrera para la bolsa. El dise\u00f1o de fondo plano tiene una excelente estabilidad y resistencia, adecuado para una variedad de productos, incluido el caf\u00e9. La superficie est\u00e1 tratada con pl\u00e1stico compuesto, que es a prueba de humedad, resistente a la abrasi\u00f3n y duradero. Este envase puede adaptarse a las necesidades espec\u00edficas de la empresa en cuanto a marca, funci\u00f3n o aspecto. P\u00f3ngase en contacto con nosotros hoy mismo para solicitar un presupuesto. Nos comprometemos a ofrecer soluciones integrales de envasado respetuosas con el medio ambiente y de alta calidad.<\/p>\n<h2>Ventajas del mayorista de sacos de caf\u00e9 en grano personalizados<\/h2>\n<ul>\n<li>Dise\u00f1o personalizado: Proporcionamos servicios personalizados de bolsas de embalaje, incluyendo el material, el tama\u00f1o y la personalizaci\u00f3n del patr\u00f3n de impresi\u00f3n para satisfacer las necesidades del cliente, y apoyamos OEM y ODM.<\/li>\n<li>Fabricaci\u00f3n: Con equipos y tecnolog\u00eda avanzados, podemos completar la producci\u00f3n de pedidos de manera eficiente y con alta calidad, y entregar a tiempo. \u25cfInspecci\u00f3n de calidad: La producci\u00f3n se lleva a cabo en estricta conformidad con las normas de calidad y los requisitos de seguridad alimentaria para garantizar que los productos cumplen las normas.<\/li>\n<li>Atenci\u00f3n al cliente: Ofrezca una respuesta r\u00e1pida y un servicio de atenci\u00f3n al cliente atento las 24 horas del d\u00eda.<\/li>\n<li>Muestra gratuita: Proporcionar un servicio de muestra gratuita para que pueda evaluar el producto.<\/li>\n<\/ul>\n<p>Huiyang Packaging se compromete a proporcionar a los clientes bolsas de caf\u00e9 en grano personalizadas de alta calidad con v\u00e1lvulas, ayudando a los clientes a mejorar la imagen de sus productos y mejorar su competitividad en el mercado.<\/p>","protected":false},"featured_media":6403,"comment_status":"open","ping_status":"closed","template":"","meta":[],"product_brand":[],"product_cat":[55],"product_tag":[83],"class_list":{"0":"post-6423","1":"product","2":"type-product","3":"status-publish","4":"has-post-thumbnail","6":"product_cat-custom-coffee-packaging","7":"product_tag-coffee-bags-with-valve-wholesale","9":"first","10":"instock","11":"shipping-taxable","12":"product-type-simple"},"_links":{"self":[{"href":"https:\/\/www.hyflexpack.com\/es\/wp-json\/wp\/v2\/product\/6423","targetHints":{"allow":["GET"]}}],"collection":[{"href":"https:\/\/www.hyflexpack.com\/es\/wp-json\/wp\/v2\/product"}],"about":[{"href":"https:\/\/www.hyflexpack.com\/es\/wp-json\/wp\/v2\/types\/product"}],"replies":[{"embeddable":true,"href":"https:\/\/www.hyflexpack.com\/es\/wp-json\/wp\/v2\/comments?post=6423"}],"wp:featuredmedia":[{"embeddable":true,"href":"https:\/\/www.hyflexpack.com\/es\/wp-json\/wp\/v2\/media\/6403"}],"wp:attachment":[{"href":"https:\/\/www.hyflexpack.com\/es\/wp-json\/wp\/v2\/media?parent=6423"}],"wp:term":[{"taxonomy":"product_brand","embeddable":true,"href":"https:\/\/www.hyflexpack.com\/es\/wp-json\/wp\/v2\/product_brand?post=6423"},{"taxonomy":"product_cat","embeddable":true,"href":"https:\/\/www.hyflexpack.com\/es\/wp-json\/wp\/v2\/product_cat?post=6423"},{"taxonomy":"product_tag","embeddable":true,"href":"https:\/\/www.hyflexpack.com\/es\/wp-json\/wp\/v2\/product_tag?post=6423"}],"curies":[{"name":"wp","href":"https:\/\/api.w.org\/{rel}","templated":true}]}}