{"id":6363,"date":"2025-03-01T06:30:35","date_gmt":"2025-03-01T06:30:35","guid":{"rendered":"https:\/\/www.hyflexpack.com\/?post_type=product&#038;p=6363"},"modified":"2025-10-23T08:17:19","modified_gmt":"2025-10-23T08:17:19","slug":"custom-heat-seal-bags","status":"publish","type":"product","link":"https:\/\/www.hyflexpack.com\/es\/product\/custom-heat-seal-bags\/","title":{"rendered":"Bolsas termosellables personalizadas,Envases para galletas de chocolate Proveedor de bolsas con fuelle lateral"},"content":{"rendered":"<div class=\"wp-block-columns is-layout-flex wp-container-core-columns-is-layout-9d6595d7 wp-block-columns-is-layout-flex\">\n<div class=\"wp-block-column is-layout-flow wp-block-column-is-layout-flow\">\n<h3 class=\"wp-block-heading\">Caracter\u00edsticas de las bolsas termosellables personalizadas<\/h3>\n\n\n\n<ul class=\"wp-block-list\">\n<li><strong>Dise\u00f1o de fuelle lateral<\/strong>: El dise\u00f1o de fuelle lateral es una de las caracter\u00edsticas que distinguen a las bolsas termosellables personalizadas, que proporciona espacio adicional, y las bolsas pueden contener m\u00e1s productos, a diferencia de las bolsas tradicionales, el dise\u00f1o de bolsillo lateral puede simplemente aumentar la capacidad de almacenamiento, mejorar la estabilidad y la apariencia del envase.<\/li>\n\n\n\n<li><strong>Dise\u00f1o del asa<\/strong>: La bolsa de embalaje personalizada para galletas de chocolate viene con una pr\u00e1ctica asa, que satisface las exigencias de la vida contempor\u00e1nea y resulta c\u00f3moda de llevar y utilizar en los desplazamientos.<\/li>\n\n\n\n<li><strong>Funci\u00f3n de termosellado<\/strong>: Tiene una boca abierta, que los clientes pueden utilizar f\u00e1cilmente con la termoselladora para autosellar. Los clientes pueden autosellar las bolsas cuando lo necesiten para conservar la frescura y seguridad de los alimentos, especialmente en el caso de envasado a granel o apertura frecuente.<\/li>\n\n\n\n<li><strong>Material de termosellado de alta calidad<\/strong>: Las bolsas termosellables est\u00e1n fabricadas con materiales compuestos de alta calidad, y el proceso de termosellado proporciona a las bolsas un sellado herm\u00e9tico, resistencia al desgarro y a la abrasi\u00f3n para garantizar la seguridad de las galletas de chocolate y otros alimentos durante su almacenamiento y transporte.<\/li>\n\n\n\n<li><strong>Protecci\u00f3n del medio ambiente y sostenibilidad<\/strong>: Solo utilizamos materiales reciclables que cumplan las normas medioambientales, y dise\u00f1amos sistem\u00e1ticamente soluciones de envasado ecol\u00f3gicas para reducir el uso de pl\u00e1sticos y apoyar a las marcas en su transformaci\u00f3n ecol\u00f3gica, en l\u00ednea con las normas medioambientales internacionales.<\/li>\n\n\n\n<li><strong>Variedad de tama\u00f1os y flexibilidad<\/strong>: Como proveedor de envases para galletas de chocolate, proporcionamos a nuestros clientes bolsas de distintos tama\u00f1os y capacidades, seg\u00fan las diversas necesidades de envasado.<\/li>\n<\/ul>\n<\/div>\n\n\n\n<div class=\"wp-block-column is-layout-flow wp-block-column-is-layout-flow\">\n<figure class=\"wp-block-image size-full\"><img fetchpriority=\"high\" decoding=\"async\" width=\"750\" height=\"750\" src=\"https:\/\/www.hyflexpack.com\/wp-content\/uploads\/2025\/03\/Custom-Chocolate-Cookies-Bag-2.webp\" alt=\"Bolsa de chocolate personalizada-2\" class=\"wp-image-6375\" srcset=\"https:\/\/www.hyflexpack.com\/wp-content\/uploads\/2025\/03\/Custom-Chocolate-Cookies-Bag-2.webp 750w, https:\/\/www.hyflexpack.com\/wp-content\/uploads\/2025\/03\/Custom-Chocolate-Cookies-Bag-2-300x300.webp 300w, https:\/\/www.hyflexpack.com\/wp-content\/uploads\/2025\/03\/Custom-Chocolate-Cookies-Bag-2-150x150.webp 150w, https:\/\/www.hyflexpack.com\/wp-content\/uploads\/2025\/03\/Custom-Chocolate-Cookies-Bag-2-12x12.webp 12w, https:\/\/www.hyflexpack.com\/wp-content\/uploads\/2025\/03\/Custom-Chocolate-Cookies-Bag-2-285x285.webp 285w, https:\/\/www.hyflexpack.com\/wp-content\/uploads\/2025\/03\/Custom-Chocolate-Cookies-Bag-2-270x270.webp 270w, https:\/\/www.hyflexpack.com\/wp-content\/uploads\/2025\/03\/Custom-Chocolate-Cookies-Bag-2-540x540.webp 540w, https:\/\/www.hyflexpack.com\/wp-content\/uploads\/2025\/03\/Custom-Chocolate-Cookies-Bag-2-660x660.webp 660w\" sizes=\"(max-width: 750px) 100vw, 750px\" \/><\/figure>\n<\/div>\n<\/div>\n\n\n\n<p><\/p>","protected":false},"excerpt":{"rendered":"<p>Huiyang Packaging ofrece bolsas personalizadas para galletas de chocolate con dise\u00f1o de bolsillo lateral, asa de transporte y funci\u00f3n de autosellado por termosellado. Material ecol\u00f3gico para mejorar la imagen de marca. P\u00f3ngase en contacto con nosotros hoy mismo para obtener muestras gratuitas de bolsas termosellables personalizadas.<\/p>\n<h3>Especificaciones de las bolsas termosellables<\/h3>\n<p>Material: PLA, BOPP PE, PP, EVOH, etc.<br \/>Talla: Disponible a medida<br \/>Tipo: Bolsa de fuelle lateral\uff0c Bolsa de cierre posterior con asa de transporte.<br \/>Color: Personalizado<br \/>Pedido a medida: <a href=\"https:\/\/www.hyflexpack.com\/es\/envases-flexibles-personalizados\/\"><strong>Aceptamos OEM y ODM<\/strong><\/a><br \/>Tratamiento de superficies: Impresi\u00f3n en huecograbado<br \/>Certificaci\u00f3n: Certificaci\u00f3n ISO, BRC, FDA<br \/>Muestra gratuita: Soporte<br \/>MOQ:10000psc<\/p>","protected":false},"featured_media":6374,"comment_status":"open","ping_status":"closed","template":"","meta":[],"product_brand":[],"product_cat":[57],"product_tag":[],"class_list":{"0":"post-6363","1":"product","2":"type-product","3":"status-publish","4":"has-post-thumbnail","6":"product_cat-snack-packaging-bags-wholesale","8":"first","9":"instock","10":"shipping-taxable","11":"product-type-simple"},"_links":{"self":[{"href":"https:\/\/www.hyflexpack.com\/es\/wp-json\/wp\/v2\/product\/6363","targetHints":{"allow":["GET"]}}],"collection":[{"href":"https:\/\/www.hyflexpack.com\/es\/wp-json\/wp\/v2\/product"}],"about":[{"href":"https:\/\/www.hyflexpack.com\/es\/wp-json\/wp\/v2\/types\/product"}],"replies":[{"embeddable":true,"href":"https:\/\/www.hyflexpack.com\/es\/wp-json\/wp\/v2\/comments?post=6363"}],"wp:featuredmedia":[{"embeddable":true,"href":"https:\/\/www.hyflexpack.com\/es\/wp-json\/wp\/v2\/media\/6374"}],"wp:attachment":[{"href":"https:\/\/www.hyflexpack.com\/es\/wp-json\/wp\/v2\/media?parent=6363"}],"wp:term":[{"taxonomy":"product_brand","embeddable":true,"href":"https:\/\/www.hyflexpack.com\/es\/wp-json\/wp\/v2\/product_brand?post=6363"},{"taxonomy":"product_cat","embeddable":true,"href":"https:\/\/www.hyflexpack.com\/es\/wp-json\/wp\/v2\/product_cat?post=6363"},{"taxonomy":"product_tag","embeddable":true,"href":"https:\/\/www.hyflexpack.com\/es\/wp-json\/wp\/v2\/product_tag?post=6363"}],"curies":[{"name":"wp","href":"https:\/\/api.w.org\/{rel}","templated":true}]}}