{"id":6350,"date":"2025-03-01T02:08:17","date_gmt":"2025-03-01T02:08:17","guid":{"rendered":"https:\/\/www.hyflexpack.com\/?post_type=product&#038;p=6350"},"modified":"2025-10-23T08:17:26","modified_gmt":"2025-10-23T08:17:26","slug":"custom-tortilla-chips-bag-supplier","status":"publish","type":"product","link":"https:\/\/www.hyflexpack.com\/es\/product\/custom-tortilla-chips-bag-supplier\/","title":{"rendered":"Envasado de bolsas personalizadas para tortillas fritas,Bolsa de fuelle lateral reciclada"},"content":{"rendered":"<div class=\"wp-block-columns is-layout-flex wp-container-core-columns-is-layout-9d6595d7 wp-block-columns-is-layout-flex\">\n<div class=\"wp-block-column is-layout-flow wp-block-column-is-layout-flow\">\n<h2 class=\"wp-block-heading\">Caracter\u00edsticas de Custom Tortilla Chips Bag<\/h2>\n\n\n\n<p><\/p>\n\n\n\n<ul class=\"wp-block-list\">\n<li><strong>Dise\u00f1o del sello trasero<\/strong>: La bolsa para tortillas fritas a medida presenta una bolsa de sellado posterior, que es peque\u00f1a y herm\u00e9tica. Proporciona propiedades de sellado y barrera contra la humedad para el producto y es ideal para el almacenamiento y transporte de larga duraci\u00f3n de tortilla chips y otros productos secos.<\/li>\n\n\n\n<li><strong>Refuerzo lateral<\/strong>: Un dise\u00f1o de bolsa con fuelle lateral reciclado proporciona capacidad adicional, y la bolsa puede contener m\u00e1s productos. Disponemos de una amplia gama de capacidades, de 100 g a 1 kg, para poder responder con flexibilidad a las distintas necesidades de envasado.<\/li>\n\n\n\n<li><strong>Ventana transparente<\/strong>: El envasado con ventana transparente permite a los clientes ver el producto dentro de la bolsa, adecuado para productos alimentarios que necesitan exponer el aspecto y la calidad del producto, lo que permite a los clientes tomar decisiones m\u00e1s informadas con respecto a los productos.<\/li>\n\n\n\n<li><strong>Material duradero<\/strong>: En la fabricaci\u00f3n de bolsas para tortillas fritas a medida se utiliza un material compuesto de alta calidad con una resistencia superior al desgarro, a la abrasi\u00f3n y a la humedad. El material mantiene los alimentos dentro de la bolsa secos y frescos durante mucho tiempo, prolonga la vida \u00fatil del producto y mantiene la mejor calidad del producto.<\/li>\n\n\n\n<li><strong>Sostenibilidad y conservaci\u00f3n del medio ambiente<\/strong>: La bolsa con fuelle lateral reciclado emplea material de envasado reciclable 100%, por lo que cumple las normas medioambientales internacionales y se reduce su efecto sobre el medio ambiente. Nuestro objetivo es reducir el uso de pl\u00e1stico y abogar por la conservaci\u00f3n del medio ambiente.<\/li>\n\n\n\n<li><strong>M\u00faltiples tama\u00f1os y versatilidad<\/strong>: Proporcionamos a nuestros clientes una gama de bolsas con fuelle lateral reciclado en m\u00faltiples tama\u00f1os y capacidades para satisfacer las necesidades de envasado de diversos productos. Desde el envasado de peque\u00f1os lotes hasta el envasado a granel, disponemos de soluciones vers\u00e1tiles y personalizadas.<\/li>\n<\/ul>\n<\/div>\n\n\n\n<div class=\"wp-block-column is-layout-flow wp-block-column-is-layout-flow\">\n<figure class=\"wp-block-image size-full\"><img fetchpriority=\"high\" decoding=\"async\" width=\"750\" height=\"750\" src=\"https:\/\/www.hyflexpack.com\/wp-content\/uploads\/2025\/03\/Custom-Plastic-Tortilla-Chips-Bag-5.webp\" alt=\"Custom-Tortilla-Chips-Bag-Manufacturer-5\" class=\"wp-image-6366\" srcset=\"https:\/\/www.hyflexpack.com\/wp-content\/uploads\/2025\/03\/Custom-Plastic-Tortilla-Chips-Bag-5.webp 750w, https:\/\/www.hyflexpack.com\/wp-content\/uploads\/2025\/03\/Custom-Plastic-Tortilla-Chips-Bag-5-300x300.webp 300w, https:\/\/www.hyflexpack.com\/wp-content\/uploads\/2025\/03\/Custom-Plastic-Tortilla-Chips-Bag-5-150x150.webp 150w, https:\/\/www.hyflexpack.com\/wp-content\/uploads\/2025\/03\/Custom-Plastic-Tortilla-Chips-Bag-5-12x12.webp 12w, https:\/\/www.hyflexpack.com\/wp-content\/uploads\/2025\/03\/Custom-Plastic-Tortilla-Chips-Bag-5-285x285.webp 285w, https:\/\/www.hyflexpack.com\/wp-content\/uploads\/2025\/03\/Custom-Plastic-Tortilla-Chips-Bag-5-270x270.webp 270w, https:\/\/www.hyflexpack.com\/wp-content\/uploads\/2025\/03\/Custom-Plastic-Tortilla-Chips-Bag-5-540x540.webp 540w, https:\/\/www.hyflexpack.com\/wp-content\/uploads\/2025\/03\/Custom-Plastic-Tortilla-Chips-Bag-5-660x660.webp 660w\" sizes=\"(max-width: 750px) 100vw, 750px\" \/><\/figure>\n<\/div>\n<\/div>\n\n\n\n<p><\/p>","protected":false},"excerpt":{"rendered":"<p>Huiyang Packaging proporciona bolsas de tortilla chips personalizadas de alta calidad, que est\u00e1n hechas de materiales reciclados respetuosos con el medio ambiente, y el dise\u00f1o de ventana transparente hace que el producto sea m\u00e1s atractivo. Admite impresi\u00f3n personalizada para satisfacer diferentes necesidades de capacidad, centr\u00e1ndose en la protecci\u00f3n del medio ambiente y el desarrollo sostenible. P\u00f3ngase en contacto con nosotros para obtener muestras y dise\u00f1os gratuitos y mejorar la competitividad de su marca en el mercado.<\/p>\n<h3>Especificaci\u00f3n de la bolsa de tortilla frita<\/h3>\n<p>Material: Papel Krafr, PLA, BOPP PE, PP, EVOH, etc.<br \/>Talla: Disponible a medida<br \/>Tipo: Bolsa de fuelle lateral\uff0c Bolsa de cierre posterior.<br \/>Color: Personalizado<br \/>Pedidos personalizados: Aceptamos OEM y ODM<br \/>Tratamiento de superficies: Impresi\u00f3n en huecograbado<br \/>Certificaci\u00f3n: Certificaci\u00f3n ISO, BRC, FDA<br \/>Muestra gratuita: Soporte<br \/>MOQ:10000psc<\/p>","protected":false},"featured_media":6369,"comment_status":"open","ping_status":"closed","template":"","meta":[],"product_brand":[],"product_cat":[57],"product_tag":[],"class_list":{"0":"post-6350","1":"product","2":"type-product","3":"status-publish","4":"has-post-thumbnail","6":"product_cat-snack-packaging-bags-wholesale","8":"first","9":"instock","10":"shipping-taxable","11":"product-type-simple"},"_links":{"self":[{"href":"https:\/\/www.hyflexpack.com\/es\/wp-json\/wp\/v2\/product\/6350","targetHints":{"allow":["GET"]}}],"collection":[{"href":"https:\/\/www.hyflexpack.com\/es\/wp-json\/wp\/v2\/product"}],"about":[{"href":"https:\/\/www.hyflexpack.com\/es\/wp-json\/wp\/v2\/types\/product"}],"replies":[{"embeddable":true,"href":"https:\/\/www.hyflexpack.com\/es\/wp-json\/wp\/v2\/comments?post=6350"}],"wp:featuredmedia":[{"embeddable":true,"href":"https:\/\/www.hyflexpack.com\/es\/wp-json\/wp\/v2\/media\/6369"}],"wp:attachment":[{"href":"https:\/\/www.hyflexpack.com\/es\/wp-json\/wp\/v2\/media?parent=6350"}],"wp:term":[{"taxonomy":"product_brand","embeddable":true,"href":"https:\/\/www.hyflexpack.com\/es\/wp-json\/wp\/v2\/product_brand?post=6350"},{"taxonomy":"product_cat","embeddable":true,"href":"https:\/\/www.hyflexpack.com\/es\/wp-json\/wp\/v2\/product_cat?post=6350"},{"taxonomy":"product_tag","embeddable":true,"href":"https:\/\/www.hyflexpack.com\/es\/wp-json\/wp\/v2\/product_tag?post=6350"}],"curies":[{"name":"wp","href":"https:\/\/api.w.org\/{rel}","templated":true}]}}