{"id":6229,"date":"2025-03-01T06:55:23","date_gmt":"2025-03-01T06:55:23","guid":{"rendered":"https:\/\/www.hyflexpack.com\/?post_type=product&#038;p=6229"},"modified":"2025-10-27T07:46:40","modified_gmt":"2025-10-27T07:46:40","slug":"sustainable-pet-food-packaging-bag","status":"publish","type":"product","link":"https:\/\/www.hyflexpack.com\/es\/product\/sustainable-pet-food-packaging-bag\/","title":{"rendered":"Fabricante sostenible de bolsas de aluminio laminado para alimentos de mascotas"},"content":{"rendered":"<div class=\"wp-block-columns is-layout-flex wp-container-core-columns-is-layout-9d6595d7 wp-block-columns-is-layout-flex\">\n<div class=\"wp-block-column is-layout-flow wp-block-column-is-layout-flow\">\n<h2 class=\"wp-block-heading\">Bolsa de envasado sostenible para alimentos para mascotas Caracter\u00edsticas:<\/h2>\n\n\n\n<ul class=\"wp-block-list\">\n<li><strong>Fabricante profesional de bolsas para envasado de alimentos para mascotas<\/strong><br>Somos fabricantes profesionales de bolsas de envasado de alimentos para mascotas dedicados a ofrecer soluciones ecol\u00f3gicas de envasado de alimentos para mascotas que sean funcionales, protectoras y atractivas para la marca. Proporcionamos bolsas de envasado que satisfacen las necesidades de fabricantes de gran volumen y marcas blancas.<\/li>\n\n\n\n<li><strong>Rendimiento de barrera superior<\/strong><br>Fabricadas con tecnolog\u00eda de laminaci\u00f3n de papel de aluminio de alta calidad, las bolsas tienen una alta resistencia al ox\u00edgeno, la humedad y la luz para proporcionar frescura a largo plazo, retenci\u00f3n del aroma y protecci\u00f3n de los nutrientes de los productos alimenticios para mascotas.<\/li>\n\n\n\n<li><strong>Sellado cu\u00e1druple higi\u00e9nico y a prueba de fugas<\/strong><br>El dise\u00f1o de sellado cu\u00e1druple mejora la integridad del envase y garantiza un almacenamiento y transporte a prueba de fugas, salvaguardando la seguridad y la higiene de los alimentos para mascotas.<\/li>\n\n\n\n<li><strong>Dise\u00f1o resellable f\u00e1cil de usar<\/strong><br>Equipadas con un cierre de cremallera duradero, nuestras bolsas sostenibles para envasado de alimentos para mascotas son f\u00e1ciles de abrir, volver a cerrar y almacenar, y ofrecen comodidad para el uso diario al tiempo que reducen los residuos.<\/li>\n\n\n\n<li><strong>Servicio OEM\/ODM totalmente personalizable<\/strong><br>Ofrecemos la posibilidad de personalizar el tama\u00f1o, el material, el color, la impresi\u00f3n y la estructura de las bolsas. A\u00f1ada su logotipo, motivos o mensaje de marca para crear un aspecto exclusivo y de primera calidad que destaque en el lineal y genere confianza en el consumidor.<\/li>\n\n\n\n<li><strong>Opciones ecol\u00f3gicas y sostenibles<\/strong><br>Nuestros productos de envasado incluyen materiales reciclables, biodegradables y compostables para ayudar a las marcas a alcanzar los objetivos mundiales de sostenibilidad y atraer a clientes sostenibles.<\/li>\n\n\n\n<li><strong>Precios directos de f\u00e1brica y suministro estable<\/strong><br>Como f\u00e1brica especializada en bolsas para envasado de alimentos para mascotas, ofrecemos un precio de f\u00e1brica competitivo, un MOQ bajo y una capacidad de producci\u00f3n estable, apoyando su negocio con una entrega rentable, consistente y puntual.<\/li>\n<\/ul>\n<\/div>\n\n\n\n<div class=\"wp-block-column is-layout-flow wp-block-column-is-layout-flow\">\n<figure class=\"wp-block-image size-full\"><img fetchpriority=\"high\" decoding=\"async\" width=\"750\" height=\"750\" src=\"https:\/\/www.hyflexpack.com\/wp-content\/uploads\/2025\/10\/Sustainable-Pet-Food-Packaging-Bag-Manufacturer-3.webp\" alt=\"Fabricante sostenible de bolsas para envasado de alimentos para mascotas (3)\" class=\"wp-image-8264\" srcset=\"https:\/\/www.hyflexpack.com\/wp-content\/uploads\/2025\/10\/Sustainable-Pet-Food-Packaging-Bag-Manufacturer-3.webp 750w, https:\/\/www.hyflexpack.com\/wp-content\/uploads\/2025\/10\/Sustainable-Pet-Food-Packaging-Bag-Manufacturer-3-300x300.webp 300w, https:\/\/www.hyflexpack.com\/wp-content\/uploads\/2025\/10\/Sustainable-Pet-Food-Packaging-Bag-Manufacturer-3-150x150.webp 150w, https:\/\/www.hyflexpack.com\/wp-content\/uploads\/2025\/10\/Sustainable-Pet-Food-Packaging-Bag-Manufacturer-3-12x12.webp 12w, https:\/\/www.hyflexpack.com\/wp-content\/uploads\/2025\/10\/Sustainable-Pet-Food-Packaging-Bag-Manufacturer-3-285x285.webp 285w, https:\/\/www.hyflexpack.com\/wp-content\/uploads\/2025\/10\/Sustainable-Pet-Food-Packaging-Bag-Manufacturer-3-270x270.webp 270w, https:\/\/www.hyflexpack.com\/wp-content\/uploads\/2025\/10\/Sustainable-Pet-Food-Packaging-Bag-Manufacturer-3-540x540.webp 540w, https:\/\/www.hyflexpack.com\/wp-content\/uploads\/2025\/10\/Sustainable-Pet-Food-Packaging-Bag-Manufacturer-3-660x660.webp 660w\" sizes=\"(max-width: 750px) 100vw, 750px\" \/><\/figure>\n<\/div>\n<\/div>\n\n\n\n<div class=\"wp-block-columns is-layout-flex wp-container-core-columns-is-layout-9d6595d7 wp-block-columns-is-layout-flex\">\n<div class=\"wp-block-column is-layout-flow wp-block-column-is-layout-flow\">\n<figure class=\"wp-block-image size-full\"><img decoding=\"async\" width=\"750\" height=\"750\" src=\"https:\/\/www.hyflexpack.com\/wp-content\/uploads\/2025\/10\/Sustainable-Pet-Food-Packaging-Bag-Manufacturer-1.webp\" alt=\"Fabricante sostenible de bolsas para envasado de alimentos para mascotas (1)\" class=\"wp-image-8262\" srcset=\"https:\/\/www.hyflexpack.com\/wp-content\/uploads\/2025\/10\/Sustainable-Pet-Food-Packaging-Bag-Manufacturer-1.webp 750w, https:\/\/www.hyflexpack.com\/wp-content\/uploads\/2025\/10\/Sustainable-Pet-Food-Packaging-Bag-Manufacturer-1-300x300.webp 300w, https:\/\/www.hyflexpack.com\/wp-content\/uploads\/2025\/10\/Sustainable-Pet-Food-Packaging-Bag-Manufacturer-1-150x150.webp 150w, https:\/\/www.hyflexpack.com\/wp-content\/uploads\/2025\/10\/Sustainable-Pet-Food-Packaging-Bag-Manufacturer-1-12x12.webp 12w, https:\/\/www.hyflexpack.com\/wp-content\/uploads\/2025\/10\/Sustainable-Pet-Food-Packaging-Bag-Manufacturer-1-285x285.webp 285w, https:\/\/www.hyflexpack.com\/wp-content\/uploads\/2025\/10\/Sustainable-Pet-Food-Packaging-Bag-Manufacturer-1-270x270.webp 270w, https:\/\/www.hyflexpack.com\/wp-content\/uploads\/2025\/10\/Sustainable-Pet-Food-Packaging-Bag-Manufacturer-1-540x540.webp 540w, https:\/\/www.hyflexpack.com\/wp-content\/uploads\/2025\/10\/Sustainable-Pet-Food-Packaging-Bag-Manufacturer-1-660x660.webp 660w\" sizes=\"(max-width: 750px) 100vw, 750px\" \/><\/figure>\n<\/div>\n\n\n\n<div class=\"wp-block-column is-layout-flow wp-block-column-is-layout-flow\">\n<figure class=\"wp-block-image size-full\"><img decoding=\"async\" width=\"750\" height=\"750\" src=\"https:\/\/www.hyflexpack.com\/wp-content\/uploads\/2025\/02\/Custom-Pet-Food-Packaging-Bags-2.webp\" alt=\"Bolsas personalizadas para alimentos para mascotas\" class=\"wp-image-6196\" srcset=\"https:\/\/www.hyflexpack.com\/wp-content\/uploads\/2025\/02\/Custom-Pet-Food-Packaging-Bags-2.webp 750w, https:\/\/www.hyflexpack.com\/wp-content\/uploads\/2025\/02\/Custom-Pet-Food-Packaging-Bags-2-300x300.webp 300w, https:\/\/www.hyflexpack.com\/wp-content\/uploads\/2025\/02\/Custom-Pet-Food-Packaging-Bags-2-150x150.webp 150w, https:\/\/www.hyflexpack.com\/wp-content\/uploads\/2025\/02\/Custom-Pet-Food-Packaging-Bags-2-12x12.webp 12w, https:\/\/www.hyflexpack.com\/wp-content\/uploads\/2025\/02\/Custom-Pet-Food-Packaging-Bags-2-285x285.webp 285w, https:\/\/www.hyflexpack.com\/wp-content\/uploads\/2025\/02\/Custom-Pet-Food-Packaging-Bags-2-270x270.webp 270w, https:\/\/www.hyflexpack.com\/wp-content\/uploads\/2025\/02\/Custom-Pet-Food-Packaging-Bags-2-540x540.webp 540w, https:\/\/www.hyflexpack.com\/wp-content\/uploads\/2025\/02\/Custom-Pet-Food-Packaging-Bags-2-660x660.webp 660w\" sizes=\"(max-width: 750px) 100vw, 750px\" \/><\/figure>\n<\/div>\n<\/div>\n\n\n\n<p><\/p>","protected":false},"excerpt":{"rendered":"<p>Bienvenido a comprar <strong data-start=\"183\" data-end=\"217\">envasado sostenible de alimentos para mascotas<\/strong> de un <strong data-start=\"233\" data-end=\"272\">fabricante de bolsas para envasado de alimentos para mascotas<\/strong>. Ofrecemos <strong data-start=\"283\" data-end=\"312\">dise\u00f1o gratuito, muestras gratuitas<\/strong>y <strong data-start=\"318\" data-end=\"346\">precios al por mayor de f\u00e1brica<\/strong> con protecci\u00f3n de barrera de papel de aluminio, cremalleras resellables y materiales ecol\u00f3gicos personalizables para una mayor frescura de los alimentos para mascotas.<\/p>\n<h3>Ventajas del envasado sostenible de alimentos para mascotas<\/h3>\n<ul>\n<li><strong>Dise\u00f1o personalizado:<\/strong>\u00a0Ofrecemos servicios personalizados, que incluyen la personalizaci\u00f3n del material, el tama\u00f1o y el patr\u00f3n de impresi\u00f3n para satisfacer las necesidades de los clientes, y damos soporte a OEM y ODM.<\/li>\n<li><strong>Fabricaci\u00f3n:<\/strong>\u00a0Con equipos y tecnolog\u00eda avanzados, podemos completar la producci\u00f3n de pedidos de forma eficiente y con alta calidad, y podemos entregar a tiempo.<\/li>\n<li><strong>Inspecci\u00f3n de calidad:<\/strong>\u00a0La producci\u00f3n se lleva a cabo siguiendo estrictamente las normas de calidad y los requisitos de seguridad alimentaria para garantizar que los productos cumplen las normas.<\/li>\n<li><strong>Certificaci\u00f3n\uff1a<\/strong>\u00a0FDA\/BRC\/ISO 9001\/RoHS<\/li>\n<li><strong>Atenci\u00f3n al cliente:<\/strong>\u00a024 horas para ofrecer una respuesta r\u00e1pida y un servicio de atenci\u00f3n al cliente atento.<\/li>\n<li><strong>Muestra gratis:<\/strong> Ofrecemos un servicio de muestras gratuito para ayudarle a evaluar el producto.<\/li>\n<li><strong class=\"skrollable skrollable-between\" data-start=\"895\" data-end=\"917\">Precio competitivo:<\/strong>\u00a0Con una capacidad de producci\u00f3n a gran escala y una gesti\u00f3n rentable, ofrecemos precios competitivos sin comprometer la calidad del producto.<\/li>\n<\/ul>\n<p><a href=\"https:\/\/www.hyflexpack.com\/es\/\"><strong>Envasado Huiyang<\/strong><\/a>\u00a0se compromete a proporcionar a los clientes\u00a0<strong>calidad alimentaria<\/strong> envases sostenibles de alimentos para mascotas para ayudar a los clientes a mejorar la imagen de sus productos y aumentar su competitividad en el mercado.<\/p>","protected":false},"featured_media":8263,"comment_status":"open","ping_status":"closed","template":"","meta":[],"product_brand":[],"product_cat":[56,51],"product_tag":[],"class_list":{"0":"post-6229","1":"product","2":"type-product","3":"status-publish","4":"has-post-thumbnail","6":"product_cat-custom-pet-food-packaging","7":"product_cat-custom-food-packaging-bags","9":"first","10":"instock","11":"shipping-taxable","12":"product-type-simple"},"_links":{"self":[{"href":"https:\/\/www.hyflexpack.com\/es\/wp-json\/wp\/v2\/product\/6229","targetHints":{"allow":["GET"]}}],"collection":[{"href":"https:\/\/www.hyflexpack.com\/es\/wp-json\/wp\/v2\/product"}],"about":[{"href":"https:\/\/www.hyflexpack.com\/es\/wp-json\/wp\/v2\/types\/product"}],"replies":[{"embeddable":true,"href":"https:\/\/www.hyflexpack.com\/es\/wp-json\/wp\/v2\/comments?post=6229"}],"wp:featuredmedia":[{"embeddable":true,"href":"https:\/\/www.hyflexpack.com\/es\/wp-json\/wp\/v2\/media\/8263"}],"wp:attachment":[{"href":"https:\/\/www.hyflexpack.com\/es\/wp-json\/wp\/v2\/media?parent=6229"}],"wp:term":[{"taxonomy":"product_brand","embeddable":true,"href":"https:\/\/www.hyflexpack.com\/es\/wp-json\/wp\/v2\/product_brand?post=6229"},{"taxonomy":"product_cat","embeddable":true,"href":"https:\/\/www.hyflexpack.com\/es\/wp-json\/wp\/v2\/product_cat?post=6229"},{"taxonomy":"product_tag","embeddable":true,"href":"https:\/\/www.hyflexpack.com\/es\/wp-json\/wp\/v2\/product_tag?post=6229"}],"curies":[{"name":"wp","href":"https:\/\/api.w.org\/{rel}","templated":true}]}}