{"id":6221,"date":"2025-02-28T09:32:11","date_gmt":"2025-02-28T09:32:11","guid":{"rendered":"https:\/\/www.hyflexpack.com\/?post_type=product&#038;p=6221"},"modified":"2025-10-23T08:17:38","modified_gmt":"2025-10-23T08:17:38","slug":"bespoke-dog-food-packaging-bag","status":"publish","type":"product","link":"https:\/\/www.hyflexpack.com\/es\/product\/bespoke-dog-food-packaging-bag\/","title":{"rendered":"Bolsas a medida para comida de perros ,Bolsas de pl\u00e1stico reciclables"},"content":{"rendered":"<div class=\"wp-block-columns is-layout-flex wp-container-core-columns-is-layout-9d6595d7 wp-block-columns-is-layout-flex\">\n<div class=\"wp-block-column is-layout-flow wp-block-column-is-layout-flow\">\n<h3 class=\"wp-block-heading\">Caracter\u00edsticas de la bolsa de envasado de comida para perros Bespoke<\/h3>\n\n\n\n<ul class=\"wp-block-list\">\n<li><strong>Material reciclable<\/strong>: El uso de material reciclable de alta calidad cumple las normas medioambientales, lo que hace que la bolsa de envasado de comida para perros personalizada capte a los consumidores m\u00e1s concienciados con el medio ambiente.<\/li>\n<\/ul>\n\n\n\n<p><\/p>\n\n\n\n<ul class=\"wp-block-list\">\n<li><strong>Durabilidad y protecci\u00f3n<\/strong>: El uso de material compuesto multicapa tiene una excelente resistencia al desgarro, a la humedad y a la oxidaci\u00f3n, protegiendo eficazmente la frescura y la calidad de la comida para perros durante el transporte y el almacenamiento.<\/li>\n<\/ul>\n\n\n\n<p><\/p>\n\n\n\n<ul class=\"wp-block-list\">\n<li><strong>Cumplen las normas de seguridad alimentaria<\/strong>: Los materiales aplicados se someten a pruebas rigurosas y superan las normas de seguridad para el contacto con alimentos, de modo que el envase personalizado de comida para perros no es t\u00f3xico.<\/li>\n<\/ul>\n\n\n\n<p><\/p>\n\n\n\n<ul class=\"wp-block-list\">\n<li><strong>F\u00e1cil de abrir y cerrar<\/strong>: Equipado con un cierre de cremallera de alta calidad, los usuarios pueden volver a cerrarlo con facilidad despu\u00e9s de abrirlo, lo que favorece la facilidad de uso y la experiencia del consumidor.<\/li>\n<\/ul>\n\n\n\n<p><\/p>\n\n\n\n<ul class=\"wp-block-list\">\n<li><strong>Dise\u00f1o de pie<\/strong>: El dise\u00f1o de la bolsa de pie permite mejorar los efectos de exposici\u00f3n y ahorrar espacio en las estanter\u00edas.<\/li>\n<\/ul>\n<\/div>\n\n\n\n<div class=\"wp-block-column is-layout-flow wp-block-column-is-layout-flow\">\n<figure class=\"wp-block-image size-full\"><img fetchpriority=\"high\" decoding=\"async\" width=\"750\" height=\"750\" src=\"https:\/\/www.hyflexpack.com\/wp-content\/uploads\/2025\/02\/Bespoke-Dog-Food-Packaging-Bag-1.webp\" alt=\"Bolsa de envasado de comida para perros a medida\" class=\"wp-image-6191\" srcset=\"https:\/\/www.hyflexpack.com\/wp-content\/uploads\/2025\/02\/Bespoke-Dog-Food-Packaging-Bag-1.webp 750w, https:\/\/www.hyflexpack.com\/wp-content\/uploads\/2025\/02\/Bespoke-Dog-Food-Packaging-Bag-1-300x300.webp 300w, https:\/\/www.hyflexpack.com\/wp-content\/uploads\/2025\/02\/Bespoke-Dog-Food-Packaging-Bag-1-150x150.webp 150w, https:\/\/www.hyflexpack.com\/wp-content\/uploads\/2025\/02\/Bespoke-Dog-Food-Packaging-Bag-1-12x12.webp 12w, https:\/\/www.hyflexpack.com\/wp-content\/uploads\/2025\/02\/Bespoke-Dog-Food-Packaging-Bag-1-285x285.webp 285w, https:\/\/www.hyflexpack.com\/wp-content\/uploads\/2025\/02\/Bespoke-Dog-Food-Packaging-Bag-1-270x270.webp 270w, https:\/\/www.hyflexpack.com\/wp-content\/uploads\/2025\/02\/Bespoke-Dog-Food-Packaging-Bag-1-540x540.webp 540w, https:\/\/www.hyflexpack.com\/wp-content\/uploads\/2025\/02\/Bespoke-Dog-Food-Packaging-Bag-1-660x660.webp 660w\" sizes=\"(max-width: 750px) 100vw, 750px\" \/><\/figure>\n<\/div>\n<\/div>\n\n\n\n<p><\/p>","protected":false},"excerpt":{"rendered":"<p>Conozca nuestras bolsas personalizadas para envasado de alimentos para mascotas fabricadas con papel de aluminio y papel kraft. Se trata de una bolsa personalizada para envasar comida para mascotas fabricada con materiales reciclables y con un dise\u00f1o de pie para facilitar su transporte. P\u00f3ngase en contacto ahora con nuestro equipo de profesionales para obtener un presupuesto detallado, \u00a1le atenderemos de todo coraz\u00f3n!<\/p>\n<h3>Ventajas del fabricante de bolsas a medida de alta calidad para alimentos para perros<\/h3>\n<ul>\n<li><strong>Servicio personalizado<\/strong>: Huiyang Packaging se especializa en proporcionar a los clientes servicios de envasado personalizados profesionalizados desde el dise\u00f1o del producto hasta la producci\u00f3n.<\/li>\n<li><strong>Concepto de protecci\u00f3n medioambiental<\/strong>: Huiyang se complace en ofrecer a sus clientes materiales de envasado ecol\u00f3gicos y en utilizar materiales reciclables para satisfacer la necesidad mundial de envases ecol\u00f3gicos.<\/li>\n<li><strong>Excelente control de calidad<\/strong>: Huiyang utiliza m\u00e1quinas avanzadas que intervienen en el proceso de fabricaci\u00f3n junto con estrictos sistemas de control de calidad para garantizar unos est\u00e1ndares de alta calidad en cada lote de material de envasado.<\/li>\n<li><strong>Innovaci\u00f3n y adaptaci\u00f3n del mercado<\/strong>: Como l\u00edder del mercado, Huiyang no cesa de innovar y producir envases acordes con las tendencias del mercado y los gustos de los consumidores.<\/li>\n<\/ul>\n<p>Huiyang Packaging se compromete a proporcionar a los clientes bolsas de envasado de alimentos para perros de alta calidad hechas a medida para ayudarles a mejorar la imagen de sus productos y aumentar su competitividad en el mercado.<\/p>","protected":false},"featured_media":6191,"comment_status":"open","ping_status":"closed","template":"","meta":[],"product_brand":[],"product_cat":[56],"product_tag":[],"class_list":{"0":"post-6221","1":"product","2":"type-product","3":"status-publish","4":"has-post-thumbnail","6":"product_cat-custom-pet-food-packaging","8":"first","9":"instock","10":"shipping-taxable","11":"product-type-simple"},"_links":{"self":[{"href":"https:\/\/www.hyflexpack.com\/es\/wp-json\/wp\/v2\/product\/6221","targetHints":{"allow":["GET"]}}],"collection":[{"href":"https:\/\/www.hyflexpack.com\/es\/wp-json\/wp\/v2\/product"}],"about":[{"href":"https:\/\/www.hyflexpack.com\/es\/wp-json\/wp\/v2\/types\/product"}],"replies":[{"embeddable":true,"href":"https:\/\/www.hyflexpack.com\/es\/wp-json\/wp\/v2\/comments?post=6221"}],"wp:featuredmedia":[{"embeddable":true,"href":"https:\/\/www.hyflexpack.com\/es\/wp-json\/wp\/v2\/media\/6191"}],"wp:attachment":[{"href":"https:\/\/www.hyflexpack.com\/es\/wp-json\/wp\/v2\/media?parent=6221"}],"wp:term":[{"taxonomy":"product_brand","embeddable":true,"href":"https:\/\/www.hyflexpack.com\/es\/wp-json\/wp\/v2\/product_brand?post=6221"},{"taxonomy":"product_cat","embeddable":true,"href":"https:\/\/www.hyflexpack.com\/es\/wp-json\/wp\/v2\/product_cat?post=6221"},{"taxonomy":"product_tag","embeddable":true,"href":"https:\/\/www.hyflexpack.com\/es\/wp-json\/wp\/v2\/product_tag?post=6221"}],"curies":[{"name":"wp","href":"https:\/\/api.w.org\/{rel}","templated":true}]}}