{"id":6080,"date":"2025-06-05T19:55:35","date_gmt":"2025-06-05T19:55:35","guid":{"rendered":"https:\/\/www.hyflexpack.com\/?post_type=product&#038;p=6080"},"modified":"2025-06-05T19:55:37","modified_gmt":"2025-06-05T19:55:37","slug":"oempopsicle-packaging-film","status":"publish","type":"product","link":"https:\/\/www.hyflexpack.com\/es\/product\/oempopsicle-packaging-film\/","title":{"rendered":"OEM Laminated Ice Cream Popsicle Packaging Film Plastic Aluminum Foil Roll"},"content":{"rendered":"<div class=\"wp-block-columns is-layout-flex wp-container-core-columns-is-layout-9d6595d7 wp-block-columns-is-layout-flex\">\n<div class=\"wp-block-column is-layout-flow wp-block-column-is-layout-flow\">\n<h2 class=\"wp-block-heading\">Caracter\u00edsticas de la pel\u00edcula laminada OEM&amp;ODM para empaque de paletas de helado<\/h2>\n\n\n\n<ul class=\"wp-block-list\">\n<li>Materiales de alta calidad: Nuestra pel\u00edcula para envasado de alimentos para mascotas con impresi\u00f3n personalizada utiliza materiales de pel\u00edcula para envasado de alta calidad para garantizar la seguridad de grado alimenticio, no t\u00f3xico e inodoro. Es fuerte y duradero, adecuado para una variedad de necesidades de envasado de alimentos.<\/li>\n\n\n\n<li>Envasado eficaz: Adecuado para equipos de envasado autom\u00e1tico para mejorar la eficiencia de la producci\u00f3n. El dise\u00f1o liso del rollo de pel\u00edcula garantiza que no se produzcan atascos de papel durante el envasado a alta velocidad.<\/li>\n\n\n\n<li>Rendimiento de protecci\u00f3n superior: Efectivamente a prueba de humedad y a prueba de polvo, buena resistencia al desgarro, y proteger la integridad del producto durante el transporte y almacenamiento.<\/li>\n\n\n\n<li>Opciones respetuosas con el medio ambiente: Apoyan el uso de materiales biodegradables y reciclables para cumplir los requisitos de protecci\u00f3n del medio ambiente. Tambi\u00e9n se ofrecen opciones de grosor de pel\u00edcula para reducir el desperdicio de material y disminuir la huella de carbono.<\/li>\n\n\n\n<li>Uso c\u00f3modo: El rollo de pel\u00edcula de embalaje compuesto es f\u00e1cil de almacenar y manejar, ahorrando espacio en el almac\u00e9n.<\/li>\n<\/ul>\n<\/div>\n\n\n\n<div class=\"wp-block-column is-layout-flow wp-block-column-is-layout-flow\">\n<figure class=\"wp-block-image size-full\"><img fetchpriority=\"high\" decoding=\"async\" width=\"750\" height=\"750\" src=\"https:\/\/www.hyflexpack.com\/wp-content\/uploads\/2025\/01\/OEMODM-Laminated-Ice-Cream-Popsicle-Packaging-Film1.webp\" alt=\"OEM&amp;ODM Film laminado para envasado de helados y polos\" class=\"wp-image-6075\" srcset=\"https:\/\/www.hyflexpack.com\/wp-content\/uploads\/2025\/01\/OEMODM-Laminated-Ice-Cream-Popsicle-Packaging-Film1.webp 750w, https:\/\/www.hyflexpack.com\/wp-content\/uploads\/2025\/01\/OEMODM-Laminated-Ice-Cream-Popsicle-Packaging-Film1-300x300.webp 300w, https:\/\/www.hyflexpack.com\/wp-content\/uploads\/2025\/01\/OEMODM-Laminated-Ice-Cream-Popsicle-Packaging-Film1-150x150.webp 150w, https:\/\/www.hyflexpack.com\/wp-content\/uploads\/2025\/01\/OEMODM-Laminated-Ice-Cream-Popsicle-Packaging-Film1-12x12.webp 12w, https:\/\/www.hyflexpack.com\/wp-content\/uploads\/2025\/01\/OEMODM-Laminated-Ice-Cream-Popsicle-Packaging-Film1-285x285.webp 285w, https:\/\/www.hyflexpack.com\/wp-content\/uploads\/2025\/01\/OEMODM-Laminated-Ice-Cream-Popsicle-Packaging-Film1-270x270.webp 270w, https:\/\/www.hyflexpack.com\/wp-content\/uploads\/2025\/01\/OEMODM-Laminated-Ice-Cream-Popsicle-Packaging-Film1-540x540.webp 540w, https:\/\/www.hyflexpack.com\/wp-content\/uploads\/2025\/01\/OEMODM-Laminated-Ice-Cream-Popsicle-Packaging-Film1-660x660.webp 660w\" sizes=\"(max-width: 750px) 100vw, 750px\" \/><\/figure>\n<\/div>\n<\/div>","protected":false},"excerpt":{"rendered":"<p>Nuestra pel\u00edcula laminada OEM&amp;ODM para envasado de helados combina rollos de pl\u00e1stico y papel de aluminio, no s\u00f3lo proporcionando excelentes propiedades de barrera para garantizar la frescura del producto y prolongar su vida \u00fatil, sino tambi\u00e9n satisfaciendo las necesidades de marketing exclusivas de la marca mediante servicios personalizados. \u00a1P\u00f3ngase en contacto con nosotros hoy mismo y perm\u00edtanos personalizar sus exclusivos envases para alimentos! \u25cfDise\u00f1o personalizado: Proporcionamos servicios personalizados, incluyendo el material, el tama\u00f1o y la personalizaci\u00f3n del patr\u00f3n de impresi\u00f3n para satisfacer las necesidades del cliente, y apoyamos OEM y ODM. \u25cfFabricaci\u00f3n: Adopte l\u00edneas de producci\u00f3n compuestas avanzadas internacionalmente y sistemas de control autom\u00e1tico para garantizar procesos de producci\u00f3n eficientes y estables y entregas a tiempo. Inspecci\u00f3n de calidad: Producir estrictamente de acuerdo con las normas de calidad y los requisitos de seguridad alimentaria para garantizar que los productos cumplan con las normas. Servicio al cliente: Proporcione una respuesta r\u00e1pida y un soporte de servicio al cliente considerado las 24 horas del d\u00eda. Muestras gratuitas: Hacer muestras de lotes peque\u00f1os para que los clientes prueben y eval\u00faen Huiyang Packaging se compromete a proporcionar a los clientes OEM y ODM de alta calidad Laminated Ice Cream Popsicle Packaging Film para ayudar a los clientes a mejorar su imagen de producto y mejorar su competitividad en el mercado.<\/p>","protected":false},"featured_media":6075,"comment_status":"open","ping_status":"closed","template":"","meta":[],"product_brand":[],"product_cat":[53,86],"product_tag":[],"class_list":{"0":"post-6080","1":"product","2":"type-product","3":"status-publish","4":"has-post-thumbnail","6":"product_cat-packaging-film-supplier","7":"product_cat-cold-seal-film","9":"first","10":"instock","11":"shipping-taxable","12":"product-type-simple"},"_links":{"self":[{"href":"https:\/\/www.hyflexpack.com\/es\/wp-json\/wp\/v2\/product\/6080","targetHints":{"allow":["GET"]}}],"collection":[{"href":"https:\/\/www.hyflexpack.com\/es\/wp-json\/wp\/v2\/product"}],"about":[{"href":"https:\/\/www.hyflexpack.com\/es\/wp-json\/wp\/v2\/types\/product"}],"replies":[{"embeddable":true,"href":"https:\/\/www.hyflexpack.com\/es\/wp-json\/wp\/v2\/comments?post=6080"}],"wp:featuredmedia":[{"embeddable":true,"href":"https:\/\/www.hyflexpack.com\/es\/wp-json\/wp\/v2\/media\/6075"}],"wp:attachment":[{"href":"https:\/\/www.hyflexpack.com\/es\/wp-json\/wp\/v2\/media?parent=6080"}],"wp:term":[{"taxonomy":"product_brand","embeddable":true,"href":"https:\/\/www.hyflexpack.com\/es\/wp-json\/wp\/v2\/product_brand?post=6080"},{"taxonomy":"product_cat","embeddable":true,"href":"https:\/\/www.hyflexpack.com\/es\/wp-json\/wp\/v2\/product_cat?post=6080"},{"taxonomy":"product_tag","embeddable":true,"href":"https:\/\/www.hyflexpack.com\/es\/wp-json\/wp\/v2\/product_tag?post=6080"}],"curies":[{"name":"wp","href":"https:\/\/api.w.org\/{rel}","templated":true}]}}