{"id":6035,"date":"2025-02-19T07:19:49","date_gmt":"2025-02-19T07:19:49","guid":{"rendered":"https:\/\/www.hyflexpack.com\/?post_type=product&#038;p=6035"},"modified":"2025-10-23T08:17:50","modified_gmt":"2025-10-23T08:17:50","slug":"custom-potato-chips-bags-supplier","status":"publish","type":"product","link":"https:\/\/www.hyflexpack.com\/es\/product\/custom-potato-chips-bags-supplier\/","title":{"rendered":"Bolsas de patatas fritas personalizadas OEM\/ODM para aperitivos crujientes, papel de aluminio de pl\u00e1stico Suppllier"},"content":{"rendered":"<div class=\"wp-block-columns is-layout-flex wp-container-core-columns-is-layout-9d6595d7 wp-block-columns-is-layout-flex\">\n<div class=\"wp-block-column is-layout-flow wp-block-column-is-layout-flow\">\n<h2 class=\"wp-block-heading\">Caracter\u00edsticas de las bolsas personalizadas para patatas fritas <\/h2>\n\n\n\n<ul class=\"wp-block-list\">\n<li>Selecci\u00f3n del material: Nuestra bolsa de empaque para papas fritas a la medida utiliza un material compuesto de m\u00faltiples capas de pl\u00e1stico y papel aluminio, que proporciona excelentes propiedades de barrera y previene efectivamente la influencia del aire, la humedad y la luz.<\/li>\n\n\n\n<li>Preservaci\u00f3n de la frescura: Especialmente dise\u00f1adas para garantizar que las patatas fritas mantengan su sabor crujiente durante el almacenamiento y prolongar la vida \u00fatil del producto. La capa de papel de aluminio puede impedir eficazmente que se filtre la grasa, evitar la contaminaci\u00f3n grasienta del envase y mantenerlo limpio y ordenado.<\/li>\n\n\n\n<li>Promoci\u00f3n de la marca: El dise\u00f1o personalizado permite a las marcas mostrar su imagen y sus valores a trav\u00e9s de elementos visuales \u00fanicos, de modo que destaquen en el lineal y atraigan la atenci\u00f3n de los consumidores objetivo.<\/li>\n<\/ul>\n<\/div>\n\n\n\n<div class=\"wp-block-column is-layout-flow wp-block-column-is-layout-flow\">\n<figure class=\"wp-block-image size-full\"><img fetchpriority=\"high\" decoding=\"async\" width=\"750\" height=\"750\" src=\"https:\/\/www.hyflexpack.com\/wp-content\/uploads\/2025\/01\/Custom-Crispy-Fries-Snacks-Potato-Chips-Packaging\uff081\uff09-1.webp\" alt=\"Envasado personalizado de patatas fritas crujientes Snacks Patatas fritas\" class=\"wp-image-6021\" srcset=\"https:\/\/www.hyflexpack.com\/wp-content\/uploads\/2025\/01\/Custom-Crispy-Fries-Snacks-Potato-Chips-Packaging\uff081\uff09-1.webp 750w, https:\/\/www.hyflexpack.com\/wp-content\/uploads\/2025\/01\/Custom-Crispy-Fries-Snacks-Potato-Chips-Packaging\uff081\uff09-1-300x300.webp 300w, https:\/\/www.hyflexpack.com\/wp-content\/uploads\/2025\/01\/Custom-Crispy-Fries-Snacks-Potato-Chips-Packaging\uff081\uff09-1-150x150.webp 150w, https:\/\/www.hyflexpack.com\/wp-content\/uploads\/2025\/01\/Custom-Crispy-Fries-Snacks-Potato-Chips-Packaging\uff081\uff09-1-12x12.webp 12w, https:\/\/www.hyflexpack.com\/wp-content\/uploads\/2025\/01\/Custom-Crispy-Fries-Snacks-Potato-Chips-Packaging\uff081\uff09-1-285x285.webp 285w, https:\/\/www.hyflexpack.com\/wp-content\/uploads\/2025\/01\/Custom-Crispy-Fries-Snacks-Potato-Chips-Packaging\uff081\uff09-1-270x270.webp 270w, https:\/\/www.hyflexpack.com\/wp-content\/uploads\/2025\/01\/Custom-Crispy-Fries-Snacks-Potato-Chips-Packaging\uff081\uff09-1-540x540.webp 540w, https:\/\/www.hyflexpack.com\/wp-content\/uploads\/2025\/01\/Custom-Crispy-Fries-Snacks-Potato-Chips-Packaging\uff081\uff09-1-660x660.webp 660w\" sizes=\"(max-width: 750px) 100vw, 750px\" \/><\/figure>\n<\/div>\n<\/div>\n\n\n\n<p><\/p>","protected":false},"excerpt":{"rendered":"<p>El envase adopta un dise\u00f1o de sellado intermedio, que combina las ventajas de los materiales de pl\u00e1stico y papel de aluminio. Es un envase protector ideal para alimentos secos. Tiene una excelente capacidad de conservaci\u00f3n de la frescura y bloquea eficazmente el aire, la humedad y la luz mediante una estructura compuesta de varias capas, garantizando que el sabor crujiente de las patatas fritas permanezca inalterado durante mucho tiempo. La capa de papel de aluminio proporciona excelentes propiedades de barrera para evitar fugas de grasa, al tiempo que mejora la resistencia general del envase y reduce el riesgo de da\u00f1os durante el transporte. Esta bolsa de envasado tambi\u00e9n es f\u00e1cil de cerrar, por lo que los consumidores pueden abrirla y cerrarla varias veces y conservar f\u00e1cilmente los aperitivos no consumidos. Adem\u00e1s, admite impresi\u00f3n personalizada, que puede mostrar perfectamente la imagen de marca y la informaci\u00f3n del producto y atraer la atenci\u00f3n de los clientes. En cuanto a la protecci\u00f3n del medio ambiente, puede elegir materiales reciclables o biodegradables para reflejar la responsabilidad social de la marca. P\u00f3ngase en contacto con nosotros hoy mismo para solicitar un presupuesto. Nos comprometemos a ofrecer soluciones integrales de envasado respetuosas con el medio ambiente y de alta calidad. Ventajas de la bolsa de empaque de papas fritas para aperitivos de alta calidad \u25cfDise\u00f1o personalizado: Proporcionamos servicios personalizados de bolsas de empaque, incluyendo material, tama\u00f1o y personalizaci\u00f3n del patr\u00f3n de impresi\u00f3n para satisfacer las necesidades del cliente, y apoyamos OEM y ODM. \u25cfFabricaci\u00f3n: Con equipos y tecnolog\u00eda avanzados, podemos completar la producci\u00f3n de pedidos de manera eficiente y con alta calidad, y entregar a tiempo. Inspecci\u00f3n de calidad: La producci\u00f3n se lleva a cabo en estricta conformidad con las normas de calidad y los requisitos de seguridad alimentaria para garantizar que los productos cumplan con las normas. \u25cfServicio al cliente: Proporcione una respuesta r\u00e1pida y un soporte de servicio al cliente considerado las 24 horas del d\u00eda. \u25cfMuestra gratuita: Proporcionar servicio de muestra gratuita para que pueda evaluar el producto. Huiyang Packaging se compromete a proporcionar a los clientes de alta calidad Personalizado Crispy Fries Snacks Patata Chips Bolsa de Embalaje para ayudar a los clientes a mejorar su imagen de producto y mejorar su competitividad en el mercado.<\/p>","protected":false},"featured_media":6021,"comment_status":"open","ping_status":"closed","template":"","meta":[],"product_brand":[],"product_cat":[57],"product_tag":[],"class_list":{"0":"post-6035","1":"product","2":"type-product","3":"status-publish","4":"has-post-thumbnail","6":"product_cat-snack-packaging-bags-wholesale","8":"first","9":"instock","10":"shipping-taxable","11":"product-type-simple"},"_links":{"self":[{"href":"https:\/\/www.hyflexpack.com\/es\/wp-json\/wp\/v2\/product\/6035","targetHints":{"allow":["GET"]}}],"collection":[{"href":"https:\/\/www.hyflexpack.com\/es\/wp-json\/wp\/v2\/product"}],"about":[{"href":"https:\/\/www.hyflexpack.com\/es\/wp-json\/wp\/v2\/types\/product"}],"replies":[{"embeddable":true,"href":"https:\/\/www.hyflexpack.com\/es\/wp-json\/wp\/v2\/comments?post=6035"}],"wp:featuredmedia":[{"embeddable":true,"href":"https:\/\/www.hyflexpack.com\/es\/wp-json\/wp\/v2\/media\/6021"}],"wp:attachment":[{"href":"https:\/\/www.hyflexpack.com\/es\/wp-json\/wp\/v2\/media?parent=6035"}],"wp:term":[{"taxonomy":"product_brand","embeddable":true,"href":"https:\/\/www.hyflexpack.com\/es\/wp-json\/wp\/v2\/product_brand?post=6035"},{"taxonomy":"product_cat","embeddable":true,"href":"https:\/\/www.hyflexpack.com\/es\/wp-json\/wp\/v2\/product_cat?post=6035"},{"taxonomy":"product_tag","embeddable":true,"href":"https:\/\/www.hyflexpack.com\/es\/wp-json\/wp\/v2\/product_tag?post=6035"}],"curies":[{"name":"wp","href":"https:\/\/api.w.org\/{rel}","templated":true}]}}