{"id":6033,"date":"2025-02-28T09:45:14","date_gmt":"2025-02-28T09:45:14","guid":{"rendered":"https:\/\/www.hyflexpack.com\/?post_type=product&#038;p=6033"},"modified":"2025-10-23T08:17:33","modified_gmt":"2025-10-23T08:17:33","slug":"custom-potato-chips-packaging-bag","status":"publish","type":"product","link":"https:\/\/www.hyflexpack.com\/es\/product\/custom-potato-chips-packaging-bag\/","title":{"rendered":"Patatas fritas impresas personalizadas Embalaje Bolsa laminada de pl\u00e1stico Bolsa de sellado posterior mediana Proveedor"},"content":{"rendered":"<div class=\"wp-block-columns is-layout-flex wp-container-core-columns-is-layout-9d6595d7 wp-block-columns-is-layout-flex\">\n<div class=\"wp-block-column is-layout-flow wp-block-column-is-layout-flow\">\n<h3 class=\"wp-block-heading\">Features of Custom Potato Chips Packaging Bag<\/h3>\n\n\n\n<ul class=\"wp-block-list\">\n<li><strong>Dise\u00f1o personalizado<\/strong>: Our custom potato chips packaging manufacturer provides customized printing service, and can pattern, color, and brand logos according to brand needs.<\/li>\n<\/ul>\n\n\n\n<p><\/p>\n\n\n\n<ul class=\"wp-block-list\">\n<li><strong>Impresi\u00f3n de alta calidad<\/strong>: Nuestros envases de patatas fritas impresos a medida utilizan tecnolog\u00eda de impresi\u00f3n de alta calidad para obtener patrones claros y colores brillantes.<\/li>\n<\/ul>\n\n\n\n<p><\/p>\n\n\n\n<ul class=\"wp-block-list\">\n<li><strong>Materiales de alta calidad<\/strong>: Utilizamos material pl\u00e1stico compuesto de m\u00faltiples capas, con un buen rendimiento a prueba de humedad, antioxidaci\u00f3n y conservaci\u00f3n de la frescura.<\/li>\n<\/ul>\n\n\n\n<p><\/p>\n\n\n\n<ul class=\"wp-block-list\">\n<li><strong>Resistencia duradera<\/strong>: El pl\u00e1stico laminado es resistente al desgarro y al desgaste, por lo que protege las patatas fritas de la deformaci\u00f3n o la rotura y permite un transporte seguro.<\/li>\n<\/ul>\n\n\n\n<p><\/p>\n\n\n\n<ul class=\"wp-block-list\">\n<li><strong>F\u00e1cil sellado<\/strong>: El dise\u00f1o de la bolsa con cierre posterior permite sellar f\u00e1cilmente el producto una vez abierto, reduciendo la exposici\u00f3n al aire y manteniendo los alimentos frescos y crujientes.<\/li>\n<\/ul>\n<\/div>\n\n\n\n<div class=\"wp-block-column is-layout-flow wp-block-column-is-layout-flow\">\n<figure class=\"wp-block-image size-full\"><img fetchpriority=\"high\" decoding=\"async\" width=\"750\" height=\"750\" src=\"https:\/\/www.hyflexpack.com\/wp-content\/uploads\/2025\/01\/Custom-Printed-Potato-Chips-Packaging-Bag-1.webp\" alt=\"Bolsa para patatas fritas con impresi\u00f3n personalizada\" class=\"wp-image-6026\" srcset=\"https:\/\/www.hyflexpack.com\/wp-content\/uploads\/2025\/01\/Custom-Printed-Potato-Chips-Packaging-Bag-1.webp 750w, https:\/\/www.hyflexpack.com\/wp-content\/uploads\/2025\/01\/Custom-Printed-Potato-Chips-Packaging-Bag-1-300x300.webp 300w, https:\/\/www.hyflexpack.com\/wp-content\/uploads\/2025\/01\/Custom-Printed-Potato-Chips-Packaging-Bag-1-150x150.webp 150w, https:\/\/www.hyflexpack.com\/wp-content\/uploads\/2025\/01\/Custom-Printed-Potato-Chips-Packaging-Bag-1-12x12.webp 12w, https:\/\/www.hyflexpack.com\/wp-content\/uploads\/2025\/01\/Custom-Printed-Potato-Chips-Packaging-Bag-1-285x285.webp 285w, https:\/\/www.hyflexpack.com\/wp-content\/uploads\/2025\/01\/Custom-Printed-Potato-Chips-Packaging-Bag-1-270x270.webp 270w, https:\/\/www.hyflexpack.com\/wp-content\/uploads\/2025\/01\/Custom-Printed-Potato-Chips-Packaging-Bag-1-540x540.webp 540w, https:\/\/www.hyflexpack.com\/wp-content\/uploads\/2025\/01\/Custom-Printed-Potato-Chips-Packaging-Bag-1-660x660.webp 660w\" sizes=\"(max-width: 750px) 100vw, 750px\" \/><\/figure>\n<\/div>\n<\/div>","protected":false},"excerpt":{"rendered":"<p>With eco-friendly materials, vibrant and striking designs, and attention to environmental conservation, Huiyang delivers your custom potato chips packaging with not only safety for your product but also a higher level of brand exposure within a competitive industry. Feel free to contact us for pricing.<\/p>\n<h3>Ventajas del fabricante de envases de patatas fritas<\/h3>\n<ul>\n<li><strong>Materiales ecol\u00f3gicos<\/strong>: Hace hincapi\u00e9 en el uso de materiales sostenibles y ecol\u00f3gicos para ayudar a las marcas a reducir su huella de carbono.<\/li>\n<li><strong>Customizable Service<\/strong>: Provide customized laminating pouch sizes, materials colors, etc.<\/li>\n<li><strong>Seguridad de los productos<\/strong>: Garantiza que los envases sean duraderos, no sufran da\u00f1os y mantengan la frescura de los productos.<\/li>\n<li><strong>Exposici\u00f3n de la marca<\/strong>: Con su revolucionario dise\u00f1o y excelente material, Huiyang Packing aumenta la exposici\u00f3n de la marca en mercados competitivos.<\/li>\n<\/ul>\n<p>Huiyang Packing offers a synthesis of creativity, reliability, and affordability, the most suitable option for businesses searching to provide the product with an enhanced presentation while enjoying uncompromised protection. Contact us for free design and sample services to make your products stand out!<\/p>","protected":false},"featured_media":6026,"comment_status":"open","ping_status":"closed","template":"","meta":[],"product_brand":[],"product_cat":[57],"product_tag":[],"class_list":{"0":"post-6033","1":"product","2":"type-product","3":"status-publish","4":"has-post-thumbnail","6":"product_cat-snack-packaging-bags-wholesale","8":"first","9":"instock","10":"shipping-taxable","11":"product-type-simple"},"_links":{"self":[{"href":"https:\/\/www.hyflexpack.com\/es\/wp-json\/wp\/v2\/product\/6033","targetHints":{"allow":["GET"]}}],"collection":[{"href":"https:\/\/www.hyflexpack.com\/es\/wp-json\/wp\/v2\/product"}],"about":[{"href":"https:\/\/www.hyflexpack.com\/es\/wp-json\/wp\/v2\/types\/product"}],"replies":[{"embeddable":true,"href":"https:\/\/www.hyflexpack.com\/es\/wp-json\/wp\/v2\/comments?post=6033"}],"wp:featuredmedia":[{"embeddable":true,"href":"https:\/\/www.hyflexpack.com\/es\/wp-json\/wp\/v2\/media\/6026"}],"wp:attachment":[{"href":"https:\/\/www.hyflexpack.com\/es\/wp-json\/wp\/v2\/media?parent=6033"}],"wp:term":[{"taxonomy":"product_brand","embeddable":true,"href":"https:\/\/www.hyflexpack.com\/es\/wp-json\/wp\/v2\/product_brand?post=6033"},{"taxonomy":"product_cat","embeddable":true,"href":"https:\/\/www.hyflexpack.com\/es\/wp-json\/wp\/v2\/product_cat?post=6033"},{"taxonomy":"product_tag","embeddable":true,"href":"https:\/\/www.hyflexpack.com\/es\/wp-json\/wp\/v2\/product_tag?post=6033"}],"curies":[{"name":"wp","href":"https:\/\/api.w.org\/{rel}","templated":true}]}}