{"id":5934,"date":"2025-06-05T20:22:45","date_gmt":"2025-06-05T20:22:45","guid":{"rendered":"https:\/\/www.hyflexpack.com\/?post_type=product&#038;p=5934"},"modified":"2026-01-07T08:22:11","modified_gmt":"2026-01-07T08:22:11","slug":"bulk-popcorn-packaging-bag","status":"publish","type":"product","link":"https:\/\/www.hyflexpack.com\/es\/product\/bulk-popcorn-packaging-bag\/","title":{"rendered":"Embalaje a granel para palomitas de ma\u00edz Bolsa Standup Envases flexibles ecol\u00f3gicos"},"content":{"rendered":"<div class=\"wp-block-columns is-layout-flex wp-container-core-columns-is-layout-9d6595d7 wp-block-columns-is-layout-flex\">\n<div class=\"wp-block-column is-layout-flow wp-block-column-is-layout-flow\">\n<h2 class=\"wp-block-heading\">Features Of Bulk Popcorn Packaging Bag<\/h2>\n\n\n\n<ul class=\"wp-block-list\">\n<li>Bulk Popcorn Packaging Bag supports full-color printing, which can display brand logos, product information and attractive patterns, enhance brand image and market competitiveness. 2. The flat bottom design allows the bag to be placed upright on the shelf, increasing the display area and visual appeal. 3. The thinner but sturdy packaging reduces material usage, lowers transportation costs and carbon footprint.1\u3001Bulk Popcorn Packaging Bag<\/li>\n<\/ul>\n<\/div>\n\n\n\n<div class=\"wp-block-column is-layout-flow wp-block-column-is-layout-flow\">\n<figure class=\"wp-block-image size-full\"><img fetchpriority=\"high\" decoding=\"async\" width=\"750\" height=\"750\" src=\"https:\/\/www.hyflexpack.com\/wp-content\/uploads\/2024\/12\/Bulk-Popcorn-Packaging-Bag-1.webp\" alt=\"Bolsa para envasar palomitas a granel\" class=\"wp-image-5913\" srcset=\"https:\/\/www.hyflexpack.com\/wp-content\/uploads\/2024\/12\/Bulk-Popcorn-Packaging-Bag-1.webp 750w, https:\/\/www.hyflexpack.com\/wp-content\/uploads\/2024\/12\/Bulk-Popcorn-Packaging-Bag-1-300x300.webp 300w, https:\/\/www.hyflexpack.com\/wp-content\/uploads\/2024\/12\/Bulk-Popcorn-Packaging-Bag-1-150x150.webp 150w, https:\/\/www.hyflexpack.com\/wp-content\/uploads\/2024\/12\/Bulk-Popcorn-Packaging-Bag-1-12x12.webp 12w, https:\/\/www.hyflexpack.com\/wp-content\/uploads\/2024\/12\/Bulk-Popcorn-Packaging-Bag-1-285x285.webp 285w, https:\/\/www.hyflexpack.com\/wp-content\/uploads\/2024\/12\/Bulk-Popcorn-Packaging-Bag-1-270x270.webp 270w, https:\/\/www.hyflexpack.com\/wp-content\/uploads\/2024\/12\/Bulk-Popcorn-Packaging-Bag-1-540x540.webp 540w, https:\/\/www.hyflexpack.com\/wp-content\/uploads\/2024\/12\/Bulk-Popcorn-Packaging-Bag-1-660x660.webp 660w\" sizes=\"(max-width: 750px) 100vw, 750px\" \/><\/figure>\n<\/div>\n<\/div>","protected":false},"excerpt":{"rendered":"<p>Learn about our custom popcorn packaging bag, which is made of highly transparent film, which can clearly show the internal products and increase the desire to buy. Contact us today for a quote. We are committed to providing one-stop environmentally friendly and high-quality packaging solutions.<\/p>\n<h3>Advantages of Popcorn Packaging Bag Supplier<\/h3>\n<p>\u25cfCustomized design: We provide customized packaging bag services, including material, size, and printing pattern customization to meet customer needs, and\u00a0<a href=\"https:\/\/www.hyflexpack.com\/es\/envases-flexibles-personalizados\/\"><strong>admite OEM y ODM<\/strong><\/a>.<\/p>\n<p>\u25cfFabricaci\u00f3n: Con equipos y tecnolog\u00eda avanzados, podemos completar la producci\u00f3n de pedidos de manera eficiente y con alta calidad, y entregar a tiempo.<\/p>\n<p>\u25cfInspecci\u00f3n de calidad: La producci\u00f3n se realiza siguiendo estrictamente las normas de calidad y los requisitos de seguridad alimentaria para garantizar que los productos cumplen las normas.<\/p>\n<p>\u25cfServicio de atenci\u00f3n al cliente: Proporcionar una respuesta r\u00e1pida y atento apoyo de servicio al cliente las 24 horas del d\u00eda.<\/p>\n<p>\u25cfFree sample: Provide free sample service for you to evaluate the product\u00a0<\/p>","protected":false},"featured_media":5913,"comment_status":"open","ping_status":"closed","template":"","meta":[],"product_brand":[],"product_cat":[57],"product_tag":[116,124],"class_list":{"0":"post-5934","1":"product","2":"type-product","3":"status-publish","4":"has-post-thumbnail","6":"product_cat-snack-packaging-bags-wholesale","7":"product_tag-stand-up-pouch-manufacturer","8":"product_tag-zipper-pouch-manufacturer","10":"first","11":"instock","12":"shipping-taxable","13":"product-type-simple"},"_links":{"self":[{"href":"https:\/\/www.hyflexpack.com\/es\/wp-json\/wp\/v2\/product\/5934","targetHints":{"allow":["GET"]}}],"collection":[{"href":"https:\/\/www.hyflexpack.com\/es\/wp-json\/wp\/v2\/product"}],"about":[{"href":"https:\/\/www.hyflexpack.com\/es\/wp-json\/wp\/v2\/types\/product"}],"replies":[{"embeddable":true,"href":"https:\/\/www.hyflexpack.com\/es\/wp-json\/wp\/v2\/comments?post=5934"}],"wp:featuredmedia":[{"embeddable":true,"href":"https:\/\/www.hyflexpack.com\/es\/wp-json\/wp\/v2\/media\/5913"}],"wp:attachment":[{"href":"https:\/\/www.hyflexpack.com\/es\/wp-json\/wp\/v2\/media?parent=5934"}],"wp:term":[{"taxonomy":"product_brand","embeddable":true,"href":"https:\/\/www.hyflexpack.com\/es\/wp-json\/wp\/v2\/product_brand?post=5934"},{"taxonomy":"product_cat","embeddable":true,"href":"https:\/\/www.hyflexpack.com\/es\/wp-json\/wp\/v2\/product_cat?post=5934"},{"taxonomy":"product_tag","embeddable":true,"href":"https:\/\/www.hyflexpack.com\/es\/wp-json\/wp\/v2\/product_tag?post=5934"}],"curies":[{"name":"wp","href":"https:\/\/api.w.org\/{rel}","templated":true}]}}