{"id":5933,"date":"2025-05-13T09:39:45","date_gmt":"2025-05-13T09:39:45","guid":{"rendered":"https:\/\/www.hyflexpack.com\/?post_type=product&#038;p=5933"},"modified":"2026-01-07T08:54:13","modified_gmt":"2026-01-07T08:54:13","slug":"dried-fruit-bags-wholesale","status":"publish","type":"product","link":"https:\/\/www.hyflexpack.com\/es\/product\/dried-fruit-bags-wholesale\/","title":{"rendered":"Bolsas de Fruta Seca Impresas al por mayor Envasado de Alimentos Stand Up Pouches"},"content":{"rendered":"<div class=\"wp-block-columns is-layout-flex wp-container-core-columns-is-layout-9d6595d7 wp-block-columns-is-layout-flex\">\n<div class=\"wp-block-column is-layout-flow wp-block-column-is-layout-flow\">\n<h2 class=\"wp-block-heading\">Caracter\u00edsticas de las bolsas personalizadas de frutos secos al por mayor<\/h2>\n\n\n\n<ul class=\"wp-block-list\">\n<li>Las bolsas para frutos secos al por mayor suelen estar hechas de polietileno (PE), polipropileno (PP), papel de aluminio u otros materiales compuestos para garantizar buenas propiedades de barrera y evitar la oxidaci\u00f3n, la humedad y la luz. <\/li>\n\n\n\n<li>2. Utilizar tecnolog\u00eda de sellado de alta calidad, como el sellado t\u00e9rmico o el sellado con cremallera, para garantizar la frescura y seguridad del contenido. 3. Evitar eficazmente la entrada de aire para mantener la textura crujiente y el sabor de los frutos secos. <\/li>\n\n\n\n<li>3. Esta bolsa de pie no s\u00f3lo mejora el efecto de exposici\u00f3n de los productos de frutos secos, sino que tambi\u00e9n proporciona excelentes funciones de protecci\u00f3n, garantiza la calidad del producto y tiene un buen rendimiento en el control de costes, por lo que es muy adecuada para mayoristas y minoristas de frutos secos.<\/li>\n<\/ul>\n<\/div>\n\n\n\n<div class=\"wp-block-column is-layout-flow wp-block-column-is-layout-flow\">\n<figure class=\"wp-block-image size-full\"><img fetchpriority=\"high\" decoding=\"async\" width=\"750\" height=\"750\" src=\"https:\/\/www.hyflexpack.com\/wp-content\/uploads\/2024\/12\/Wholesale-Dried-Fruit-Bags1.webp\" alt=\"Bolsas de frutos secos al por mayor\" class=\"wp-image-5928\" srcset=\"https:\/\/www.hyflexpack.com\/wp-content\/uploads\/2024\/12\/Wholesale-Dried-Fruit-Bags1.webp 750w, https:\/\/www.hyflexpack.com\/wp-content\/uploads\/2024\/12\/Wholesale-Dried-Fruit-Bags1-300x300.webp 300w, https:\/\/www.hyflexpack.com\/wp-content\/uploads\/2024\/12\/Wholesale-Dried-Fruit-Bags1-150x150.webp 150w, https:\/\/www.hyflexpack.com\/wp-content\/uploads\/2024\/12\/Wholesale-Dried-Fruit-Bags1-12x12.webp 12w, https:\/\/www.hyflexpack.com\/wp-content\/uploads\/2024\/12\/Wholesale-Dried-Fruit-Bags1-285x285.webp 285w, https:\/\/www.hyflexpack.com\/wp-content\/uploads\/2024\/12\/Wholesale-Dried-Fruit-Bags1-270x270.webp 270w, https:\/\/www.hyflexpack.com\/wp-content\/uploads\/2024\/12\/Wholesale-Dried-Fruit-Bags1-540x540.webp 540w, https:\/\/www.hyflexpack.com\/wp-content\/uploads\/2024\/12\/Wholesale-Dried-Fruit-Bags1-660x660.webp 660w\" sizes=\"(max-width: 750px) 100vw, 750px\" \/><\/figure>\n<\/div>\n<\/div>\n\n\n\n<p><\/p>","protected":false},"excerpt":{"rendered":"<p>Como mayorista de bolsas impresas personalizadas para frutos secos, ofrecemos bolsas al por mayor de alta calidad para el envasado de alimentos, con sellos resistentes y marcas llamativas. Nuestras bolsas stand-up mantienen los productos frescos y listos para su consumo. Ideales para frutos secos, aperitivos y snacks. Solicite hoy mismo un presupuesto personalizado.<\/p>\n<h3>\u00bfPor qu\u00e9 elegirnos como mayorista de bolsas de frutos secos?<\/h3>\n<p><a href=\"https:\/\/www.hyflexpack.com\/es\/envases-flexibles-personalizados\/\"><strong>Dise\u00f1o a medida<\/strong><\/a>: Adapte el material, el tama\u00f1o y la impresi\u00f3n a sus necesidades.\u00a0<a href=\"https:\/\/www.hyflexpack.com\/es\/envases-flexibles-personalizados\/\"><strong>OEM y ODM disponibles<\/strong><\/a>.<br \/><strong>Producci\u00f3n eficiente<\/strong>: Los equipos avanzados garantizan una entrega r\u00e1pida, de alta calidad y a tiempo.<br \/><strong>Estricto control de calidad<\/strong>: Todas las bolsas cumplen las normas de calidad y seguridad alimentaria.<br \/><strong>Servicio receptivo<\/strong>: atenci\u00f3n al cliente 24 horas al d\u00eda, 7 d\u00edas a la semana, para una experiencia sin complicaciones.<br \/><strong>Muestras gratuitas<\/strong>: Pruebe antes de realizar el pedido: le proporcionamos muestras para que pruebe el producto.<\/p>\n<p><a href=\"https:\/\/www.hyflexpack.com\/es\/\"><strong>En Huiyang Packaging<\/strong><\/a>le ayudamos a mejorar la imagen de su producto y su posici\u00f3n en el mercado con bolsas de frutos secos fiables y personalizadas.<\/p>","protected":false},"featured_media":5928,"comment_status":"open","ping_status":"closed","template":"","meta":[],"product_brand":[],"product_cat":[87],"product_tag":[116,124],"class_list":{"0":"post-5933","1":"product","2":"type-product","3":"status-publish","4":"has-post-thumbnail","6":"product_cat-dried-fruit-packaging-bags-wholesale","7":"product_tag-stand-up-pouch-manufacturer","8":"product_tag-zipper-pouch-manufacturer","10":"first","11":"instock","12":"shipping-taxable","13":"product-type-simple"},"_links":{"self":[{"href":"https:\/\/www.hyflexpack.com\/es\/wp-json\/wp\/v2\/product\/5933","targetHints":{"allow":["GET"]}}],"collection":[{"href":"https:\/\/www.hyflexpack.com\/es\/wp-json\/wp\/v2\/product"}],"about":[{"href":"https:\/\/www.hyflexpack.com\/es\/wp-json\/wp\/v2\/types\/product"}],"replies":[{"embeddable":true,"href":"https:\/\/www.hyflexpack.com\/es\/wp-json\/wp\/v2\/comments?post=5933"}],"wp:featuredmedia":[{"embeddable":true,"href":"https:\/\/www.hyflexpack.com\/es\/wp-json\/wp\/v2\/media\/5928"}],"wp:attachment":[{"href":"https:\/\/www.hyflexpack.com\/es\/wp-json\/wp\/v2\/media?parent=5933"}],"wp:term":[{"taxonomy":"product_brand","embeddable":true,"href":"https:\/\/www.hyflexpack.com\/es\/wp-json\/wp\/v2\/product_brand?post=5933"},{"taxonomy":"product_cat","embeddable":true,"href":"https:\/\/www.hyflexpack.com\/es\/wp-json\/wp\/v2\/product_cat?post=5933"},{"taxonomy":"product_tag","embeddable":true,"href":"https:\/\/www.hyflexpack.com\/es\/wp-json\/wp\/v2\/product_tag?post=5933"}],"curies":[{"name":"wp","href":"https:\/\/api.w.org\/{rel}","templated":true}]}}