{"id":5911,"date":"2024-12-23T17:39:37","date_gmt":"2024-12-23T17:39:37","guid":{"rendered":"https:\/\/www.hyflexpack.com\/?post_type=product&#038;p=5911"},"modified":"2025-11-04T09:08:36","modified_gmt":"2025-11-04T09:08:36","slug":"custom-vacuum-packaging-bags-factory","status":"publish","type":"product","link":"https:\/\/www.hyflexpack.com\/es\/product\/custom-vacuum-packaging-bags-factory\/","title":{"rendered":"F\u00e1brica de bolsas flexibles para envasado al vac\u00edo de pl\u00e1stico a medida"},"content":{"rendered":"<div class=\"wp-block-columns is-layout-flex wp-container-core-columns-is-layout-9d6595d7 wp-block-columns-is-layout-flex\">\n<div class=\"wp-block-column is-layout-flow wp-block-column-is-layout-flow\">\n<h3 class=\"wp-block-heading\">Caracter\u00edsticas de las bolsas de pl\u00e1stico para envasado al vac\u00edo personalizadas<\/h3>\n\n\n\n<ul class=\"wp-block-list\">\n<li><strong>Bolsas de vac\u00edo<\/strong>Envases de alta calidad para todo tipo de productos, que impiden la entrada de aire, humedad y contaminantes. Son perfectos para ayudar a prolongar la frescura y mantener los art\u00edculos en excelentes condiciones.<\/li>\n<\/ul>\n\n\n\n<p><\/p>\n\n\n\n<ul class=\"wp-block-list\">\n<li><strong>Bolsas de envasado al vac\u00edo<\/strong>: Dise\u00f1adas para soportar aplicaciones de vac\u00edo m\u00e1ximo, estas bolsas permitir\u00e1n que los productos perecederos se mantengan frescos durante m\u00e1s tiempo. Tambi\u00e9n reducir\u00e1n los residuos, aumentar\u00e1n la vida \u00fatil y minimizar\u00e1n el espacio de almacenamiento.<\/li>\n<\/ul>\n\n\n\n<p><\/p>\n\n\n\n<ul class=\"wp-block-list\">\n<li><strong>Bolsas de pl\u00e1stico para envasado al vac\u00edo<\/strong>: Las bolsas de vac\u00edo de pl\u00e1stico duradero mantienen los productos seguros y frescos durante mucho tiempo. Este tipo de envase es ideal para diferentes industrias.<\/li>\n<\/ul>\n\n\n\n<p><\/p>\n\n\n\n<ul class=\"wp-block-list\">\n<li><strong>Soluciones de bolsas de vac\u00edo<\/strong>: Nuestras bolsas de envasado al vac\u00edo est\u00e1n disponibles en tama\u00f1os y dise\u00f1os personalizados, seg\u00fan los requisitos espec\u00edficos de envasado, para garantizar la fiabilidad y la eficacia.<\/li>\n<\/ul>\n\n\n\n<p><\/p>\n\n\n\n<ul class=\"wp-block-list\">\n<li><strong>Compatible con bolsas de envasadoras al vac\u00edo<\/strong>: Nuestras bolsas est\u00e1n dise\u00f1adas para funcionar perfectamente con una m\u00e1quina de envasado al vac\u00edo para facilitar y economizar en un proceso de sellado automatizado.<\/li>\n<\/ul>\n\n\n\n<p><\/p>\n\n\n\n<ul class=\"wp-block-list\">\n<li><strong>Funciones personalizables<\/strong>: Ofrecemos bolsas flexibles con opciones de personalizaci\u00f3n total, incluidos el tama\u00f1o, el color y la impresi\u00f3n, para adaptarlas a los requisitos de su marca y producto.<\/li>\n<\/ul>\n\n\n\n<p><\/p>\n\n\n\n<ul class=\"wp-block-list\">\n<li><strong>Duradero y ahorra espacio<\/strong>: Nuestras bolsas de envasado al vac\u00edo son ligeras pero resistentes, por lo que ofrecen una larga durabilidad y ahorran un valioso espacio de almacenamiento.<\/li>\n<\/ul>\n<\/div>\n\n\n\n<div class=\"wp-block-column is-layout-flow wp-block-column-is-layout-flow\">\n<figure class=\"wp-block-image size-full\"><img fetchpriority=\"high\" decoding=\"async\" width=\"750\" height=\"750\" src=\"https:\/\/www.hyflexpack.com\/wp-content\/uploads\/2024\/12\/Custom-Plastic-Vacuum-Packaging-Bag1.webp\" alt=\"Bolsas de pl\u00e1stico para envasado al vac\u00edo personalizadas\" class=\"wp-image-5861\" srcset=\"https:\/\/www.hyflexpack.com\/wp-content\/uploads\/2024\/12\/Custom-Plastic-Vacuum-Packaging-Bag1.webp 750w, https:\/\/www.hyflexpack.com\/wp-content\/uploads\/2024\/12\/Custom-Plastic-Vacuum-Packaging-Bag1-300x300.webp 300w, https:\/\/www.hyflexpack.com\/wp-content\/uploads\/2024\/12\/Custom-Plastic-Vacuum-Packaging-Bag1-150x150.webp 150w, https:\/\/www.hyflexpack.com\/wp-content\/uploads\/2024\/12\/Custom-Plastic-Vacuum-Packaging-Bag1-12x12.webp 12w, https:\/\/www.hyflexpack.com\/wp-content\/uploads\/2024\/12\/Custom-Plastic-Vacuum-Packaging-Bag1-285x285.webp 285w, https:\/\/www.hyflexpack.com\/wp-content\/uploads\/2024\/12\/Custom-Plastic-Vacuum-Packaging-Bag1-270x270.webp 270w, https:\/\/www.hyflexpack.com\/wp-content\/uploads\/2024\/12\/Custom-Plastic-Vacuum-Packaging-Bag1-540x540.webp 540w, https:\/\/www.hyflexpack.com\/wp-content\/uploads\/2024\/12\/Custom-Plastic-Vacuum-Packaging-Bag1-660x660.webp 660w\" sizes=\"(max-width: 750px) 100vw, 750px\" \/><\/figure>\n<\/div>\n<\/div>\n\n\n\n<h2 class=\"wp-block-heading\">Escenarios de uso de las bolsas de vac\u00edo<\/h2>\n\n\n\n<p><\/p>\n\n\n\n<div class=\"wp-block-columns is-layout-flex wp-container-core-columns-is-layout-9d6595d7 wp-block-columns-is-layout-flex\">\n<div class=\"wp-block-column is-layout-flow wp-block-column-is-layout-flow\">\n<p><strong>Industria alimentaria<\/strong> <\/p>\n\n\n\n<p>La variedad de bolsas de envasado al vac\u00edo se utiliza ampliamente en el envasado de diferentes alimentos, como productos congelados y secos, incluidos aperitivos, carne, frutas y verduras. Las bolsas son capaces de sellar el aire y la humedad para que la frescura y el sabor se conserven a lo largo del tiempo.<\/p>\n\n\n\n<p><strong>Envasado de productos electr\u00f3nicos<\/strong><\/p>\n\n\n\n<p>Adecuado para envasar todo tipo de dispositivos electr\u00f3nicos y perif\u00e9ricos, como tel\u00e9fonos m\u00f3viles, accesorios inform\u00e1ticos y piezas electr\u00f3nicas. Para el encapsulado al vac\u00edo contra la humedad y el polvo, este da\u00f1o se debe al entorno ambiental y puede curarse para garantizar la calidad del producto.<\/p>\n\n\n\n<p><strong>Envasado de productos farmac\u00e9uticos y sanitarios<\/strong><\/p>\n\n\n\n<p>Se utiliza para el envasado de medicamentos, vitaminas y art\u00edculos sanitarios con el fin de limitar la posibilidad de entrada de aire, humedad y otros posibles contaminantes para garantizar su estabilidad y validez.<\/p>\n\n\n\n<p><strong>Inicio Productos Envases<\/strong><\/p>\n\n\n\n<p>La ropa empaquetada, la ropa de cama, los juguetes y otros art\u00edculos que no sean alimentos pueden ocupar mucho espacio y estar protegidos contra el polvo y la humedad.<\/p>\n<\/div>\n<\/div>\n\n\n\n<h2 class=\"wp-block-heading\">Consejos para el envasado al vac\u00edo<\/h2>\n\n\n\n<p><\/p>\n\n\n\n<p>Envasado al vac\u00edo: el transporte debe garantizar que las bolsas de envasado al vac\u00edo no se perforen ni se aplasten con objetos punzantes. La recomendaci\u00f3n utiliza materiales de envasado blandos como refuerzo.<\/p>\n\n\n\n<p>Evite las temperaturas y la humedad elevadas. En gran medida, el envasado al vac\u00edo con materiales evita que se da\u00f1en las bolsas o se estropee el producto. Por lo tanto, evite momentos en los que la mercanc\u00eda transportada haya estado expuesta a altas temperaturas y humedad.<\/p>\n\n\n\n<p>Entorno de almacenamiento: Durante el transporte, las bolsas deben estar lo m\u00e1s secas y frescas posible para evitar la exposici\u00f3n a la luz solar y a un clima h\u00famedo.<\/p>\n\n\n\n<p>Transporte: Generalmente, para lotes grandes o productos que se da\u00f1an con facilidad, habr\u00e1 que prever un embalaje especial para la carga y garantizar que no se aplasten durante el transporte.<\/p>","protected":false},"excerpt":{"rendered":"<p>Conozca nuestras bolsas de pl\u00e1stico personalizadas para envasado al vac\u00edo suelen utilizar materiales pl\u00e1sticos de alta calidad, como PET, nailon, PE, o estructuras compuestas multicapa de estos materiales para garantizar que la bolsa tenga una buena resistencia mec\u00e1nica, propiedades de barrera y propiedades de sellado t\u00e9rmico. Al reducir los efectos de la oxidaci\u00f3n y la humedad, se prolonga considerablemente la vida \u00fatil del contenido. El envasado al vac\u00edo puede reducir considerablemente el volumen de envasado y optimizar los costes de almacenamiento y log\u00edstica. P\u00f3ngase en contacto con nosotros hoy mismo para solicitar un presupuesto, nos comprometemos a ofrecerle soluciones de envasado de alta calidad y respetuosas con el medio ambiente.<\/p>\n<h2>Ventajas de <a href=\"https:\/\/en.wikipedia.org\/wiki\/Vacuum_packing\"><strong>Envasado al vac\u00edo<\/strong><\/a> Proveedor<\/h2>\n<ul>\n<li>Dise\u00f1o personalizado: Ofrecemos servicios personalizados de bolsas de envasado al vac\u00edo, incluyendo la personalizaci\u00f3n del material, el tama\u00f1o y el patr\u00f3n de impresi\u00f3n para satisfacer las necesidades del cliente, y <a href=\"https:\/\/www.hyflexpack.com\/es\/envases-flexibles-personalizados\/\"><strong>soporte OEM\/ODM<\/strong><\/a>.<\/li>\n<li>Fabricaci\u00f3n: Con equipos y tecnolog\u00eda avanzados, podemos completar la producci\u00f3n de pedidos de manera eficiente y con alta calidad, y entregar a tiempo.<\/li>\n<li>Inspecci\u00f3n de calidad: La producci\u00f3n se lleva a cabo siguiendo estrictamente las normas de calidad y los requisitos de seguridad alimentaria para garantizar que los productos cumplen las normas.<\/li>\n<li>Atenci\u00f3n al cliente: Ofrezca una respuesta r\u00e1pida y un servicio de atenci\u00f3n al cliente atento las 24 horas del d\u00eda.<\/li>\n<li>Muestra gratuita: Proporcionar un servicio de muestra gratuita para que pueda evaluar el producto.\u00a0<\/li>\n<\/ul>","protected":false},"featured_media":5861,"comment_status":"open","ping_status":"closed","template":"","meta":[],"product_brand":[],"product_cat":[51,108],"product_tag":[],"class_list":{"0":"post-5911","1":"product","2":"type-product","3":"status-publish","4":"has-post-thumbnail","6":"product_cat-custom-food-packaging-bags","7":"product_cat-vacuum-pouches-wholesale","9":"first","10":"instock","11":"shipping-taxable","12":"product-type-simple"},"_links":{"self":[{"href":"https:\/\/www.hyflexpack.com\/es\/wp-json\/wp\/v2\/product\/5911","targetHints":{"allow":["GET"]}}],"collection":[{"href":"https:\/\/www.hyflexpack.com\/es\/wp-json\/wp\/v2\/product"}],"about":[{"href":"https:\/\/www.hyflexpack.com\/es\/wp-json\/wp\/v2\/types\/product"}],"replies":[{"embeddable":true,"href":"https:\/\/www.hyflexpack.com\/es\/wp-json\/wp\/v2\/comments?post=5911"}],"wp:featuredmedia":[{"embeddable":true,"href":"https:\/\/www.hyflexpack.com\/es\/wp-json\/wp\/v2\/media\/5861"}],"wp:attachment":[{"href":"https:\/\/www.hyflexpack.com\/es\/wp-json\/wp\/v2\/media?parent=5911"}],"wp:term":[{"taxonomy":"product_brand","embeddable":true,"href":"https:\/\/www.hyflexpack.com\/es\/wp-json\/wp\/v2\/product_brand?post=5911"},{"taxonomy":"product_cat","embeddable":true,"href":"https:\/\/www.hyflexpack.com\/es\/wp-json\/wp\/v2\/product_cat?post=5911"},{"taxonomy":"product_tag","embeddable":true,"href":"https:\/\/www.hyflexpack.com\/es\/wp-json\/wp\/v2\/product_tag?post=5911"}],"curies":[{"name":"wp","href":"https:\/\/api.w.org\/{rel}","templated":true}]}}