{"id":5886,"date":"2024-12-24T07:02:58","date_gmt":"2024-12-24T07:02:58","guid":{"rendered":"https:\/\/www.hyflexpack.com\/?post_type=product&#038;p=5886"},"modified":"2025-10-23T08:18:07","modified_gmt":"2025-10-23T08:18:07","slug":"custom-chocolate-cereal-packaging","status":"publish","type":"product","link":"https:\/\/www.hyflexpack.com\/es\/product\/custom-chocolate-cereal-packaging\/","title":{"rendered":"OEM Chocolate Cereal Embalaje,Bolsas de Snack Personalizadas con Logo Bolsa de Sello de Tres Lados"},"content":{"rendered":"<div class=\"wp-block-columns is-layout-flex wp-container-core-columns-is-layout-9d6595d7 wp-block-columns-is-layout-flex\">\n<div class=\"wp-block-column is-layout-flow wp-block-column-is-layout-flow\">\n<h2 class=\"wp-block-heading\">Caracter\u00edsticas de los envases de cereales con chocolate<\/h2>\n\n\n\n<p><\/p>\n\n\n\n<ul class=\"wp-block-list\">\n<li><strong>Bolsas personalizadas para envasar cereales con chocolate<\/strong>: puede ayudarle a exhibir su marca y logotipo para crear envases \u00fanicos y atractivos para cereales con chocolate.<\/li>\n<\/ul>\n\n\n\n<p><\/p>\n\n\n\n<ul class=\"wp-block-list\">\n<li><strong>Dise\u00f1o de bolsa con cierre por tres lados<\/strong>: Se trata de una estructura bien armada con un cierre seguro en los tres lados que conserva la frescura, no sangra, y que muy probablemente est\u00e1 destinada al envasado.<\/li>\n<\/ul>\n\n\n\n<p><\/p>\n\n\n\n<ul class=\"wp-block-list\">\n<li><strong>Protecci\u00f3n de barrera muy alta<\/strong>: Materiales de calidad que regalan excelentes barreras contra la humedad, el ox\u00edgeno y la luz y prolongan la frescura imperecedera de los chocolates para cereales.<\/li>\n<\/ul>\n\n\n\n<p><\/p>\n\n\n\n<ul class=\"wp-block-list\">\n<li><strong>Duradero y termosellado: <\/strong>Apto para termoselladoras, lo que garantiza envases a prueba de manipulaciones y fugas.<\/li>\n<\/ul>\n\n\n\n<p><\/p>\n\n\n\n<ul class=\"wp-block-list\">\n<li><strong>Opciones ecol\u00f3gicas<\/strong>: Los tipos son reciclables, as\u00ed como biodegradables para el envasado de cereales de chocolate que ser\u00eda sostenible.<\/li>\n<\/ul>\n\n\n\n<p><\/p>\n\n\n\n<ul class=\"wp-block-list\">\n<li><strong>Flexibilidad Variedad de opciones<\/strong>: Disponen de diferentes dimensiones y formas, as\u00ed como opciones de materiales, para adaptarse a sus requisitos de producto y marca.<\/li>\n<\/ul>\n\n\n\n<p><\/p>\n\n\n\n<ul class=\"wp-block-list\">\n<li><strong>Usado para<\/strong>: Perfectamente encajan tres bolsas de bolsa de sellado lateral de aperitivos con cereales de chocolate, aperitivos y alimentos secos que son \u00fatiles e ideales.<\/li>\n<\/ul>\n<\/div>\n\n\n\n<div class=\"wp-block-column is-layout-flow wp-block-column-is-layout-flow\">\n<figure class=\"wp-block-image size-full\"><img fetchpriority=\"high\" decoding=\"async\" width=\"750\" height=\"750\" src=\"https:\/\/www.hyflexpack.com\/wp-content\/uploads\/2024\/12\/Custom-Individually-Snacks-Packaged1.webp\" alt=\"OEM Chocolate Cereal Embalaje,Bolsas de Snack Personalizadas con Logo Bolsa de Sello de Tres Lados\" class=\"wp-image-5865\" srcset=\"https:\/\/www.hyflexpack.com\/wp-content\/uploads\/2024\/12\/Custom-Individually-Snacks-Packaged1.webp 750w, https:\/\/www.hyflexpack.com\/wp-content\/uploads\/2024\/12\/Custom-Individually-Snacks-Packaged1-300x300.webp 300w, https:\/\/www.hyflexpack.com\/wp-content\/uploads\/2024\/12\/Custom-Individually-Snacks-Packaged1-150x150.webp 150w, https:\/\/www.hyflexpack.com\/wp-content\/uploads\/2024\/12\/Custom-Individually-Snacks-Packaged1-12x12.webp 12w, https:\/\/www.hyflexpack.com\/wp-content\/uploads\/2024\/12\/Custom-Individually-Snacks-Packaged1-285x285.webp 285w, https:\/\/www.hyflexpack.com\/wp-content\/uploads\/2024\/12\/Custom-Individually-Snacks-Packaged1-270x270.webp 270w, https:\/\/www.hyflexpack.com\/wp-content\/uploads\/2024\/12\/Custom-Individually-Snacks-Packaged1-540x540.webp 540w, https:\/\/www.hyflexpack.com\/wp-content\/uploads\/2024\/12\/Custom-Individually-Snacks-Packaged1-660x660.webp 660w\" sizes=\"(max-width: 750px) 100vw, 750px\" \/><\/figure>\n<\/div>\n<\/div>\n\n\n\n<p><\/p>","protected":false},"excerpt":{"rendered":"<p>Cree envases destacados para cereales con chocolate con nuestras bolsas personalizadas para aperitivos con su logotipo. Nuestras bolsas personalizables de alta calidad son perfectas para cereales y aperitivos de chocolate. P\u00f3ngase en contacto con nosotros hoy mismo para obtener muestras gratuitas y descubrir la soluci\u00f3n de envasado perfecta para su marca.<\/p>\n<h3>Ventajas del mayorista de envases de cereales con chocolate<\/h3>\n<p>&nbsp;<\/p>\n<ul>\n<li><strong>Dise\u00f1o a medida<\/strong>: Podemos personalizar el material, el tama\u00f1o y los patrones de impresi\u00f3n seg\u00fan los requisitos de nuestros clientes;\u00a0<a href=\"https:\/\/www.hyflexpack.com\/es\/envases-flexibles-personalizados\/\"><strong>Compatible con OEM y ODM<\/strong><\/a>.<\/li>\n<li><strong>Fabricaci\u00f3n<\/strong>: Podemos terminar nuestros pedidos con gran calidad a tiempo con equipos y tecnolog\u00eda avanzados.<\/li>\n<li><strong>Control de calidad<\/strong>: La producci\u00f3n debe ajustarse estrictamente a las normas de calidad y los requisitos de seguridad alimentaria para garantizar que los productos cumplen las normas.<\/li>\n<li><strong>Equipo de asistencia t\u00e9cnica<\/strong>: Nuestro personal tiene una gran experiencia en el sector y conocimientos profesionales. El soporte t\u00e9cnico y los servicios de consultor\u00eda se pueden proporcionar durante 24 horas.<\/li>\n<li><strong>Certificaciones:<\/strong>\u00a0\u00a0BRC, ISO, QS, FDA<\/li>\n<li><strong>Muestra gratuita<\/strong>: Servicio gratuito de muestras para que pueda comprobar la calidad de la pel\u00edcula en rollo.<\/li>\n<\/ul>","protected":false},"featured_media":5865,"comment_status":"open","ping_status":"closed","template":"","meta":[],"product_brand":[],"product_cat":[57],"product_tag":[],"class_list":{"0":"post-5886","1":"product","2":"type-product","3":"status-publish","4":"has-post-thumbnail","6":"product_cat-snack-packaging-bags-wholesale","8":"first","9":"instock","10":"shipping-taxable","11":"product-type-simple"},"_links":{"self":[{"href":"https:\/\/www.hyflexpack.com\/es\/wp-json\/wp\/v2\/product\/5886","targetHints":{"allow":["GET"]}}],"collection":[{"href":"https:\/\/www.hyflexpack.com\/es\/wp-json\/wp\/v2\/product"}],"about":[{"href":"https:\/\/www.hyflexpack.com\/es\/wp-json\/wp\/v2\/types\/product"}],"replies":[{"embeddable":true,"href":"https:\/\/www.hyflexpack.com\/es\/wp-json\/wp\/v2\/comments?post=5886"}],"wp:featuredmedia":[{"embeddable":true,"href":"https:\/\/www.hyflexpack.com\/es\/wp-json\/wp\/v2\/media\/5865"}],"wp:attachment":[{"href":"https:\/\/www.hyflexpack.com\/es\/wp-json\/wp\/v2\/media?parent=5886"}],"wp:term":[{"taxonomy":"product_brand","embeddable":true,"href":"https:\/\/www.hyflexpack.com\/es\/wp-json\/wp\/v2\/product_brand?post=5886"},{"taxonomy":"product_cat","embeddable":true,"href":"https:\/\/www.hyflexpack.com\/es\/wp-json\/wp\/v2\/product_cat?post=5886"},{"taxonomy":"product_tag","embeddable":true,"href":"https:\/\/www.hyflexpack.com\/es\/wp-json\/wp\/v2\/product_tag?post=5886"}],"curies":[{"name":"wp","href":"https:\/\/api.w.org\/{rel}","templated":true}]}}