{"id":5851,"date":"2024-12-25T06:22:33","date_gmt":"2024-12-25T06:22:33","guid":{"rendered":"https:\/\/www.hyflexpack.com\/?post_type=product&#038;p=5851"},"modified":"2025-10-23T08:17:59","modified_gmt":"2025-10-23T08:17:59","slug":"printed-tortilla-packaging-bag-factory","status":"publish","type":"product","link":"https:\/\/www.hyflexpack.com\/es\/product\/printed-tortilla-packaging-bag-factory\/","title":{"rendered":"Embalaje de tortilla impreso Stand Up Pouches con ventana transparente Fabricante"},"content":{"rendered":"<div class=\"wp-block-columns is-layout-flex wp-container-core-columns-is-layout-9d6595d7 wp-block-columns-is-layout-flex\">\n<div class=\"wp-block-column is-layout-flow wp-block-column-is-layout-flow\">\n<h2 class=\"wp-block-heading\">Caracter\u00edsticas del fabricante de envases de tortilla impresos<\/h2>\n\n\n\n<p><\/p>\n\n\n\n<p><strong>Dise\u00f1o de ventanas transparentes<\/strong>: Nuestro envase para tortillas incluye una ventana transparente que permite a los clientes ver las tortillas frescas del interior, lo que aumenta su atractivo en los estantes.<\/p>\n\n\n\n<p><strong>Materiales de primera calidad<\/strong>: Fabricadas con materiales compuestos multicapa aptos para uso alimentario, estas bolsas stand up personalizadas ofrecen una excelente resistencia a la humedad, garantizando la frescura y la retenci\u00f3n del sabor.<\/p>\n\n\n\n<p><strong>Dise\u00f1o de pie<\/strong>: La robusta estructura garantiza que la bolsa se mantenga erguida en las estanter\u00edas, maximizando la eficacia expositiva y ahorrando espacio de almacenamiento.<\/p>\n\n\n\n<p><strong>Impresi\u00f3n de alta calidad<\/strong>: Las opciones de impresi\u00f3n personalizables muestran marcas, logotipos e informaci\u00f3n de productos vibrantes, lo que aumenta el reconocimiento y el impacto en el mercado.<\/p>\n\n\n\n<p><strong>Sellado superior<\/strong>: Los cierres termosellables ofrecen un cierre herm\u00e9tico, prolongando la vida \u00fatil y protegiendo las tortillas de la contaminaci\u00f3n.<\/p>\n\n\n\n<p><strong>Tama\u00f1os personalizables<\/strong>: Estas bolsas de pie personalizadas est\u00e1n disponibles en varios tama\u00f1os, perfectas para porciones individuales o para envasar tortillas a granel.<\/p>\n<\/div>\n\n\n\n<div class=\"wp-block-column is-layout-flow wp-block-column-is-layout-flow\">\n<figure class=\"wp-block-image size-full\"><img fetchpriority=\"high\" decoding=\"async\" width=\"750\" height=\"750\" src=\"https:\/\/www.hyflexpack.com\/wp-content\/uploads\/2024\/12\/Printed-Tortilla-Packaging-Bag-Manufacturer-\uff081\uff09.webp\" alt=\"Fabricante de bolsas impresas para tortillas\" class=\"wp-image-5844\" srcset=\"https:\/\/www.hyflexpack.com\/wp-content\/uploads\/2024\/12\/Printed-Tortilla-Packaging-Bag-Manufacturer-\uff081\uff09.webp 750w, https:\/\/www.hyflexpack.com\/wp-content\/uploads\/2024\/12\/Printed-Tortilla-Packaging-Bag-Manufacturer-\uff081\uff09-300x300.webp 300w, https:\/\/www.hyflexpack.com\/wp-content\/uploads\/2024\/12\/Printed-Tortilla-Packaging-Bag-Manufacturer-\uff081\uff09-150x150.webp 150w, https:\/\/www.hyflexpack.com\/wp-content\/uploads\/2024\/12\/Printed-Tortilla-Packaging-Bag-Manufacturer-\uff081\uff09-12x12.webp 12w, https:\/\/www.hyflexpack.com\/wp-content\/uploads\/2024\/12\/Printed-Tortilla-Packaging-Bag-Manufacturer-\uff081\uff09-285x285.webp 285w, https:\/\/www.hyflexpack.com\/wp-content\/uploads\/2024\/12\/Printed-Tortilla-Packaging-Bag-Manufacturer-\uff081\uff09-270x270.webp 270w, https:\/\/www.hyflexpack.com\/wp-content\/uploads\/2024\/12\/Printed-Tortilla-Packaging-Bag-Manufacturer-\uff081\uff09-540x540.webp 540w, https:\/\/www.hyflexpack.com\/wp-content\/uploads\/2024\/12\/Printed-Tortilla-Packaging-Bag-Manufacturer-\uff081\uff09-660x660.webp 660w\" sizes=\"(max-width: 750px) 100vw, 750px\" \/><\/figure>\n<\/div>\n<\/div>\n\n\n\n<p><\/p>","protected":false},"excerpt":{"rendered":"<p>Descubra nuestros envases para tortillas en bolsas stand up personalizadas con ventanas transparentes para mayor visibilidad, impresi\u00f3n vibrante y materiales ecol\u00f3gicos. P\u00f3ngase en contacto con nosotros hoy mismo para recibir una muestra gratuita.<\/p>\n<h3>Ventajas del proveedor de envases de tortilla<\/h3>\n<ul>\n<li><strong>Dise\u00f1o personalizado<\/strong>: Ofrecemos material, tama\u00f1o y patr\u00f3n de impresi\u00f3n personalizados para satisfacer las necesidades de los clientes, y\u00a0<a href=\"https:\/\/www.hyflexpack.com\/es\/envases-flexibles-personalizados\/\"><strong>admite OEM y ODM<\/strong><\/a>.<\/li>\n<li><strong>Fabricaci\u00f3n<\/strong>: Con equipos y tecnolog\u00eda avanzados, podemos completar la producci\u00f3n de pedidos con alta eficiencia y alta calidad, y entregar a tiempo.<\/li>\n<li><strong>Inspecci\u00f3n de calidad<\/strong>: Siga estrictamente las normas de calidad y los requisitos de seguridad alimentaria para garantizar que los productos cumplen las normas.<\/li>\n<li><strong>Equipo de asistencia t\u00e9cnica<\/strong>: Nuestro equipo cuenta con una gran experiencia en el sector y conocimientos profesionales, y puede proporcionar asistencia t\u00e9cnica y servicio de consultor\u00eda las 24 horas del d\u00eda a nuestros clientes.<\/li>\n<li><strong>Muestra gratuita<\/strong>: Proporcionamos muestras gratuitas para que pueda evaluar los productos.<\/li>\n<\/ul>","protected":false},"featured_media":5844,"comment_status":"open","ping_status":"closed","template":"","meta":[],"product_brand":[],"product_cat":[57],"product_tag":[],"class_list":{"0":"post-5851","1":"product","2":"type-product","3":"status-publish","4":"has-post-thumbnail","6":"product_cat-snack-packaging-bags-wholesale","8":"first","9":"instock","10":"shipping-taxable","11":"product-type-simple"},"_links":{"self":[{"href":"https:\/\/www.hyflexpack.com\/es\/wp-json\/wp\/v2\/product\/5851","targetHints":{"allow":["GET"]}}],"collection":[{"href":"https:\/\/www.hyflexpack.com\/es\/wp-json\/wp\/v2\/product"}],"about":[{"href":"https:\/\/www.hyflexpack.com\/es\/wp-json\/wp\/v2\/types\/product"}],"replies":[{"embeddable":true,"href":"https:\/\/www.hyflexpack.com\/es\/wp-json\/wp\/v2\/comments?post=5851"}],"wp:featuredmedia":[{"embeddable":true,"href":"https:\/\/www.hyflexpack.com\/es\/wp-json\/wp\/v2\/media\/5844"}],"wp:attachment":[{"href":"https:\/\/www.hyflexpack.com\/es\/wp-json\/wp\/v2\/media?parent=5851"}],"wp:term":[{"taxonomy":"product_brand","embeddable":true,"href":"https:\/\/www.hyflexpack.com\/es\/wp-json\/wp\/v2\/product_brand?post=5851"},{"taxonomy":"product_cat","embeddable":true,"href":"https:\/\/www.hyflexpack.com\/es\/wp-json\/wp\/v2\/product_cat?post=5851"},{"taxonomy":"product_tag","embeddable":true,"href":"https:\/\/www.hyflexpack.com\/es\/wp-json\/wp\/v2\/product_tag?post=5851"}],"curies":[{"name":"wp","href":"https:\/\/api.w.org\/{rel}","templated":true}]}}