{"id":5802,"date":"2024-12-06T06:10:31","date_gmt":"2024-12-06T06:10:31","guid":{"rendered":"https:\/\/www.hyflexpack.com\/?post_type=product&#038;p=5802"},"modified":"2025-10-23T08:23:23","modified_gmt":"2025-10-23T08:23:23","slug":"custom-tea-bags-with-logo","status":"publish","type":"product","link":"https:\/\/www.hyflexpack.com\/es\/product\/custom-tea-bags-with-logo\/","title":{"rendered":"Bolsas de T\u00e9 Personalizadas con Logo Quad Seal Bolsa de Pl\u00e1stico Plastificado Laminado"},"content":{"rendered":"<div class=\"wp-block-columns is-layout-flex wp-container-core-columns-is-layout-9d6595d7 wp-block-columns-is-layout-flex\">\n<div class=\"wp-block-column is-layout-flow wp-block-column-is-layout-flow\">\n<h3 class=\"wp-block-heading\">Caracter\u00edsticas de las bolsas de t\u00e9 personalizadas de alta calidad<\/h3>\n\n\n\n<ul class=\"wp-block-list\">\n<li><strong>Dise\u00f1os a medida<\/strong>: Nuestras bolsitas de t\u00e9 personalizadas con logotipo ofrecen oportunidades \u00fanicas para la marca. Puede a\u00f1adir su logotipo y dise\u00f1o para crear un producto \u00fanico que destaque en el mercado.<\/li>\n\n\n\n<li><strong>Envases de pl\u00e1stico laminado de alta calidad<\/strong>: Las cuatro bolsas con cierre lateral est\u00e1n fabricadas en pl\u00e1stico laminado resistente, que mantiene eficazmente la frescura del t\u00e9 al tiempo que presenta un aspecto profesional y est\u00e9tico.<\/li>\n\n\n\n<li><strong>Estanqueidad y seguridad en el sellado<\/strong>: El dise\u00f1o de sellado por los cuatro lados hace que la parte inferior de las bolsas sea mucho m\u00e1s resistente, lo que evita las fugas y ayuda a conservar el sabor y el aroma del t\u00e9 durante m\u00e1s tiempo.<\/li>\n\n\n\n<li><strong>Protecci\u00f3n del medio ambiente<\/strong>: Le ofrecemos material de envasado de t\u00e9 ecol\u00f3gico personalizado para apoyar el desarrollo sostenible de la industria del t\u00e9.<\/li>\n\n\n\n<li><strong>Variaci\u00f3n de tama\u00f1o<\/strong>: Desde peque\u00f1os envases individuales hasta envases a granel, todo puede obtenerse seg\u00fan sus necesidades en tama\u00f1os personalizados.<\/li>\n\n\n\n<li>T<strong>Soluciones de envasado de t\u00e9 ailor-made<\/strong>Como proveedor l\u00edder de bolsitas de t\u00e9, nos centramos en ofrecer soluciones de envasado a medida que satisfagan las necesidades de su marca y hagan que sus productos de t\u00e9 destaquen.<\/li>\n\n\n\n<li><strong>Escenarios<\/strong>: Adecuado para empresas que buscan bolsitas de t\u00e9 de alta calidad y personalizadas con dise\u00f1o de logotipo para que su marca sea memorable en el mercado. Al ser proveedores de bolsitas de t\u00e9, le aseguramos que su marca se presenta en un envase perfecto y que el t\u00e9 se mantiene fresco.<\/li>\n<\/ul>\n<\/div>\n\n\n\n<div class=\"wp-block-column is-layout-flow wp-block-column-is-layout-flow\">\n<figure class=\"wp-block-image size-full\"><img fetchpriority=\"high\" decoding=\"async\" width=\"750\" height=\"750\" src=\"https:\/\/www.hyflexpack.com\/wp-content\/uploads\/2024\/11\/Custom-Plastic-Tea-Bag1.webp\" alt=\"Bolsa de t\u00e9 de pl\u00e1stico personalizada\" class=\"wp-image-5790\" srcset=\"https:\/\/www.hyflexpack.com\/wp-content\/uploads\/2024\/11\/Custom-Plastic-Tea-Bag1.webp 750w, https:\/\/www.hyflexpack.com\/wp-content\/uploads\/2024\/11\/Custom-Plastic-Tea-Bag1-300x300.webp 300w, https:\/\/www.hyflexpack.com\/wp-content\/uploads\/2024\/11\/Custom-Plastic-Tea-Bag1-150x150.webp 150w, https:\/\/www.hyflexpack.com\/wp-content\/uploads\/2024\/11\/Custom-Plastic-Tea-Bag1-12x12.webp 12w, https:\/\/www.hyflexpack.com\/wp-content\/uploads\/2024\/11\/Custom-Plastic-Tea-Bag1-285x285.webp 285w, https:\/\/www.hyflexpack.com\/wp-content\/uploads\/2024\/11\/Custom-Plastic-Tea-Bag1-270x270.webp 270w, https:\/\/www.hyflexpack.com\/wp-content\/uploads\/2024\/11\/Custom-Plastic-Tea-Bag1-540x540.webp 540w, https:\/\/www.hyflexpack.com\/wp-content\/uploads\/2024\/11\/Custom-Plastic-Tea-Bag1-660x660.webp 660w\" sizes=\"(max-width: 750px) 100vw, 750px\" \/><\/figure>\n<\/div>\n<\/div>\n\n\n\n<p><\/p>","protected":false},"excerpt":{"rendered":"<p>Nuestras bolsitas de t\u00e9 personalizadas con logotipos vienen en bolsas de sellado cu\u00e1druple duraderas hechas de pl\u00e1stico laminado de alta calidad, que garantizan la frescura y la conservaci\u00f3n del sabor. Como proveedor de confianza de bolsitas de t\u00e9, ofrecemos soluciones de envasado totalmente personalizables con su logotipo y dise\u00f1o exclusivos. Perfectos para exhibir su marca, nuestros envases de t\u00e9 personalizados est\u00e1n disponibles en varios tama\u00f1os para adaptarse a sus necesidades, proporcionando funcionalidad y un aspecto llamativo.<\/p>\n<h3>Ventajas del proveedor de bolsas de t\u00e9 personalizadas<\/h3>\n<ul>\n<li>Dise\u00f1o personalizado: Proporcionamos un servicio personalizado de bolsas de envasado de t\u00e9, que incluye la personalizaci\u00f3n del material, el tama\u00f1o y el patr\u00f3n de impresi\u00f3n para satisfacer las necesidades del cliente, y <strong>admite OEM y ODM<\/strong>.<\/li>\n<li>Fabricaci\u00f3n: Con equipos y tecnolog\u00eda avanzados, podemos completar la producci\u00f3n del pedido con alta eficiencia y alta calidad, y podemos entregar a tiempo.<\/li>\n<li>Inspecci\u00f3n de calidad: Seguir estrictamente las normas de calidad y los requisitos de seguridad alimentaria para la producci\u00f3n, con el fin de garantizar que los productos cumplen las normas.<\/li>\n<li>Servicio de atenci\u00f3n al cliente: 24 horas para ofrecer una respuesta r\u00e1pida y un servicio de atenci\u00f3n al cliente atento.<\/li>\n<li>Muestra gratis\uff1a Proporcionar servicio de muestra gratis para que usted pueda evaluar las bolsas de sellado cu\u00e1druple.<\/li>\n<\/ul>\n<p><a href=\"https:\/\/www.hyflexpack.com\/es\/\"><strong>Envasado Huiyang<\/strong><\/a> se compromete a ofrecer a sus clientes bolsitas de t\u00e9 personalizadas con logotipos de alta calidad para ayudarles a mejorar la imagen de sus productos y aumentar su competitividad en el mercado.<\/p>","protected":false},"featured_media":5790,"comment_status":"open","ping_status":"closed","template":"","meta":[],"product_brand":[],"product_cat":[58],"product_tag":[],"class_list":{"0":"post-5802","1":"product","2":"type-product","3":"status-publish","4":"has-post-thumbnail","6":"product_cat-tea-bag-packaging","8":"first","9":"instock","10":"shipping-taxable","11":"product-type-simple"},"_links":{"self":[{"href":"https:\/\/www.hyflexpack.com\/es\/wp-json\/wp\/v2\/product\/5802","targetHints":{"allow":["GET"]}}],"collection":[{"href":"https:\/\/www.hyflexpack.com\/es\/wp-json\/wp\/v2\/product"}],"about":[{"href":"https:\/\/www.hyflexpack.com\/es\/wp-json\/wp\/v2\/types\/product"}],"replies":[{"embeddable":true,"href":"https:\/\/www.hyflexpack.com\/es\/wp-json\/wp\/v2\/comments?post=5802"}],"wp:featuredmedia":[{"embeddable":true,"href":"https:\/\/www.hyflexpack.com\/es\/wp-json\/wp\/v2\/media\/5790"}],"wp:attachment":[{"href":"https:\/\/www.hyflexpack.com\/es\/wp-json\/wp\/v2\/media?parent=5802"}],"wp:term":[{"taxonomy":"product_brand","embeddable":true,"href":"https:\/\/www.hyflexpack.com\/es\/wp-json\/wp\/v2\/product_brand?post=5802"},{"taxonomy":"product_cat","embeddable":true,"href":"https:\/\/www.hyflexpack.com\/es\/wp-json\/wp\/v2\/product_cat?post=5802"},{"taxonomy":"product_tag","embeddable":true,"href":"https:\/\/www.hyflexpack.com\/es\/wp-json\/wp\/v2\/product_tag?post=5802"}],"curies":[{"name":"wp","href":"https:\/\/api.w.org\/{rel}","templated":true}]}}