{"id":5799,"date":"2024-12-05T18:39:34","date_gmt":"2024-12-05T18:39:34","guid":{"rendered":"https:\/\/www.hyflexpack.com\/?post_type=product&#038;p=5799"},"modified":"2025-09-09T10:56:17","modified_gmt":"2025-09-09T10:56:17","slug":"custom-cosmetic-packaging-3-side-seal","status":"publish","type":"product","link":"https:\/\/www.hyflexpack.com\/es\/product\/custom-cosmetic-packaging-3-side-seal\/","title":{"rendered":"Embalaje cosm\u00e9tico personalizado Bolsa con 3 sellos laterales, Bolsa para mascarilla de belleza"},"content":{"rendered":"<div class=\"wp-block-columns is-layout-flex wp-container-core-columns-is-layout-9d6595d7 wp-block-columns-is-layout-flex\">\n<div class=\"wp-block-column is-layout-flow wp-block-column-is-layout-flow\">\n<h3 class=\"wp-block-heading\">Caracter\u00edsticas de los envases personalizados para cosm\u00e9ticos<\/h3>\n\n\n\n<ul class=\"wp-block-list\">\n<li><strong>Material de alta calidad<\/strong>Material de envasado flexible de alta calidad: se utiliza material de envasado flexible de alta calidad para garantizar la resistencia y durabilidad de la bolsa, que puede proteger eficazmente el producto de la contaminaci\u00f3n externa y garantizar la frescura y eficacia de la m\u00e1scara de belleza. <\/li>\n\n\n\n<li><strong>Dise\u00f1o de sellado por tres lados<\/strong>: La exclusiva estructura de sellado por tres lados ofrece un buen efecto de sellado para evitar fugas o humedad del producto de la m\u00e1scara y garantiza la seguridad e integridad del envase cosm\u00e9tico personalizado.<\/li>\n\n\n\n<li><strong>Respetuoso con el medio ambiente y reciclable<\/strong>: El uso de materiales reciclables y respetuosos con el medio ambiente, en l\u00ednea con las normas medioambientales mundiales, ayuda a satisfacer la demanda del consumidor moderno de desarrollo sostenible y reducci\u00f3n del impacto ambiental.<\/li>\n\n\n\n<li><strong>Efecto de impresi\u00f3n de alta calidad<\/strong>: La avanzada tecnolog\u00eda de impresi\u00f3n proporciona patrones claros, vibrantes y duraderos, destacando la imagen de marca y la calidad del producto y captando la atenci\u00f3n de los clientes.<\/li>\n\n\n\n<li><strong>Ligero y c\u00f3modo<\/strong>El dise\u00f1o ligero hace que la bolsa de 3 soldaduras laterales sea m\u00e1s pr\u00e1ctica para el uso personal y para m\u00faltiples canales de venta, especialmente para la venta al por menor y en l\u00ednea.<\/li>\n\n\n\n<li><strong>Personalizaci\u00f3n<\/strong>: Ofrecer una gama completa de servicios de personalizaci\u00f3n que incluya el tama\u00f1o, el color, el estampado y el material para satisfacer las necesidades exclusivas de los propietarios de marcas y mejorar la competitividad en el mercado.<\/li>\n\n\n\n<li><strong>Antihumedad y Antioxidante<\/strong>: capa de papel de aluminio especial o pel\u00edcula combinada, utilizando prestaciones superiores de resistencia a la humedad y acci\u00f3n antioxidante para mantener el efecto de enmascaramiento de los mejores durante mucho tiempo.<\/li>\n\n\n\n<li><strong>\u00c1mbito de aplicaci\u00f3n<\/strong>se aplican a diversas m\u00e1scaras de belleza, productos para el cuidado de la piel y envases para el cuidado de la piel facial, satisfaciendo los requisitos de los consumidores en envases cosm\u00e9ticos personalizados de gama alta.<\/li>\n<\/ul>\n<\/div>\n\n\n\n<div class=\"wp-block-column is-layout-flow wp-block-column-is-layout-flow\">\n<h2 class=\"wp-block-heading\"><\/h2>\n\n\n\n<figure class=\"wp-block-image size-full\"><img fetchpriority=\"high\" decoding=\"async\" width=\"750\" height=\"750\" src=\"https:\/\/www.hyflexpack.com\/wp-content\/uploads\/2024\/11\/Custom-Flexible-Packaging-Bags1.webp\" alt=\"Envasado de cosm\u00e9ticos a medida - Bolsa con 3 soldaduras laterales\" class=\"wp-image-5786\" srcset=\"https:\/\/www.hyflexpack.com\/wp-content\/uploads\/2024\/11\/Custom-Flexible-Packaging-Bags1.webp 750w, https:\/\/www.hyflexpack.com\/wp-content\/uploads\/2024\/11\/Custom-Flexible-Packaging-Bags1-300x300.webp 300w, https:\/\/www.hyflexpack.com\/wp-content\/uploads\/2024\/11\/Custom-Flexible-Packaging-Bags1-150x150.webp 150w, https:\/\/www.hyflexpack.com\/wp-content\/uploads\/2024\/11\/Custom-Flexible-Packaging-Bags1-12x12.webp 12w, https:\/\/www.hyflexpack.com\/wp-content\/uploads\/2024\/11\/Custom-Flexible-Packaging-Bags1-285x285.webp 285w, https:\/\/www.hyflexpack.com\/wp-content\/uploads\/2024\/11\/Custom-Flexible-Packaging-Bags1-270x270.webp 270w, https:\/\/www.hyflexpack.com\/wp-content\/uploads\/2024\/11\/Custom-Flexible-Packaging-Bags1-540x540.webp 540w, https:\/\/www.hyflexpack.com\/wp-content\/uploads\/2024\/11\/Custom-Flexible-Packaging-Bags1-660x660.webp 660w\" sizes=\"(max-width: 750px) 100vw, 750px\" \/><\/figure>\n<\/div>\n<\/div>\n\n\n\n<p><\/p>","protected":false},"excerpt":{"rendered":"<p>\u00bfBusca una soluci\u00f3n de envasado de cosm\u00e9ticos personalizada? Nuestra bolsa con sellado en 3 lados es perfecta para el envasado de mascarillas de belleza. Ofrece protecci\u00f3n contra la humedad y la oxidaci\u00f3n y permite personalizar los envases de cosm\u00e9ticos para mejorar la imagen de marca y atraer a m\u00e1s consumidores. P\u00f3ngase en contacto con nosotros hoy mismo para obtener m\u00e1s informaci\u00f3n.<\/p>\n<h3>Ventajas del proveedor de envases cosm\u00e9ticos<\/h3>\n<ul>\n<li>\n<p><strong>Envasado de cosm\u00e9ticos a medida<\/strong><span style=\"font-size: 16px;\">: Ofrecemos material, tama\u00f1o y patr\u00f3n de impresi\u00f3n personalizados para satisfacer las necesidades de los clientes, y <\/span><a style=\"font-size: 16px;\" href=\"https:\/\/www.hyflexpack.com\/es\/envases-flexibles-personalizados\/\"><strong>admite OEM y ODM<\/strong><\/a><span style=\"font-size: 16px;\">.<\/span><\/p>\n<\/li>\n<li><strong>Fabricaci\u00f3n<\/strong>: Con equipos y tecnolog\u00eda avanzados, podemos completar la producci\u00f3n de pedidos con alta eficiencia y alta calidad, y entregar a tiempo.<\/li>\n<li><strong>Inspecci\u00f3n de calidad<\/strong>: Siga estrictamente las normas de calidad y los requisitos de seguridad alimentaria para garantizar que los productos cumplen las normas.<\/li>\n<li><strong>Equipo de asistencia t\u00e9cnica<\/strong>: Nuestro equipo cuenta con una gran experiencia en el sector y conocimientos profesionales, y puede proporcionar asistencia t\u00e9cnica y servicio de consultor\u00eda las 24 horas del d\u00eda a nuestros clientes.<\/li>\n<li><strong>Muestra gratuita<\/strong>: Proporcionar un servicio de muestra gratuita para que usted pueda evaluar la bolsa de sellado de 3 lados.<\/li>\n<\/ul>","protected":false},"featured_media":5788,"comment_status":"open","ping_status":"closed","template":"","meta":[],"product_brand":[],"product_cat":[52],"product_tag":[],"class_list":{"0":"post-5799","1":"product","2":"type-product","3":"status-publish","4":"has-post-thumbnail","6":"product_cat-custom-daily-chemical-packaging","8":"first","9":"instock","10":"shipping-taxable","11":"product-type-simple"},"_links":{"self":[{"href":"https:\/\/www.hyflexpack.com\/es\/wp-json\/wp\/v2\/product\/5799","targetHints":{"allow":["GET"]}}],"collection":[{"href":"https:\/\/www.hyflexpack.com\/es\/wp-json\/wp\/v2\/product"}],"about":[{"href":"https:\/\/www.hyflexpack.com\/es\/wp-json\/wp\/v2\/types\/product"}],"replies":[{"embeddable":true,"href":"https:\/\/www.hyflexpack.com\/es\/wp-json\/wp\/v2\/comments?post=5799"}],"wp:featuredmedia":[{"embeddable":true,"href":"https:\/\/www.hyflexpack.com\/es\/wp-json\/wp\/v2\/media\/5788"}],"wp:attachment":[{"href":"https:\/\/www.hyflexpack.com\/es\/wp-json\/wp\/v2\/media?parent=5799"}],"wp:term":[{"taxonomy":"product_brand","embeddable":true,"href":"https:\/\/www.hyflexpack.com\/es\/wp-json\/wp\/v2\/product_brand?post=5799"},{"taxonomy":"product_cat","embeddable":true,"href":"https:\/\/www.hyflexpack.com\/es\/wp-json\/wp\/v2\/product_cat?post=5799"},{"taxonomy":"product_tag","embeddable":true,"href":"https:\/\/www.hyflexpack.com\/es\/wp-json\/wp\/v2\/product_tag?post=5799"}],"curies":[{"name":"wp","href":"https:\/\/api.w.org\/{rel}","templated":true}]}}