{"id":5794,"date":"2024-12-06T07:21:58","date_gmt":"2024-12-06T07:21:58","guid":{"rendered":"https:\/\/www.hyflexpack.com\/?post_type=product&#038;p=5794"},"modified":"2025-11-04T09:20:51","modified_gmt":"2025-11-04T09:20:51","slug":"oem-flexible-packaging-film","status":"publish","type":"product","link":"https:\/\/www.hyflexpack.com\/es\/product\/oem-flexible-packaging-film\/","title":{"rendered":"OEM Flexible Packaging Film Wine Pouch ,Roll Film for Ice lolly"},"content":{"rendered":"<div class=\"wp-block-columns is-layout-flex wp-container-core-columns-is-layout-9d6595d7 wp-block-columns-is-layout-flex\">\n<div class=\"wp-block-column is-layout-flow wp-block-column-is-layout-flow\">\n<h3 class=\"wp-block-heading\">Features of High-Quality OEM Flexible Packaging Film<\/h3>\n\n\n\n<ul class=\"wp-block-list\">\n<li><strong>High sealing and barrier<\/strong>: Made of high-quality Flexible Packaging Film material to ensure food-grade safety, non-toxic, odorless, strong, and durable, suitable for a variety of food packaging needs, including Wine Pouch Packaging, providing sturdy protection for your products.<\/li>\n\n\n\n<li><strong>Envasado eficaz<\/strong>: Smooth Flexible Packaging Film design ensures no paper jams during high-speed packaging, optimizing the production process. Particularly suitable for Wine Pouch packaging, ensuring smooth and efficient packaging.<\/li>\n\n\n\n<li><strong>Good barrier properties<\/strong>: flexible packaging films protect against external moisture and contaminants; hence, this can serve better even to high-value products in general Wine Pouch keeps safe this content-alcohol-and other temperature\/vapor-sensitive items.<\/li>\n\n\n\n<li><strong>Green options<\/strong>: include biodegradable and recyclable materials. Due to the wide range of different thicknesses available for each kind of film, FPF strives to minimize material waste and offer customers a much greener choice for packing, including a wine pouch.<\/li>\n\n\n\n<li><strong>C\u00f3modo de usar<\/strong>: Easy to store and handle, space-saving in warehouses, flexible packaging film has applications for Wine Pouch packaging among others, which also makes logistics and warehousing quite efficient.<\/li>\n<\/ul>\n<\/div>\n\n\n\n<div class=\"wp-block-column is-layout-flow wp-block-column-is-layout-flow\">\n<figure class=\"wp-block-image size-full\"><img fetchpriority=\"high\" decoding=\"async\" width=\"750\" height=\"750\" src=\"https:\/\/www.hyflexpack.com\/wp-content\/uploads\/2024\/11\/OEM-Flexible-Packaging-Film1.webp\" alt=\"OEM Flexible Packaging Film\" class=\"wp-image-5774\" srcset=\"https:\/\/www.hyflexpack.com\/wp-content\/uploads\/2024\/11\/OEM-Flexible-Packaging-Film1.webp 750w, https:\/\/www.hyflexpack.com\/wp-content\/uploads\/2024\/11\/OEM-Flexible-Packaging-Film1-300x300.webp 300w, https:\/\/www.hyflexpack.com\/wp-content\/uploads\/2024\/11\/OEM-Flexible-Packaging-Film1-150x150.webp 150w, https:\/\/www.hyflexpack.com\/wp-content\/uploads\/2024\/11\/OEM-Flexible-Packaging-Film1-12x12.webp 12w, https:\/\/www.hyflexpack.com\/wp-content\/uploads\/2024\/11\/OEM-Flexible-Packaging-Film1-285x285.webp 285w, https:\/\/www.hyflexpack.com\/wp-content\/uploads\/2024\/11\/OEM-Flexible-Packaging-Film1-270x270.webp 270w, https:\/\/www.hyflexpack.com\/wp-content\/uploads\/2024\/11\/OEM-Flexible-Packaging-Film1-540x540.webp 540w, https:\/\/www.hyflexpack.com\/wp-content\/uploads\/2024\/11\/OEM-Flexible-Packaging-Film1-660x660.webp 660w\" sizes=\"(max-width: 750px) 100vw, 750px\" \/><\/figure>\n<\/div>\n<\/div>\n\n\n\n<p><\/p>","protected":false},"excerpt":{"rendered":"<p>Welcome to buy our flexible packaging film provides a premium packaging solution that ensures food-grade safety, durability, and non-toxicity. Suitable for all types of flexible packaging, including wine pouches, it supports environmentally friendly recyclable materials and meets modern environmental requirements .Suitable for automated equipment, improve production efficiency, save warehouse space, is your ideal packaging choice.<\/p>\n<h3>Advantages of Flexible Packaging Film Manufacturer<\/h3>\n<ul>\n<li><strong>Dise\u00f1o personalizado<\/strong>: We provide customized wine\u00a0pouches service, including material, size, and printing pattern customization to meet customers\u2019 needs, and <strong>admite OEM y ODM<\/strong>.<\/li>\n<li><strong>Fabricaci\u00f3n<\/strong>: Con equipos y tecnolog\u00eda avanzados, podemos completar los pedidos con alta eficiencia y alta calidad, y entregar a tiempo.<\/li>\n<li><strong>Inspecci\u00f3n de calidad<\/strong>: Siga estrictamente las normas de calidad y los requisitos de seguridad alimentaria para garantizar que los productos cumplen las normas.<\/li>\n<li><strong>Equipo de asistencia t\u00e9cnica<\/strong>: Nuestro equipo cuenta con una gran experiencia en el sector y conocimientos profesionales, y puede proporcionar asistencia t\u00e9cnica y servicio de consultor\u00eda las 24 horas del d\u00eda a nuestros clientes.<\/li>\n<li><strong>Muestra gratuita<\/strong>: Provide a free sample service for you to evaluate the flexible packaging film.<\/li>\n<\/ul>\n<p><a href=\"https:\/\/www.hyflexpack.com\/es\/\"><strong>Envasado Huiyang<\/strong><\/a> is committed to providing customers with high-quality and custom flexible packaging film to help customers improve their product image and enhance market competitiveness.<\/p>","protected":false},"featured_media":5774,"comment_status":"open","ping_status":"closed","template":"","meta":[],"product_brand":[],"product_cat":[53,86],"product_tag":[],"class_list":{"0":"post-5794","1":"product","2":"type-product","3":"status-publish","4":"has-post-thumbnail","6":"product_cat-packaging-film-supplier","7":"product_cat-cold-seal-film","9":"first","10":"instock","11":"shipping-taxable","12":"product-type-simple"},"_links":{"self":[{"href":"https:\/\/www.hyflexpack.com\/es\/wp-json\/wp\/v2\/product\/5794","targetHints":{"allow":["GET"]}}],"collection":[{"href":"https:\/\/www.hyflexpack.com\/es\/wp-json\/wp\/v2\/product"}],"about":[{"href":"https:\/\/www.hyflexpack.com\/es\/wp-json\/wp\/v2\/types\/product"}],"replies":[{"embeddable":true,"href":"https:\/\/www.hyflexpack.com\/es\/wp-json\/wp\/v2\/comments?post=5794"}],"wp:featuredmedia":[{"embeddable":true,"href":"https:\/\/www.hyflexpack.com\/es\/wp-json\/wp\/v2\/media\/5774"}],"wp:attachment":[{"href":"https:\/\/www.hyflexpack.com\/es\/wp-json\/wp\/v2\/media?parent=5794"}],"wp:term":[{"taxonomy":"product_brand","embeddable":true,"href":"https:\/\/www.hyflexpack.com\/es\/wp-json\/wp\/v2\/product_brand?post=5794"},{"taxonomy":"product_cat","embeddable":true,"href":"https:\/\/www.hyflexpack.com\/es\/wp-json\/wp\/v2\/product_cat?post=5794"},{"taxonomy":"product_tag","embeddable":true,"href":"https:\/\/www.hyflexpack.com\/es\/wp-json\/wp\/v2\/product_tag?post=5794"}],"curies":[{"name":"wp","href":"https:\/\/api.w.org\/{rel}","templated":true}]}}