{"id":5753,"date":"2024-11-24T15:25:57","date_gmt":"2024-11-24T15:25:57","guid":{"rendered":"https:\/\/www.hyflexpack.com\/?post_type=product&#038;p=5753"},"modified":"2024-11-24T15:25:59","modified_gmt":"2024-11-24T15:25:59","slug":"custom-snack-food-packaging","status":"publish","type":"product","link":"https:\/\/www.hyflexpack.com\/es\/product\/custom-snack-food-packaging\/","title":{"rendered":"Envasado a medida de snacks, bolsas personalizadas para snacks laminado en rollo Film Factory"},"content":{"rendered":"<div class=\"wp-block-columns is-layout-flex wp-container-core-columns-is-layout-9d6595d7 wp-block-columns-is-layout-flex\">\n<div class=\"wp-block-column is-layout-flow wp-block-column-is-layout-flow\">\n<h3 class=\"wp-block-heading\">Caracter\u00edsticas de la pel\u00edcula personalizada para envasado de aperitivos<\/h3>\n\n\n\n<p><strong>Materiales de alta calidad<\/strong>: Fabricado con materiales de film de envasado de alta calidad, garantizando la seguridad alimentaria, no t\u00f3xico e inodoro. Resistente y duradero, adecuado para una variedad de necesidades de envasado de alimentos.<\/p>\n\n\n\n<p><\/p>\n\n\n\n<p><strong>Envasado eficaz<\/strong>: Adecuado para equipos de envasado autom\u00e1tico para mejorar la eficiencia de la producci\u00f3n. El dise\u00f1o liso del rollo de pel\u00edcula garantiza que no se produzcan atascos de papel durante el envasado a alta velocidad.<\/p>\n\n\n\n<p><\/p>\n\n\n\n<p><strong>Rendimiento de protecci\u00f3n superior<\/strong>: Efectivamente a prueba de humedad y polvo, buena resistencia al desgarro, protege la integridad del producto durante el transporte y el almacenamiento.<\/p>\n\n\n\n<p><\/p>\n\n\n\n<p><strong>Opciones respetuosas con el medio ambiente<\/strong>: Para cumplir los requisitos de protecci\u00f3n del medio ambiente, apoyamos el uso de materiales biodegradables y reciclables. Tambi\u00e9n se ofrecen opciones de grosor de pel\u00edcula para reducir el desperdicio de material y disminuir la huella de carbono.<\/p>\n\n\n\n<p><\/p>\n\n\n\n<p><strong>Uso c\u00f3modo<\/strong>: El rollo de pel\u00edcula de envasado compuesto es f\u00e1cil de almacenar y manipular, por lo que ahorra espacio en el almac\u00e9n.<\/p>\n<\/div>\n\n\n\n<div class=\"wp-block-column is-layout-flow wp-block-column-is-layout-flow\">\n<figure class=\"wp-block-image size-full\"><img fetchpriority=\"high\" decoding=\"async\" width=\"750\" height=\"750\" src=\"https:\/\/www.hyflexpack.com\/wp-content\/uploads\/2024\/11\/Custom-Biscuit-Packaging-Film2.webp\" alt=\"Film para envasado de galletas a medida\" class=\"wp-image-5745\" srcset=\"https:\/\/www.hyflexpack.com\/wp-content\/uploads\/2024\/11\/Custom-Biscuit-Packaging-Film2.webp 750w, https:\/\/www.hyflexpack.com\/wp-content\/uploads\/2024\/11\/Custom-Biscuit-Packaging-Film2-300x300.webp 300w, https:\/\/www.hyflexpack.com\/wp-content\/uploads\/2024\/11\/Custom-Biscuit-Packaging-Film2-150x150.webp 150w, https:\/\/www.hyflexpack.com\/wp-content\/uploads\/2024\/11\/Custom-Biscuit-Packaging-Film2-12x12.webp 12w, https:\/\/www.hyflexpack.com\/wp-content\/uploads\/2024\/11\/Custom-Biscuit-Packaging-Film2-285x285.webp 285w, https:\/\/www.hyflexpack.com\/wp-content\/uploads\/2024\/11\/Custom-Biscuit-Packaging-Film2-270x270.webp 270w, https:\/\/www.hyflexpack.com\/wp-content\/uploads\/2024\/11\/Custom-Biscuit-Packaging-Film2-540x540.webp 540w, https:\/\/www.hyflexpack.com\/wp-content\/uploads\/2024\/11\/Custom-Biscuit-Packaging-Film2-660x660.webp 660w\" sizes=\"(max-width: 750px) 100vw, 750px\" \/><\/figure>\n<\/div>\n<\/div>\n\n\n\n<p><\/p>","protected":false},"excerpt":{"rendered":"<p>Descubra c\u00f3mo nuestros films de envasado para aperitivos pueden ofrecer soluciones de envasado seguras y atractivas para sus productos. Con materiales aptos para uso alimentario, alta transparencia y excelentes propiedades de barrera, pueden prolongar la frescura de sus alimentos. P\u00f3ngase en contacto con nosotros hoy mismo y d\u00e9jenos personalizar sus exclusivos envases para alimentos.<\/p>\n<h3>Ventajas del proveedor de pel\u00edculas para envasado de aperitivos<\/h3>\n<p>Dise\u00f1o personalizado: Proporcionamos servicios personalizados, incluyendo el material, el tama\u00f1o y la personalizaci\u00f3n del patr\u00f3n de impresi\u00f3n para satisfacer las necesidades del cliente, y apoyamos OEM y ODM.<br \/>\u25cfFabricaci\u00f3n: Adoptar l\u00edneas de producci\u00f3n compuestas avanzadas internacionalmente y sistemas de control autom\u00e1tico para garantizar procesos de producci\u00f3n eficientes y estables y entregas a tiempo.<br \/>\u25cfInspecci\u00f3n de calidad: Producir estrictamente siguiendo las normas de calidad y los requisitos de seguridad alimentaria para garantizar que los productos cumplen las normas.<br \/>\u25cfServicio de atenci\u00f3n al cliente: Proporcionar una respuesta r\u00e1pida y un servicio de atenci\u00f3n al cliente atento 24 horas al d\u00eda.<br \/>\u25cfMuestras gratuitas: Hacer muestras de peque\u00f1os lotes para que los clientes prueben y eval\u00faen.<\/p>\n<p>Huiyang Packaging se compromete a proporcionar a los clientes pel\u00edculas de alta calidad para el envasado de aperitivos a medida, con el fin de ayudarles a mejorar la imagen de sus productos y aumentar su competitividad en el mercado.<\/p>","protected":false},"featured_media":5745,"comment_status":"open","ping_status":"closed","template":"","meta":[],"product_brand":[],"product_cat":[53],"product_tag":[],"class_list":{"0":"post-5753","1":"product","2":"type-product","3":"status-publish","4":"has-post-thumbnail","6":"product_cat-packaging-film-supplier","8":"first","9":"instock","10":"shipping-taxable","11":"product-type-simple"},"_links":{"self":[{"href":"https:\/\/www.hyflexpack.com\/es\/wp-json\/wp\/v2\/product\/5753","targetHints":{"allow":["GET"]}}],"collection":[{"href":"https:\/\/www.hyflexpack.com\/es\/wp-json\/wp\/v2\/product"}],"about":[{"href":"https:\/\/www.hyflexpack.com\/es\/wp-json\/wp\/v2\/types\/product"}],"replies":[{"embeddable":true,"href":"https:\/\/www.hyflexpack.com\/es\/wp-json\/wp\/v2\/comments?post=5753"}],"wp:featuredmedia":[{"embeddable":true,"href":"https:\/\/www.hyflexpack.com\/es\/wp-json\/wp\/v2\/media\/5745"}],"wp:attachment":[{"href":"https:\/\/www.hyflexpack.com\/es\/wp-json\/wp\/v2\/media?parent=5753"}],"wp:term":[{"taxonomy":"product_brand","embeddable":true,"href":"https:\/\/www.hyflexpack.com\/es\/wp-json\/wp\/v2\/product_brand?post=5753"},{"taxonomy":"product_cat","embeddable":true,"href":"https:\/\/www.hyflexpack.com\/es\/wp-json\/wp\/v2\/product_cat?post=5753"},{"taxonomy":"product_tag","embeddable":true,"href":"https:\/\/www.hyflexpack.com\/es\/wp-json\/wp\/v2\/product_tag?post=5753"}],"curies":[{"name":"wp","href":"https:\/\/api.w.org\/{rel}","templated":true}]}}