{"id":5749,"date":"2024-11-24T13:37:41","date_gmt":"2024-11-24T13:37:41","guid":{"rendered":"https:\/\/www.hyflexpack.com\/?post_type=product&#038;p=5749"},"modified":"2025-10-23T08:23:26","modified_gmt":"2025-10-23T08:23:26","slug":"custom-frozen-food-packaging","status":"publish","type":"product","link":"https:\/\/www.hyflexpack.com\/es\/product\/custom-frozen-food-packaging\/","title":{"rendered":"Envasado personalizado de alimentos congelados para peque\u00f1as empresas Snacks Envases Stand Up Pouches"},"content":{"rendered":"<div class=\"wp-block-columns is-layout-flex wp-container-core-columns-is-layout-9d6595d7 wp-block-columns-is-layout-flex\">\n<div class=\"wp-block-column is-layout-flow wp-block-column-is-layout-flow\">\n<h3 class=\"wp-block-heading\">Caracter\u00edsticas de las bolsas personalizadas para alimentos congelados<\/h3>\n\n\n\n<h4 class=\"wp-block-heading\">Material duradero para almacenamiento en congelador<\/h4>\n\n\n\n<ul class=\"wp-block-list\">\n<li>Fabricado con materiales de alta barrera y aptos para uso alimentario que garantizan la frescura, evitan las quemaduras por congelaci\u00f3n y mantienen la calidad del producto.<\/li>\n<\/ul>\n\n\n\n<h4 class=\"wp-block-heading\">Dise\u00f1o de pie para mayor comodidad<\/h4>\n\n\n\n<ul class=\"wp-block-list\">\n<li>Este formato de pie proporciona una gran estabilidad y es muy f\u00e1cil de colocar en congeladores y en expositores de venta al por menor, maximizando as\u00ed el espacio y la visibilidad.<\/li>\n<\/ul>\n\n\n\n<h4 class=\"wp-block-heading\">Personalizable para aperitivos de peque\u00f1as empresas<\/h4>\n\n\n\n<ul class=\"wp-block-list\">\n<li>Las opciones de personalizaci\u00f3n de tama\u00f1o, forma, color e impresi\u00f3n lo convierten en el envase perfecto para cualquier necesidad de envasado de alimentos congelados que pueda tener su marca.<\/li>\n<\/ul>\n\n\n\n<h4 class=\"wp-block-heading\">Resistente a la temperatura<\/h4>\n\n\n\n<ul class=\"wp-block-list\">\n<li>Dise\u00f1ado para no agrietarse a temperaturas de congelaci\u00f3n, para mantener sus productos congelados muy bien protegidos.<\/li>\n<\/ul>\n\n\n\n<h4 class=\"wp-block-heading\">Resellable y f\u00e1cil de manejar<\/h4>\n\n\n\n<ul class=\"wp-block-list\">\n<li>Con cierres de cremallera o muescas para facilitar la apertura y el cierre, se mejora la comodidad y la satisfacci\u00f3n del consumidor.<\/li>\n<\/ul>\n\n\n\n<h4 class=\"wp-block-heading\">Opciones ecol\u00f3gicas disponibles<\/h4>\n\n\n\n<ul class=\"wp-block-list\">\n<li>Elija materiales reciclables o biodegradables para ajustarse a las pr\u00e1cticas empresariales sostenibles.<\/li>\n<\/ul>\n<\/div>\n\n\n\n<div class=\"wp-block-column is-layout-flow wp-block-column-is-layout-flow\">\n<figure class=\"wp-block-image size-full\"><img fetchpriority=\"high\" decoding=\"async\" width=\"750\" height=\"750\" src=\"https:\/\/www.hyflexpack.com\/wp-content\/uploads\/2024\/11\/Customize-Healthy-Snacks-Packages1.webp\" alt=\"Bolsas personalizadas para alimentos congelados\" class=\"wp-image-5730\" srcset=\"https:\/\/www.hyflexpack.com\/wp-content\/uploads\/2024\/11\/Customize-Healthy-Snacks-Packages1.webp 750w, https:\/\/www.hyflexpack.com\/wp-content\/uploads\/2024\/11\/Customize-Healthy-Snacks-Packages1-300x300.webp 300w, https:\/\/www.hyflexpack.com\/wp-content\/uploads\/2024\/11\/Customize-Healthy-Snacks-Packages1-150x150.webp 150w, https:\/\/www.hyflexpack.com\/wp-content\/uploads\/2024\/11\/Customize-Healthy-Snacks-Packages1-12x12.webp 12w, https:\/\/www.hyflexpack.com\/wp-content\/uploads\/2024\/11\/Customize-Healthy-Snacks-Packages1-285x285.webp 285w, https:\/\/www.hyflexpack.com\/wp-content\/uploads\/2024\/11\/Customize-Healthy-Snacks-Packages1-270x270.webp 270w, https:\/\/www.hyflexpack.com\/wp-content\/uploads\/2024\/11\/Customize-Healthy-Snacks-Packages1-540x540.webp 540w, https:\/\/www.hyflexpack.com\/wp-content\/uploads\/2024\/11\/Customize-Healthy-Snacks-Packages1-660x660.webp 660w\" sizes=\"(max-width: 750px) 100vw, 750px\" \/><\/figure>\n<\/div>\n<\/div>\n\n\n\n<p><\/p>","protected":false},"excerpt":{"rendered":"<p>Impulse su marca con nuestros envases personalizados para alimentos congelados. Estas duraderas bolsas resellables para alimentos congelados son perfectas para mantener sus aperitivos frescos y listos para el congelador. P\u00f3ngase en contacto con nosotros hoy mismo para solicitar un presupuesto. Nos comprometemos a ofrecer soluciones de envasado ecol\u00f3gicas y de alta calidad.<\/p>\n<h3>Ventajas del proveedor de bolsas para alimentos congelados<\/h3>\n<ul>\n<li><strong>Servicio personalizado<\/strong>: Proporcionamos un servicio personalizado integral, desde el tama\u00f1o y el material hasta el dise\u00f1o de impresi\u00f3n, para satisfacer las necesidades personalizadas de los distintos clientes.<\/li>\n<li><strong>Entrega r\u00e1pida<\/strong>: Proceso de producci\u00f3n y gesti\u00f3n de existencias eficaces para garantizar una producci\u00f3n r\u00e1pida y una entrega puntual de pedidos de gran volumen.<\/li>\n<li><strong>Apoyo profesional<\/strong>: Proporcionar dise\u00f1o profesional de envases y asistencia t\u00e9cnica para ayudar a los clientes a optimizar las soluciones de envasado y mejorar la competitividad de los productos.<\/li>\n<li><strong>Inspecci\u00f3n de calidad<\/strong>: Siga estrictamente las normas de calidad y los requisitos de seguridad alimentaria para garantizar que los productos cumplen los requisitos de la norma.<\/li>\n<li><strong>Relaci\u00f3n coste-eficacia<\/strong>: Ofrecer precios competitivos optimizando la producci\u00f3n y la log\u00edstica para ayudar a los clientes a reducir costes y aumentar beneficios.<\/li>\n<\/ul>","protected":false},"featured_media":5730,"comment_status":"open","ping_status":"closed","template":"","meta":[],"product_brand":[],"product_cat":[57],"product_tag":[],"class_list":{"0":"post-5749","1":"product","2":"type-product","3":"status-publish","4":"has-post-thumbnail","6":"product_cat-snack-packaging-bags-wholesale","8":"first","9":"instock","10":"shipping-taxable","11":"product-type-simple"},"_links":{"self":[{"href":"https:\/\/www.hyflexpack.com\/es\/wp-json\/wp\/v2\/product\/5749","targetHints":{"allow":["GET"]}}],"collection":[{"href":"https:\/\/www.hyflexpack.com\/es\/wp-json\/wp\/v2\/product"}],"about":[{"href":"https:\/\/www.hyflexpack.com\/es\/wp-json\/wp\/v2\/types\/product"}],"replies":[{"embeddable":true,"href":"https:\/\/www.hyflexpack.com\/es\/wp-json\/wp\/v2\/comments?post=5749"}],"wp:featuredmedia":[{"embeddable":true,"href":"https:\/\/www.hyflexpack.com\/es\/wp-json\/wp\/v2\/media\/5730"}],"wp:attachment":[{"href":"https:\/\/www.hyflexpack.com\/es\/wp-json\/wp\/v2\/media?parent=5749"}],"wp:term":[{"taxonomy":"product_brand","embeddable":true,"href":"https:\/\/www.hyflexpack.com\/es\/wp-json\/wp\/v2\/product_brand?post=5749"},{"taxonomy":"product_cat","embeddable":true,"href":"https:\/\/www.hyflexpack.com\/es\/wp-json\/wp\/v2\/product_cat?post=5749"},{"taxonomy":"product_tag","embeddable":true,"href":"https:\/\/www.hyflexpack.com\/es\/wp-json\/wp\/v2\/product_tag?post=5749"}],"curies":[{"name":"wp","href":"https:\/\/api.w.org\/{rel}","templated":true}]}}