{"id":5748,"date":"2024-11-23T12:27:53","date_gmt":"2024-11-23T12:27:53","guid":{"rendered":"https:\/\/www.hyflexpack.com\/?post_type=product&#038;p=5748"},"modified":"2024-11-23T12:27:55","modified_gmt":"2024-11-23T12:27:55","slug":"custom-chips-packaging-film-roll","status":"publish","type":"product","link":"https:\/\/www.hyflexpack.com\/es\/product\/custom-chips-packaging-film-roll\/","title":{"rendered":"OEM Rollo de pel\u00edcula de embalaje de chips laminados,Soluciones de embalaje de chips fotato a medida"},"content":{"rendered":"<div class=\"wp-block-columns is-layout-flex wp-container-core-columns-is-layout-9d6595d7 wp-block-columns-is-layout-flex\">\n<div class=\"wp-block-column is-layout-flow wp-block-column-is-layout-flow\">\n<h3 class=\"wp-block-heading\">Features of High Quality Chips Packaging Film Roll<\/h3>\n\n\n\n<p><strong>Materiales de alta calidad<\/strong>: Fabricado con materiales de film de envasado de alta calidad, garantizando la seguridad alimentaria, no t\u00f3xico e inodoro. Resistente y duradero, adecuado para una variedad de necesidades de envasado de alimentos.<\/p>\n\n\n\n<p><\/p>\n\n\n\n<p><strong>Envasado eficaz<\/strong>: Adecuado para equipos de envasado autom\u00e1tico para mejorar la eficiencia de la producci\u00f3n. El dise\u00f1o liso del rollo de pel\u00edcula garantiza que no se produzcan atascos de papel durante el envasado a alta velocidad.<\/p>\n\n\n\n<p><\/p>\n\n\n\n<p><strong>Rendimiento de protecci\u00f3n superior<\/strong>: Efectivamente a prueba de humedad y polvo, buena resistencia al desgarro, protege la integridad del producto durante el transporte y el almacenamiento.<\/p>\n\n\n\n<p><\/p>\n\n\n\n<p><strong>Opciones respetuosas con el medio ambiente<\/strong>: Apoyan el uso de materiales biodegradables y reciclables para cumplir los requisitos de protecci\u00f3n del medio ambiente. Tambi\u00e9n se ofrecen opciones de grosor de pel\u00edcula para reducir el desperdicio de material y disminuir la huella de carbono.<\/p>\n\n\n\n<p><\/p>\n\n\n\n<p><strong>Uso c\u00f3modo<\/strong>: The composite packaging film roll is easy to store and handle, saving warehouse space<\/p>\n<\/div>\n\n\n\n<div class=\"wp-block-column is-layout-flow wp-block-column-is-layout-flow\">\n<figure class=\"wp-block-image size-full\"><img fetchpriority=\"high\" decoding=\"async\" width=\"750\" height=\"750\" src=\"https:\/\/www.hyflexpack.com\/wp-content\/uploads\/2024\/11\/OEM-Laminated-Packaging-Film-\uff081\uff09.webp\" alt=\"Rollo de pel\u00edcula para envasado de patatas fritas al por mayor\" class=\"wp-image-5723\" srcset=\"https:\/\/www.hyflexpack.com\/wp-content\/uploads\/2024\/11\/OEM-Laminated-Packaging-Film-\uff081\uff09.webp 750w, https:\/\/www.hyflexpack.com\/wp-content\/uploads\/2024\/11\/OEM-Laminated-Packaging-Film-\uff081\uff09-300x300.webp 300w, https:\/\/www.hyflexpack.com\/wp-content\/uploads\/2024\/11\/OEM-Laminated-Packaging-Film-\uff081\uff09-150x150.webp 150w, https:\/\/www.hyflexpack.com\/wp-content\/uploads\/2024\/11\/OEM-Laminated-Packaging-Film-\uff081\uff09-12x12.webp 12w, https:\/\/www.hyflexpack.com\/wp-content\/uploads\/2024\/11\/OEM-Laminated-Packaging-Film-\uff081\uff09-285x285.webp 285w, https:\/\/www.hyflexpack.com\/wp-content\/uploads\/2024\/11\/OEM-Laminated-Packaging-Film-\uff081\uff09-270x270.webp 270w, https:\/\/www.hyflexpack.com\/wp-content\/uploads\/2024\/11\/OEM-Laminated-Packaging-Film-\uff081\uff09-540x540.webp 540w, https:\/\/www.hyflexpack.com\/wp-content\/uploads\/2024\/11\/OEM-Laminated-Packaging-Film-\uff081\uff09-660x660.webp 660w\" sizes=\"(max-width: 750px) 100vw, 750px\" \/><\/figure>\n<\/div>\n<\/div>\n\n\n\n<p><\/p>","protected":false},"excerpt":{"rendered":"<p>Customized printed food snack potato chips packaging film roll, offering durable, vibrant, and fresh-keeping solutions tailored to your brand.<\/p>\n<h3>Advantages of Chips Packaging Film Roll Supplier<\/h3>\n<ul>\n<li>Dise\u00f1o personalizado: Proporcionamos servicios personalizados, incluyendo la personalizaci\u00f3n del material, el tama\u00f1o y el patr\u00f3n de impresi\u00f3n para satisfacer las necesidades del cliente, y\u00a0<a href=\"https:\/\/www.hyflexpack.com\/es\/envases-flexibles-personalizados\/\"><strong>admite OEM y ODM<\/strong><\/a>.<\/li>\n<li>Fabricaci\u00f3n: Con equipos y tecnolog\u00eda avanzados, podemos completar la producci\u00f3n de pedidos de manera eficiente y con alta calidad, y podemos entregar a tiempo.<\/li>\n<li>Inspecci\u00f3n de calidad: La producci\u00f3n se lleva a cabo siguiendo estrictamente las normas de calidad y los requisitos de seguridad alimentaria para garantizar que los productos cumplen las normas.<\/li>\n<li>Certificaci\u00f3n<strong>\uff1a<\/strong>\u00a0<strong>FDA\/BRC\/ISO 9001\/RoHS<\/strong><\/li>\n<li>Atenci\u00f3n al cliente:\u00a0<strong>24 horas<\/strong>\u00a0para ofrecer una respuesta r\u00e1pida y un servicio de atenci\u00f3n al cliente esmerado.<\/li>\n<li>Muestra gratuita: Proporcionar un servicio de muestra gratuita para que pueda evaluar el producto.<\/li>\n<\/ul>","protected":false},"featured_media":5723,"comment_status":"open","ping_status":"closed","template":"","meta":[],"product_brand":[],"product_cat":[53],"product_tag":[],"class_list":{"0":"post-5748","1":"product","2":"type-product","3":"status-publish","4":"has-post-thumbnail","6":"product_cat-packaging-film-supplier","8":"first","9":"instock","10":"shipping-taxable","11":"product-type-simple"},"_links":{"self":[{"href":"https:\/\/www.hyflexpack.com\/es\/wp-json\/wp\/v2\/product\/5748","targetHints":{"allow":["GET"]}}],"collection":[{"href":"https:\/\/www.hyflexpack.com\/es\/wp-json\/wp\/v2\/product"}],"about":[{"href":"https:\/\/www.hyflexpack.com\/es\/wp-json\/wp\/v2\/types\/product"}],"replies":[{"embeddable":true,"href":"https:\/\/www.hyflexpack.com\/es\/wp-json\/wp\/v2\/comments?post=5748"}],"wp:featuredmedia":[{"embeddable":true,"href":"https:\/\/www.hyflexpack.com\/es\/wp-json\/wp\/v2\/media\/5723"}],"wp:attachment":[{"href":"https:\/\/www.hyflexpack.com\/es\/wp-json\/wp\/v2\/media?parent=5748"}],"wp:term":[{"taxonomy":"product_brand","embeddable":true,"href":"https:\/\/www.hyflexpack.com\/es\/wp-json\/wp\/v2\/product_brand?post=5748"},{"taxonomy":"product_cat","embeddable":true,"href":"https:\/\/www.hyflexpack.com\/es\/wp-json\/wp\/v2\/product_cat?post=5748"},{"taxonomy":"product_tag","embeddable":true,"href":"https:\/\/www.hyflexpack.com\/es\/wp-json\/wp\/v2\/product_tag?post=5748"}],"curies":[{"name":"wp","href":"https:\/\/api.w.org\/{rel}","templated":true}]}}