{"id":5719,"date":"2024-11-23T08:41:47","date_gmt":"2024-11-23T08:41:47","guid":{"rendered":"https:\/\/www.hyflexpack.com\/?post_type=product&#038;p=5719"},"modified":"2025-05-17T06:48:35","modified_gmt":"2025-05-17T06:48:35","slug":"candy-twist-wrap-packaging-film","status":"publish","type":"product","link":"https:\/\/www.hyflexpack.com\/es\/product\/candy-twist-wrap-packaging-film\/","title":{"rendered":"OEM Caramelo Twist Wrap Embalaje Film Embalaje Flexible Proveedor"},"content":{"rendered":"<div class=\"wp-block-columns is-layout-flex wp-container-core-columns-is-layout-9d6595d7 wp-block-columns-is-layout-flex\">\n<div class=\"wp-block-column is-layout-flow wp-block-column-is-layout-flow\">\n<h3 class=\"wp-block-heading\">Caracter\u00edsticas de la pel\u00edcula de embalaje Twist Wrap para caramelos de alta calidad<\/h3>\n\n\n\n<ul class=\"wp-block-list\">\n<li><strong>Materiales ecol\u00f3gicos<\/strong>: La pel\u00edcula de embalaje de envoltura retorcida est\u00e1 hecha de materiales de pel\u00edcula de embalaje de alta calidad, de grado alimentario seguro, no t\u00f3xico e inodoro. Firme y duradero para servir a una amplia gama de necesidades de envasado de alimentos.<\/li>\n<\/ul>\n\n\n\n<p><\/p>\n\n\n\n<ul class=\"wp-block-list\">\n<li><strong>Embalaje eficaz<\/strong>: Es adecuado para que los equipos de envasado autom\u00e1tico aumenten la eficiencia de la producci\u00f3n. El dise\u00f1o del rollo de pel\u00edcula, con suavidad en el interior, garantiza que no habr\u00e1 atascos de papel durante el embalaje de alta velocidad.<\/li>\n<\/ul>\n\n\n\n<p><\/p>\n\n\n\n<ul class=\"wp-block-list\">\n<li><strong>Rendimiento de protecci\u00f3n superior<\/strong>puede evitar eficazmente la humedad y el polvo y prolongar la vida \u00fatil de los caramelos. Su buena resistencia al desgarro protege la integridad del producto durante el transporte y el almacenamiento.<\/li>\n<\/ul>\n\n\n\n<p><\/p>\n\n\n\n<ul class=\"wp-block-list\">\n<li><strong>Protecci\u00f3n del medio ambiente<\/strong>: admite el uso de materiales biodegradables y reciclables, as\u00ed como opciones de grosor de pel\u00edcula para reducir el desperdicio de material y la huella de carbono.<\/li>\n<\/ul>\n\n\n\n<p><\/p>\n\n\n\n<ul class=\"wp-block-list\">\n<li><strong>C\u00f3modo de usar<\/strong>: El rollo de pel\u00edcula de pl\u00e1stico es conveniente para el sellado t\u00e9rmico, lo que garantiza la estanqueidad; las pel\u00edculas en rollo son f\u00e1ciles de almacenar y manipular, lo que ahorra espacio en el almac\u00e9n.<\/li>\n<\/ul>\n<\/div>\n\n\n\n<div class=\"wp-block-column is-layout-flow wp-block-column-is-layout-flow\">\n<figure class=\"wp-block-image size-full\"><img fetchpriority=\"high\" decoding=\"async\" width=\"750\" height=\"750\" src=\"https:\/\/www.hyflexpack.com\/wp-content\/uploads\/2024\/11\/OEM-Candy-Twist-Film1.webp\" alt=\"OEM Caramelo Twist Wrap Embalaje Pel\u00edcula Proveedor\" class=\"wp-image-5708\" srcset=\"https:\/\/www.hyflexpack.com\/wp-content\/uploads\/2024\/11\/OEM-Candy-Twist-Film1.webp 750w, https:\/\/www.hyflexpack.com\/wp-content\/uploads\/2024\/11\/OEM-Candy-Twist-Film1-300x300.webp 300w, https:\/\/www.hyflexpack.com\/wp-content\/uploads\/2024\/11\/OEM-Candy-Twist-Film1-150x150.webp 150w, https:\/\/www.hyflexpack.com\/wp-content\/uploads\/2024\/11\/OEM-Candy-Twist-Film1-12x12.webp 12w, https:\/\/www.hyflexpack.com\/wp-content\/uploads\/2024\/11\/OEM-Candy-Twist-Film1-285x285.webp 285w, https:\/\/www.hyflexpack.com\/wp-content\/uploads\/2024\/11\/OEM-Candy-Twist-Film1-270x270.webp 270w, https:\/\/www.hyflexpack.com\/wp-content\/uploads\/2024\/11\/OEM-Candy-Twist-Film1-540x540.webp 540w, https:\/\/www.hyflexpack.com\/wp-content\/uploads\/2024\/11\/OEM-Candy-Twist-Film1-660x660.webp 660w\" sizes=\"(max-width: 750px) 100vw, 750px\" \/><\/figure>\n<\/div>\n<\/div>\n\n\n\n<p><\/p>","protected":false},"excerpt":{"rendered":"<p>El film de envasado retorcido OEM de alta calidad garantiza un control total para un retorcido seguro y una apertura f\u00e1cil, manteniendo los caramelos herm\u00e9ticamente sellados durante la producci\u00f3n y el transporte, perfecto para las necesidades de envasado flexible.<\/p>\n<h3>Ventajas del proveedor de pel\u00edcula para envasado Twist Wrap<\/h3>\n<ul>\n<li>Servicio personalizado: Proporcione <a href=\"https:\/\/www.hyflexpack.com\/es\/envases-flexibles-personalizados\/\"><strong>ODM y servicio ODM<\/strong><\/a>personalizar el tama\u00f1o, la impresi\u00f3n y el material seg\u00fan las necesidades del cliente.<\/li>\n<li>Entrega r\u00e1pida: Proceso de producci\u00f3n y gesti\u00f3n de la cadena de suministro eficientes para garantizar la entrega puntual de los pedidos y satisfacer las necesidades urgentes de los clientes.<\/li>\n<li>Garant\u00eda de calidad: Un estricto sistema de control de calidad garantiza que cada producto cumpla los requisitos y normas de los clientes.<\/li>\n<li>Rentabilidad: Ofrecer precios competitivos y reducir los costes de compra de los clientes optimizando los procesos de producci\u00f3n y la gesti\u00f3n de costes.<\/li>\n<li>Muestra gratuita: Ofrecemos un servicio de muestras gratuitas para evaluar sus productos.<\/li>\n<\/ul>","protected":false},"featured_media":5709,"comment_status":"open","ping_status":"closed","template":"","meta":[],"product_brand":[],"product_cat":[53,89],"product_tag":[],"class_list":{"0":"post-5719","1":"product","2":"type-product","3":"status-publish","4":"has-post-thumbnail","6":"product_cat-packaging-film-supplier","7":"product_cat-custom-twist-film","9":"first","10":"instock","11":"shipping-taxable","12":"product-type-simple"},"_links":{"self":[{"href":"https:\/\/www.hyflexpack.com\/es\/wp-json\/wp\/v2\/product\/5719","targetHints":{"allow":["GET"]}}],"collection":[{"href":"https:\/\/www.hyflexpack.com\/es\/wp-json\/wp\/v2\/product"}],"about":[{"href":"https:\/\/www.hyflexpack.com\/es\/wp-json\/wp\/v2\/types\/product"}],"replies":[{"embeddable":true,"href":"https:\/\/www.hyflexpack.com\/es\/wp-json\/wp\/v2\/comments?post=5719"}],"wp:featuredmedia":[{"embeddable":true,"href":"https:\/\/www.hyflexpack.com\/es\/wp-json\/wp\/v2\/media\/5709"}],"wp:attachment":[{"href":"https:\/\/www.hyflexpack.com\/es\/wp-json\/wp\/v2\/media?parent=5719"}],"wp:term":[{"taxonomy":"product_brand","embeddable":true,"href":"https:\/\/www.hyflexpack.com\/es\/wp-json\/wp\/v2\/product_brand?post=5719"},{"taxonomy":"product_cat","embeddable":true,"href":"https:\/\/www.hyflexpack.com\/es\/wp-json\/wp\/v2\/product_cat?post=5719"},{"taxonomy":"product_tag","embeddable":true,"href":"https:\/\/www.hyflexpack.com\/es\/wp-json\/wp\/v2\/product_tag?post=5719"}],"curies":[{"name":"wp","href":"https:\/\/api.w.org\/{rel}","templated":true}]}}