{"id":5643,"date":"2024-11-09T03:07:00","date_gmt":"2024-11-09T03:07:00","guid":{"rendered":"https:\/\/www.hyflexpack.com\/?post_type=product&#038;p=5643"},"modified":"2025-11-04T09:21:29","modified_gmt":"2025-11-04T09:21:29","slug":"custom-cold-seal-packaging-film","status":"publish","type":"product","link":"https:\/\/www.hyflexpack.com\/es\/product\/custom-cold-seal-packaging-film\/","title":{"rendered":"China Film de sellado en fr\u00edo para envasado de chocolate Proveedor de film en rollo"},"content":{"rendered":"<div class=\"wp-block-columns is-layout-flex wp-container-core-columns-is-layout-9d6595d7 wp-block-columns-is-layout-flex\">\n<div class=\"wp-block-column is-layout-flow wp-block-column-is-layout-flow\">\n<h3 class=\"wp-block-heading\">Ventajas del fabricante de pel\u00edculas de sellado en fr\u00edo a medida<\/h3>\n\n\n\n<ul class=\"wp-block-list\">\n<li>Dise\u00f1o personalizado: Proporcionamos servicios personalizados, incluyendo la personalizaci\u00f3n del material, el tama\u00f1o y el patr\u00f3n de impresi\u00f3n para satisfacer las necesidades del cliente, y el apoyo <strong><a href=\"https:\/\/www.hyflexpack.com\/es\/envases-flexibles-personalizados\/\">OEM y ODM<\/a><\/strong>.<\/li>\n<\/ul>\n\n\n\n<p><\/p>\n\n\n\n<ul class=\"wp-block-list\">\n<li>Fabricaci\u00f3n: Con equipos y tecnolog\u00eda avanzados, podemos completar la producci\u00f3n de pedidos de manera eficiente y con alta calidad, y podemos entregar a tiempo.<\/li>\n<\/ul>\n\n\n\n<p><\/p>\n\n\n\n<ul class=\"wp-block-list\">\n<li>Inspecci\u00f3n de calidad: La producci\u00f3n se lleva a cabo siguiendo estrictamente las normas de calidad y los requisitos de seguridad alimentaria para garantizar que los productos cumplen las normas.<\/li>\n<\/ul>\n\n\n\n<p><\/p>\n\n\n\n<ul class=\"wp-block-list\">\n<li>Servicio de atenci\u00f3n al cliente: 24 horas para ofrecer una respuesta r\u00e1pida y un servicio de atenci\u00f3n al cliente atento.<\/li>\n<\/ul>\n\n\n\n<p><\/p>\n\n\n\n<ul class=\"wp-block-list\">\n<li>Muestra gratuita: Proporcionar un servicio de muestras gratuitas para que pueda evaluar el producto.<\/li>\n<\/ul>\n<\/div>\n\n\n\n<div class=\"wp-block-column is-layout-flow wp-block-column-is-layout-flow\">\n<figure class=\"wp-block-image size-full\"><img fetchpriority=\"high\" decoding=\"async\" width=\"750\" height=\"750\" src=\"https:\/\/www.hyflexpack.com\/wp-content\/uploads\/2024\/11\/Custom-Cold-Sealing-Film\uff086\uff09.webp\" alt=\"Film de sellado en fr\u00edo a medida\" class=\"wp-image-5649\" srcset=\"https:\/\/www.hyflexpack.com\/wp-content\/uploads\/2024\/11\/Custom-Cold-Sealing-Film\uff086\uff09.webp 750w, https:\/\/www.hyflexpack.com\/wp-content\/uploads\/2024\/11\/Custom-Cold-Sealing-Film\uff086\uff09-300x300.webp 300w, https:\/\/www.hyflexpack.com\/wp-content\/uploads\/2024\/11\/Custom-Cold-Sealing-Film\uff086\uff09-150x150.webp 150w, https:\/\/www.hyflexpack.com\/wp-content\/uploads\/2024\/11\/Custom-Cold-Sealing-Film\uff086\uff09-12x12.webp 12w, https:\/\/www.hyflexpack.com\/wp-content\/uploads\/2024\/11\/Custom-Cold-Sealing-Film\uff086\uff09-285x285.webp 285w, https:\/\/www.hyflexpack.com\/wp-content\/uploads\/2024\/11\/Custom-Cold-Sealing-Film\uff086\uff09-270x270.webp 270w, https:\/\/www.hyflexpack.com\/wp-content\/uploads\/2024\/11\/Custom-Cold-Sealing-Film\uff086\uff09-540x540.webp 540w, https:\/\/www.hyflexpack.com\/wp-content\/uploads\/2024\/11\/Custom-Cold-Sealing-Film\uff086\uff09-660x660.webp 660w\" sizes=\"(max-width: 750px) 100vw, 750px\" \/><\/figure>\n<\/div>\n<\/div>\n\n\n\n<p><\/p>","protected":false},"excerpt":{"rendered":"<p>Nuestros films de sellado en fr\u00edo personalizados se utilizan para chocolates y otros productos perecederos para garantizar un sellado seguro y una frescura prolongada bajo la protecci\u00f3n de films de sellado en fr\u00edo. No dude en consultarnos para obtener m\u00e1s soluciones de envasado.<\/p>\n<h3>Caracter\u00edsticas de la pel\u00edcula para envasado en fr\u00edo<\/h3>\n<div class=\"TextContainer_container__n2_WD  OutputContainer_outputContainer__PvVjd\">\n<ul>\n<li class=\"OutputContainer_output__wvgeh\"><strong><span class=\"Editor_t__added__LtuNJ\">Material\u00a0<\/span><span class=\"Editor_t__not_edited__WuRP8\">Calidad<\/span><\/strong><span class=\"Editor_t__not_edited__WuRP8\">:\u00a0<\/span><span class=\"Editor_t__added__LtuNJ\">En<\/span><span class=\"Editor_t__not_edited__WuRP8\">\u00a0<\/span><span class=\"Editor_t__not_edited__WuRP8\">materiales para pel\u00edculas de envasado\u00a0<\/span><span class=\"Editor_t__added__LtuNJ\">usado<\/span><span class=\"Editor_t__not_edited__WuRP8\">\u00a0<\/span><span class=\"Editor_t__added__LtuNJ\">son<\/span><span class=\"Editor_t__not_edited__WuRP8\">\u00a0<\/span><span class=\"Editor_t__added__LtuNJ\">de alta calidad, garantizando as\u00ed\u00a0<\/span><span class=\"Editor_t__not_edited__WuRP8\">seguridad alimentaria<\/span><span class=\"Editor_t__added__LtuNJ\">:<\/span><span class=\"Editor_t__not_edited__WuRP8\">\u00a0<\/span><span class=\"Editor_t__added__LtuNJ\">no t\u00f3xico<\/span><span class=\"Editor_t__not_edited_long__JuNNx\">\u00a0y sin olor. Resistente y duradero,\u00a0<\/span><span class=\"Editor_t__added__LtuNJ\">es\u00a0<\/span><span class=\"Editor_t__not_edited__WuRP8\">adecuado para un\u00a0<\/span><span class=\"Editor_t__added__LtuNJ\">ancho<\/span><span class=\"Editor_t__not_edited__WuRP8\">\u00a0<\/span><span class=\"Editor_t__added__LtuNJ\">gama\u00a0<\/span><span class=\"Editor_t__not_edited__WuRP8\">de envases alimentarios\u00a0<\/span><span class=\"Editor_t__added__LtuNJ\">aplicaciones<\/span><span class=\"Editor_t__not_edited__WuRP8\">.<\/span><\/li>\n<li class=\"OutputContainer_output__wvgeh\"><strong><span class=\"Editor_t__not_edited__WuRP8\">Embalaje eficiente: <\/span><\/strong><span class=\"Editor_t__added__LtuNJ\">Es\u00a0<\/span><span class=\"Editor_t__not_edited__WuRP8\">adecuado para\u00a0<\/span><span class=\"Editor_t__added__LtuNJ\">utilizar con\u00a0<\/span><span class=\"Editor_t__not_edited__WuRP8\">autom\u00e1tico\u00a0<\/span><span class=\"Editor_t__added__LtuNJ\">embalaje<\/span><span class=\"Editor_t__not_edited__WuRP8\">\u00a0equipo para\u00a0<\/span><span class=\"Editor_t__added__LtuNJ\">aumentar<\/span><span class=\"Editor_t__not_edited_long__JuNNx\">\u00a0eficiencia productiva. La suavidad\u00a0<\/span><span class=\"Editor_t__added__LtuNJ\">dise\u00f1o<\/span><span class=\"Editor_t__not_edited__WuRP8\">\u00a0<\/span><span class=\"Editor_t__added__LtuNJ\">en el\u00a0<\/span><span class=\"Editor_t__not_edited__WuRP8\">rollo\u00a0<\/span><span class=\"Editor_t__added__LtuNJ\">de<\/span><span class=\"Editor_t__not_edited__WuRP8\">\u00a0<\/span><span class=\"Editor_t__added__LtuNJ\">la pel\u00edcula\u00a0<\/span><span class=\"Editor_t__not_edited_long__JuNNx\">garantiza que no habr\u00e1 papel\u00a0<\/span><span class=\"Editor_t__added__LtuNJ\">mermelada<\/span><span class=\"Editor_t__not_edited__WuRP8\">\u00a0<\/span><span class=\"Editor_t__added__LtuNJ\">cuando<\/span><span class=\"Editor_t__not_edited__WuRP8\">\u00a0<\/span><span class=\"Editor_t__added__LtuNJ\">en\u00a0<\/span><span class=\"Editor_t__not_edited__WuRP8\">embalaje de alta velocidad.<br \/><\/span><\/li>\n<li class=\"OutputContainer_output__wvgeh\"><strong><span class=\"Editor_t__added__LtuNJ\">Excelente<\/span><span class=\"Editor_t__not_edited__WuRP8\"> P<\/span><\/strong><span class=\"Editor_t__added__LtuNJ\"><strong>rotecci\u00f3n<\/strong>: <\/span><span class=\"Editor_t__added__LtuNJ\">evita<\/span><span class=\"Editor_t__not_edited__WuRP8\">\u00a0la humedad y el polvo,\u00a0<\/span><span class=\"Editor_t__added__LtuNJ\">ampliando<\/span><span class=\"Editor_t__not_edited__WuRP8\">\u00a0<\/span><span class=\"Editor_t__added__LtuNJ\">alimentos<\/span><span class=\"Editor_t__not_edited__WuRP8\">\u00a0<\/span><span class=\"Editor_t__not_edited__WuRP8\">vida \u00fatil<\/span><span class=\"Editor_t__not_edited_long__JuNNx\">. La buena resistencia al desgarro protege\u00a0<\/span><span class=\"Editor_t__added__LtuNJ\">chocolate<\/span><span class=\"Editor_t__not_edited__WuRP8\">\u00a0integridad\u00a0<\/span><span class=\"Editor_t__not_edited__WuRP8\">durante\u00a0<\/span><span class=\"Editor_t__added__LtuNJ\">transporte<\/span><span class=\"Editor_t__not_edited__WuRP8\">\u00a0y almacenamiento.<br \/><\/span><\/li>\n<li class=\"OutputContainer_output__wvgeh\"><strong><span class=\"Editor_t__added__LtuNJ\">Verde<\/span><span class=\"Editor_t__not_edited__WuRP8\"> O<\/span><\/strong><span class=\"Editor_t__not_edited_long__JuNNx\"><strong>pciones<\/strong>: apoyan el uso de materiales biodegradables y reciclables para satisfacer\u00a0<\/span><span class=\"Editor_t__added__LtuNJ\">el requisito de\u00a0<\/span><span class=\"Editor_t__not_edited__WuRP8\">protecci\u00f3n del medio ambiente<\/span><span class=\"Editor_t__not_edited__WuRP8\">.\u00a0<\/span><span class=\"Editor_t__added__LtuNJ\">Opciones de\u00a0<\/span><span class=\"Editor_t__not_edited__WuRP8\">espesor de la pel\u00edcula\u00a0<\/span><span class=\"Editor_t__not_edited_long__JuNNx\">para reducir el desperdicio de material y\u00a0<\/span><span class=\"Editor_t__added__LtuNJ\">inferior<\/span><span class=\"Editor_t__not_edited_long__JuNNx\">\u00a0huella de carbono.<br \/><\/span><\/li>\n<li class=\"OutputContainer_output__wvgeh\"><strong><span class=\"Editor_t__not_edited_long__JuNNx\">Ahorro de energ\u00eda y E<\/span><span class=\"Editor_t__added__LtuNJ\">ficiencia<\/span><\/strong><span class=\"Editor_t__not_edited__WuRP8\">: Como la pel\u00edcula no se calienta<\/span><span class=\"Editor_t__added__LtuNJ\">\u00a0durante el sellado<\/span><span class=\"Editor_t__not_edited__WuRP8\"><span class=\"Editor_t__not_edited__WuRP8\">, el c<\/span><\/span>pel\u00edcula de sellado antiguo usos<span class=\"Editor_t__not_edited__WuRP8\">\u00a0<\/span><span class=\"Editor_t__added__LtuNJ\">menos<\/span><span class=\"Editor_t__not_edited__WuRP8\">\u00a0energ\u00eda<\/span><span class=\"Editor_t__not_edited__WuRP8\">,\u00a0<\/span><span class=\"Editor_t__added__LtuNJ\">ahorro<\/span><span class=\"Editor_t__not_edited__WuRP8\">\u00a0<\/span><span class=\"Editor_t__added__LtuNJ\">en<\/span><span class=\"Editor_t__not_edited__WuRP8\">\u00a0costes de producci\u00f3n<\/span><span class=\"Editor_t__added__LtuNJ\">;<\/span><span class=\"Editor_t__not_edited__WuRP8\">\u00a0<\/span><span class=\"Editor_t__added__LtuNJ\">as\u00ed,<\/span><span class=\"Editor_t__not_edited__WuRP8\">\u00a0<\/span><span class=\"Editor_t__not_edited__WuRP8\">eficacia de la producci\u00f3n<\/span><span class=\"Editor_t__added__LtuNJ\">\u00a0sube<\/span><span class=\"Editor_t__not_edited__WuRP8\">.<\/span><\/li>\n<\/ul>\n<p><strong>Envasado Huiyang<\/strong> ofrece servicios integrales de integraci\u00f3n de envases, apoyando a los clientes desde el dise\u00f1o hasta la entrega, ayud\u00e1ndoles a realizar soluciones de envasado flexible eficientes y de alta calidad.<\/p>\n<\/div>","protected":false},"featured_media":5644,"comment_status":"open","ping_status":"closed","template":"","meta":[],"product_brand":[],"product_cat":[53,86],"product_tag":[],"class_list":{"0":"post-5643","1":"product","2":"type-product","3":"status-publish","4":"has-post-thumbnail","6":"product_cat-packaging-film-supplier","7":"product_cat-cold-seal-film","9":"first","10":"instock","11":"shipping-taxable","12":"product-type-simple"},"_links":{"self":[{"href":"https:\/\/www.hyflexpack.com\/es\/wp-json\/wp\/v2\/product\/5643","targetHints":{"allow":["GET"]}}],"collection":[{"href":"https:\/\/www.hyflexpack.com\/es\/wp-json\/wp\/v2\/product"}],"about":[{"href":"https:\/\/www.hyflexpack.com\/es\/wp-json\/wp\/v2\/types\/product"}],"replies":[{"embeddable":true,"href":"https:\/\/www.hyflexpack.com\/es\/wp-json\/wp\/v2\/comments?post=5643"}],"wp:featuredmedia":[{"embeddable":true,"href":"https:\/\/www.hyflexpack.com\/es\/wp-json\/wp\/v2\/media\/5644"}],"wp:attachment":[{"href":"https:\/\/www.hyflexpack.com\/es\/wp-json\/wp\/v2\/media?parent=5643"}],"wp:term":[{"taxonomy":"product_brand","embeddable":true,"href":"https:\/\/www.hyflexpack.com\/es\/wp-json\/wp\/v2\/product_brand?post=5643"},{"taxonomy":"product_cat","embeddable":true,"href":"https:\/\/www.hyflexpack.com\/es\/wp-json\/wp\/v2\/product_cat?post=5643"},{"taxonomy":"product_tag","embeddable":true,"href":"https:\/\/www.hyflexpack.com\/es\/wp-json\/wp\/v2\/product_tag?post=5643"}],"curies":[{"name":"wp","href":"https:\/\/api.w.org\/{rel}","templated":true}]}}