{"id":5636,"date":"2024-11-11T07:09:54","date_gmt":"2024-11-11T07:09:54","guid":{"rendered":"https:\/\/www.hyflexpack.com\/?post_type=product&#038;p=5636"},"modified":"2024-11-11T07:09:56","modified_gmt":"2024-11-11T07:09:56","slug":"eco-friendly-soap-packaging-supplier","status":"publish","type":"product","link":"https:\/\/www.hyflexpack.com\/es\/product\/eco-friendly-soap-packaging-supplier\/","title":{"rendered":"Eco Friendly Soap Packaging Film Custom Printed Rollstock Proveedor"},"content":{"rendered":"<div class=\"wp-block-columns is-layout-flex wp-container-core-columns-is-layout-9d6595d7 wp-block-columns-is-layout-flex\">\n<div class=\"wp-block-column is-layout-flow wp-block-column-is-layout-flow\">\n<h3 class=\"wp-block-heading\">Caracter\u00edsticas de los envases de jab\u00f3n ecol\u00f3gicos personalizados de alta calidad<\/h3>\n\n\n\n<ul class=\"wp-block-list\">\n<li><strong>Material de alta calidad<\/strong>: Fabricado con materiales de envasado de calidad superior, que garantizan la seguridad de los alimentos, no t\u00f3xico e inodoro. Con un rendimiento firme y duradero, es aplicable para diversos fines de envasado de alimentos.<\/li>\n\n\n\n<li><strong>Embalaje eficaz garantizado<\/strong>: Adecuado para equipos de envasado autom\u00e1tico para mejorar la eficiencia de la producci\u00f3n. El dise\u00f1o liso del rollo de pel\u00edcula garantiza que no se produzcan atascos de papel durante el envasado a alta velocidad.<\/li>\n\n\n\n<li><strong>Excelente rendimiento de protecci\u00f3n<\/strong>e: impide eficazmente la entrada de humedad y polvo y prolonga la validez de los detergentes para ropa. Su buena resistencia al desgarro protege la integridad del producto en el transporte y el almacenamiento.<\/li>\n\n\n\n<li><strong>Se tiene en cuenta la protecci\u00f3n del medio ambiente<\/strong>Soporte de materiales biodegradables y reciclables para cumplir los requisitos de protecci\u00f3n del medio ambiente. Tambi\u00e9n se ofrecen materiales de distintos grosores para reducir el desperdicio de material y la huella de carbono.<\/li>\n\n\n\n<li><strong>C\u00f3modo de usar<\/strong>: El rollo de pel\u00edcula de pl\u00e1stico es f\u00e1cil de sellar; se calentar\u00e1 y se sellar\u00e1 herm\u00e9ticamente para que no entre humedad en el detergente para ropa del interior. F\u00e1cil de almacenar y manejar, ahorra espacio en el almac\u00e9n.<\/li>\n<\/ul>\n<\/div>\n\n\n\n<div class=\"wp-block-column is-layout-flow wp-block-column-is-layout-flow\">\n<figure class=\"wp-block-image size-full\"><img fetchpriority=\"high\" decoding=\"async\" width=\"750\" height=\"750\" src=\"https:\/\/www.hyflexpack.com\/wp-content\/uploads\/2024\/11\/Custom-Washing-Powder-Packaging-Film\uff081\uff09.webp\" alt=\"Film para envasado de detergente en polvo a medida\" class=\"wp-image-5637\" srcset=\"https:\/\/www.hyflexpack.com\/wp-content\/uploads\/2024\/11\/Custom-Washing-Powder-Packaging-Film\uff081\uff09.webp 750w, https:\/\/www.hyflexpack.com\/wp-content\/uploads\/2024\/11\/Custom-Washing-Powder-Packaging-Film\uff081\uff09-300x300.webp 300w, https:\/\/www.hyflexpack.com\/wp-content\/uploads\/2024\/11\/Custom-Washing-Powder-Packaging-Film\uff081\uff09-150x150.webp 150w, https:\/\/www.hyflexpack.com\/wp-content\/uploads\/2024\/11\/Custom-Washing-Powder-Packaging-Film\uff081\uff09-12x12.webp 12w, https:\/\/www.hyflexpack.com\/wp-content\/uploads\/2024\/11\/Custom-Washing-Powder-Packaging-Film\uff081\uff09-285x285.webp 285w, https:\/\/www.hyflexpack.com\/wp-content\/uploads\/2024\/11\/Custom-Washing-Powder-Packaging-Film\uff081\uff09-270x270.webp 270w, https:\/\/www.hyflexpack.com\/wp-content\/uploads\/2024\/11\/Custom-Washing-Powder-Packaging-Film\uff081\uff09-540x540.webp 540w, https:\/\/www.hyflexpack.com\/wp-content\/uploads\/2024\/11\/Custom-Washing-Powder-Packaging-Film\uff081\uff09-660x660.webp 660w\" sizes=\"(max-width: 750px) 100vw, 750px\" \/><\/figure>\n<\/div>\n<\/div>\n\n\n\n<p><\/p>","protected":false},"excerpt":{"rendered":"<p>Film ecol\u00f3gico impreso a medida para envasar jab\u00f3n, dise\u00f1ado para proteger y mejorar sus productos de jab\u00f3n con materiales sostenibles de alta calidad. Elija envases ecol\u00f3gicos para un impacto m\u00e1s verde. P\u00f3ngase en contacto con nosotros hoy mismo.<\/p>\n<h3>Ventajas del mayorista de envases de jab\u00f3n ecol\u00f3gicos<\/h3>\n<ul>\n<li><strong>Dise\u00f1o personalizado<\/strong>: Proporcionamos servicios personalizados en varios tama\u00f1os, formas, colores y patrones de impresi\u00f3n para satisfacer las necesidades de marca de los distintos clientes.<\/li>\n<li><strong>Fabricaci\u00f3n<\/strong>: Con equipos y tecnolog\u00eda avanzados, podemos completar la producci\u00f3n de la orden con alta eficiencia y alta calidad y entregar a tiempo.<\/li>\n<li><strong>Monitorizaci\u00f3n de rango completo<\/strong>: Se lleva a cabo un estricto control de calidad en cada paso, desde la compra de materias primas hasta que los productos terminados salen de la f\u00e1brica, y hemos pasado varias certificaciones internacionales de calidad para garantizar una calidad fiable.<\/li>\n<li><strong>Atenci\u00f3n al cliente de calidad<\/strong>: Proporcionar servicios profesionales de consultor\u00eda de productos y mercados para ayudar a los clientes a elegir las soluciones de envasado m\u00e1s adecuadas y un sistema de servicio posventa perfecto.<\/li>\n<li><strong>Muestra gratuita<\/strong>: Ofrecemos un servicio gratuito de muestras para que pueda evaluar los productos.<\/li>\n<\/ul>\n<p><a href=\"https:\/\/www.hyflexpack.com\/es\/\"><strong>Envasado Huiyang<\/strong><\/a> se compromete a proporcionar a los clientes pel\u00edculas ecol\u00f3gicas de alta calidad para el envasado de jab\u00f3n, con el fin de ayudarles a mejorar la imagen de sus productos y aumentar su competitividad en el mercado.<\/p>","protected":false},"featured_media":5637,"comment_status":"open","ping_status":"closed","template":"","meta":[],"product_brand":[],"product_cat":[53],"product_tag":[],"class_list":{"0":"post-5636","1":"product","2":"type-product","3":"status-publish","4":"has-post-thumbnail","6":"product_cat-packaging-film-supplier","8":"first","9":"instock","10":"shipping-taxable","11":"product-type-simple"},"_links":{"self":[{"href":"https:\/\/www.hyflexpack.com\/es\/wp-json\/wp\/v2\/product\/5636","targetHints":{"allow":["GET"]}}],"collection":[{"href":"https:\/\/www.hyflexpack.com\/es\/wp-json\/wp\/v2\/product"}],"about":[{"href":"https:\/\/www.hyflexpack.com\/es\/wp-json\/wp\/v2\/types\/product"}],"replies":[{"embeddable":true,"href":"https:\/\/www.hyflexpack.com\/es\/wp-json\/wp\/v2\/comments?post=5636"}],"wp:featuredmedia":[{"embeddable":true,"href":"https:\/\/www.hyflexpack.com\/es\/wp-json\/wp\/v2\/media\/5637"}],"wp:attachment":[{"href":"https:\/\/www.hyflexpack.com\/es\/wp-json\/wp\/v2\/media?parent=5636"}],"wp:term":[{"taxonomy":"product_brand","embeddable":true,"href":"https:\/\/www.hyflexpack.com\/es\/wp-json\/wp\/v2\/product_brand?post=5636"},{"taxonomy":"product_cat","embeddable":true,"href":"https:\/\/www.hyflexpack.com\/es\/wp-json\/wp\/v2\/product_cat?post=5636"},{"taxonomy":"product_tag","embeddable":true,"href":"https:\/\/www.hyflexpack.com\/es\/wp-json\/wp\/v2\/product_tag?post=5636"}],"curies":[{"name":"wp","href":"https:\/\/api.w.org\/{rel}","templated":true}]}}