{"id":5568,"date":"2024-10-26T18:47:51","date_gmt":"2024-10-26T18:47:51","guid":{"rendered":"https:\/\/www.hyflexpack.com\/?post_type=product&#038;p=5568"},"modified":"2025-10-23T08:56:44","modified_gmt":"2025-10-23T08:56:44","slug":"custom-sauce-packaging-bags","status":"publish","type":"product","link":"https:\/\/www.hyflexpack.com\/es\/product\/custom-sauce-packaging-bags\/","title":{"rendered":"Salsa de tomate Bolsa de embalaje,Bolsa de pie con pico Mayorista"},"content":{"rendered":"<div class=\"wp-block-columns is-layout-flex wp-container-core-columns-is-layout-9d6595d7 wp-block-columns-is-layout-flex\">\n<div class=\"wp-block-column is-layout-flow wp-block-column-is-layout-flow\">\n<h2 class=\"wp-block-heading\">Ventajas y caracter\u00edsticas de los envases personalizados para salsas al por mayor<\/h2>\n\n\n\n<p><\/p>\n\n\n\n<ul class=\"wp-block-list\">\n<li><strong>Materiales de calidad alimentaria<\/strong>Adoptamos materiales seguros, no t\u00f3xicos y respetuosos con el medio ambiente que cumplen las normas internacionales de envasado de alimentos para garantizar su higiene.<\/li>\n<\/ul>\n\n\n\n<p><\/p>\n\n\n\n<ul class=\"wp-block-list\">\n<li><strong>Dise\u00f1o a prueba de fugas<\/strong>: la boquilla de descarga de alta estanqueidad puede evitar las fugas de forma eficaz, facilitando el vertido y el almacenamiento en el envasado de salsa de tomate.<\/li>\n<\/ul>\n\n\n\n<p><\/p>\n\n\n\n<ul class=\"wp-block-list\">\n<li><strong>Resistente y duradero<\/strong>Material compuesto multicapa, resistente a pinchazos y desgarros, adecuado para el transporte a larga distancia y el uso diario.<\/li>\n<\/ul>\n\n\n\n<p><\/p>\n\n\n\n<ul class=\"wp-block-list\">\n<li><strong>Dise\u00f1o de pie<\/strong>Estructura de bolsa de pie personalizada, buena exposici\u00f3n en estanter\u00edas, c\u00f3modo de almacenar y ahorra espacio.<\/li>\n<\/ul>\n\n\n\n<p><\/p>\n\n\n\n<ul class=\"wp-block-list\">\n<li><strong>C\u00f3modo de usar<\/strong>: El dise\u00f1o de la boquilla permite dosificar con precisi\u00f3n la salsa en la aplicaci\u00f3n sin p\u00e9rdidas innecesarias para una sola reutilizaci\u00f3n.<\/li>\n<\/ul>\n\n\n\n<p><\/p>\n\n\n\n<ul class=\"wp-block-list\">\n<li><strong>Amplia aplicaci\u00f3n<\/strong>: La personalizaci\u00f3n del llenado de salsas en el envase podr\u00eda realizarse envasando condimentos l\u00edquidos espesos, ketchup, salsa picante, ali\u00f1o para ensaladas, etc. Este estilo de envase podr\u00eda aplicarse a productos como mermeladas, miel, condimentos alimentarios, etc.<\/li>\n<\/ul>\n\n\n\n<p><\/p>\n\n\n\n<ul class=\"wp-block-list\">\n<li><strong>Opciones ecol\u00f3gicas<\/strong>: Una versi\u00f3n biodegradable puede ir directamente con la demanda del mercado; por tanto, ser\u00eda posible un enfoque de envasado ecol\u00f3gico.<\/li>\n<\/ul>\n<\/div>\n\n\n\n<div class=\"wp-block-column is-layout-flow wp-block-column-is-layout-flow\">\n<figure class=\"wp-block-image size-full\"><img fetchpriority=\"high\" decoding=\"async\" width=\"750\" height=\"750\" src=\"https:\/\/www.hyflexpack.com\/wp-content\/uploads\/2024\/10\/Food-Packaging-Supplies-\uff082\uff09.webp\" alt=\"Envasado de salsas a medida al por mayor\" class=\"wp-image-5550\" srcset=\"https:\/\/www.hyflexpack.com\/wp-content\/uploads\/2024\/10\/Food-Packaging-Supplies-\uff082\uff09.webp 750w, https:\/\/www.hyflexpack.com\/wp-content\/uploads\/2024\/10\/Food-Packaging-Supplies-\uff082\uff09-300x300.webp 300w, https:\/\/www.hyflexpack.com\/wp-content\/uploads\/2024\/10\/Food-Packaging-Supplies-\uff082\uff09-150x150.webp 150w, https:\/\/www.hyflexpack.com\/wp-content\/uploads\/2024\/10\/Food-Packaging-Supplies-\uff082\uff09-12x12.webp 12w, https:\/\/www.hyflexpack.com\/wp-content\/uploads\/2024\/10\/Food-Packaging-Supplies-\uff082\uff09-285x285.webp 285w, https:\/\/www.hyflexpack.com\/wp-content\/uploads\/2024\/10\/Food-Packaging-Supplies-\uff082\uff09-270x270.webp 270w, https:\/\/www.hyflexpack.com\/wp-content\/uploads\/2024\/10\/Food-Packaging-Supplies-\uff082\uff09-540x540.webp 540w, https:\/\/www.hyflexpack.com\/wp-content\/uploads\/2024\/10\/Food-Packaging-Supplies-\uff082\uff09-660x660.webp 660w\" sizes=\"(max-width: 750px) 100vw, 750px\" \/><\/figure>\n<\/div>\n<\/div>\n\n\n\n<div class=\"wp-block-columns is-layout-flex wp-container-core-columns-is-layout-9d6595d7 wp-block-columns-is-layout-flex\">\n<div class=\"wp-block-column is-layout-flow wp-block-column-is-layout-flow\" style=\"flex-basis:66.66%\">\n<figure class=\"wp-block-embed is-type-video is-provider-youtube wp-block-embed-youtube wp-embed-aspect-16-9 wp-has-aspect-ratio\"><div class=\"wp-block-embed__wrapper\">\n<iframe title=\"Pruebas de calidad de los productos\" width=\"940\" height=\"529\" src=\"https:\/\/www.youtube.com\/embed\/IsFpI1AP5mI?feature=oembed\" frameborder=\"0\" allow=\"accelerometer; autoplay; clipboard-write; encrypted-media; gyroscope; picture-in-picture; web-share\" referrerpolicy=\"strict-origin-when-cross-origin\" allowfullscreen><\/iframe>\n<\/div><figcaption class=\"wp-element-caption\">Control de calidad de los envases<\/figcaption><\/figure>\n<\/div>\n\n\n\n<div class=\"wp-block-column is-layout-flow wp-block-column-is-layout-flow\" style=\"flex-basis:33.33%\"><\/div>\n<\/div>\n\n\n\n<h2 class=\"wp-block-heading\">Pruebas de fiabilidad de la calidad de las bolsas de envasado de salsa de tomate<\/h2>\n\n\n\n<p><\/p>\n\n\n\n<p>Nuestras bolsas para envasar salsa de tomate se someten a rigurosas pruebas para comprobar su capacidad y funcionalidad para soportar cargas. Ya se trate de capacidad de carga, rendimiento a prueba de fugas o cualquier otra cosa; cada <strong>bolsa de pie con boquilla<\/strong> se somete a pruebas para el trato duro durante el almacenamiento y transporte de productos l\u00edquidos o semil\u00edquidos, entre los que se encuentran las salsas.<\/p>\n\n\n\n<h3 class=\"wp-block-heading\">Las pruebas clave incluyen:<\/h3>\n\n\n\n<ul class=\"wp-block-list\">\n<li><strong>Prueba de estanqueidad<\/strong>: Garantiza que no se produzcan derrames, incluso a alta presi\u00f3n.<\/li>\n\n\n\n<li><strong>Prueba de ca\u00edda<\/strong>: Garantiza que la bolsa resista ca\u00eddas durante la manipulaci\u00f3n y el transporte.<\/li>\n\n\n\n<li><strong>Prueba de resistencia del sello<\/strong>: Confirma que el ca\u00f1o y las costuras permanecen seguros durante el uso.<\/li>\n<\/ul>\n\n\n\n<p>Como empresa de confianza <strong><a href=\"https:\/\/www.hyflexpack.com\/es\/about-us\/\">fabricante de envases personalizados para salsas<\/a><\/strong>nos centramos en ofrecer soluciones adaptadas a las necesidades de su marca.<\/p>\n\n\n\n<p>As\u00f3ciese con nosotros para disfrutar de un envasado de salsa de tomate fiable y de primera calidad que ofrezca comodidad y confianza a sus clientes.<\/p>\n\n\n\n<p><\/p>\n\n\n\n<p><\/p>\n\n\n\n<h2 class=\"wp-block-heading\">Nuestros populares envases para salsas y condimentos<\/h2>\n\n\n\n<p><\/p>\n\n\n\n<p>Ideales para salsas de tomate, ali\u00f1os para ensaladas y condimentos l\u00edquidos, nuestros envases garantizan frescura, durabilidad y f\u00e1cil almacenamiento para diversas aplicaciones culinarias.<\/p>\n\n\n\n<div class=\"wp-block-columns is-layout-flex wp-container-core-columns-is-layout-9d6595d7 wp-block-columns-is-layout-flex\">\n<div class=\"wp-block-column is-layout-flow wp-block-column-is-layout-flow\">\n<figure class=\"wp-block-image size-full\"><img decoding=\"async\" width=\"750\" height=\"750\" src=\"https:\/\/www.hyflexpack.com\/wp-content\/uploads\/2024\/11\/Custom-Sauce-Bag\uff086\uff09.webp\" alt=\"Bolsa para salsa personalizada\" class=\"wp-image-5612\" srcset=\"https:\/\/www.hyflexpack.com\/wp-content\/uploads\/2024\/11\/Custom-Sauce-Bag\uff086\uff09.webp 750w, https:\/\/www.hyflexpack.com\/wp-content\/uploads\/2024\/11\/Custom-Sauce-Bag\uff086\uff09-300x300.webp 300w, https:\/\/www.hyflexpack.com\/wp-content\/uploads\/2024\/11\/Custom-Sauce-Bag\uff086\uff09-150x150.webp 150w, https:\/\/www.hyflexpack.com\/wp-content\/uploads\/2024\/11\/Custom-Sauce-Bag\uff086\uff09-12x12.webp 12w, https:\/\/www.hyflexpack.com\/wp-content\/uploads\/2024\/11\/Custom-Sauce-Bag\uff086\uff09-285x285.webp 285w, https:\/\/www.hyflexpack.com\/wp-content\/uploads\/2024\/11\/Custom-Sauce-Bag\uff086\uff09-270x270.webp 270w, https:\/\/www.hyflexpack.com\/wp-content\/uploads\/2024\/11\/Custom-Sauce-Bag\uff086\uff09-540x540.webp 540w, https:\/\/www.hyflexpack.com\/wp-content\/uploads\/2024\/11\/Custom-Sauce-Bag\uff086\uff09-660x660.webp 660w\" sizes=\"(max-width: 750px) 100vw, 750px\" \/><figcaption class=\"wp-element-caption\">Envasado de salsas<\/figcaption><\/figure>\n<\/div>\n\n\n\n<div class=\"wp-block-column is-layout-flow wp-block-column-is-layout-flow\">\n<figure class=\"wp-block-image size-full\"><img decoding=\"async\" width=\"750\" height=\"750\" src=\"https:\/\/www.hyflexpack.com\/wp-content\/uploads\/2024\/06\/Condiment-Packaging-Wholesale-2.webp\" alt=\"Envasado de condimentos al por mayor\" class=\"wp-image-4581\" srcset=\"https:\/\/www.hyflexpack.com\/wp-content\/uploads\/2024\/06\/Condiment-Packaging-Wholesale-2.webp 750w, https:\/\/www.hyflexpack.com\/wp-content\/uploads\/2024\/06\/Condiment-Packaging-Wholesale-2-300x300.webp 300w, https:\/\/www.hyflexpack.com\/wp-content\/uploads\/2024\/06\/Condiment-Packaging-Wholesale-2-150x150.webp 150w, https:\/\/www.hyflexpack.com\/wp-content\/uploads\/2024\/06\/Condiment-Packaging-Wholesale-2-12x12.webp 12w, https:\/\/www.hyflexpack.com\/wp-content\/uploads\/2024\/06\/Condiment-Packaging-Wholesale-2-285x285.webp 285w, https:\/\/www.hyflexpack.com\/wp-content\/uploads\/2024\/06\/Condiment-Packaging-Wholesale-2-270x270.webp 270w, https:\/\/www.hyflexpack.com\/wp-content\/uploads\/2024\/06\/Condiment-Packaging-Wholesale-2-540x540.webp 540w, https:\/\/www.hyflexpack.com\/wp-content\/uploads\/2024\/06\/Condiment-Packaging-Wholesale-2-660x660.webp 660w\" sizes=\"(max-width: 750px) 100vw, 750px\" \/><figcaption class=\"wp-element-caption\">Envasado de condimentos<\/figcaption><\/figure>\n<\/div>\n\n\n\n<div class=\"wp-block-column is-layout-flow wp-block-column-is-layout-flow\">\n<figure class=\"wp-block-image size-full\"><img loading=\"lazy\" decoding=\"async\" width=\"750\" height=\"750\" src=\"https:\/\/www.hyflexpack.com\/wp-content\/uploads\/2024\/06\/OEMODM-Sauce-Packaging-Bag-1.webp\" alt=\"OEMODM Bolsa para el envasado de salsas\" class=\"wp-image-4556\" srcset=\"https:\/\/www.hyflexpack.com\/wp-content\/uploads\/2024\/06\/OEMODM-Sauce-Packaging-Bag-1.webp 750w, https:\/\/www.hyflexpack.com\/wp-content\/uploads\/2024\/06\/OEMODM-Sauce-Packaging-Bag-1-300x300.webp 300w, https:\/\/www.hyflexpack.com\/wp-content\/uploads\/2024\/06\/OEMODM-Sauce-Packaging-Bag-1-150x150.webp 150w, https:\/\/www.hyflexpack.com\/wp-content\/uploads\/2024\/06\/OEMODM-Sauce-Packaging-Bag-1-12x12.webp 12w, https:\/\/www.hyflexpack.com\/wp-content\/uploads\/2024\/06\/OEMODM-Sauce-Packaging-Bag-1-285x285.webp 285w, https:\/\/www.hyflexpack.com\/wp-content\/uploads\/2024\/06\/OEMODM-Sauce-Packaging-Bag-1-270x270.webp 270w, https:\/\/www.hyflexpack.com\/wp-content\/uploads\/2024\/06\/OEMODM-Sauce-Packaging-Bag-1-540x540.webp 540w, https:\/\/www.hyflexpack.com\/wp-content\/uploads\/2024\/06\/OEMODM-Sauce-Packaging-Bag-1-660x660.webp 660w\" sizes=\"(max-width: 750px) 100vw, 750px\" \/><figcaption class=\"wp-element-caption\">Envasado de salsas<\/figcaption><\/figure>\n<\/div>\n<\/div>\n\n\n\n<p><\/p>","protected":false},"excerpt":{"rendered":"<p>Como proveedor de envases flexibles, nuestras bolsas personalizadas para salsa de tomate est\u00e1n fabricadas con materias primas de calidad alimentaria respetuosas con el medio ambiente. Los materiales compuestos pueden proporcionar buenas funciones a prueba de humedad y antioxidantes, y las altas propiedades de barrera garantizan la sequedad y seguridad de los alimentos. P\u00f3ngase en contacto con nosotros hoy mismo para solicitar un presupuesto. Nos comprometemos a ofrecer soluciones integrales de envasado ecol\u00f3gicas y de alta calidad.<\/p>\n<h2>Ventajas de la f\u00e1brica de envasado de salsa de tomate<\/h2>\n<p>\u25cfDise\u00f1o personalizado: Proporcionamos servicios de bolsa de embalaje de salsa personalizada, incluyendo el material, el tama\u00f1o y la personalizaci\u00f3n del patr\u00f3n de impresi\u00f3n para satisfacer las necesidades del cliente, y el apoyo <a href=\"https:\/\/www.hyflexpack.com\/es\/envases-flexibles-personalizados\/\"><strong>OEM y ODM<\/strong><\/a>.<br \/>\u25cfFabricaci\u00f3n: Con equipos y tecnolog\u00eda avanzados, podemos completar la producci\u00f3n de pedidos de manera eficiente y con alta calidad, y entregar a tiempo.<br \/>\u25cfInspecci\u00f3n de calidad: La producci\u00f3n se lleva a cabo estrictamente con las normas de calidad y los requisitos de seguridad alimentaria para garantizar que los productos cumplen las normas.<br \/>\u25cfServicio de atenci\u00f3n al cliente: Proporcionar una respuesta r\u00e1pida y atento apoyo de servicio al cliente las 24 horas del d\u00eda.<br \/>\u25cfMuestra gratuita: Proporcionar un servicio de muestra gratuita para que usted pueda evaluar el producto.<\/p>","protected":false},"featured_media":5549,"comment_status":"open","ping_status":"closed","template":"","meta":[],"product_brand":[],"product_cat":[66],"product_tag":[],"class_list":{"0":"post-5568","1":"product","2":"type-product","3":"status-publish","4":"has-post-thumbnail","6":"product_cat-condiment-packaging-custom","8":"first","9":"instock","10":"shipping-taxable","11":"product-type-simple"},"_links":{"self":[{"href":"https:\/\/www.hyflexpack.com\/es\/wp-json\/wp\/v2\/product\/5568","targetHints":{"allow":["GET"]}}],"collection":[{"href":"https:\/\/www.hyflexpack.com\/es\/wp-json\/wp\/v2\/product"}],"about":[{"href":"https:\/\/www.hyflexpack.com\/es\/wp-json\/wp\/v2\/types\/product"}],"replies":[{"embeddable":true,"href":"https:\/\/www.hyflexpack.com\/es\/wp-json\/wp\/v2\/comments?post=5568"}],"wp:featuredmedia":[{"embeddable":true,"href":"https:\/\/www.hyflexpack.com\/es\/wp-json\/wp\/v2\/media\/5549"}],"wp:attachment":[{"href":"https:\/\/www.hyflexpack.com\/es\/wp-json\/wp\/v2\/media?parent=5568"}],"wp:term":[{"taxonomy":"product_brand","embeddable":true,"href":"https:\/\/www.hyflexpack.com\/es\/wp-json\/wp\/v2\/product_brand?post=5568"},{"taxonomy":"product_cat","embeddable":true,"href":"https:\/\/www.hyflexpack.com\/es\/wp-json\/wp\/v2\/product_cat?post=5568"},{"taxonomy":"product_tag","embeddable":true,"href":"https:\/\/www.hyflexpack.com\/es\/wp-json\/wp\/v2\/product_tag?post=5568"}],"curies":[{"name":"wp","href":"https:\/\/api.w.org\/{rel}","templated":true}]}}