{"id":5566,"date":"2024-10-26T07:30:44","date_gmt":"2024-10-26T07:30:44","guid":{"rendered":"https:\/\/www.hyflexpack.com\/?post_type=product&#038;p=5566"},"modified":"2024-10-26T07:30:46","modified_gmt":"2024-10-26T07:30:46","slug":"custom-flexible-packaging-for-cookies","status":"publish","type":"product","link":"https:\/\/www.hyflexpack.com\/es\/product\/custom-flexible-packaging-for-cookies\/","title":{"rendered":"Envasado flexible a medida para galletas, f\u00e1brica de film para envasado de galletas"},"content":{"rendered":"<div class=\"wp-block-columns is-layout-flex wp-container-core-columns-is-layout-9d6595d7 wp-block-columns-is-layout-flex\">\n<div class=\"wp-block-column is-layout-flow wp-block-column-is-layout-flow\">\n<h3 class=\"wp-block-heading\">Caracter\u00edsticas de los envases flexibles a medida para galletas<\/h3>\n\n\n\n<ul class=\"wp-block-list\">\n<li><strong>Materiales de primera calidad<\/strong>: S\u00f3lo se utilizan materiales de alta calidad aptos para alimentos que mantienen la frescura y hacen que sus galletas y bizcochos sean consumibles por los consumidores.<br><\/li>\n\n\n\n<li><strong>Variedad de aplicaciones de envasado<\/strong>: Nuestros envases flexibles personalizados para galletas a variedades de aperitivos ofrecen la misma flexibilidad en su l\u00ednea de productos.<br><\/li>\n\n\n\n<li><strong>Protecci\u00f3n de frescura de primera clase<\/strong>: En nuestros envases a medida para galletas, se consigue una excelente resistencia a la humedad y al ox\u00edgeno mediante el uso de una avanzada tecnolog\u00eda de laminaci\u00f3n multicapa que prolonga la vida \u00fatil del producto.<br><\/li>\n\n\n\n<li><strong>Opciones respetuosas con el medio ambiente<\/strong>: Nos adherimos a todos los principios de sostenibilidad y hacemos esfuerzos conscientes para minimizar nuestra huella en el medio ambiente ofreciendo soluciones de envasado biodegradables y reciclables para responder a las preferencias de los consumidores modernos.<br><\/li>\n\n\n\n<li><strong>Facilidad de uso<\/strong>: Adem\u00e1s, las opciones de f\u00e1cil apertura y resellado de nuestros envases ofrecen mayor comodidad a los consumidores y garantizan que los productos se mantengan frescos una vez abiertos.<br><\/li>\n\n\n\n<li><strong>Impresi\u00f3n de alta calidad<\/strong>: Nuestra tecnolog\u00eda de impresi\u00f3n de primera categor\u00eda proporciona dise\u00f1os llamativos y vivos que su envase para galletas merece, destacando en las estanter\u00edas de los comercios.<br><\/li>\n\n\n\n<li><strong>Duradero y fiable<\/strong>: Nuestros embalajes est\u00e1n fabricados con materiales resistentes que pueden soportar los golpes necesarios durante la manipulaci\u00f3n y el transporte para que su producto llegue a su destino en buenas condiciones.<\/li>\n<\/ul>\n<\/div>\n\n\n\n<div class=\"wp-block-column is-layout-flow wp-block-column-is-layout-flow\">\n<figure class=\"wp-block-image size-full\"><img fetchpriority=\"high\" decoding=\"async\" width=\"750\" height=\"750\" src=\"https:\/\/www.hyflexpack.com\/wp-content\/uploads\/2024\/10\/Custom-Cookies-Biscuits-Packaging-Film\uff081\uff09.webp\" alt=\"Film de envasado personalizado para galletas\" class=\"wp-image-5534\" srcset=\"https:\/\/www.hyflexpack.com\/wp-content\/uploads\/2024\/10\/Custom-Cookies-Biscuits-Packaging-Film\uff081\uff09.webp 750w, https:\/\/www.hyflexpack.com\/wp-content\/uploads\/2024\/10\/Custom-Cookies-Biscuits-Packaging-Film\uff081\uff09-300x300.webp 300w, https:\/\/www.hyflexpack.com\/wp-content\/uploads\/2024\/10\/Custom-Cookies-Biscuits-Packaging-Film\uff081\uff09-150x150.webp 150w, https:\/\/www.hyflexpack.com\/wp-content\/uploads\/2024\/10\/Custom-Cookies-Biscuits-Packaging-Film\uff081\uff09-12x12.webp 12w, https:\/\/www.hyflexpack.com\/wp-content\/uploads\/2024\/10\/Custom-Cookies-Biscuits-Packaging-Film\uff081\uff09-285x285.webp 285w, https:\/\/www.hyflexpack.com\/wp-content\/uploads\/2024\/10\/Custom-Cookies-Biscuits-Packaging-Film\uff081\uff09-270x270.webp 270w, https:\/\/www.hyflexpack.com\/wp-content\/uploads\/2024\/10\/Custom-Cookies-Biscuits-Packaging-Film\uff081\uff09-540x540.webp 540w, https:\/\/www.hyflexpack.com\/wp-content\/uploads\/2024\/10\/Custom-Cookies-Biscuits-Packaging-Film\uff081\uff09-660x660.webp 660w\" sizes=\"(max-width: 750px) 100vw, 750px\" \/><\/figure>\n<\/div>\n<\/div>\n\n\n\n<p><\/p>","protected":false},"excerpt":{"rendered":"<p>El envasado flexible para galletas proporciona frescura y una mayor notoriedad de marca a un coste mucho menor que el envasado en cart\u00f3n. P\u00f3ngase en contacto con nosotros si desea soluciones personalizadas para mejorar el envasado de sus galletas; nuestras opciones ecol\u00f3gicas son perfectas para los consumidores de hoy en d\u00eda.<\/p>\n<h3>Ventajas del proveedor de film para envasado de galletas\u00a0<\/h3>\n<p>Dise\u00f1o personalizado: Proporcionamos envases flexibles personalizados para servicios de galletas, incluyendo el material, el tama\u00f1o y la personalizaci\u00f3n del patr\u00f3n de impresi\u00f3n para satisfacer las necesidades del cliente, y apoyamos OEM y ODM.<br \/>\u25cfFabricaci\u00f3n: Con equipos y tecnolog\u00eda avanzados, podemos completar la producci\u00f3n de pedidos de manera eficiente y con alta calidad, y entregar a tiempo.<br \/>\u25cfInspecci\u00f3n de calidad: La producci\u00f3n se realiza siguiendo estrictamente las normas de calidad y los requisitos de seguridad alimentaria para garantizar que los productos cumplen las normas.<br \/>\u25cfServicio de atenci\u00f3n al cliente: Proporcionar una respuesta r\u00e1pida y atento apoyo de servicio al cliente las 24 horas del d\u00eda.<br \/>\u25cfMuestra gratuita: Proporcionar un servicio de muestra gratuita para que usted pueda evaluar el producto.<\/p>\n<p><a href=\"https:\/\/www.hyflexpack.com\/es\/\"><strong>Envasado Huiyang<\/strong><\/a> se compromete a suministrar a sus clientes pel\u00edculas de alta calidad para envasado de galletas personalizadas, con el fin de ayudarles a mejorar la imagen de sus productos y aumentar su competitividad en el mercado.<\/p>","protected":false},"featured_media":5534,"comment_status":"open","ping_status":"closed","template":"","meta":[],"product_brand":[],"product_cat":[53],"product_tag":[],"class_list":{"0":"post-5566","1":"product","2":"type-product","3":"status-publish","4":"has-post-thumbnail","6":"product_cat-packaging-film-supplier","8":"first","9":"instock","10":"shipping-taxable","11":"product-type-simple"},"_links":{"self":[{"href":"https:\/\/www.hyflexpack.com\/es\/wp-json\/wp\/v2\/product\/5566","targetHints":{"allow":["GET"]}}],"collection":[{"href":"https:\/\/www.hyflexpack.com\/es\/wp-json\/wp\/v2\/product"}],"about":[{"href":"https:\/\/www.hyflexpack.com\/es\/wp-json\/wp\/v2\/types\/product"}],"replies":[{"embeddable":true,"href":"https:\/\/www.hyflexpack.com\/es\/wp-json\/wp\/v2\/comments?post=5566"}],"wp:featuredmedia":[{"embeddable":true,"href":"https:\/\/www.hyflexpack.com\/es\/wp-json\/wp\/v2\/media\/5534"}],"wp:attachment":[{"href":"https:\/\/www.hyflexpack.com\/es\/wp-json\/wp\/v2\/media?parent=5566"}],"wp:term":[{"taxonomy":"product_brand","embeddable":true,"href":"https:\/\/www.hyflexpack.com\/es\/wp-json\/wp\/v2\/product_brand?post=5566"},{"taxonomy":"product_cat","embeddable":true,"href":"https:\/\/www.hyflexpack.com\/es\/wp-json\/wp\/v2\/product_cat?post=5566"},{"taxonomy":"product_tag","embeddable":true,"href":"https:\/\/www.hyflexpack.com\/es\/wp-json\/wp\/v2\/product_tag?post=5566"}],"curies":[{"name":"wp","href":"https:\/\/api.w.org\/{rel}","templated":true}]}}