{"id":5520,"date":"2024-10-26T06:31:39","date_gmt":"2024-10-26T06:31:39","guid":{"rendered":"https:\/\/www.hyflexpack.com\/?post_type=product&#038;p=5520"},"modified":"2024-12-13T07:27:59","modified_gmt":"2024-12-13T07:27:59","slug":"custom-cookie-packaging-ideas-for-bags","status":"publish","type":"product","link":"https:\/\/www.hyflexpack.com\/es\/product\/custom-cookie-packaging-ideas-for-bags\/","title":{"rendered":"Ideas creativas para el envasado de galletas Bolsas autoportantes personalizadas Fabricante de envases alimentarios"},"content":{"rendered":"<div class=\"wp-block-columns is-layout-flex wp-container-core-columns-is-layout-9d6595d7 wp-block-columns-is-layout-flex\">\n<div class=\"wp-block-column is-layout-flow wp-block-column-is-layout-flow\">\n<h3 class=\"wp-block-heading\">Features of Creative Cookie Packaging Ideas for Bags<\/h3>\n\n\n\n<ul class=\"wp-block-list\">\n<li><strong>Material Quality<\/strong>: The raw materials used in customizing the packaging of these cookies are food-grade and safe, hence guaranteeing safe storage of cookies and maintaining its freshness and taste.<\/li>\n\n\n\n<li><strong>Customizable Bag for Packaging Cookie<\/strong>: It renders individual branding that will allow your cookies to have a highlight through logos, color schemes, and creative shapes.<\/li>\n\n\n\n<li><strong>Standing Designs<\/strong>: The capability to enhance the display on a shelf makes these cookie bag ideas look and feel high-end; hence, appealing to the consumer.<\/li>\n\n\n\n<li><strong>Moisture Resistance and Freshness<\/strong>: This cookie packaging involves multi-layer barrier technology that saves cookies from moisture and air, which helps extend the life of the cookies and keeps them fresh in texture.<\/li>\n\n\n\n<li><strong>Eco-Friendly Choice<\/strong>: Biodegradable and recyclable materials are provided to reduce environmental impact by allowing sustainable packaging.<\/li>\n\n\n\n<li><strong>East Open Easy Seal Lid: <\/strong>It contains an easy-tear and re-sealable zipper closure that makes it pretty easy and quick to open the cookies. Also, post-opening, these can be further kept safe to retain freshness.<\/li>\n<\/ul>\n<\/div>\n\n\n\n<div class=\"wp-block-column is-layout-flow wp-block-column-is-layout-flow\">\n<figure class=\"wp-block-image size-full\"><img fetchpriority=\"high\" decoding=\"async\" width=\"750\" height=\"750\" src=\"https:\/\/www.hyflexpack.com\/wp-content\/uploads\/2024\/10\/Manufacturer-Cookie-Packaging-Bags\uff081\uff09.webp\" alt=\"Fabricante Bolsas Embalaje Galletas\" class=\"wp-image-5507\" srcset=\"https:\/\/www.hyflexpack.com\/wp-content\/uploads\/2024\/10\/Manufacturer-Cookie-Packaging-Bags\uff081\uff09.webp 750w, https:\/\/www.hyflexpack.com\/wp-content\/uploads\/2024\/10\/Manufacturer-Cookie-Packaging-Bags\uff081\uff09-300x300.webp 300w, https:\/\/www.hyflexpack.com\/wp-content\/uploads\/2024\/10\/Manufacturer-Cookie-Packaging-Bags\uff081\uff09-150x150.webp 150w, https:\/\/www.hyflexpack.com\/wp-content\/uploads\/2024\/10\/Manufacturer-Cookie-Packaging-Bags\uff081\uff09-12x12.webp 12w, https:\/\/www.hyflexpack.com\/wp-content\/uploads\/2024\/10\/Manufacturer-Cookie-Packaging-Bags\uff081\uff09-285x285.webp 285w, https:\/\/www.hyflexpack.com\/wp-content\/uploads\/2024\/10\/Manufacturer-Cookie-Packaging-Bags\uff081\uff09-270x270.webp 270w, https:\/\/www.hyflexpack.com\/wp-content\/uploads\/2024\/10\/Manufacturer-Cookie-Packaging-Bags\uff081\uff09-540x540.webp 540w, https:\/\/www.hyflexpack.com\/wp-content\/uploads\/2024\/10\/Manufacturer-Cookie-Packaging-Bags\uff081\uff09-660x660.webp 660w\" sizes=\"(max-width: 750px) 100vw, 750px\" \/><\/figure>\n<\/div>\n<\/div>\n\n\n\n<p><\/p>","protected":false},"excerpt":{"rendered":"<p>Learn how our custom creative cookie packaging ideas for bags are made with environmentally friendly food-grade composite packaging films. The application of composite materials can provide good moisture-proof and anti-oxidation functions, and the high barrier properties ensure the dryness and safety of the products, ensuring that the products will not deteriorate due to moisture. The design of widened bottom and side seams makes the whole bag more inclusive. Contact us today for a quote, we are committed to providing one-stop environmentally friendly, and high-quality packaging solutions.<\/p>\n<h3>Advantages of Cookie Packaging Ideas for Bags Manufacturer<\/h3>\n<ul>\n<li>Custom Design: We provide custom packaging bag service, including material, size, and printing pattern customization to meet customer needs, and support OEM and ODM.<\/li>\n<li>Fabricaci\u00f3n: Con equipos y tecnolog\u00eda avanzados, podemos completar la producci\u00f3n del pedido con alta eficiencia y alta calidad, y podemos entregar a tiempo.<\/li>\n<li>Inspecci\u00f3n de calidad: Seguir estrictamente las normas de calidad y los requisitos de seguridad alimentaria para la producci\u00f3n, con el fin de garantizar que los productos cumplen las normas.<\/li>\n<li>Servicio de atenci\u00f3n al cliente: 24 horas para ofrecer una respuesta r\u00e1pida y un servicio de atenci\u00f3n al cliente atento.<\/li>\n<li>Free Sample\uff1a Provide free sample service for you to evaluate the products.<\/li>\n<\/ul>\n<p><a href=\"https:\/\/www.hyflexpack.com\/es\/\"><strong>Envasado Huiyang<\/strong><\/a> is committed to providing customers with high-quality, custom cookie packaging bags to help customers improve their product image and enhance their market competitiveness.<\/p>","protected":false},"featured_media":5507,"comment_status":"open","ping_status":"closed","template":"","meta":[],"product_brand":[],"product_cat":[51,57],"product_tag":[],"class_list":{"0":"post-5520","1":"product","2":"type-product","3":"status-publish","4":"has-post-thumbnail","6":"product_cat-custom-food-packaging-bags","7":"product_cat-snack-packaging-bags-wholesale","9":"first","10":"instock","11":"shipping-taxable","12":"product-type-simple"},"_links":{"self":[{"href":"https:\/\/www.hyflexpack.com\/es\/wp-json\/wp\/v2\/product\/5520","targetHints":{"allow":["GET"]}}],"collection":[{"href":"https:\/\/www.hyflexpack.com\/es\/wp-json\/wp\/v2\/product"}],"about":[{"href":"https:\/\/www.hyflexpack.com\/es\/wp-json\/wp\/v2\/types\/product"}],"replies":[{"embeddable":true,"href":"https:\/\/www.hyflexpack.com\/es\/wp-json\/wp\/v2\/comments?post=5520"}],"wp:featuredmedia":[{"embeddable":true,"href":"https:\/\/www.hyflexpack.com\/es\/wp-json\/wp\/v2\/media\/5507"}],"wp:attachment":[{"href":"https:\/\/www.hyflexpack.com\/es\/wp-json\/wp\/v2\/media?parent=5520"}],"wp:term":[{"taxonomy":"product_brand","embeddable":true,"href":"https:\/\/www.hyflexpack.com\/es\/wp-json\/wp\/v2\/product_brand?post=5520"},{"taxonomy":"product_cat","embeddable":true,"href":"https:\/\/www.hyflexpack.com\/es\/wp-json\/wp\/v2\/product_cat?post=5520"},{"taxonomy":"product_tag","embeddable":true,"href":"https:\/\/www.hyflexpack.com\/es\/wp-json\/wp\/v2\/product_tag?post=5520"}],"curies":[{"name":"wp","href":"https:\/\/api.w.org\/{rel}","templated":true}]}}