{"id":5459,"date":"2024-10-15T02:45:54","date_gmt":"2024-10-15T02:45:54","guid":{"rendered":"https:\/\/www.hyflexpack.com\/?post_type=product&#038;p=5459"},"modified":"2025-10-21T06:41:06","modified_gmt":"2025-10-21T06:41:06","slug":"stand-up-spout-bag-wholesale","status":"publish","type":"product","link":"https:\/\/www.hyflexpack.com\/es\/product\/stand-up-spout-bag-wholesale\/","title":{"rendered":"Venta al por mayor Bolsa de aluminio para bebidas OEM Impreso a medida Fabricante"},"content":{"rendered":"<div class=\"wp-block-columns is-layout-flex wp-container-core-columns-is-layout-9d6595d7 wp-block-columns-is-layout-flex\">\n<div class=\"wp-block-column is-layout-flow wp-block-column-is-layout-flow\">\n<h3 class=\"wp-block-heading\">Features of High Quality Stand Up Spout Bag<\/h3>\n\n\n\n<ul class=\"wp-block-list\">\n<li><strong>Material duradero<\/strong>: The customized stand up spout bags are made of superior quality aluminum and packaging film materials that give excellent protection and freshness to beverages.<br><\/li>\n\n\n\n<li><strong>Volume<\/strong>: Custom beverage pouches are available in an extensive area of volume to meet the needs of various products for use with various packaging solutions.<br><\/li>\n\n\n\n<li><strong>Ca\u00f1o<\/strong>: Many stand-up pouches come with the convenience of a spout for pouring and multiple sealing.<br><\/li>\n\n\n\n<li><strong>Dise\u00f1o a prueba de fugas<\/strong>: Food-grade material ensures a tight seal for safe transportation and storage.<br><\/li>\n\n\n\n<li><strong>Ecologically Friendly Alternatives<\/strong>: Materials used are recyclable to support sustainable development.<br><\/li>\n\n\n\n<li><strong>Wholesale Customize<\/strong>: stand up spout bags can be suitable for bulk purchasing, with flexible OEM custom printing services to cater to customers&#8217; needs in branding.<\/li>\n<\/ul>\n<\/div>\n\n\n\n<div class=\"wp-block-column is-layout-flow wp-block-column-is-layout-flow\">\n<figure class=\"wp-block-image size-full\"><img fetchpriority=\"high\" decoding=\"async\" width=\"750\" height=\"750\" src=\"https:\/\/www.hyflexpack.com\/wp-content\/uploads\/2024\/10\/Bespoke-Beverage-Packaging1.webp\" alt=\"Bespoke Beverage Packaging\" class=\"wp-image-5451\" srcset=\"https:\/\/www.hyflexpack.com\/wp-content\/uploads\/2024\/10\/Bespoke-Beverage-Packaging1.webp 750w, https:\/\/www.hyflexpack.com\/wp-content\/uploads\/2024\/10\/Bespoke-Beverage-Packaging1-300x300.webp 300w, https:\/\/www.hyflexpack.com\/wp-content\/uploads\/2024\/10\/Bespoke-Beverage-Packaging1-150x150.webp 150w, https:\/\/www.hyflexpack.com\/wp-content\/uploads\/2024\/10\/Bespoke-Beverage-Packaging1-12x12.webp 12w, https:\/\/www.hyflexpack.com\/wp-content\/uploads\/2024\/10\/Bespoke-Beverage-Packaging1-285x285.webp 285w, https:\/\/www.hyflexpack.com\/wp-content\/uploads\/2024\/10\/Bespoke-Beverage-Packaging1-270x270.webp 270w, https:\/\/www.hyflexpack.com\/wp-content\/uploads\/2024\/10\/Bespoke-Beverage-Packaging1-540x540.webp 540w, https:\/\/www.hyflexpack.com\/wp-content\/uploads\/2024\/10\/Bespoke-Beverage-Packaging1-660x660.webp 660w\" sizes=\"(max-width: 750px) 100vw, 750px\" \/><\/figure>\n<\/div>\n<\/div>\n\n\n\n<p><\/p>","protected":false},"excerpt":{"rendered":"<p>Custom beverage packaging with stand-up spout bags, offering leak-proof, resealable solutions for drinks. Ideal for wholesale orders with customizable capacity and design, perfect for enhancing your brand&#8217;s visibility. Contact us for more product information about stand up pouches with spout.<\/p>\n<h3>Advantages of Stand Up Spout Bag Supplier<\/h3>\n<ul>\n<li>Dise\u00f1o personalizado: Proporcionamos servicios personalizados, incluyendo el material, el tama\u00f1o y la personalizaci\u00f3n del patr\u00f3n de impresi\u00f3n para satisfacer las necesidades del cliente, y apoyamos OEM y ODM.<\/li>\n<li>Manufacturing: With advanced equipment and technology, we can finish the production of orders efficiently and with guaranteed quality, delivering on time.<\/li>\n<li>Quality check: Production is done according to strict quality standards and food safety requirements, which can make sure that the products fully meet the standard.<\/li>\n<li>Customer service: 24-hour fast response, thoughtful customer service support.<\/li>\n<li>Certificaci\u00f3n<strong>\uff1a<\/strong>\u00a0FDA\/BRC\/ISO 9001\/RoHS<\/li>\n<li>Free sample: Offer a free sample to you for assessment.<\/li>\n<\/ul>\n<p>Based on the current situation, <a href=\"https:\/\/www.hyflexpack.com\/es\/\"><strong>Huiyang Packing<\/strong><\/a> promises that in the future, customers will be provided with better quality beverage packaging with stand up spout bags and assisted in improving the image of their products to be ahead in the market competition.<\/p>","protected":false},"featured_media":5451,"comment_status":"open","ping_status":"closed","template":"","meta":[],"product_brand":[],"product_cat":[103],"product_tag":[],"class_list":{"0":"post-5459","1":"product","2":"type-product","3":"status-publish","4":"has-post-thumbnail","6":"product_cat-beverage-packaging-bags-supplier","8":"first","9":"instock","10":"shipping-taxable","11":"product-type-simple"},"_links":{"self":[{"href":"https:\/\/www.hyflexpack.com\/es\/wp-json\/wp\/v2\/product\/5459","targetHints":{"allow":["GET"]}}],"collection":[{"href":"https:\/\/www.hyflexpack.com\/es\/wp-json\/wp\/v2\/product"}],"about":[{"href":"https:\/\/www.hyflexpack.com\/es\/wp-json\/wp\/v2\/types\/product"}],"replies":[{"embeddable":true,"href":"https:\/\/www.hyflexpack.com\/es\/wp-json\/wp\/v2\/comments?post=5459"}],"wp:featuredmedia":[{"embeddable":true,"href":"https:\/\/www.hyflexpack.com\/es\/wp-json\/wp\/v2\/media\/5451"}],"wp:attachment":[{"href":"https:\/\/www.hyflexpack.com\/es\/wp-json\/wp\/v2\/media?parent=5459"}],"wp:term":[{"taxonomy":"product_brand","embeddable":true,"href":"https:\/\/www.hyflexpack.com\/es\/wp-json\/wp\/v2\/product_brand?post=5459"},{"taxonomy":"product_cat","embeddable":true,"href":"https:\/\/www.hyflexpack.com\/es\/wp-json\/wp\/v2\/product_cat?post=5459"},{"taxonomy":"product_tag","embeddable":true,"href":"https:\/\/www.hyflexpack.com\/es\/wp-json\/wp\/v2\/product_tag?post=5459"}],"curies":[{"name":"wp","href":"https:\/\/api.w.org\/{rel}","templated":true}]}}