{"id":5457,"date":"2024-10-15T01:55:41","date_gmt":"2024-10-15T01:55:41","guid":{"rendered":"https:\/\/www.hyflexpack.com\/?post_type=product&#038;p=5457"},"modified":"2024-12-13T06:49:16","modified_gmt":"2024-12-13T06:49:16","slug":"custom-chips-packaging-roll-film","status":"publish","type":"product","link":"https:\/\/www.hyflexpack.com\/es\/product\/custom-chips-packaging-roll-film\/","title":{"rendered":"Rollo de film para envasado de patatas fritas,Bolsas de palomitas de ma\u00edz para aperitivos Film laminado para envasado"},"content":{"rendered":"<div class=\"wp-block-columns is-layout-flex wp-container-core-columns-is-layout-9d6595d7 wp-block-columns-is-layout-flex\">\n<div class=\"wp-block-column is-layout-flow wp-block-column-is-layout-flow\">\n<h3 class=\"wp-block-heading\">Features of High Quality Chips Packaging Roll Film<\/h3>\n\n\n\n<ul class=\"wp-block-list\">\n<li><strong>Material de alta calidad<\/strong>: Popcorn snack bags are made from high-quality packaging film materials, which ensures food-grade safety, nontoxic, and odorless. Strong and durable, it is suitable for a variety of food packages.<\/li>\n\n\n\n<li><strong>Embalaje eficaz<\/strong>: It is designed for automatic packing equipment aimed at improving production efficiency. The smooth design of the chips packaging roll film ensures that there will be no paper jams during high-speed packing.<\/li>\n\n\n\n<li><strong>Excellent Protection Performance<\/strong>: effectively avoids moisture and dust, extending the shelf life of potato chips. Good tear resistance protects chip integrity during transportation and storage.<\/li>\n\n\n\n<li><strong>Environment-friendly Option<\/strong>: It supports biodegradable and recyclable material for environmental protection requirements. Film thickness options are also provided to reduce material waste and lower the carbon footprint.<\/li>\n\n\n\n<li><strong>C\u00f3modo de usar<\/strong>: The chips packaging roll film is easy to heat seal, which can make it tight enough to protect potato chips from moisture. Film rolls are easily stored and handled, economizing on warehouse space.<\/li>\n<\/ul>\n<\/div>\n\n\n\n<div class=\"wp-block-column is-layout-flow wp-block-column-is-layout-flow\">\n<figure class=\"wp-block-image size-full\"><img decoding=\"async\" src=\"https:\/\/www.hyflexpack.com\/wp-content\/uploads\/2024\/10\/wholesale-chips-packaging-roll3.webp\" alt=\"wholesale chips packaging roll\" class=\"wp-image-5445\"\/><\/figure>\n<\/div>\n<\/div>\n\n\n\n<p><\/p>","protected":false},"excerpt":{"rendered":"<p>Premium custom chips packaging roll film for wholesale, ideal for snack flexible packaging with durable laminating film, perfect for preserving freshness and enhancing shelf appeal. Feel free to contact us for free design and samples!<\/p>\n<h3>Advantages of Chips Packaging Roll Film Supplier<\/h3>\n<ul>\n<li>Dise\u00f1o personalizado: Proporcionamos servicios personalizados, incluyendo el material, el tama\u00f1o y la personalizaci\u00f3n del patr\u00f3n de impresi\u00f3n para satisfacer las necesidades del cliente, y apoyamos OEM y ODM.<\/li>\n<li>Fabricaci\u00f3n: Con equipos y tecnolog\u00eda avanzados, podemos completar la producci\u00f3n de pedidos de manera eficiente y con alta calidad, y podemos entregar a tiempo.<\/li>\n<li>Inspecci\u00f3n de calidad: La producci\u00f3n se lleva a cabo siguiendo estrictamente las normas de calidad y los requisitos de seguridad alimentaria para garantizar que los productos cumplen las normas.<\/li>\n<li>Certificaci\u00f3n<strong>\uff1a<\/strong>\u00a0FDA\/BRC\/ISO 9001\/RoHS<\/li>\n<li>Customer service: 24 hours to provide fast response and thoughtful customer service support.<\/li>\n<li>Muestra gratuita: Proporcionar un servicio de muestra gratuita para que pueda evaluar el producto.<\/li>\n<\/ul>\n<p><strong>Envasado Huiyang<\/strong> is committed to providing customers with food-grade\u00a0popcorn snack bags to help customers improve their product image and enhance their market competitiveness.<\/p>","protected":false},"featured_media":5445,"comment_status":"open","ping_status":"closed","template":"","meta":[],"product_brand":[],"product_cat":[53,57],"product_tag":[],"class_list":{"0":"post-5457","1":"product","2":"type-product","3":"status-publish","4":"has-post-thumbnail","6":"product_cat-packaging-film-supplier","7":"product_cat-snack-packaging-bags-wholesale","9":"first","10":"instock","11":"shipping-taxable","12":"product-type-simple"},"_links":{"self":[{"href":"https:\/\/www.hyflexpack.com\/es\/wp-json\/wp\/v2\/product\/5457","targetHints":{"allow":["GET"]}}],"collection":[{"href":"https:\/\/www.hyflexpack.com\/es\/wp-json\/wp\/v2\/product"}],"about":[{"href":"https:\/\/www.hyflexpack.com\/es\/wp-json\/wp\/v2\/types\/product"}],"replies":[{"embeddable":true,"href":"https:\/\/www.hyflexpack.com\/es\/wp-json\/wp\/v2\/comments?post=5457"}],"wp:featuredmedia":[{"embeddable":true,"href":"https:\/\/www.hyflexpack.com\/es\/wp-json\/wp\/v2\/media\/5445"}],"wp:attachment":[{"href":"https:\/\/www.hyflexpack.com\/es\/wp-json\/wp\/v2\/media?parent=5457"}],"wp:term":[{"taxonomy":"product_brand","embeddable":true,"href":"https:\/\/www.hyflexpack.com\/es\/wp-json\/wp\/v2\/product_brand?post=5457"},{"taxonomy":"product_cat","embeddable":true,"href":"https:\/\/www.hyflexpack.com\/es\/wp-json\/wp\/v2\/product_cat?post=5457"},{"taxonomy":"product_tag","embeddable":true,"href":"https:\/\/www.hyflexpack.com\/es\/wp-json\/wp\/v2\/product_tag?post=5457"}],"curies":[{"name":"wp","href":"https:\/\/api.w.org\/{rel}","templated":true}]}}