{"id":5433,"date":"2024-10-12T09:39:30","date_gmt":"2024-10-12T09:39:30","guid":{"rendered":"https:\/\/www.hyflexpack.com\/?post_type=product&#038;p=5433"},"modified":"2025-03-14T06:59:53","modified_gmt":"2025-03-14T06:59:53","slug":"custom-printed-coffee-bags","status":"publish","type":"product","link":"https:\/\/www.hyflexpack.com\/es\/product\/custom-printed-coffee-bags\/","title":{"rendered":"OEM personalizado impreso bolsas de caf\u00e9 Stand Up bolsas de pl\u00e1stico resellables"},"content":{"rendered":"<div class=\"wp-block-columns is-layout-flex wp-container-core-columns-is-layout-9d6595d7 wp-block-columns-is-layout-flex\">\n<div class=\"wp-block-column is-layout-flow wp-block-column-is-layout-flow\">\n<h3 class=\"wp-block-heading\">Caracter\u00edsticas de las bolsas de caf\u00e9 impresas personalizadas de alta calidad<\/h3>\n\n\n\n<p><\/p>\n\n\n\n<ul class=\"wp-block-list\">\n<li><strong>Material de alta barrera apto para alimentos<\/strong>Fabricado con materiales de alta barrera de calidad alimentaria, como PET, PE y papel de aluminio, para garantizar la frescura y seguridad del caf\u00e9, a prueba de humedad y oxidaci\u00f3n, y prolongar su vida \u00fatil.<\/li>\n<\/ul>\n\n\n\n<p><\/p>\n\n\n\n<ul class=\"wp-block-list\">\n<li><strong>Dise\u00f1o Easy Tear<\/strong>: Las bolsas de caf\u00e9 impresas personalizadas est\u00e1n equipadas con Easy Tear, que permite a los consumidores abrir el paquete f\u00e1cilmente sin necesidad de herramientas adicionales, por lo que resulta c\u00f3modo y r\u00e1pido.<\/li>\n<\/ul>\n\n\n\n<p><\/p>\n\n\n\n<ul class=\"wp-block-list\">\n<li><strong>Cierre de cremallera<\/strong>: El cierre de cremallera incorporado facilita la reapertura y el sellado de la bolsa muchas veces, manteniendo el caf\u00e9 fresco e impidiendo la entrada de aire exterior.<\/li>\n<\/ul>\n\n\n\n<p><\/p>\n\n\n\n<ul class=\"wp-block-list\">\n<li><strong>Dise\u00f1o de bolsa de pie<\/strong>: La estructura de bolsa de pie permite que las bolsas se mantengan firmes en estantes o vitrinas, ahorrando espacio de exposici\u00f3n y mejorando la presentaci\u00f3n del producto.<\/li>\n<\/ul>\n\n\n\n<p><\/p>\n\n\n\n<ul class=\"wp-block-list\">\n<li><strong>Suministro al por mayor<\/strong>: Ofrecemos un servicio de venta al por mayor para satisfacer la demanda de compras a gran escala y garantizar un suministro estable.<\/li>\n<\/ul>\n<\/div>\n\n\n\n<div class=\"wp-block-column is-layout-flow wp-block-column-is-layout-flow\">\n<figure class=\"wp-block-image size-full\"><img fetchpriority=\"high\" decoding=\"async\" width=\"750\" height=\"750\" src=\"https:\/\/www.hyflexpack.com\/wp-content\/uploads\/2024\/10\/OEM-coffee-packaging-bags1.webp\" alt=\"OEM bolsas de envasado de caf\u00e9\" class=\"wp-image-5434\" srcset=\"https:\/\/www.hyflexpack.com\/wp-content\/uploads\/2024\/10\/OEM-coffee-packaging-bags1.webp 750w, https:\/\/www.hyflexpack.com\/wp-content\/uploads\/2024\/10\/OEM-coffee-packaging-bags1-300x300.webp 300w, https:\/\/www.hyflexpack.com\/wp-content\/uploads\/2024\/10\/OEM-coffee-packaging-bags1-150x150.webp 150w, https:\/\/www.hyflexpack.com\/wp-content\/uploads\/2024\/10\/OEM-coffee-packaging-bags1-12x12.webp 12w, https:\/\/www.hyflexpack.com\/wp-content\/uploads\/2024\/10\/OEM-coffee-packaging-bags1-285x285.webp 285w, https:\/\/www.hyflexpack.com\/wp-content\/uploads\/2024\/10\/OEM-coffee-packaging-bags1-270x270.webp 270w, https:\/\/www.hyflexpack.com\/wp-content\/uploads\/2024\/10\/OEM-coffee-packaging-bags1-540x540.webp 540w, https:\/\/www.hyflexpack.com\/wp-content\/uploads\/2024\/10\/OEM-coffee-packaging-bags1-660x660.webp 660w\" sizes=\"(max-width: 750px) 100vw, 750px\" \/><\/figure>\n<\/div>\n<\/div>\n\n\n\n<div class=\"wp-block-columns is-layout-flex wp-container-core-columns-is-layout-9d6595d7 wp-block-columns-is-layout-flex\">\n<div class=\"wp-block-column is-layout-flow wp-block-column-is-layout-flow\">\n<figure class=\"wp-block-embed is-type-video is-provider-youtube wp-block-embed-youtube wp-embed-aspect-16-9 wp-has-aspect-ratio\"><div class=\"wp-block-embed__wrapper\">\n<iframe title=\"envases de caf\u00e9 personalizados\" width=\"940\" height=\"529\" src=\"https:\/\/www.youtube.com\/embed\/mcO7TezjD_0?feature=oembed\" frameborder=\"0\" allow=\"accelerometer; autoplay; clipboard-write; encrypted-media; gyroscope; picture-in-picture; web-share\" referrerpolicy=\"strict-origin-when-cross-origin\" allowfullscreen><\/iframe>\n<\/div><\/figure>\n<\/div>\n\n\n\n<div class=\"wp-block-column is-layout-flow wp-block-column-is-layout-flow\"><\/div>\n<\/div>","protected":false},"excerpt":{"rendered":"<p>Bolsas de caf\u00e9 impresas personalizadas resellables y resistentes a la humedad con dise\u00f1o de bolsa de pie al por mayor, las bolsas de envasado de caf\u00e9 OEM al por mayor son ideales para preservar la frescura y aumentar la conciencia de marca. \u00a1Bienvenido a preguntar en cualquier momento!<\/p>\n<h3>Ventajas del proveedor de bolsas de caf\u00e9 impresas a medida<\/h3>\n<ul>\n<li><strong>Dise\u00f1o personalizado<\/strong>: Proporcionamos servicios personalizados, incluyendo la personalizaci\u00f3n del material, el tama\u00f1o y el patr\u00f3n de impresi\u00f3n para satisfacer las necesidades del cliente, y apoyamos OEM y ODM.<\/li>\n<li><strong>Fabricaci\u00f3n<\/strong>: Con equipos y tecnolog\u00eda avanzados, podemos completar la producci\u00f3n de pedidos de manera eficiente y con alta calidad, y podemos entregar a tiempo.<\/li>\n<li><strong>Inspecci\u00f3n de calidad<\/strong>: La producci\u00f3n se lleva a cabo respetando estrictamente las normas de calidad y los requisitos de seguridad alimentaria para garantizar que los productos cumplen las normas.<\/li>\n<li><strong>Atenci\u00f3n al cliente<\/strong>24 horas para ofrecer una respuesta r\u00e1pida y un servicio de atenci\u00f3n al cliente atento.<\/li>\n<li><strong>Certificaci\u00f3n\uff1a<\/strong>\u00a0FDA\/BRC\/ISO 9001\/RoHS<\/li>\n<li><strong>Muestra gratuita<\/strong>: Proporcionamos un servicio gratuito de muestras para que pueda evaluar los sacos de caf\u00e9 impresos.<\/li>\n<\/ul>\n<p>.\u00a0<\/p>","protected":false},"featured_media":5434,"comment_status":"open","ping_status":"closed","template":"","meta":[],"product_brand":[],"product_cat":[55],"product_tag":[],"class_list":{"0":"post-5433","1":"product","2":"type-product","3":"status-publish","4":"has-post-thumbnail","6":"product_cat-custom-coffee-packaging","8":"first","9":"instock","10":"shipping-taxable","11":"product-type-simple"},"_links":{"self":[{"href":"https:\/\/www.hyflexpack.com\/es\/wp-json\/wp\/v2\/product\/5433","targetHints":{"allow":["GET"]}}],"collection":[{"href":"https:\/\/www.hyflexpack.com\/es\/wp-json\/wp\/v2\/product"}],"about":[{"href":"https:\/\/www.hyflexpack.com\/es\/wp-json\/wp\/v2\/types\/product"}],"replies":[{"embeddable":true,"href":"https:\/\/www.hyflexpack.com\/es\/wp-json\/wp\/v2\/comments?post=5433"}],"wp:featuredmedia":[{"embeddable":true,"href":"https:\/\/www.hyflexpack.com\/es\/wp-json\/wp\/v2\/media\/5434"}],"wp:attachment":[{"href":"https:\/\/www.hyflexpack.com\/es\/wp-json\/wp\/v2\/media?parent=5433"}],"wp:term":[{"taxonomy":"product_brand","embeddable":true,"href":"https:\/\/www.hyflexpack.com\/es\/wp-json\/wp\/v2\/product_brand?post=5433"},{"taxonomy":"product_cat","embeddable":true,"href":"https:\/\/www.hyflexpack.com\/es\/wp-json\/wp\/v2\/product_cat?post=5433"},{"taxonomy":"product_tag","embeddable":true,"href":"https:\/\/www.hyflexpack.com\/es\/wp-json\/wp\/v2\/product_tag?post=5433"}],"curies":[{"name":"wp","href":"https:\/\/api.w.org\/{rel}","templated":true}]}}