{"id":5395,"date":"2024-09-28T06:24:18","date_gmt":"2024-09-28T06:24:18","guid":{"rendered":"https:\/\/www.hyflexpack.com\/?post_type=product&#038;p=5395"},"modified":"2025-11-04T08:20:31","modified_gmt":"2025-11-04T08:20:31","slug":"custom-candy-bags-packaging","status":"publish","type":"product","link":"https:\/\/www.hyflexpack.com\/es\/product\/custom-candy-bags-packaging\/","title":{"rendered":"Bolsas de caramelo impresas a medida Embalaje Stand Up Food Pouch Factory"},"content":{"rendered":"<div class=\"wp-block-columns is-layout-flex wp-container-core-columns-is-layout-9d6595d7 wp-block-columns-is-layout-flex\">\n<div class=\"wp-block-column is-layout-flow wp-block-column-is-layout-flow\">\n<h3 class=\"wp-block-heading\">Caracter\u00edsticas de las bolsas de caramelos personalizadas<\/h3>\n\n\n\n<ul class=\"wp-block-list\">\n<li><strong>Dise\u00f1o autoportante<\/strong>: las bolsas de caramelos resellables est\u00e1n dise\u00f1adas con un exclusivo fondo autoportante para colocarlas y exponerlas correctamente, ahorrando espacio de almacenamiento.<\/li>\n<\/ul>\n\n\n\n<p><\/p>\n\n\n\n<ul class=\"wp-block-list\">\n<li><strong>Material de alta barrera: <\/strong>Esto permite que los caramelos de las bolsas de caramelos impresas a medida se mantengan frescos durante m\u00e1s tiempo que en los envases de caramelos tradicionales, prolongando as\u00ed su vida \u00fatil. Mantiene los caramelos frescos y sabrosos.<\/li>\n<\/ul>\n\n\n\n<p><\/p>\n\n\n\n<ul class=\"wp-block-list\">\n<li><strong>M\u00faltiples especificaciones<\/strong>: Ofrece diversas opciones de tama\u00f1o y capacidad para adaptarse a las diferentes necesidades de los productos.<\/li>\n<\/ul>\n\n\n\n<p><\/p>\n\n\n\n<ul class=\"wp-block-list\">\n<li><strong>F\u00e1cil de cerrar<\/strong>: se suministran cremalleras, lo que permite a los clientes almacenar los caramelos de forma flexible, garantizando la integridad del envase y protegi\u00e9ndolo de la humedad y el polvo.<\/li>\n<\/ul>\n\n\n\n<p><\/p>\n\n\n\n<ul class=\"wp-block-list\">\n<li><strong>Opciones ecol\u00f3gicas<\/strong>: Existen materiales reciclables o biodegradables para cumplir las normas medioambientales y atraer a los consumidores concienciados con el medio ambiente.<\/li>\n<\/ul>\n\n\n\n<p><\/p>\n\n\n\n<ul class=\"wp-block-list\">\n<li><strong>Ahorro de costes: <\/strong>bolsas para caramelos con impresi\u00f3n personalizada El envasado en bolsas flexibles puede reducir los costes en comparaci\u00f3n con opciones m\u00e1s caras, como las cajas de cart\u00f3n.<\/li>\n<\/ul>\n<\/div>\n\n\n\n<div class=\"wp-block-column is-layout-flow wp-block-column-is-layout-flow\">\n<figure class=\"wp-block-image size-full\"><img fetchpriority=\"high\" decoding=\"async\" width=\"750\" height=\"750\" src=\"https:\/\/www.hyflexpack.com\/wp-content\/uploads\/2024\/09\/Custom-Candy-Wrapper-Packaging\uff082\uff09.webp\" alt=\"Bolsas de caramelos impresas a medida\" class=\"wp-image-5397\" srcset=\"https:\/\/www.hyflexpack.com\/wp-content\/uploads\/2024\/09\/Custom-Candy-Wrapper-Packaging\uff082\uff09.webp 750w, https:\/\/www.hyflexpack.com\/wp-content\/uploads\/2024\/09\/Custom-Candy-Wrapper-Packaging\uff082\uff09-300x300.webp 300w, https:\/\/www.hyflexpack.com\/wp-content\/uploads\/2024\/09\/Custom-Candy-Wrapper-Packaging\uff082\uff09-150x150.webp 150w, https:\/\/www.hyflexpack.com\/wp-content\/uploads\/2024\/09\/Custom-Candy-Wrapper-Packaging\uff082\uff09-12x12.webp 12w, https:\/\/www.hyflexpack.com\/wp-content\/uploads\/2024\/09\/Custom-Candy-Wrapper-Packaging\uff082\uff09-285x285.webp 285w, https:\/\/www.hyflexpack.com\/wp-content\/uploads\/2024\/09\/Custom-Candy-Wrapper-Packaging\uff082\uff09-270x270.webp 270w, https:\/\/www.hyflexpack.com\/wp-content\/uploads\/2024\/09\/Custom-Candy-Wrapper-Packaging\uff082\uff09-540x540.webp 540w, https:\/\/www.hyflexpack.com\/wp-content\/uploads\/2024\/09\/Custom-Candy-Wrapper-Packaging\uff082\uff09-660x660.webp 660w\" sizes=\"(max-width: 750px) 100vw, 750px\" \/><\/figure>\n<\/div>\n<\/div>\n\n\n\n<p><\/p>","protected":false},"excerpt":{"rendered":"<p>\u00bfEst\u00e1 interesado en bolsas de caramelos personalizadas al por mayor? Huiyang Packaging ofrece envases flexibles para caramelos en una variedad de formatos y acabados diferentes que se pueden personalizar con las ilustraciones de su empresa.<\/p>\n<h3>Ventajas del proveedor de bolsas de caramelos<\/h3>\n<ul>\n<li><strong style=\"box-sizing: border-box;\">Dise\u00f1o personalizado<\/strong>: Proporcionar soluciones de dise\u00f1o personalizadas, apoyar OEM \/ ODM, personalizado con diferentes especificaciones, tama\u00f1os, patrones de impresi\u00f3n, etc.<\/li>\n<li><strong style=\"box-sizing: border-box;\">Garant\u00eda de calidad<\/strong>: Controlar el proceso de producci\u00f3n y disponer de materiales de alta calidad y equipos avanzados para garantizar la calidad del producto.<\/li>\n<li><strong style=\"box-sizing: border-box;\">Entrega puntual<\/strong>: Optimizar el proceso de producci\u00f3n y mejorar la eficacia de la producci\u00f3n para garantizar la entrega a tiempo y satisfacer las necesidades urgentes de los clientes.<\/li>\n<li><strong style=\"box-sizing: border-box;\">Asistencia t\u00e9cnica profesional<\/strong>: El experimentado equipo t\u00e9cnico proporciona asistencia t\u00e9cnica profesional y servicio de consultor\u00eda posventa las 24 horas del d\u00eda.<\/li>\n<li><strong style=\"box-sizing: border-box;\">Muestra gratuita<\/strong>: Proporcionamos muestras gratuitas para que pueda evaluar los productos.<\/li>\n<\/ul>\n<p><a href=\"https:\/\/www.hyflexpack.com\/es\/\"><strong>Envasado Huiyang<\/strong><\/a> ofrece las divertidas bolsas de caramelos para l\u00edneas de envasado de alta velocidad. Resistentes a la humedad y a la abrasi\u00f3n; alta barrera al ox\u00edgeno y a la luz para envasar productos durante largos periodos de tiempo. Haga que sus bolsas de caramelos personalizadas aumenten la notoriedad de su marca con bolsas econ\u00f3micas impresas con el logotipo de su empresa.<\/p>\n<p>&nbsp;<\/p>","protected":false},"featured_media":5396,"comment_status":"open","ping_status":"closed","template":"","meta":[],"product_brand":[],"product_cat":[51,107,57],"product_tag":[],"class_list":{"0":"post-5395","1":"product","2":"type-product","3":"status-publish","4":"has-post-thumbnail","6":"product_cat-custom-food-packaging-bags","7":"product_cat-candy-packaging-bags-wholesale","8":"product_cat-snack-packaging-bags-wholesale","10":"first","11":"instock","12":"shipping-taxable","13":"product-type-simple"},"_links":{"self":[{"href":"https:\/\/www.hyflexpack.com\/es\/wp-json\/wp\/v2\/product\/5395","targetHints":{"allow":["GET"]}}],"collection":[{"href":"https:\/\/www.hyflexpack.com\/es\/wp-json\/wp\/v2\/product"}],"about":[{"href":"https:\/\/www.hyflexpack.com\/es\/wp-json\/wp\/v2\/types\/product"}],"replies":[{"embeddable":true,"href":"https:\/\/www.hyflexpack.com\/es\/wp-json\/wp\/v2\/comments?post=5395"}],"wp:featuredmedia":[{"embeddable":true,"href":"https:\/\/www.hyflexpack.com\/es\/wp-json\/wp\/v2\/media\/5396"}],"wp:attachment":[{"href":"https:\/\/www.hyflexpack.com\/es\/wp-json\/wp\/v2\/media?parent=5395"}],"wp:term":[{"taxonomy":"product_brand","embeddable":true,"href":"https:\/\/www.hyflexpack.com\/es\/wp-json\/wp\/v2\/product_brand?post=5395"},{"taxonomy":"product_cat","embeddable":true,"href":"https:\/\/www.hyflexpack.com\/es\/wp-json\/wp\/v2\/product_cat?post=5395"},{"taxonomy":"product_tag","embeddable":true,"href":"https:\/\/www.hyflexpack.com\/es\/wp-json\/wp\/v2\/product_tag?post=5395"}],"curies":[{"name":"wp","href":"https:\/\/api.w.org\/{rel}","templated":true}]}}