{"id":5385,"date":"2024-09-28T02:45:53","date_gmt":"2024-09-28T02:45:53","guid":{"rendered":"https:\/\/www.hyflexpack.com\/?post_type=product&#038;p=5385"},"modified":"2025-10-23T08:56:57","modified_gmt":"2025-10-23T08:56:57","slug":"wholesale-beef-jerky-packaging-bags","status":"publish","type":"product","link":"https:\/\/www.hyflexpack.com\/es\/product\/wholesale-beef-jerky-packaging-bags\/","title":{"rendered":"Bolsas al por mayor para envasar cecina de vaca Bolsas de Mylar impresas a medida"},"content":{"rendered":"<div class=\"wp-block-columns is-layout-flex wp-container-core-columns-is-layout-9d6595d7 wp-block-columns-is-layout-flex\">\n<div class=\"wp-block-column is-layout-flow wp-block-column-is-layout-flow\">\n<h3 class=\"wp-block-heading\">Caracter\u00edsticas de las bolsas de envasado Premium Beef Jerky<\/h3>\n\n\n\n<ul class=\"wp-block-list\">\n<li><strong>Material de alta calidad<\/strong>: Se selecciona una pel\u00edcula de alta barrera apta para uso alimentario, dise\u00f1ada para mantener fresca la cecina de vacuno a la vez que impide que penetren el ox\u00edgeno, la humedad y los olores.<\/li>\n<\/ul>\n\n\n\n<p><\/p>\n\n\n\n<ul class=\"wp-block-list\">\n<li><strong>Ventana transparente<\/strong>: Se a\u00f1aden bolsas de cecina con una ventana transparente o turbia para previsualizar el contenido interior.<\/li>\n<\/ul>\n\n\n\n<p><\/p>\n\n\n\n<ul class=\"wp-block-list\">\n<li><strong>Muesca Easy Tear<\/strong>: Permite abrir f\u00e1cilmente las bolsas de envasado de cecina y garantiza un desgarro limpio.<\/li>\n<\/ul>\n\n\n\n<p><\/p>\n\n\n\n<ul class=\"wp-block-list\">\n<li><strong>Atractivo<\/strong>: El dise\u00f1o de aspecto moderno mejora la imagen de marca y ayuda al marketing.<\/li>\n<\/ul>\n\n\n\n<p><\/p>\n\n\n\n<ul class=\"wp-block-list\">\n<li><strong>Impresi\u00f3n personalizada<\/strong>llama la atenci\u00f3n sobre im\u00e1genes o textos espec\u00edficos del envase para ofrecer un aspecto de lujo.<\/li>\n<\/ul>\n\n\n\n<p><\/p>\n\n\n\n<ul class=\"wp-block-list\">\n<li><strong>Opciones ecol\u00f3gicas<\/strong>: Existen opciones de materiales biodegradables, en l\u00ednea con las tendencias sostenibles y atractivas para los consumidores concienciados con el medio ambiente.<\/li>\n<\/ul>\n<\/div>\n\n\n\n<div class=\"wp-block-column is-layout-flow wp-block-column-is-layout-flow\">\n<figure class=\"wp-block-image size-full\"><img fetchpriority=\"high\" decoding=\"async\" width=\"750\" height=\"750\" src=\"https:\/\/www.hyflexpack.com\/wp-content\/uploads\/2024\/09\/Manufacturer-Beef-Jerky-Packaging-Bags\uff087\uff09.webp\" alt=\"Venta al por mayor de bolsas para envasar cecina\" class=\"wp-image-5392\" srcset=\"https:\/\/www.hyflexpack.com\/wp-content\/uploads\/2024\/09\/Manufacturer-Beef-Jerky-Packaging-Bags\uff087\uff09.webp 750w, https:\/\/www.hyflexpack.com\/wp-content\/uploads\/2024\/09\/Manufacturer-Beef-Jerky-Packaging-Bags\uff087\uff09-300x300.webp 300w, https:\/\/www.hyflexpack.com\/wp-content\/uploads\/2024\/09\/Manufacturer-Beef-Jerky-Packaging-Bags\uff087\uff09-150x150.webp 150w, https:\/\/www.hyflexpack.com\/wp-content\/uploads\/2024\/09\/Manufacturer-Beef-Jerky-Packaging-Bags\uff087\uff09-12x12.webp 12w, https:\/\/www.hyflexpack.com\/wp-content\/uploads\/2024\/09\/Manufacturer-Beef-Jerky-Packaging-Bags\uff087\uff09-285x285.webp 285w, https:\/\/www.hyflexpack.com\/wp-content\/uploads\/2024\/09\/Manufacturer-Beef-Jerky-Packaging-Bags\uff087\uff09-270x270.webp 270w, https:\/\/www.hyflexpack.com\/wp-content\/uploads\/2024\/09\/Manufacturer-Beef-Jerky-Packaging-Bags\uff087\uff09-540x540.webp 540w, https:\/\/www.hyflexpack.com\/wp-content\/uploads\/2024\/09\/Manufacturer-Beef-Jerky-Packaging-Bags\uff087\uff09-660x660.webp 660w\" sizes=\"(max-width: 750px) 100vw, 750px\" \/><\/figure>\n<\/div>\n<\/div>\n\n\n\n<p><\/p>","protected":false},"excerpt":{"rendered":"<p>Ofrecemos diferentes opciones de envasado de cecina, como bolsas autoportantes, bolsas planas y rollos. El uso de materiales de alta barrera garantiza la frescura de la cecina, al tiempo que ofrecemos excelentes soluciones de envasado flexible para todas las empresas a precios de f\u00e1brica incre\u00edbles.<\/p>\n<h3>Ventajas del proveedor de envases de carne seca<\/h3>\n<ul>\n<li>Servicio personalizado: Proporcionar un servicio personalizado integral, personalizar el tama\u00f1o, la impresi\u00f3n y el material de acuerdo a las necesidades del cliente.<\/li>\n<li>Entrega r\u00e1pida: Proceso de producci\u00f3n y gesti\u00f3n de la cadena de suministro eficientes para garantizar la entrega puntual de los pedidos y satisfacer las necesidades urgentes de los clientes.<\/li>\n<li>Garant\u00eda de calidad: Un estricto sistema de control de calidad garantiza que cada producto cumpla los requisitos y normas de los clientes.<\/li>\n<li>Rentabilidad: Ofrecer precios competitivos y reducir los costes de compra de los clientes optimizando los procesos de producci\u00f3n y la gesti\u00f3n de costes.<\/li>\n<li>Muestra gratuita: Ofrecemos un servicio de muestras gratuitas para evaluar sus productos.<\/li>\n<\/ul>\n<p><a href=\"https:\/\/www.hyflexpack.com\/es\/\"><strong>Envasado Huiyang<\/strong><\/a> utiliza las \u00faltimas investigaciones y tecnolog\u00eda punta para desarrollar films de envasado, y puede estar seguro de que disfrutar\u00e1 de una calidad de producto superior dise\u00f1ada para mejorar sus posibilidades en el mercado con nuestras bolsas de envasado de cecina.<\/p>\n<p>&nbsp;<\/p>","protected":false},"featured_media":5392,"comment_status":"open","ping_status":"closed","template":"","meta":[],"product_brand":[],"product_cat":[57],"product_tag":[],"class_list":{"0":"post-5385","1":"product","2":"type-product","3":"status-publish","4":"has-post-thumbnail","6":"product_cat-snack-packaging-bags-wholesale","8":"first","9":"instock","10":"shipping-taxable","11":"product-type-simple"},"_links":{"self":[{"href":"https:\/\/www.hyflexpack.com\/es\/wp-json\/wp\/v2\/product\/5385","targetHints":{"allow":["GET"]}}],"collection":[{"href":"https:\/\/www.hyflexpack.com\/es\/wp-json\/wp\/v2\/product"}],"about":[{"href":"https:\/\/www.hyflexpack.com\/es\/wp-json\/wp\/v2\/types\/product"}],"replies":[{"embeddable":true,"href":"https:\/\/www.hyflexpack.com\/es\/wp-json\/wp\/v2\/comments?post=5385"}],"wp:featuredmedia":[{"embeddable":true,"href":"https:\/\/www.hyflexpack.com\/es\/wp-json\/wp\/v2\/media\/5392"}],"wp:attachment":[{"href":"https:\/\/www.hyflexpack.com\/es\/wp-json\/wp\/v2\/media?parent=5385"}],"wp:term":[{"taxonomy":"product_brand","embeddable":true,"href":"https:\/\/www.hyflexpack.com\/es\/wp-json\/wp\/v2\/product_brand?post=5385"},{"taxonomy":"product_cat","embeddable":true,"href":"https:\/\/www.hyflexpack.com\/es\/wp-json\/wp\/v2\/product_cat?post=5385"},{"taxonomy":"product_tag","embeddable":true,"href":"https:\/\/www.hyflexpack.com\/es\/wp-json\/wp\/v2\/product_tag?post=5385"}],"curies":[{"name":"wp","href":"https:\/\/api.w.org\/{rel}","templated":true}]}}