{"id":5364,"date":"2024-09-22T18:06:38","date_gmt":"2024-09-22T18:06:38","guid":{"rendered":"https:\/\/www.hyflexpack.com\/?post_type=product&#038;p=5364"},"modified":"2025-10-23T08:57:10","modified_gmt":"2025-10-23T08:57:10","slug":"wholesale-chips-packaging-bags","status":"publish","type":"product","link":"https:\/\/www.hyflexpack.com\/es\/product\/wholesale-chips-packaging-bags\/","title":{"rendered":"Mayorista Bolsas de Embalaje para Patatas Fritas Stand Up Pouch Fabricante de Embalaje para Patatas Fritas Gambas"},"content":{"rendered":"<div class=\"wp-block-columns is-layout-flex wp-container-core-columns-is-layout-9d6595d7 wp-block-columns-is-layout-flex\">\n<div class=\"wp-block-column is-layout-flow wp-block-column-is-layout-flow\">\n<h3 class=\"wp-block-heading\">Caracter\u00edsticas de las bolsas para envasado de patatas fritas de alta calidad<\/h3>\n\n\n\n<ul class=\"wp-block-list\">\n<li>Material ecol\u00f3gico de primera calidad: utilizamos material ecol\u00f3gico de alta calidad apto para uso alimentario para garantizar que las bolsas de envasado de chips de gamba sean barrera y est\u00e9n secas.<\/li>\n<\/ul>\n\n\n\n<p><\/p>\n\n\n\n<ul class=\"wp-block-list\">\n<li>Embalaje de pie: Adoptando un dise\u00f1o \u00fanico de pie, es f\u00e1cil de exhibir en varias salas de exposici\u00f3n y otros eventos para atraer la atenci\u00f3n de los consumidores.<\/li>\n<\/ul>\n\n\n\n<p><\/p>\n\n\n\n<ul class=\"wp-block-list\">\n<li>Sellado fuerte: Excelente rendimiento de sellado contra la humedad y la oxidaci\u00f3n para mantener la textura crujiente y el sabor.<\/li>\n<\/ul>\n\n\n\n<p><\/p>\n\n\n\n<ul class=\"wp-block-list\">\n<li>Ligero y f\u00e1cil de llevar: Adecuado para la venta al por menor y para llevar sobre la marcha, satisfaciendo las necesidades de los consumidores modernos.<\/li>\n<\/ul>\n<\/div>\n\n\n\n<div class=\"wp-block-column is-layout-flow wp-block-column-is-layout-flow\">\n<figure class=\"wp-block-image size-full\"><img fetchpriority=\"high\" decoding=\"async\" width=\"750\" height=\"750\" src=\"https:\/\/www.hyflexpack.com\/wp-content\/uploads\/2024\/09\/Wholesaler-Chips-Packaging-Bags1.webp\" alt=\"Mayorista de Patatas Fritas Bolsas de Embalaje\" class=\"wp-image-5349\" srcset=\"https:\/\/www.hyflexpack.com\/wp-content\/uploads\/2024\/09\/Wholesaler-Chips-Packaging-Bags1.webp 750w, https:\/\/www.hyflexpack.com\/wp-content\/uploads\/2024\/09\/Wholesaler-Chips-Packaging-Bags1-300x300.webp 300w, https:\/\/www.hyflexpack.com\/wp-content\/uploads\/2024\/09\/Wholesaler-Chips-Packaging-Bags1-150x150.webp 150w, https:\/\/www.hyflexpack.com\/wp-content\/uploads\/2024\/09\/Wholesaler-Chips-Packaging-Bags1-12x12.webp 12w, https:\/\/www.hyflexpack.com\/wp-content\/uploads\/2024\/09\/Wholesaler-Chips-Packaging-Bags1-285x285.webp 285w, https:\/\/www.hyflexpack.com\/wp-content\/uploads\/2024\/09\/Wholesaler-Chips-Packaging-Bags1-270x270.webp 270w, https:\/\/www.hyflexpack.com\/wp-content\/uploads\/2024\/09\/Wholesaler-Chips-Packaging-Bags1-540x540.webp 540w, https:\/\/www.hyflexpack.com\/wp-content\/uploads\/2024\/09\/Wholesaler-Chips-Packaging-Bags1-660x660.webp 660w\" sizes=\"(max-width: 750px) 100vw, 750px\" \/><\/figure>\n<\/div>\n<\/div>\n\n\n\n<p><\/p>","protected":false},"excerpt":{"rendered":"<p>Descubra las bolsas de envasado de chips de gamba al por mayor, garantizamos materiales respetuosos con el medio ambiente, y el rendimiento de sellado, as\u00ed como nuestro dise\u00f1o de envasado es est\u00e9ticamente agradable y pr\u00e1ctico, protege la frescura del producto, y a\u00f1ade una ventaja competitiva a su marca.<\/p>\n<p>\u25cf<strong>Dise\u00f1o personalizado<\/strong>: Proporcionamos servicios personalizados para bolsas de envasado de patatas fritas, incluyendo la personalizaci\u00f3n del material, el tama\u00f1o y el patr\u00f3n de impresi\u00f3n para satisfacer las necesidades del cliente, y apoyamos OEM y ODM.<\/p>\n<p>\u25cf<strong>Fabricaci\u00f3n<\/strong>: Con equipos y tecnolog\u00eda avanzados, podemos completar la producci\u00f3n de pedidos de manera eficiente y con alta calidad, y podemos entregar a tiempo.<\/p>\n<p>\u25cf<strong>Control de calidad<\/strong>: La producci\u00f3n se lleva a cabo respetando estrictamente las normas de calidad y los requisitos de seguridad alimentaria para garantizar que los productos cumplen las normas.<\/p>\n<p>\u25cf<strong>Atenci\u00f3n al cliente<\/strong>24 horas para ofrecer una respuesta r\u00e1pida y un servicio de atenci\u00f3n al cliente atento.<\/p>\n<p>\u25cf<strong>Muestra gratuita<\/strong>: Proporcionar un servicio de muestra gratuita para evaluar el producto. Huiyang Packaging se compromete a proporcionar a los clientes con chips de alta calidad bolsas de embalaje para ayudar a los clientes a mejorar su imagen de producto y mejorar su competitividad en el mercado.<\/p>","protected":false},"featured_media":5349,"comment_status":"open","ping_status":"closed","template":"","meta":[],"product_brand":[],"product_cat":[57],"product_tag":[],"class_list":{"0":"post-5364","1":"product","2":"type-product","3":"status-publish","4":"has-post-thumbnail","6":"product_cat-snack-packaging-bags-wholesale","8":"first","9":"instock","10":"shipping-taxable","11":"product-type-simple"},"_links":{"self":[{"href":"https:\/\/www.hyflexpack.com\/es\/wp-json\/wp\/v2\/product\/5364","targetHints":{"allow":["GET"]}}],"collection":[{"href":"https:\/\/www.hyflexpack.com\/es\/wp-json\/wp\/v2\/product"}],"about":[{"href":"https:\/\/www.hyflexpack.com\/es\/wp-json\/wp\/v2\/types\/product"}],"replies":[{"embeddable":true,"href":"https:\/\/www.hyflexpack.com\/es\/wp-json\/wp\/v2\/comments?post=5364"}],"wp:featuredmedia":[{"embeddable":true,"href":"https:\/\/www.hyflexpack.com\/es\/wp-json\/wp\/v2\/media\/5349"}],"wp:attachment":[{"href":"https:\/\/www.hyflexpack.com\/es\/wp-json\/wp\/v2\/media?parent=5364"}],"wp:term":[{"taxonomy":"product_brand","embeddable":true,"href":"https:\/\/www.hyflexpack.com\/es\/wp-json\/wp\/v2\/product_brand?post=5364"},{"taxonomy":"product_cat","embeddable":true,"href":"https:\/\/www.hyflexpack.com\/es\/wp-json\/wp\/v2\/product_cat?post=5364"},{"taxonomy":"product_tag","embeddable":true,"href":"https:\/\/www.hyflexpack.com\/es\/wp-json\/wp\/v2\/product_tag?post=5364"}],"curies":[{"name":"wp","href":"https:\/\/api.w.org\/{rel}","templated":true}]}}