{"id":5353,"date":"2024-09-22T06:14:06","date_gmt":"2024-09-22T06:14:06","guid":{"rendered":"https:\/\/www.hyflexpack.com\/?post_type=product&#038;p=5353"},"modified":"2024-09-22T18:06:20","modified_gmt":"2024-09-22T18:06:20","slug":"custom-plantain-chips-packaging-bags","status":"publish","type":"product","link":"https:\/\/www.hyflexpack.com\/es\/product\/custom-plantain-chips-packaging-bags\/","title":{"rendered":"Impresi\u00f3n personalizada de chips de pl\u00e1tano Bolsas de embalaje compostables Stand Up Pouch"},"content":{"rendered":"<div class=\"wp-block-columns is-layout-flex wp-container-core-columns-is-layout-9d6595d7 wp-block-columns-is-layout-flex\">\n<div class=\"wp-block-column is-layout-flow wp-block-column-is-layout-flow\">\n<h3 class=\"wp-block-heading\">Caracter\u00edsticas de las bolsas para envasado de chips de pl\u00e1tano de alta calidad<\/h3>\n\n\n\n<ul class=\"wp-block-list\">\n<li>Materiales respetuosos con el medio ambiente: Utilice materiales respetuosos con el medio ambiente que cumplan los requisitos de protecci\u00f3n medioambiental, como materiales biodegradables o reciclables, para reducir el impacto sobre el medio ambiente. <\/li>\n<\/ul>\n\n\n\n<p><\/p>\n\n\n\n<ul class=\"wp-block-list\">\n<li>Materiales de alta barrera aptos para alimentos: Las bolsas de envasado de chips de pl\u00e1tano utilizan materiales de calidad alimentaria para garantizar que los alimentos se almacenan en un entorno limpio e higi\u00e9nico. <\/li>\n<\/ul>\n\n\n\n<p><\/p>\n\n\n\n<ul class=\"wp-block-list\">\n<li>Cierre de cremallera: Sello de cremallera incorporado, conveniente para m\u00faltiples aperturas. <\/li>\n<\/ul>\n\n\n\n<p><\/p>\n\n\n\n<ul class=\"wp-block-list\">\n<li>Dise\u00f1o de bolsa de pie: Estructura de pie, m\u00e1s inclusiva, puede mantenerse firme en estanter\u00edas o vitrinas despu\u00e9s de envasar los productos, ahorrando espacio de exposici\u00f3n y mejorando los efectos de exposici\u00f3n de los productos.<\/li>\n<\/ul>\n<\/div>\n\n\n\n<div class=\"wp-block-column is-layout-flow wp-block-column-is-layout-flow\">\n<figure class=\"wp-block-image size-full\"><img fetchpriority=\"high\" decoding=\"async\" width=\"750\" height=\"750\" src=\"https:\/\/www.hyflexpack.com\/wp-content\/uploads\/2024\/09\/plantain-chips-packaging-bags1.webp\" alt=\"Bolsas personalizadas para envasar chips de pl\u00e1tano\" class=\"wp-image-5334\" srcset=\"https:\/\/www.hyflexpack.com\/wp-content\/uploads\/2024\/09\/plantain-chips-packaging-bags1.webp 750w, https:\/\/www.hyflexpack.com\/wp-content\/uploads\/2024\/09\/plantain-chips-packaging-bags1-300x300.webp 300w, https:\/\/www.hyflexpack.com\/wp-content\/uploads\/2024\/09\/plantain-chips-packaging-bags1-150x150.webp 150w, https:\/\/www.hyflexpack.com\/wp-content\/uploads\/2024\/09\/plantain-chips-packaging-bags1-12x12.webp 12w, https:\/\/www.hyflexpack.com\/wp-content\/uploads\/2024\/09\/plantain-chips-packaging-bags1-285x285.webp 285w, https:\/\/www.hyflexpack.com\/wp-content\/uploads\/2024\/09\/plantain-chips-packaging-bags1-270x270.webp 270w, https:\/\/www.hyflexpack.com\/wp-content\/uploads\/2024\/09\/plantain-chips-packaging-bags1-540x540.webp 540w, https:\/\/www.hyflexpack.com\/wp-content\/uploads\/2024\/09\/plantain-chips-packaging-bags1-660x660.webp 660w\" sizes=\"(max-width: 750px) 100vw, 750px\" \/><\/figure>\n<\/div>\n<\/div>\n\n\n\n<p><\/p>","protected":false},"excerpt":{"rendered":"<p>Envasado de chips de pl\u00e1tano compostables con impresi\u00f3n de alta calidad. Proporciona m\u00e1s protecci\u00f3n al producto a la vez que muestra el vibrante dise\u00f1o personalizado de la marca. Perfecto para soluciones sostenibles de envasado de aperitivos.<\/p>\n<p>\u25cf<strong>Dise\u00f1o personalizado<\/strong>: Proporcionamos servicios personalizados para las bolsas de envasado de chips de pl\u00e1tano, incluyendo el material, el tama\u00f1o y la personalizaci\u00f3n del patr\u00f3n de impresi\u00f3n para satisfacer las necesidades del cliente, y apoyamos OEM y ODM.<\/p>\n<p>\u25cf<strong>Fabricaci\u00f3n<\/strong>: Con equipos y tecnolog\u00eda avanzados, podemos completar la producci\u00f3n de pedidos de manera eficiente y con alta calidad, y podemos entregar a tiempo.<\/p>\n<p>\u25cf<strong>Control de calidad<\/strong>: La producci\u00f3n se lleva a cabo respetando estrictamente las normas de calidad y los requisitos de seguridad alimentaria para garantizar que los productos cumplen las normas.<\/p>\n<p>\u25cf<strong>Atenci\u00f3n al cliente<\/strong>24 horas para ofrecer una respuesta r\u00e1pida y un servicio de atenci\u00f3n al cliente atento.<\/p>\n<p>\u25cf<strong>Muestra gratuita<\/strong>: Proporcionar un servicio de muestra gratuita para que usted pueda evaluar el producto. Huiyang Packaging se compromete a proporcionar a los clientes bolsas de envasado de chips de pl\u00e1tano de alta calidad para ayudar a los clientes a mejorar su imagen de producto y mejorar su competitividad en el mercado. \u00a0<\/p>","protected":false},"featured_media":5334,"comment_status":"open","ping_status":"closed","template":"","meta":[],"product_brand":[],"product_cat":[51],"product_tag":[],"class_list":{"0":"post-5353","1":"product","2":"type-product","3":"status-publish","4":"has-post-thumbnail","6":"product_cat-custom-food-packaging-bags","8":"first","9":"instock","10":"shipping-taxable","11":"product-type-simple"},"_links":{"self":[{"href":"https:\/\/www.hyflexpack.com\/es\/wp-json\/wp\/v2\/product\/5353","targetHints":{"allow":["GET"]}}],"collection":[{"href":"https:\/\/www.hyflexpack.com\/es\/wp-json\/wp\/v2\/product"}],"about":[{"href":"https:\/\/www.hyflexpack.com\/es\/wp-json\/wp\/v2\/types\/product"}],"replies":[{"embeddable":true,"href":"https:\/\/www.hyflexpack.com\/es\/wp-json\/wp\/v2\/comments?post=5353"}],"wp:featuredmedia":[{"embeddable":true,"href":"https:\/\/www.hyflexpack.com\/es\/wp-json\/wp\/v2\/media\/5334"}],"wp:attachment":[{"href":"https:\/\/www.hyflexpack.com\/es\/wp-json\/wp\/v2\/media?parent=5353"}],"wp:term":[{"taxonomy":"product_brand","embeddable":true,"href":"https:\/\/www.hyflexpack.com\/es\/wp-json\/wp\/v2\/product_brand?post=5353"},{"taxonomy":"product_cat","embeddable":true,"href":"https:\/\/www.hyflexpack.com\/es\/wp-json\/wp\/v2\/product_cat?post=5353"},{"taxonomy":"product_tag","embeddable":true,"href":"https:\/\/www.hyflexpack.com\/es\/wp-json\/wp\/v2\/product_tag?post=5353"}],"curies":[{"name":"wp","href":"https:\/\/api.w.org\/{rel}","templated":true}]}}