{"id":5324,"date":"2024-09-15T02:09:08","date_gmt":"2024-09-15T02:09:08","guid":{"rendered":"https:\/\/www.hyflexpack.com\/?post_type=product&#038;p=5324"},"modified":"2024-09-15T02:09:10","modified_gmt":"2024-09-15T02:09:10","slug":"custom-food-pouches-packaging","status":"publish","type":"product","link":"https:\/\/www.hyflexpack.com\/es\/product\/custom-food-pouches-packaging\/","title":{"rendered":"Bolsas personalizadas para alimentos Bolsas termosellables ecol\u00f3gicas Bolsas de pie con cremallera"},"content":{"rendered":"<div class=\"wp-block-columns is-layout-flex wp-container-core-columns-is-layout-9d6595d7 wp-block-columns-is-layout-flex\">\n<div class=\"wp-block-column is-layout-flow wp-block-column-is-layout-flow\">\n<h3 class=\"wp-block-heading\">Caracter\u00edsticas de las bolsas para alimentos de alta calidad<\/h3>\n\n\n\n<ul class=\"wp-block-list\">\n<li>Material ecol\u00f3gico: Fabricado con materiales reciclables y ecol\u00f3gicos para minimizar el impacto en el medio ambiente y cumplir las normas de desarrollo sostenible.<\/li>\n<\/ul>\n\n\n\n<p><\/p>\n\n\n\n<ul class=\"wp-block-list\">\n<li>Dise\u00f1o termosellable: Las bolsas termosellables proporcionan un sellado fuerte para evitar la entrada de aire y humedad, garantizando que los alimentos se mantengan frescos durante mucho tiempo.<\/li>\n<\/ul>\n\n\n\n<p><\/p>\n\n\n\n<ul class=\"wp-block-list\">\n<li>Construcci\u00f3n autoportante: El dise\u00f1o personalizado de los envases de bolsas para alimentos permite que el envase se mantenga de pie, lo que facilita su exposici\u00f3n para que los compradores lo vean y mejora la presentaci\u00f3n.<\/li>\n<\/ul>\n\n\n\n<p><\/p>\n\n\n\n<ul class=\"wp-block-list\">\n<li>C\u00f3modo cierre: El dise\u00f1o de la cremallera resellable facilita a los usuarios utilizar el paquete varias veces para mantener los alimentos frescos.<\/li>\n<\/ul>\n\n\n\n<p><\/p>\n\n\n\n<ul class=\"wp-block-list\">\n<li>Impresi\u00f3n de alta calidad: Las bolsas termosellables admiten impresi\u00f3n personalizada para ayudar a las marcas a mejorar el aspecto y el reconocimiento de sus productos en el mercado.<\/li>\n<\/ul>\n\n\n\n<p><\/p>\n\n\n\n<ul class=\"wp-block-list\">\n<li>Amplia gama de aplicaciones: El envasado en bolsas de alimentos es adecuado para una amplia gama de necesidades de envasado de alimentos, con un fuerte rendimiento de barrera, las aplicaciones incluyen frutos secos, aperitivos, condimentos, etc, para satisfacer una amplia gama de requisitos de envasado.<\/li>\n<\/ul>\n<\/div>\n\n\n\n<div class=\"wp-block-column is-layout-flow wp-block-column-is-layout-flow\">\n<figure class=\"wp-block-image size-full\"><img fetchpriority=\"high\" decoding=\"async\" width=\"750\" height=\"750\" src=\"https:\/\/www.hyflexpack.com\/wp-content\/uploads\/2024\/09\/Custom-sri-lanka-tea-packaging-bag1.webp\" alt=\"Envasado de alimentos en bolsas a medida\" class=\"wp-image-5325\" srcset=\"https:\/\/www.hyflexpack.com\/wp-content\/uploads\/2024\/09\/Custom-sri-lanka-tea-packaging-bag1.webp 750w, https:\/\/www.hyflexpack.com\/wp-content\/uploads\/2024\/09\/Custom-sri-lanka-tea-packaging-bag1-300x300.webp 300w, https:\/\/www.hyflexpack.com\/wp-content\/uploads\/2024\/09\/Custom-sri-lanka-tea-packaging-bag1-150x150.webp 150w, https:\/\/www.hyflexpack.com\/wp-content\/uploads\/2024\/09\/Custom-sri-lanka-tea-packaging-bag1-12x12.webp 12w, https:\/\/www.hyflexpack.com\/wp-content\/uploads\/2024\/09\/Custom-sri-lanka-tea-packaging-bag1-285x285.webp 285w, https:\/\/www.hyflexpack.com\/wp-content\/uploads\/2024\/09\/Custom-sri-lanka-tea-packaging-bag1-270x270.webp 270w, https:\/\/www.hyflexpack.com\/wp-content\/uploads\/2024\/09\/Custom-sri-lanka-tea-packaging-bag1-540x540.webp 540w, https:\/\/www.hyflexpack.com\/wp-content\/uploads\/2024\/09\/Custom-sri-lanka-tea-packaging-bag1-660x660.webp 660w\" sizes=\"(max-width: 750px) 100vw, 750px\" \/><\/figure>\n<\/div>\n<\/div>\n\n\n\n<p><\/p>","protected":false},"excerpt":{"rendered":"<p>Conozca el envasado en bolsas para alimentos, en el que normalmente se utiliza un \u00fanico material o un compuesto para dotar al envase de altas propiedades de barrera. El dise\u00f1o de la bolsa de pie no s\u00f3lo es inclusivo, sino que tambi\u00e9n es mejor para la presentaci\u00f3n. P\u00f3ngase en contacto con nosotros hoy mismo para solicitar un presupuesto. Nos comprometemos a ofrecer soluciones integrales de envasado ecol\u00f3gicas y de alta calidad.<\/p>\n<h3>Ventajas del fabricante de bolsas para alimentos<\/h3>\n<p>\u25cf<strong>Dise\u00f1o personalizado<\/strong>: Proporcionamos servicios personalizados de envasado en bolsas para alimentos, que incluyen la personalizaci\u00f3n del material, el tama\u00f1o y el patr\u00f3n de impresi\u00f3n para satisfacer las necesidades del cliente, y admitimos OEM y ODM.<\/p>\n<p>\u25cf<strong>Fabricaci\u00f3n<\/strong>: Con equipos y tecnolog\u00eda avanzados, podemos completar la producci\u00f3n de pedidos de manera eficiente y con alta calidad, y podemos entregar a tiempo.<\/p>\n<p>\u25cf<strong>Inspecci\u00f3n de calidad<\/strong>: La producci\u00f3n se lleva a cabo respetando estrictamente las normas de calidad y los requisitos de seguridad alimentaria para garantizar que los productos cumplen las normas.<\/p>\n<p>\u25cf<strong>Atenci\u00f3n al cliente<\/strong>24 horas para ofrecer una respuesta r\u00e1pida y un servicio de atenci\u00f3n al cliente atento.<\/p>\n<p>\u25cf<strong>Muestra gratuita<\/strong>: Proporcionar un servicio de muestra gratuita para que usted pueda evaluar la bolsa de embalaje flexible.<\/p>","protected":false},"featured_media":5325,"comment_status":"open","ping_status":"closed","template":"","meta":[],"product_brand":[],"product_cat":[51],"product_tag":[],"class_list":{"0":"post-5324","1":"product","2":"type-product","3":"status-publish","4":"has-post-thumbnail","6":"product_cat-custom-food-packaging-bags","8":"first","9":"instock","10":"shipping-taxable","11":"product-type-simple"},"_links":{"self":[{"href":"https:\/\/www.hyflexpack.com\/es\/wp-json\/wp\/v2\/product\/5324","targetHints":{"allow":["GET"]}}],"collection":[{"href":"https:\/\/www.hyflexpack.com\/es\/wp-json\/wp\/v2\/product"}],"about":[{"href":"https:\/\/www.hyflexpack.com\/es\/wp-json\/wp\/v2\/types\/product"}],"replies":[{"embeddable":true,"href":"https:\/\/www.hyflexpack.com\/es\/wp-json\/wp\/v2\/comments?post=5324"}],"wp:featuredmedia":[{"embeddable":true,"href":"https:\/\/www.hyflexpack.com\/es\/wp-json\/wp\/v2\/media\/5325"}],"wp:attachment":[{"href":"https:\/\/www.hyflexpack.com\/es\/wp-json\/wp\/v2\/media?parent=5324"}],"wp:term":[{"taxonomy":"product_brand","embeddable":true,"href":"https:\/\/www.hyflexpack.com\/es\/wp-json\/wp\/v2\/product_brand?post=5324"},{"taxonomy":"product_cat","embeddable":true,"href":"https:\/\/www.hyflexpack.com\/es\/wp-json\/wp\/v2\/product_cat?post=5324"},{"taxonomy":"product_tag","embeddable":true,"href":"https:\/\/www.hyflexpack.com\/es\/wp-json\/wp\/v2\/product_tag?post=5324"}],"curies":[{"name":"wp","href":"https:\/\/api.w.org\/{rel}","templated":true}]}}