{"id":5300,"date":"2024-09-14T16:54:39","date_gmt":"2024-09-14T16:54:39","guid":{"rendered":"https:\/\/www.hyflexpack.com\/?post_type=product&#038;p=5300"},"modified":"2025-05-13T03:18:10","modified_gmt":"2025-05-13T03:18:10","slug":"best-coffee-bags-wholesale","status":"publish","type":"product","link":"https:\/\/www.hyflexpack.com\/es\/product\/best-coffee-bags-wholesale\/","title":{"rendered":"Las mejores bolsas de caf\u00e9 al por mayor impreso con cremallera de envasado de caf\u00e9 de pie bolsas de envasado de alimentos"},"content":{"rendered":"<div class=\"wp-block-columns is-layout-flex wp-container-core-columns-is-layout-9d6595d7 wp-block-columns-is-layout-flex\">\n<div class=\"wp-block-column is-layout-flow wp-block-column-is-layout-flow\">\n<h3 class=\"wp-block-heading\">Caracter\u00edsticas de los sacos de caf\u00e9 de alta calidad al por mayor<\/h3>\n\n\n\n<ul class=\"wp-block-list\">\n<li><strong>Dise\u00f1o de pie<\/strong>: Las mejores bolsas de caf\u00e9 est\u00e1n dise\u00f1adas con bolsas de pie, son f\u00e1ciles de exponer en los estantes y mejoran la visibilidad de la marca.<\/li>\n<\/ul>\n\n\n\n<p><\/p>\n\n\n\n<ul class=\"wp-block-list\">\n<li><strong>Material de calidad alimentaria<\/strong>: Este utiliza material apto para alimentos que cumple las normas internacionales para garantizar la calidad y seguridad del caf\u00e9.<\/li>\n<\/ul>\n\n\n\n<p><\/p>\n\n\n\n<ul class=\"wp-block-list\">\n<li><strong>Cremallera<\/strong>: Las bolsas de caf\u00e9 al por mayor vienen con una pr\u00e1ctica cremallera para garantizar la frescura del caf\u00e9 y m\u00faltiples usos de apertura y cierre para el almacenamiento a largo plazo.<\/li>\n<\/ul>\n\n\n\n<p><\/p>\n\n\n\n<ul class=\"wp-block-list\">\n<li><strong>A prueba de humedad y fresco<\/strong>: Las bolsas tienen un excelente comportamiento a prueba de humedad, impidiendo la entrada de aire y conservando el aroma y el sabor del caf\u00e9.<\/li>\n<\/ul>\n\n\n\n<p><\/p>\n\n\n\n<ul class=\"wp-block-list\">\n<li><strong>Impresi\u00f3n personalizada<\/strong>: Los sacos de caf\u00e9 personalizados al por mayor ofrecen servicios de impresi\u00f3n personalizada de alta calidad para mostrar el dise\u00f1o exclusivo de su marca y potenciar el atractivo del producto.<\/li>\n<\/ul>\n<\/div>\n\n\n\n<div class=\"wp-block-column is-layout-flow wp-block-column-is-layout-flow\">\n<figure class=\"wp-block-image size-full\"><img fetchpriority=\"high\" decoding=\"async\" width=\"750\" height=\"750\" src=\"https:\/\/www.hyflexpack.com\/wp-content\/uploads\/2024\/09\/Coffee-Bags-Wholesale-Stand-Up-Pouches-1.webp\" alt=\"Bolsas de caf\u00e9 al por mayor Stand Up Pouches (1)\" class=\"wp-image-6837\" srcset=\"https:\/\/www.hyflexpack.com\/wp-content\/uploads\/2024\/09\/Coffee-Bags-Wholesale-Stand-Up-Pouches-1.webp 750w, https:\/\/www.hyflexpack.com\/wp-content\/uploads\/2024\/09\/Coffee-Bags-Wholesale-Stand-Up-Pouches-1-300x300.webp 300w, https:\/\/www.hyflexpack.com\/wp-content\/uploads\/2024\/09\/Coffee-Bags-Wholesale-Stand-Up-Pouches-1-150x150.webp 150w, https:\/\/www.hyflexpack.com\/wp-content\/uploads\/2024\/09\/Coffee-Bags-Wholesale-Stand-Up-Pouches-1-12x12.webp 12w, https:\/\/www.hyflexpack.com\/wp-content\/uploads\/2024\/09\/Coffee-Bags-Wholesale-Stand-Up-Pouches-1-285x285.webp 285w, https:\/\/www.hyflexpack.com\/wp-content\/uploads\/2024\/09\/Coffee-Bags-Wholesale-Stand-Up-Pouches-1-270x270.webp 270w, https:\/\/www.hyflexpack.com\/wp-content\/uploads\/2024\/09\/Coffee-Bags-Wholesale-Stand-Up-Pouches-1-540x540.webp 540w, https:\/\/www.hyflexpack.com\/wp-content\/uploads\/2024\/09\/Coffee-Bags-Wholesale-Stand-Up-Pouches-1-660x660.webp 660w\" sizes=\"(max-width: 750px) 100vw, 750px\" \/><\/figure>\n<\/div>\n<\/div>\n\n\n\n<div class=\"wp-block-columns is-layout-flex wp-container-core-columns-is-layout-9d6595d7 wp-block-columns-is-layout-flex\">\n<div class=\"wp-block-column is-layout-flow wp-block-column-is-layout-flow\">\n<figure class=\"wp-block-image size-full\"><img decoding=\"async\" width=\"750\" height=\"750\" src=\"https:\/\/www.hyflexpack.com\/wp-content\/uploads\/2025\/05\/104946.webp\" alt=\"Bolsas de caf\u00e9 al por mayor-3\" class=\"wp-image-6834\" srcset=\"https:\/\/www.hyflexpack.com\/wp-content\/uploads\/2025\/05\/104946.webp 750w, https:\/\/www.hyflexpack.com\/wp-content\/uploads\/2025\/05\/104946-300x300.webp 300w, https:\/\/www.hyflexpack.com\/wp-content\/uploads\/2025\/05\/104946-150x150.webp 150w, https:\/\/www.hyflexpack.com\/wp-content\/uploads\/2025\/05\/104946-12x12.webp 12w, https:\/\/www.hyflexpack.com\/wp-content\/uploads\/2025\/05\/104946-285x285.webp 285w, https:\/\/www.hyflexpack.com\/wp-content\/uploads\/2025\/05\/104946-270x270.webp 270w, https:\/\/www.hyflexpack.com\/wp-content\/uploads\/2025\/05\/104946-540x540.webp 540w, https:\/\/www.hyflexpack.com\/wp-content\/uploads\/2025\/05\/104946-660x660.webp 660w\" sizes=\"(max-width: 750px) 100vw, 750px\" \/><figcaption class=\"wp-element-caption\">Bolsa de pie personalizada para caf\u00e9 en polvo\/en grano <\/figcaption><\/figure>\n<\/div>\n\n\n\n<div class=\"wp-block-column is-layout-flow wp-block-column-is-layout-flow\">\n<figure class=\"wp-block-image size-full\"><img decoding=\"async\" width=\"750\" height=\"750\" src=\"https:\/\/www.hyflexpack.com\/wp-content\/uploads\/2024\/09\/Coffee-Bags-Wholesale-Stand-Up-Pouches-4.webp\" alt=\"Bolsas de caf\u00e9 al por mayor Stand Up Pouches (4)\" class=\"wp-image-6840\" srcset=\"https:\/\/www.hyflexpack.com\/wp-content\/uploads\/2024\/09\/Coffee-Bags-Wholesale-Stand-Up-Pouches-4.webp 750w, https:\/\/www.hyflexpack.com\/wp-content\/uploads\/2024\/09\/Coffee-Bags-Wholesale-Stand-Up-Pouches-4-300x300.webp 300w, https:\/\/www.hyflexpack.com\/wp-content\/uploads\/2024\/09\/Coffee-Bags-Wholesale-Stand-Up-Pouches-4-150x150.webp 150w, https:\/\/www.hyflexpack.com\/wp-content\/uploads\/2024\/09\/Coffee-Bags-Wholesale-Stand-Up-Pouches-4-12x12.webp 12w, https:\/\/www.hyflexpack.com\/wp-content\/uploads\/2024\/09\/Coffee-Bags-Wholesale-Stand-Up-Pouches-4-285x285.webp 285w, https:\/\/www.hyflexpack.com\/wp-content\/uploads\/2024\/09\/Coffee-Bags-Wholesale-Stand-Up-Pouches-4-270x270.webp 270w, https:\/\/www.hyflexpack.com\/wp-content\/uploads\/2024\/09\/Coffee-Bags-Wholesale-Stand-Up-Pouches-4-540x540.webp 540w, https:\/\/www.hyflexpack.com\/wp-content\/uploads\/2024\/09\/Coffee-Bags-Wholesale-Stand-Up-Pouches-4-660x660.webp 660w\" sizes=\"(max-width: 750px) 100vw, 750px\" \/><figcaption class=\"wp-element-caption\">Bolsas de caf\u00e9 resellables personalizadas<\/figcaption><\/figure>\n<\/div>\n<\/div>","protected":false},"excerpt":{"rendered":"<p>\u00bfBusca las mejores bolsas de caf\u00e9 al por mayor? Nuestras bolsas de caf\u00e9 impresas con cremallera no s\u00f3lo son respetuosas con el medio ambiente y duraderas, sino que tambi\u00e9n se pueden volver a cerrar, conservando perfectamente la frescura del caf\u00e9 para su almacenamiento y venta a largo plazo.<\/p>\n<h3>Ventajas del mayorista de sacos de caf\u00e9<\/h3>\n<ul>\n<li><strong>Dise\u00f1o a medida<\/strong>: Proporcionar soluciones de dise\u00f1o personalizadas, apoyar OEM \/ ODM, personalizado con diferentes especificaciones, tama\u00f1os, patrones de impresi\u00f3n, etc.<\/li>\n<li><strong>Garant\u00eda de calidad<\/strong>: Controlar el proceso de producci\u00f3n y disponer de materiales de alta calidad y equipos avanzados para garantizar la calidad del producto.<\/li>\n<li><strong>Entrega puntual<\/strong>: Optimizar el proceso de producci\u00f3n y mejorar la eficacia de la producci\u00f3n para garantizar la entrega a tiempo y satisfacer las necesidades urgentes de los clientes.<\/li>\n<li><strong>Asistencia t\u00e9cnica profesional<\/strong>: El experimentado equipo t\u00e9cnico proporciona asistencia t\u00e9cnica profesional y servicio de consultor\u00eda posventa las 24 horas del d\u00eda.<\/li>\n<li><strong>Muestra gratuita<\/strong>: Proporcionamos un servicio de muestras gratuitas para que pueda evaluar los productos.<\/li>\n<\/ul>\n<p><a href=\"https:\/\/www.hyflexpack.com\/es\/\"><strong>Envasado Huiyang<\/strong><\/a> se compromete a proporcionar a los clientes bolsas de caf\u00e9 de alta calidad y personalizadas para ayudarles a mejorar la imagen de sus productos y aumentar su competitividad en el mercado.<\/p>","protected":false},"featured_media":6839,"comment_status":"open","ping_status":"closed","template":"","meta":[],"product_brand":[],"product_cat":[55,51],"product_tag":[],"class_list":{"0":"post-5300","1":"product","2":"type-product","3":"status-publish","4":"has-post-thumbnail","6":"product_cat-custom-coffee-packaging","7":"product_cat-custom-food-packaging-bags","9":"first","10":"instock","11":"shipping-taxable","12":"product-type-simple"},"_links":{"self":[{"href":"https:\/\/www.hyflexpack.com\/es\/wp-json\/wp\/v2\/product\/5300","targetHints":{"allow":["GET"]}}],"collection":[{"href":"https:\/\/www.hyflexpack.com\/es\/wp-json\/wp\/v2\/product"}],"about":[{"href":"https:\/\/www.hyflexpack.com\/es\/wp-json\/wp\/v2\/types\/product"}],"replies":[{"embeddable":true,"href":"https:\/\/www.hyflexpack.com\/es\/wp-json\/wp\/v2\/comments?post=5300"}],"wp:featuredmedia":[{"embeddable":true,"href":"https:\/\/www.hyflexpack.com\/es\/wp-json\/wp\/v2\/media\/6839"}],"wp:attachment":[{"href":"https:\/\/www.hyflexpack.com\/es\/wp-json\/wp\/v2\/media?parent=5300"}],"wp:term":[{"taxonomy":"product_brand","embeddable":true,"href":"https:\/\/www.hyflexpack.com\/es\/wp-json\/wp\/v2\/product_brand?post=5300"},{"taxonomy":"product_cat","embeddable":true,"href":"https:\/\/www.hyflexpack.com\/es\/wp-json\/wp\/v2\/product_cat?post=5300"},{"taxonomy":"product_tag","embeddable":true,"href":"https:\/\/www.hyflexpack.com\/es\/wp-json\/wp\/v2\/product_tag?post=5300"}],"curies":[{"name":"wp","href":"https:\/\/api.w.org\/{rel}","templated":true}]}}