{"id":5268,"date":"2024-09-08T15:32:29","date_gmt":"2024-09-08T15:32:29","guid":{"rendered":"https:\/\/www.hyflexpack.com\/?post_type=product&#038;p=5268"},"modified":"2025-10-23T08:52:02","modified_gmt":"2025-10-23T08:52:02","slug":"eco-friendly-pet-food-packaging-bag","status":"publish","type":"product","link":"https:\/\/www.hyflexpack.com\/es\/product\/eco-friendly-pet-food-packaging-bag\/","title":{"rendered":"Eco-friendly Pet Food Packaging Bag Reciclaje de bolsas de pl\u00e1stico compuesto Mayorista"},"content":{"rendered":"<div class=\"wp-block-columns is-layout-flex wp-container-core-columns-is-layout-9d6595d7 wp-block-columns-is-layout-flex\">\n<div class=\"wp-block-column is-layout-flow wp-block-column-is-layout-flow\">\n<h3 class=\"wp-block-heading\">Caracter\u00edsticas de la bolsa ecol\u00f3gica de alta calidad para envasado de alimentos para mascotas<\/h3>\n\n\n\n<ul class=\"wp-block-list\">\n<li>Materiales de alta barrera de calidad alimentaria: Las bolsas personalizadas para envasado de alimentos para mascotas utilizan materiales de alta barrera de grado alimentario, como PET, PE, BOPP, MCPP, MPET, AL, etc., para garantizar que las patatas fritas se almacenan en un ambiente seco, a prueba de humedad, anti-oxidaci\u00f3n, y prolongar la vida \u00fatil. <\/li>\n<\/ul>\n\n\n\n<p><\/p>\n\n\n\n<ul class=\"wp-block-list\">\n<li>Duraderas y resistentes al desgarro: Las bolsas ecol\u00f3gicas para envasado de alimentos para mascotas est\u00e1n dise\u00f1adas para ser resistentes y garantizar que el envase proteja el alimento de los da\u00f1os, la humedad y los elementos.<\/li>\n<\/ul>\n\n\n\n<p><\/p>\n\n\n\n<ul class=\"wp-block-list\">\n<li>Cierre de cremallera: El sello de cremallera incorporado es conveniente para abrir el sello varias veces, manteniendo los aperitivos frescos y evitando la entrada de aire exterior.<\/li>\n<\/ul>\n\n\n\n<p><\/p>\n\n\n\n<ul class=\"wp-block-list\">\n<li>Opciones resellables: Los envases personalizados de comida para mascotas incluyen cremalleras o cierres resellables para facilitar el acceso y mantenerlo fresco despu\u00e9s de abrirlo. <\/li>\n<\/ul>\n\n\n\n<p><\/p>\n\n\n\n<ul class=\"wp-block-list\">\n<li>Dise\u00f1o de bolsa de pie: La estructura de bolsa de pie permite que la bolsa se mantenga firme en la estanter\u00eda o vitrina, ahorrando espacio de exposici\u00f3n y mejorando el efecto de exposici\u00f3n del producto.<\/li>\n<\/ul>\n<\/div>\n\n\n\n<div class=\"wp-block-column is-layout-flow wp-block-column-is-layout-flow\">\n<figure class=\"wp-block-image size-full\"><img fetchpriority=\"high\" decoding=\"async\" width=\"750\" height=\"750\" src=\"https:\/\/www.hyflexpack.com\/wp-content\/uploads\/2024\/09\/Eco-friendly-Pet-Food-Packaging-Wholesaler\uff081\uff09.webp\" alt=\"Mayorista de envases ecol\u00f3gicos para alimentos para mascotas\" class=\"wp-image-5269\" srcset=\"https:\/\/www.hyflexpack.com\/wp-content\/uploads\/2024\/09\/Eco-friendly-Pet-Food-Packaging-Wholesaler\uff081\uff09.webp 750w, https:\/\/www.hyflexpack.com\/wp-content\/uploads\/2024\/09\/Eco-friendly-Pet-Food-Packaging-Wholesaler\uff081\uff09-300x300.webp 300w, https:\/\/www.hyflexpack.com\/wp-content\/uploads\/2024\/09\/Eco-friendly-Pet-Food-Packaging-Wholesaler\uff081\uff09-150x150.webp 150w, https:\/\/www.hyflexpack.com\/wp-content\/uploads\/2024\/09\/Eco-friendly-Pet-Food-Packaging-Wholesaler\uff081\uff09-12x12.webp 12w, https:\/\/www.hyflexpack.com\/wp-content\/uploads\/2024\/09\/Eco-friendly-Pet-Food-Packaging-Wholesaler\uff081\uff09-285x285.webp 285w, https:\/\/www.hyflexpack.com\/wp-content\/uploads\/2024\/09\/Eco-friendly-Pet-Food-Packaging-Wholesaler\uff081\uff09-270x270.webp 270w, https:\/\/www.hyflexpack.com\/wp-content\/uploads\/2024\/09\/Eco-friendly-Pet-Food-Packaging-Wholesaler\uff081\uff09-540x540.webp 540w, https:\/\/www.hyflexpack.com\/wp-content\/uploads\/2024\/09\/Eco-friendly-Pet-Food-Packaging-Wholesaler\uff081\uff09-660x660.webp 660w\" sizes=\"(max-width: 750px) 100vw, 750px\" \/><\/figure>\n<\/div>\n<\/div>","protected":false},"excerpt":{"rendered":"<p>Descubra c\u00f3mo nuestras bolsas personalizadas para envasado de alimentos para mascotas est\u00e1n fabricadas con films de envasado compuestos ecol\u00f3gicos para garantizar la frescura y seguridad de los alimentos para mascotas. Los materiales de papel kraft compuesto que contienen aluminio tienen grandes propiedades de protecci\u00f3n contra la luz y una gran capacidad antioxidante. La impresi\u00f3n personalizada hace que el producto sea m\u00e1s distintivo. P\u00f3ngase en contacto con nosotros hoy mismo para solicitar un presupuesto. Nos comprometemos a ofrecer soluciones integrales de envasado respetuosas con el medio ambiente y de alta calidad.<\/p>\n<h3>Ventajas del mayorista de envases ecol\u00f3gicos para alimentos para mascotas<\/h3>\n<ul>\n<li><strong>Dise\u00f1o personalizado<\/strong>: Proporcionamos un servicio personalizado, incluyendo el material, el tama\u00f1o y la personalizaci\u00f3n del patr\u00f3n de impresi\u00f3n para satisfacer las necesidades del cliente, y apoyamos OEM y ODM.<\/li>\n<li><strong>Fabricaci\u00f3n<\/strong>: Con equipos y tecnolog\u00eda avanzados, podemos completar la producci\u00f3n de la orden con alta eficiencia y alta calidad, y puede entregar a tiempo.<\/li>\n<li><strong>Inspecci\u00f3n de calidad<\/strong>: Seguir estrictamente las normas de calidad y los requisitos de seguridad alimentaria para la producci\u00f3n, a fin de garantizar que los productos cumplen las normas.<\/li>\n<li><strong>Atenci\u00f3n al cliente<\/strong>: 24 horas para ofrecer una respuesta r\u00e1pida y un esmerado servicio de atenci\u00f3n al cliente.<\/li>\n<li><strong>Muestra gratuita<\/strong>\uff1a Proporcionar un servicio de muestra gratuita para que pueda evaluar el envase flexible.<\/li>\n<\/ul>\n<p>Huiyang Packaging se compromete a proporcionar a los clientes bolsas de envasado de alimentos para mascotas ecol\u00f3gicas y de alta calidad para ayudar a los clientes a mejorar la imagen de sus productos y mejorar la competitividad en el mercado.<\/p>","protected":false},"featured_media":5269,"comment_status":"open","ping_status":"closed","template":"","meta":[],"product_brand":[],"product_cat":[56],"product_tag":[],"class_list":{"0":"post-5268","1":"product","2":"type-product","3":"status-publish","4":"has-post-thumbnail","6":"product_cat-custom-pet-food-packaging","8":"first","9":"instock","10":"shipping-taxable","11":"product-type-simple"},"_links":{"self":[{"href":"https:\/\/www.hyflexpack.com\/es\/wp-json\/wp\/v2\/product\/5268","targetHints":{"allow":["GET"]}}],"collection":[{"href":"https:\/\/www.hyflexpack.com\/es\/wp-json\/wp\/v2\/product"}],"about":[{"href":"https:\/\/www.hyflexpack.com\/es\/wp-json\/wp\/v2\/types\/product"}],"replies":[{"embeddable":true,"href":"https:\/\/www.hyflexpack.com\/es\/wp-json\/wp\/v2\/comments?post=5268"}],"wp:featuredmedia":[{"embeddable":true,"href":"https:\/\/www.hyflexpack.com\/es\/wp-json\/wp\/v2\/media\/5269"}],"wp:attachment":[{"href":"https:\/\/www.hyflexpack.com\/es\/wp-json\/wp\/v2\/media?parent=5268"}],"wp:term":[{"taxonomy":"product_brand","embeddable":true,"href":"https:\/\/www.hyflexpack.com\/es\/wp-json\/wp\/v2\/product_brand?post=5268"},{"taxonomy":"product_cat","embeddable":true,"href":"https:\/\/www.hyflexpack.com\/es\/wp-json\/wp\/v2\/product_cat?post=5268"},{"taxonomy":"product_tag","embeddable":true,"href":"https:\/\/www.hyflexpack.com\/es\/wp-json\/wp\/v2\/product_tag?post=5268"}],"curies":[{"name":"wp","href":"https:\/\/api.w.org\/{rel}","templated":true}]}}