{"id":5164,"date":"2024-08-24T10:23:43","date_gmt":"2024-08-24T10:23:43","guid":{"rendered":"https:\/\/www.hyflexpack.com\/?post_type=product&#038;p=5164"},"modified":"2025-10-23T04:07:05","modified_gmt":"2025-10-23T04:07:05","slug":"custom-bread-packaging-bag","status":"publish","type":"product","link":"https:\/\/www.hyflexpack.com\/es\/product\/custom-bread-packaging-bag\/","title":{"rendered":"Bolsa transparente para envasado de alimentos Stand Up Pouch"},"content":{"rendered":"<div class=\"wp-block-columns is-layout-flex wp-container-core-columns-is-layout-9d6595d7 wp-block-columns-is-layout-flex\">\n<div class=\"wp-block-column is-layout-flow wp-block-column-is-layout-flow\">\n<h3 class=\"wp-block-heading\">Features of High Quality Custom Bread Packaging Bag<\/h3>\n\n\n\n<ul class=\"wp-block-list\">\n<li>Materiales respetuosos con el medio ambiente: Utilice materiales respetuosos con el medio ambiente que cumplan los requisitos de protecci\u00f3n medioambiental, como materiales biodegradables o reciclables, para reducir el impacto sobre el medio ambiente.<\/li>\n<\/ul>\n\n\n\n<p><\/p>\n\n\n\n<ul class=\"wp-block-list\">\n<li>Food-grade high-barrier materials: Custom bread packaging bags use food-grade high-barrier materials, such as PET, PE, aluminum foil, etc., to ensure the freshness and safety of bread, moisture-proof, anti-oxidation, and extend the shelf life. <\/li>\n<\/ul>\n\n\n\n<p><\/p>\n\n\n\n<ul class=\"wp-block-list\">\n<li>Dise\u00f1o con orificios para colgar: Hay agujeros para colgar dise\u00f1ados dentro de la bolsa, que es conveniente para colgar y mostrar en la tienda, aumentando la popularidad y el atractivo del producto. <\/li>\n<\/ul>\n\n\n\n<p><\/p>\n\n\n\n<ul class=\"wp-block-list\">\n<li>Zipper closure: The built-in zipper closure is convenient for opening the closure multiple times, keeping the bread fresh and preventing outside air from entering. <\/li>\n<\/ul>\n\n\n\n<p><\/p>\n\n\n\n<ul class=\"wp-block-list\">\n<li>Standing bag design: The standing bag structure allows the bag to stand firmly on the shelf or display cabinet, saving display space and enhancing the product display effect.<\/li>\n<\/ul>\n<\/div>\n\n\n\n<div class=\"wp-block-column is-layout-flow wp-block-column-is-layout-flow\">\n<figure class=\"wp-block-image size-full\"><img fetchpriority=\"high\" decoding=\"async\" width=\"750\" height=\"750\" src=\"https:\/\/www.hyflexpack.com\/wp-content\/uploads\/2024\/08\/Custom-bread-packaging-\uff081\uff09-1.webp\" alt=\"\" class=\"wp-image-5170\" srcset=\"https:\/\/www.hyflexpack.com\/wp-content\/uploads\/2024\/08\/Custom-bread-packaging-\uff081\uff09-1.webp 750w, https:\/\/www.hyflexpack.com\/wp-content\/uploads\/2024\/08\/Custom-bread-packaging-\uff081\uff09-1-300x300.webp 300w, https:\/\/www.hyflexpack.com\/wp-content\/uploads\/2024\/08\/Custom-bread-packaging-\uff081\uff09-1-150x150.webp 150w, https:\/\/www.hyflexpack.com\/wp-content\/uploads\/2024\/08\/Custom-bread-packaging-\uff081\uff09-1-12x12.webp 12w, https:\/\/www.hyflexpack.com\/wp-content\/uploads\/2024\/08\/Custom-bread-packaging-\uff081\uff09-1-285x285.webp 285w, https:\/\/www.hyflexpack.com\/wp-content\/uploads\/2024\/08\/Custom-bread-packaging-\uff081\uff09-1-270x270.webp 270w, https:\/\/www.hyflexpack.com\/wp-content\/uploads\/2024\/08\/Custom-bread-packaging-\uff081\uff09-1-540x540.webp 540w, https:\/\/www.hyflexpack.com\/wp-content\/uploads\/2024\/08\/Custom-bread-packaging-\uff081\uff09-1-660x660.webp 660w\" sizes=\"(max-width: 750px) 100vw, 750px\" \/><\/figure>\n<\/div>\n<\/div>","protected":false},"excerpt":{"rendered":"<p>Discover how our custom bread packaging bags are made with eco-friendly, food-grade laminated packaging film. Contact us today for a free quote and design. We are committed to providing one-stop environmentally friendly and quality packaging solutions.<\/p>\n<h3>Advantages of Bread Packaging Bag Supplier<\/h3>\n<ul>\n<li><strong>Dise\u00f1o personalizado<\/strong>: Provide personalized design solutions and custom bread packaging with different specifications, sizes, and printing patterns according to customer needs.<\/li>\n<li><strong>Garant\u00eda de calidad<\/strong>: Controlamos estrictamente el proceso de producci\u00f3n y elegimos materiales de alta calidad y equipos avanzados para garantizar una calidad de producto estable y fiable.<\/li>\n<li><strong>Entrega puntual<\/strong>: Optimizar el proceso de producci\u00f3n, mejorar la eficacia de la producci\u00f3n, garantizar la entrega puntual de los pedidos de los clientes, satisfacer las necesidades urgentes de los clientes.<\/li>\n<li><strong>Asistencia t\u00e9cnica profesional<\/strong>: Experimentado equipo t\u00e9cnico para proporcionar apoyo t\u00e9cnico profesional y servicio post-venta para garantizar la respuesta oportuna y la soluci\u00f3n a la demanda.<\/li>\n<li><strong>Muestra gratuita<\/strong>: Proporcionamos muestras gratuitas para que pueda evaluar los productos.<\/li>\n<\/ul>","protected":false},"featured_media":5165,"comment_status":"open","ping_status":"closed","template":"","meta":[],"product_brand":[],"product_cat":[51,102],"product_tag":[],"class_list":{"0":"post-5164","1":"product","2":"type-product","3":"status-publish","4":"has-post-thumbnail","6":"product_cat-custom-food-packaging-bags","7":"product_cat-bakery-packaging-bags-wholesale","9":"first","10":"instock","11":"shipping-taxable","12":"product-type-simple"},"_links":{"self":[{"href":"https:\/\/www.hyflexpack.com\/es\/wp-json\/wp\/v2\/product\/5164","targetHints":{"allow":["GET"]}}],"collection":[{"href":"https:\/\/www.hyflexpack.com\/es\/wp-json\/wp\/v2\/product"}],"about":[{"href":"https:\/\/www.hyflexpack.com\/es\/wp-json\/wp\/v2\/types\/product"}],"replies":[{"embeddable":true,"href":"https:\/\/www.hyflexpack.com\/es\/wp-json\/wp\/v2\/comments?post=5164"}],"wp:featuredmedia":[{"embeddable":true,"href":"https:\/\/www.hyflexpack.com\/es\/wp-json\/wp\/v2\/media\/5165"}],"wp:attachment":[{"href":"https:\/\/www.hyflexpack.com\/es\/wp-json\/wp\/v2\/media?parent=5164"}],"wp:term":[{"taxonomy":"product_brand","embeddable":true,"href":"https:\/\/www.hyflexpack.com\/es\/wp-json\/wp\/v2\/product_brand?post=5164"},{"taxonomy":"product_cat","embeddable":true,"href":"https:\/\/www.hyflexpack.com\/es\/wp-json\/wp\/v2\/product_cat?post=5164"},{"taxonomy":"product_tag","embeddable":true,"href":"https:\/\/www.hyflexpack.com\/es\/wp-json\/wp\/v2\/product_tag?post=5164"}],"curies":[{"name":"wp","href":"https:\/\/api.w.org\/{rel}","templated":true}]}}