{"id":5163,"date":"2024-08-25T09:26:08","date_gmt":"2024-08-25T09:26:08","guid":{"rendered":"https:\/\/www.hyflexpack.com\/?post_type=product&#038;p=5163"},"modified":"2024-08-25T09:26:10","modified_gmt":"2024-08-25T09:26:10","slug":"custom-rice-packaging-bags","status":"publish","type":"product","link":"https:\/\/www.hyflexpack.com\/es\/product\/custom-rice-packaging-bags\/","title":{"rendered":"Bolsas personalizadas para envasado de arroz Bolsa stand up Bolsa de Mylar para envasado"},"content":{"rendered":"<div class=\"wp-block-columns is-layout-flex wp-container-core-columns-is-layout-9d6595d7 wp-block-columns-is-layout-flex\">\n<div class=\"wp-block-column is-layout-flow wp-block-column-is-layout-flow\">\n<h3 class=\"wp-block-heading\">Features Of High quality of Custom Rice Packaging Bag<\/h3>\n\n\n\n<ul class=\"wp-block-list\">\n<li>Environmentally friendly materials: Environmentally friendly materials that meet environmental protection requirements, such as biodegradable or recyclable, are used to reduce environmental impact.<\/li>\n<\/ul>\n\n\n\n<p><\/p>\n\n\n\n<ul class=\"wp-block-list\">\n<li>Food-grade high-barrier materials: Custom rice packaging bags use food-grade high-barrier antistatic materials, such as PET, PE, aluminum foil, etc., to ensure the freshness and safety of the product, moisture-proof, anti-oxidation, and extend the shelf life. <\/li>\n<\/ul>\n\n\n\n<p><\/p>\n\n\n\n<ul class=\"wp-block-list\">\n<li>Visual appeal: the design of the rice packaging bag is simple and generous, and supports customized printing of brand logos and product information to improve brand awareness.<\/li>\n<\/ul>\n\n\n\n<p><\/p>\n\n\n\n<ul class=\"wp-block-list\">\n<li>Zipper seal: The built-in zipper seal is convenient for opening the seal multiple times, keeping the rice fresh and dry, and preventing pests and outside air from entering. <\/li>\n<\/ul>\n\n\n\n<p><\/p>\n\n\n\n<ul class=\"wp-block-list\">\n<li>Dise\u00f1o de bolsa de pie: La estructura de bolsa de pie permite que la bolsa se mantenga firme en la estanter\u00eda o vitrina, ahorrando espacio de exposici\u00f3n y mejorando el efecto de exposici\u00f3n del producto<\/li>\n<\/ul>\n<\/div>\n\n\n\n<div class=\"wp-block-column is-layout-flow wp-block-column-is-layout-flow\">\n<figure class=\"wp-block-image size-full\"><img fetchpriority=\"high\" decoding=\"async\" width=\"750\" height=\"750\" src=\"https:\/\/www.hyflexpack.com\/wp-content\/uploads\/2024\/08\/Custom-Rice-Packaging-Bags\uff081\uff09-1.webp\" alt=\"\" class=\"wp-image-5175\" srcset=\"https:\/\/www.hyflexpack.com\/wp-content\/uploads\/2024\/08\/Custom-Rice-Packaging-Bags\uff081\uff09-1.webp 750w, https:\/\/www.hyflexpack.com\/wp-content\/uploads\/2024\/08\/Custom-Rice-Packaging-Bags\uff081\uff09-1-300x300.webp 300w, https:\/\/www.hyflexpack.com\/wp-content\/uploads\/2024\/08\/Custom-Rice-Packaging-Bags\uff081\uff09-1-150x150.webp 150w, https:\/\/www.hyflexpack.com\/wp-content\/uploads\/2024\/08\/Custom-Rice-Packaging-Bags\uff081\uff09-1-12x12.webp 12w, https:\/\/www.hyflexpack.com\/wp-content\/uploads\/2024\/08\/Custom-Rice-Packaging-Bags\uff081\uff09-1-285x285.webp 285w, https:\/\/www.hyflexpack.com\/wp-content\/uploads\/2024\/08\/Custom-Rice-Packaging-Bags\uff081\uff09-1-270x270.webp 270w, https:\/\/www.hyflexpack.com\/wp-content\/uploads\/2024\/08\/Custom-Rice-Packaging-Bags\uff081\uff09-1-540x540.webp 540w, https:\/\/www.hyflexpack.com\/wp-content\/uploads\/2024\/08\/Custom-Rice-Packaging-Bags\uff081\uff09-1-660x660.webp 660w\" sizes=\"(max-width: 750px) 100vw, 750px\" \/><\/figure>\n<\/div>\n<\/div>","protected":false},"excerpt":{"rendered":"<p>Find out how rice packaging bags are made using environmentally friendly food-grade composite packaging film. Provides excellent moisture and oxidation resistance, as well as high barrier properties to ensure dry and safe food. Contact us today, we are committed to providing one-stop environmentally friendly and quality packaging solutions!<\/p>\n<h3>Advantages of Rice Packaging Bag Supplier<\/h3>\n<ul>\n<li><strong>Dise\u00f1o a medida<\/strong>: We provide customized design rice packaging, including material, size, and printing pattern customization to meet customers\u2019 branding needs, and support OEM and ODM.<\/li>\n<li><strong>Fabricaci\u00f3n<\/strong>: With advanced equipment and technology, we can complete the order production with high efficiency and high quality and can deliver on time.<\/li>\n<li><strong>Inspecci\u00f3n de calidad<\/strong>: Siga estrictamente las normas de calidad y los requisitos de seguridad alimentaria para garantizar que los productos cumplen las normas.<\/li>\n<li><strong>Atenci\u00f3n al cliente<\/strong>: Proporcione una respuesta r\u00e1pida y un servicio de atenci\u00f3n al cliente considerado las 24 horas del d\u00eda.<\/li>\n<li><strong>Muestra gratuita<\/strong>: Proporcionamos muestras gratuitas para que pueda evaluar los productos.<\/li>\n<\/ul>","protected":false},"featured_media":5171,"comment_status":"open","ping_status":"closed","template":"","meta":[],"product_brand":[],"product_cat":[51],"product_tag":[],"class_list":{"0":"post-5163","1":"product","2":"type-product","3":"status-publish","4":"has-post-thumbnail","6":"product_cat-custom-food-packaging-bags","8":"first","9":"instock","10":"shipping-taxable","11":"product-type-simple"},"_links":{"self":[{"href":"https:\/\/www.hyflexpack.com\/es\/wp-json\/wp\/v2\/product\/5163","targetHints":{"allow":["GET"]}}],"collection":[{"href":"https:\/\/www.hyflexpack.com\/es\/wp-json\/wp\/v2\/product"}],"about":[{"href":"https:\/\/www.hyflexpack.com\/es\/wp-json\/wp\/v2\/types\/product"}],"replies":[{"embeddable":true,"href":"https:\/\/www.hyflexpack.com\/es\/wp-json\/wp\/v2\/comments?post=5163"}],"wp:featuredmedia":[{"embeddable":true,"href":"https:\/\/www.hyflexpack.com\/es\/wp-json\/wp\/v2\/media\/5171"}],"wp:attachment":[{"href":"https:\/\/www.hyflexpack.com\/es\/wp-json\/wp\/v2\/media?parent=5163"}],"wp:term":[{"taxonomy":"product_brand","embeddable":true,"href":"https:\/\/www.hyflexpack.com\/es\/wp-json\/wp\/v2\/product_brand?post=5163"},{"taxonomy":"product_cat","embeddable":true,"href":"https:\/\/www.hyflexpack.com\/es\/wp-json\/wp\/v2\/product_cat?post=5163"},{"taxonomy":"product_tag","embeddable":true,"href":"https:\/\/www.hyflexpack.com\/es\/wp-json\/wp\/v2\/product_tag?post=5163"}],"curies":[{"name":"wp","href":"https:\/\/api.w.org\/{rel}","templated":true}]}}