{"id":5155,"date":"2024-08-24T10:04:50","date_gmt":"2024-08-24T10:04:50","guid":{"rendered":"https:\/\/www.hyflexpack.com\/?post_type=product&#038;p=5155"},"modified":"2025-10-23T08:56:27","modified_gmt":"2025-10-23T08:56:27","slug":"supply-snack-packaging-bags","status":"publish","type":"product","link":"https:\/\/www.hyflexpack.com\/es\/product\/supply-snack-packaging-bags\/","title":{"rendered":"Proveedor Bolsas para aperitivos Bolsas de pl\u00e1stico personalizadas con logotipo"},"content":{"rendered":"<div class=\"wp-block-columns is-layout-flex wp-container-core-columns-is-layout-9d6595d7 wp-block-columns-is-layout-flex\">\n<div class=\"wp-block-column is-layout-flow wp-block-column-is-layout-flow\">\n<h3 class=\"wp-block-heading\">Caracter\u00edsticas de los envases personalizados de alta calidad para aperitivos<\/h3>\n\n\n\n<ul class=\"wp-block-list\">\n<li>Materiales respetuosos con el medio ambiente: Utilice materiales respetuosos con el medio ambiente que cumplan los requisitos de protecci\u00f3n medioambiental, como materiales biodegradables o reciclables, para reducir el impacto sobre el medio ambiente. <\/li>\n\n\n\n<li>Materiales de alta barrera de calidad alimentaria: Las bolsas personalizadas para aperitivos utilizan materiales de alta barrera de grado alimentario, como PET, PE, papel de aluminio, etc., para garantizar la frescura y seguridad de los aperitivos, a prueba de humedad, anti-oxidaci\u00f3n, y extender la vida \u00fatil. <\/li>\n\n\n\n<li>Dise\u00f1o con orificios para colgar: Hay agujeros para colgar dise\u00f1ados dentro de la bolsa, que es conveniente para colgar y mostrar en la tienda, aumentando la popularidad y el atractivo del producto. <\/li>\n\n\n\n<li>Cierre de cremallera: El cierre de cremallera incorporado es pr\u00e1ctico para abrirlo varias veces, mantener frescos los aperitivos y evitar que entre aire del exterior.<\/li>\n\n\n\n<li>Dise\u00f1o de bolsa de pie: La estructura de bolsa de pie permite que la bolsa se mantenga firme en la estanter\u00eda o vitrina, ahorrando espacio de exposici\u00f3n y mejorando el efecto de exposici\u00f3n del producto<\/li>\n<\/ul>\n<\/div>\n\n\n\n<div class=\"wp-block-column is-layout-flow wp-block-column-is-layout-flow\">\n<figure class=\"wp-block-image size-full\"><img fetchpriority=\"high\" decoding=\"async\" width=\"750\" height=\"750\" src=\"https:\/\/www.hyflexpack.com\/wp-content\/uploads\/2024\/08\/Snack-Packaging-Supplier\uff081\uff09-1.webp\" alt=\"\" class=\"wp-image-5160\" srcset=\"https:\/\/www.hyflexpack.com\/wp-content\/uploads\/2024\/08\/Snack-Packaging-Supplier\uff081\uff09-1.webp 750w, https:\/\/www.hyflexpack.com\/wp-content\/uploads\/2024\/08\/Snack-Packaging-Supplier\uff081\uff09-1-300x300.webp 300w, https:\/\/www.hyflexpack.com\/wp-content\/uploads\/2024\/08\/Snack-Packaging-Supplier\uff081\uff09-1-150x150.webp 150w, https:\/\/www.hyflexpack.com\/wp-content\/uploads\/2024\/08\/Snack-Packaging-Supplier\uff081\uff09-1-12x12.webp 12w, https:\/\/www.hyflexpack.com\/wp-content\/uploads\/2024\/08\/Snack-Packaging-Supplier\uff081\uff09-1-285x285.webp 285w, https:\/\/www.hyflexpack.com\/wp-content\/uploads\/2024\/08\/Snack-Packaging-Supplier\uff081\uff09-1-270x270.webp 270w, https:\/\/www.hyflexpack.com\/wp-content\/uploads\/2024\/08\/Snack-Packaging-Supplier\uff081\uff09-1-540x540.webp 540w, https:\/\/www.hyflexpack.com\/wp-content\/uploads\/2024\/08\/Snack-Packaging-Supplier\uff081\uff09-1-660x660.webp 660w\" sizes=\"(max-width: 750px) 100vw, 750px\" \/><\/figure>\n<\/div>\n<\/div>","protected":false},"excerpt":{"rendered":"<p>Explore nuestras bolsas ecol\u00f3gicas para envasado de aperitivos aptas para uso alimentario con materiales compuestos de aluminio para una mayor protecci\u00f3n contra la humedad, el ox\u00edgeno y la luz. Una cremallera segura mantiene los alimentos frescos, mientras que el fondo ensanchado garantiza la estabilidad. P\u00f3ngase en contacto con nosotros para solicitar un presupuesto y descubrir nuestras soluciones integrales de envasado.<\/p>\n<h3>Ventajas del proveedor de bolsas para aperitivos<\/h3>\n<ul>\n<li><strong>Dise\u00f1o personalizado<\/strong>: Proporcionamos servicios de dise\u00f1o personalizado, incluyendo el material, el tama\u00f1o y la personalizaci\u00f3n del patr\u00f3n de impresi\u00f3n para satisfacer las necesidades de los clientes, y apoyamos OEM y ODM.<\/li>\n<li><strong>Fabricaci\u00f3n<\/strong>: Con equipos y tecnolog\u00eda avanzados, podemos completar los pedidos con alta eficiencia y alta calidad, y entregar a tiempo.<\/li>\n<li><strong>Inspecci\u00f3n de calidad<\/strong>: Siga estrictamente las normas de calidad y los requisitos de seguridad alimentaria para garantizar que los productos cumplen las normas.<\/li>\n<li><strong>Equipo de asistencia t\u00e9cnica<\/strong>: Nuestro equipo cuenta con una gran experiencia en el sector y conocimientos profesionales, y puede proporcionar asistencia t\u00e9cnica y servicio de consultor\u00eda las 24 horas del d\u00eda a nuestros clientes.<\/li>\n<li><strong>Muestra gratuita<\/strong>: Proporcionamos muestras gratuitas para que pueda evaluar los productos.<\/li>\n<\/ul>","protected":false},"featured_media":5156,"comment_status":"open","ping_status":"closed","template":"","meta":[],"product_brand":[],"product_cat":[57],"product_tag":[],"class_list":{"0":"post-5155","1":"product","2":"type-product","3":"status-publish","4":"has-post-thumbnail","6":"product_cat-snack-packaging-bags-wholesale","8":"first","9":"instock","10":"shipping-taxable","11":"product-type-simple"},"_links":{"self":[{"href":"https:\/\/www.hyflexpack.com\/es\/wp-json\/wp\/v2\/product\/5155","targetHints":{"allow":["GET"]}}],"collection":[{"href":"https:\/\/www.hyflexpack.com\/es\/wp-json\/wp\/v2\/product"}],"about":[{"href":"https:\/\/www.hyflexpack.com\/es\/wp-json\/wp\/v2\/types\/product"}],"replies":[{"embeddable":true,"href":"https:\/\/www.hyflexpack.com\/es\/wp-json\/wp\/v2\/comments?post=5155"}],"wp:featuredmedia":[{"embeddable":true,"href":"https:\/\/www.hyflexpack.com\/es\/wp-json\/wp\/v2\/media\/5156"}],"wp:attachment":[{"href":"https:\/\/www.hyflexpack.com\/es\/wp-json\/wp\/v2\/media?parent=5155"}],"wp:term":[{"taxonomy":"product_brand","embeddable":true,"href":"https:\/\/www.hyflexpack.com\/es\/wp-json\/wp\/v2\/product_brand?post=5155"},{"taxonomy":"product_cat","embeddable":true,"href":"https:\/\/www.hyflexpack.com\/es\/wp-json\/wp\/v2\/product_cat?post=5155"},{"taxonomy":"product_tag","embeddable":true,"href":"https:\/\/www.hyflexpack.com\/es\/wp-json\/wp\/v2\/product_tag?post=5155"}],"curies":[{"name":"wp","href":"https:\/\/api.w.org\/{rel}","templated":true}]}}