{"id":5117,"date":"2024-08-18T16:37:52","date_gmt":"2024-08-18T16:37:52","guid":{"rendered":"https:\/\/www.hyflexpack.com\/?post_type=product&#038;p=5117"},"modified":"2024-08-22T09:54:13","modified_gmt":"2024-08-22T09:54:13","slug":"wholesale-charcoal-bags","status":"publish","type":"product","link":"https:\/\/www.hyflexpack.com\/es\/product\/wholesale-charcoal-bags\/","title":{"rendered":"Venta al Mayor de Bolsas de Carb\u00f3n Vegetal, Bolsas de Embalaje de Pl\u00e1stico para Carb\u00f3n Vegetal Degradable Stand Up Pouch"},"content":{"rendered":"<div class=\"wp-block-columns is-layout-flex wp-container-core-columns-is-layout-9d6595d7 wp-block-columns-is-layout-flex\">\n<div class=\"wp-block-column is-layout-flow wp-block-column-is-layout-flow\">\n<h3 class=\"wp-block-heading\">Caracter\u00edsticas de las bolsas laminadas a medida<\/h3>\n\n\n\n<ul class=\"wp-block-list\">\n<li>High strength and durability: this composite packaging bag designed for charcoal is made of strong material structure, tear-resistant and puncture-resistant, if you are considering the weight and sharp edges of the charcoal, it surely ensures that it is not easy to break during transportation and storage.<\/li>\n<\/ul>\n\n\n\n<p><\/p>\n\n\n\n<ul class=\"wp-block-list\">\n<li>Moisture and waterproof: the charcoal bags are made of moisture and waterproof material, which can block the moisture and the environment with water, keep the charcoal dry and prevent the moisture from affecting the usage effect.<\/li>\n<\/ul>\n\n\n\n<p><\/p>\n\n\n\n<ul class=\"wp-block-list\">\n<li>Environmentally friendly biodegradable materials: the vertical bag provided with compostable degradable materials meets environmental standards and suits the needs of brands focusing on sustainable development.<\/li>\n<\/ul>\n\n\n\n<p><\/p>\n\n\n\n<ul class=\"wp-block-list\">\n<li>Easy to carry and store: Vertical bags are designed for easy display and storage, suitable for home and outdoor barbecue use, convenient for consumers to carry.<\/li>\n<\/ul>\n\n\n\n<p><\/p>\n\n\n\n<ul class=\"wp-block-list\">\n<li>Multiple sizes available: charcoal bags are available in different sizes to meet the diversified needs from small bags to large-capacity packaging.<\/li>\n<\/ul>\n<\/div>\n\n\n\n<div class=\"wp-block-column is-layout-flow wp-block-column-is-layout-flow\">\n<figure class=\"wp-block-image size-full\"><img fetchpriority=\"high\" decoding=\"async\" width=\"750\" height=\"750\" src=\"https:\/\/www.hyflexpack.com\/wp-content\/uploads\/2024\/08\/Bespoke-Charcoal-Packaging-bag\uff086\uff09-1.webp\" alt=\"\" class=\"wp-image-5132\" srcset=\"https:\/\/www.hyflexpack.com\/wp-content\/uploads\/2024\/08\/Bespoke-Charcoal-Packaging-bag\uff086\uff09-1.webp 750w, https:\/\/www.hyflexpack.com\/wp-content\/uploads\/2024\/08\/Bespoke-Charcoal-Packaging-bag\uff086\uff09-1-300x300.webp 300w, https:\/\/www.hyflexpack.com\/wp-content\/uploads\/2024\/08\/Bespoke-Charcoal-Packaging-bag\uff086\uff09-1-150x150.webp 150w, https:\/\/www.hyflexpack.com\/wp-content\/uploads\/2024\/08\/Bespoke-Charcoal-Packaging-bag\uff086\uff09-1-12x12.webp 12w, https:\/\/www.hyflexpack.com\/wp-content\/uploads\/2024\/08\/Bespoke-Charcoal-Packaging-bag\uff086\uff09-1-285x285.webp 285w, https:\/\/www.hyflexpack.com\/wp-content\/uploads\/2024\/08\/Bespoke-Charcoal-Packaging-bag\uff086\uff09-1-270x270.webp 270w, https:\/\/www.hyflexpack.com\/wp-content\/uploads\/2024\/08\/Bespoke-Charcoal-Packaging-bag\uff086\uff09-1-540x540.webp 540w, https:\/\/www.hyflexpack.com\/wp-content\/uploads\/2024\/08\/Bespoke-Charcoal-Packaging-bag\uff086\uff09-1-660x660.webp 660w\" sizes=\"(max-width: 750px) 100vw, 750px\" \/><\/figure>\n<\/div>\n<\/div>","protected":false},"excerpt":{"rendered":"<p>Learn more about our wholesale charcoal bags, biodegradable material, the aluminum composite material application can provide good moisture, oxygen, and light resistance, and the high-quality zipper can provide a good sealing effect to prevent dust, moisture, or pests from entering the bag. The wider bottom design makes the stand-up pouches stand more firmly. Contact us today for a quote. We are committed to providing one-stop environmentally friendly and quality packaging solutions.<\/p>\n<h3>Advantages of Charcoal Bags <strong>Proveedor<\/strong><\/h3>\n<ul>\n<li><a href=\"https:\/\/www.hyflexpack.com\/es\/envases-flexibles-personalizados\/\">Dise\u00f1o personalizado<\/a>: We provide custom charcoal packaging bag service, including material, size, and printing pattern customization to meet customer needs, and support OEM and ODM.<\/li>\n<li>Fabricaci\u00f3n: Con equipos y tecnolog\u00eda avanzados, podemos completar la producci\u00f3n del pedido con alta eficiencia y alta calidad, y podemos entregar a tiempo.<\/li>\n<li>Inspecci\u00f3n de calidad: Seguir estrictamente las normas de calidad y los requisitos de seguridad alimentaria para la producci\u00f3n, con el fin de garantizar que los productos cumplen las normas.<\/li>\n<li>Servicio de atenci\u00f3n al cliente: 24 horas para ofrecer una respuesta r\u00e1pida y un servicio de atenci\u00f3n al cliente atento.<\/li>\n<li>Free Sample\uff1a Provide free sample service for you to evaluate the charcoal bags.<\/li>\n<\/ul>\n<p>Huiyang Packaging is committed to providing customers with high-quality, custom dog treat bags to help customers improve their product image and enhance market competitiveness.<\/p>","protected":false},"featured_media":5123,"comment_status":"open","ping_status":"closed","template":"","meta":[],"product_brand":[],"product_cat":[52],"product_tag":[],"class_list":{"0":"post-5117","1":"product","2":"type-product","3":"status-publish","4":"has-post-thumbnail","6":"product_cat-custom-daily-chemical-packaging","8":"first","9":"instock","10":"shipping-taxable","11":"product-type-simple"},"_links":{"self":[{"href":"https:\/\/www.hyflexpack.com\/es\/wp-json\/wp\/v2\/product\/5117","targetHints":{"allow":["GET"]}}],"collection":[{"href":"https:\/\/www.hyflexpack.com\/es\/wp-json\/wp\/v2\/product"}],"about":[{"href":"https:\/\/www.hyflexpack.com\/es\/wp-json\/wp\/v2\/types\/product"}],"replies":[{"embeddable":true,"href":"https:\/\/www.hyflexpack.com\/es\/wp-json\/wp\/v2\/comments?post=5117"}],"wp:featuredmedia":[{"embeddable":true,"href":"https:\/\/www.hyflexpack.com\/es\/wp-json\/wp\/v2\/media\/5123"}],"wp:attachment":[{"href":"https:\/\/www.hyflexpack.com\/es\/wp-json\/wp\/v2\/media?parent=5117"}],"wp:term":[{"taxonomy":"product_brand","embeddable":true,"href":"https:\/\/www.hyflexpack.com\/es\/wp-json\/wp\/v2\/product_brand?post=5117"},{"taxonomy":"product_cat","embeddable":true,"href":"https:\/\/www.hyflexpack.com\/es\/wp-json\/wp\/v2\/product_cat?post=5117"},{"taxonomy":"product_tag","embeddable":true,"href":"https:\/\/www.hyflexpack.com\/es\/wp-json\/wp\/v2\/product_tag?post=5117"}],"curies":[{"name":"wp","href":"https:\/\/api.w.org\/{rel}","templated":true}]}}