{"id":5084,"date":"2024-08-17T09:00:32","date_gmt":"2024-08-17T09:00:32","guid":{"rendered":"https:\/\/www.hyflexpack.com\/?post_type=product&#038;p=5084"},"modified":"2024-08-17T09:04:26","modified_gmt":"2024-08-17T09:04:26","slug":"custom-sugar-cookie-packaging-bags","status":"publish","type":"product","link":"https:\/\/www.hyflexpack.com\/es\/product\/custom-sugar-cookie-packaging-bags\/","title":{"rendered":"Bolsas de pl\u00e1stico personalizadas para galletas de az\u00facar"},"content":{"rendered":"<div class=\"wp-block-columns is-layout-flex wp-container-core-columns-is-layout-9d6595d7 wp-block-columns-is-layout-flex\">\n<div class=\"wp-block-column is-layout-flow wp-block-column-is-layout-flow\">\n<h3 class=\"wp-block-heading\">Caracter\u00edsticas de las bolsas personalizadas para galletas de az\u00facar<\/h3>\n\n\n\n<p><\/p>\n\n\n\n<ul class=\"wp-block-list\">\n<li>Materiales ecol\u00f3gicos: uso de materiales respetuosos con el medio ambiente que cumplan los requisitos medioambientales, como materiales biodegradables o reciclables, para reducir el impacto en el entorno. <\/li>\n<\/ul>\n\n\n\n<p><\/p>\n\n\n\n<ul class=\"wp-block-list\">\n<li>Materiales de alta barrera de calidad alimentaria: Bolsas de empaque de galletas de az\u00facar personalizadas con materiales antiest\u00e1ticos de alta barrera de grado alimenticio, como PET, PE, papel de aluminio, etc., para garantizar la frescura y la seguridad del cacao en polvo, a prueba de humedad, antioxidaci\u00f3n y extender la vida \u00fatil.<\/li>\n<\/ul>\n\n\n\n<p><\/p>\n\n\n\n<ul class=\"wp-block-list\">\n<li>Dise\u00f1o con agujeros para colgar: las bolsas de envasado de galletas de az\u00facar est\u00e1n dise\u00f1adas con agujeros para colgar, f\u00e1ciles de colgar y exponer en la tienda, lo que mejora la visibilidad y el atractivo del producto. <\/li>\n<\/ul>\n\n\n\n<p><\/p>\n\n\n\n<ul class=\"wp-block-list\">\n<li>Cierre de cremallera: cierre de cremallera incorporado, f\u00e1cil de abrir el cierre muchas veces, mantiene los aperitivos frescos, evita que entre el aire exterior. <\/li>\n<\/ul>\n\n\n\n<p><\/p>\n\n\n\n<ul class=\"wp-block-list\">\n<li>Dise\u00f1o de bolsa de pie: estructura de bolsa de pie, para que la bolsa se mantenga firme en la estanter\u00eda o vitrina, ahorrando espacio de exposici\u00f3n y mejorando el efecto de exposici\u00f3n del producto.<\/li>\n<\/ul>\n<\/div>\n\n\n\n<div class=\"wp-block-column is-layout-flow wp-block-column-is-layout-flow\">\n<figure class=\"wp-block-image size-full\"><img fetchpriority=\"high\" decoding=\"async\" width=\"750\" height=\"750\" src=\"https:\/\/www.hyflexpack.com\/wp-content\/uploads\/2024\/08\/Custom-Sugar-Cookie-Packaging-Bags1.webp\" alt=\"Fabricantes de bolsas a medida para galletas azucaradas\" class=\"wp-image-5085\" srcset=\"https:\/\/www.hyflexpack.com\/wp-content\/uploads\/2024\/08\/Custom-Sugar-Cookie-Packaging-Bags1.webp 750w, https:\/\/www.hyflexpack.com\/wp-content\/uploads\/2024\/08\/Custom-Sugar-Cookie-Packaging-Bags1-300x300.webp 300w, https:\/\/www.hyflexpack.com\/wp-content\/uploads\/2024\/08\/Custom-Sugar-Cookie-Packaging-Bags1-150x150.webp 150w, https:\/\/www.hyflexpack.com\/wp-content\/uploads\/2024\/08\/Custom-Sugar-Cookie-Packaging-Bags1-12x12.webp 12w, https:\/\/www.hyflexpack.com\/wp-content\/uploads\/2024\/08\/Custom-Sugar-Cookie-Packaging-Bags1-285x285.webp 285w, https:\/\/www.hyflexpack.com\/wp-content\/uploads\/2024\/08\/Custom-Sugar-Cookie-Packaging-Bags1-270x270.webp 270w, https:\/\/www.hyflexpack.com\/wp-content\/uploads\/2024\/08\/Custom-Sugar-Cookie-Packaging-Bags1-540x540.webp 540w, https:\/\/www.hyflexpack.com\/wp-content\/uploads\/2024\/08\/Custom-Sugar-Cookie-Packaging-Bags1-660x660.webp 660w\" sizes=\"(max-width: 750px) 100vw, 750px\" \/><\/figure>\n<\/div>\n<\/div>","protected":false},"excerpt":{"rendered":"<p>Descubra c\u00f3mo nuestras bolsas personalizadas para el envasado de galletas y caramelos utilizan pel\u00edcula de envasado laminada ecol\u00f3gica y apta para uso alimentario para garantizar la frescura y seguridad de sus caramelos y galletas. La aplicaci\u00f3n de materiales compuestos puede proporcionar una buena protecci\u00f3n contra la humedad, el ox\u00edgeno y la luz. P\u00f3ngase en contacto con nosotros para solicitar un presupuesto, nos comprometemos a ofrecerle soluciones de envasado de calidad y respetuosas con el medio ambiente.<\/p>\n<h3><strong>Ventajas de las bolsas personalizadas para galletas de az\u00facar <\/strong><\/h3>\n<ul>\n<li><strong>Dise\u00f1o personalizado<\/strong>: Ofrecemos un servicio personalizado de bolsas de embalaje para galletas de az\u00facar, que incluye la personalizaci\u00f3n del material, el tama\u00f1o y el patr\u00f3n de impresi\u00f3n para satisfacer las necesidades del cliente, y admitimos OEM y ODM.<\/li>\n<li><strong>Fabricaci\u00f3n<\/strong>: Con equipos y tecnolog\u00eda avanzados, podemos completar la producci\u00f3n de la orden con alta eficiencia y alta calidad, y puede entregar a tiempo.<\/li>\n<li><strong>Inspecci\u00f3n de calidad<\/strong>: Seguir estrictamente las normas de calidad y los requisitos de seguridad alimentaria para la producci\u00f3n, a fin de garantizar que los productos cumplen las normas.<\/li>\n<li><strong>Atenci\u00f3n al cliente<\/strong>: 24 horas para ofrecer una respuesta r\u00e1pida y un esmerado servicio de atenci\u00f3n al cliente.<\/li>\n<li><strong>Muestra gratuita<\/strong>\uff1a Proporcionar servicio de muestra gratuita para que pueda evaluar los productos.<\/li>\n<\/ul>\n<p>&nbsp;<\/p>","protected":false},"featured_media":5085,"comment_status":"open","ping_status":"closed","template":"","meta":[],"product_brand":[],"product_cat":[51],"product_tag":[],"class_list":{"0":"post-5084","1":"product","2":"type-product","3":"status-publish","4":"has-post-thumbnail","6":"product_cat-custom-food-packaging-bags","8":"first","9":"instock","10":"shipping-taxable","11":"product-type-simple"},"_links":{"self":[{"href":"https:\/\/www.hyflexpack.com\/es\/wp-json\/wp\/v2\/product\/5084","targetHints":{"allow":["GET"]}}],"collection":[{"href":"https:\/\/www.hyflexpack.com\/es\/wp-json\/wp\/v2\/product"}],"about":[{"href":"https:\/\/www.hyflexpack.com\/es\/wp-json\/wp\/v2\/types\/product"}],"replies":[{"embeddable":true,"href":"https:\/\/www.hyflexpack.com\/es\/wp-json\/wp\/v2\/comments?post=5084"}],"wp:featuredmedia":[{"embeddable":true,"href":"https:\/\/www.hyflexpack.com\/es\/wp-json\/wp\/v2\/media\/5085"}],"wp:attachment":[{"href":"https:\/\/www.hyflexpack.com\/es\/wp-json\/wp\/v2\/media?parent=5084"}],"wp:term":[{"taxonomy":"product_brand","embeddable":true,"href":"https:\/\/www.hyflexpack.com\/es\/wp-json\/wp\/v2\/product_brand?post=5084"},{"taxonomy":"product_cat","embeddable":true,"href":"https:\/\/www.hyflexpack.com\/es\/wp-json\/wp\/v2\/product_cat?post=5084"},{"taxonomy":"product_tag","embeddable":true,"href":"https:\/\/www.hyflexpack.com\/es\/wp-json\/wp\/v2\/product_tag?post=5084"}],"curies":[{"name":"wp","href":"https:\/\/api.w.org\/{rel}","templated":true}]}}