{"id":5073,"date":"2024-08-17T09:28:09","date_gmt":"2024-08-17T09:28:09","guid":{"rendered":"https:\/\/www.hyflexpack.com\/?post_type=product&#038;p=5073"},"modified":"2025-10-23T08:54:49","modified_gmt":"2025-10-23T08:54:49","slug":"custom-cocoa-powder-packaging","status":"publish","type":"product","link":"https:\/\/www.hyflexpack.com\/es\/product\/custom-cocoa-powder-packaging\/","title":{"rendered":"Envasado personalizado de alta gama de cacao en polvo Bolsa de pie de calidad alimentaria"},"content":{"rendered":"<div class=\"wp-block-columns is-layout-flex wp-container-core-columns-is-layout-9d6595d7 wp-block-columns-is-layout-flex\">\n<div class=\"wp-block-column is-layout-flow wp-block-column-is-layout-flow\">\n<div class=\"wp-block-columns is-layout-flex wp-container-core-columns-is-layout-9d6595d7 wp-block-columns-is-layout-flex\">\n<div class=\"wp-block-column is-layout-flow wp-block-column-is-layout-flow\">\n<h3 class=\"wp-block-heading\">Features of High Quality Cocoa Powder Packaging Bag<\/h3>\n\n\n\n<ul class=\"wp-block-list\">\n<li>Materiales ecol\u00f3gicos: uso de materiales respetuosos con el medio ambiente que cumplan los requisitos medioambientales, como materiales biodegradables o reciclables, para reducir el impacto en el entorno. <\/li>\n<\/ul>\n\n\n\n<p><\/p>\n\n\n\n<ul class=\"wp-block-list\">\n<li>Food grade high barrier materials: Custom cocoa powder packaging bags with food grade high barrier antistatic materials, such as PET, PE, aluminum foil, etc., to ensure the freshness and safety of cocoa powder, moisture-proof, anti-oxidation, and extend the shelf life. <\/li>\n<\/ul>\n\n\n\n<p><\/p>\n\n\n\n<ul class=\"wp-block-list\">\n<li>Hanging hole design: the cocoa powder packaging bag is designed with hanging holes, easy to hang and display in the store, improving product visibility and attractiveness. <\/li>\n<\/ul>\n\n\n\n<p><\/p>\n\n\n\n<ul class=\"wp-block-list\">\n<li>Cierre de cremallera: cierre de cremallera incorporado, f\u00e1cil de abrir el cierre muchas veces, mantiene los aperitivos frescos, evita que entre el aire exterior. <\/li>\n<\/ul>\n\n\n\n<p><\/p>\n\n\n\n<ul class=\"wp-block-list\">\n<li>Dise\u00f1o de bolsa de pie: estructura de bolsa de pie, para que la bolsa se mantenga firme en la estanter\u00eda o vitrina, ahorrando espacio de exposici\u00f3n y mejorando el efecto de exposici\u00f3n del producto.<\/li>\n<\/ul>\n<\/div>\n\n\n\n<div class=\"wp-block-column is-layout-flow wp-block-column-is-layout-flow\">\n<figure class=\"wp-block-image size-full\"><img fetchpriority=\"high\" decoding=\"async\" width=\"750\" height=\"750\" src=\"https:\/\/www.hyflexpack.com\/wp-content\/uploads\/2024\/08\/customized-cocoa-powder-packaging-bag-manufacturer\uff081\uff09.webp\" alt=\"customized-cocoa-powder-packaging-bag-manufacturer\" class=\"wp-image-5066\" srcset=\"https:\/\/www.hyflexpack.com\/wp-content\/uploads\/2024\/08\/customized-cocoa-powder-packaging-bag-manufacturer\uff081\uff09.webp 750w, https:\/\/www.hyflexpack.com\/wp-content\/uploads\/2024\/08\/customized-cocoa-powder-packaging-bag-manufacturer\uff081\uff09-300x300.webp 300w, https:\/\/www.hyflexpack.com\/wp-content\/uploads\/2024\/08\/customized-cocoa-powder-packaging-bag-manufacturer\uff081\uff09-150x150.webp 150w, https:\/\/www.hyflexpack.com\/wp-content\/uploads\/2024\/08\/customized-cocoa-powder-packaging-bag-manufacturer\uff081\uff09-12x12.webp 12w, https:\/\/www.hyflexpack.com\/wp-content\/uploads\/2024\/08\/customized-cocoa-powder-packaging-bag-manufacturer\uff081\uff09-285x285.webp 285w, https:\/\/www.hyflexpack.com\/wp-content\/uploads\/2024\/08\/customized-cocoa-powder-packaging-bag-manufacturer\uff081\uff09-270x270.webp 270w, https:\/\/www.hyflexpack.com\/wp-content\/uploads\/2024\/08\/customized-cocoa-powder-packaging-bag-manufacturer\uff081\uff09-540x540.webp 540w, https:\/\/www.hyflexpack.com\/wp-content\/uploads\/2024\/08\/customized-cocoa-powder-packaging-bag-manufacturer\uff081\uff09-660x660.webp 660w\" sizes=\"(max-width: 750px) 100vw, 750px\" \/><\/figure>\n<\/div>\n<\/div>\n<\/div>\n<\/div>\n\n\n\n<p><\/p>","protected":false},"excerpt":{"rendered":"<p>Explore how our custom cocoa powder packaging bags are made with food-grade, eco-friendly materials to ensure your cocoa powder stays fresh and safe. Made of composite materials for excellent moisture and light resistance, they feature a zipper closure and a stand-up design for ease of use. Contact us today, we are committed to providing sustainable, high-quality packaging solutions.<\/p>\n<h3><strong>Advantages of Cocoa Powder Packaging Bag<\/strong><\/h3>\n<ul>\n<li><strong>Dise\u00f1o personalizado<\/strong>: We provide custom design cocoa powder packaging bag service, including material, size, and printing pattern customization to meet customer needs, and support OEM and ODM.<\/li>\n<li><strong>Fabricaci\u00f3n<\/strong>: Con equipos y tecnolog\u00eda avanzados, podemos completar la producci\u00f3n de la orden con alta eficiencia y alta calidad, y puede entregar a tiempo.<\/li>\n<li><strong>Inspecci\u00f3n de calidad<\/strong>: Seguir estrictamente las normas de calidad y los requisitos de seguridad alimentaria para la producci\u00f3n, a fin de garantizar que los productos cumplen las normas.<\/li>\n<li><strong>Atenci\u00f3n al cliente<\/strong>: 24 horas para ofrecer una respuesta r\u00e1pida y un esmerado servicio de atenci\u00f3n al cliente.<\/li>\n<li><strong>Muestra gratuita<\/strong>\uff1a Provide free sample service for you to evaluate the cocoa powder packaging bag.<\/li>\n<\/ul>","protected":false},"featured_media":5066,"comment_status":"open","ping_status":"closed","template":"","meta":[],"product_brand":[],"product_cat":[100],"product_tag":[],"class_list":{"0":"post-5073","1":"product","2":"type-product","3":"status-publish","4":"has-post-thumbnail","6":"product_cat-powder-packaging-bags-custom","8":"first","9":"instock","10":"shipping-taxable","11":"product-type-simple"},"_links":{"self":[{"href":"https:\/\/www.hyflexpack.com\/es\/wp-json\/wp\/v2\/product\/5073","targetHints":{"allow":["GET"]}}],"collection":[{"href":"https:\/\/www.hyflexpack.com\/es\/wp-json\/wp\/v2\/product"}],"about":[{"href":"https:\/\/www.hyflexpack.com\/es\/wp-json\/wp\/v2\/types\/product"}],"replies":[{"embeddable":true,"href":"https:\/\/www.hyflexpack.com\/es\/wp-json\/wp\/v2\/comments?post=5073"}],"wp:featuredmedia":[{"embeddable":true,"href":"https:\/\/www.hyflexpack.com\/es\/wp-json\/wp\/v2\/media\/5066"}],"wp:attachment":[{"href":"https:\/\/www.hyflexpack.com\/es\/wp-json\/wp\/v2\/media?parent=5073"}],"wp:term":[{"taxonomy":"product_brand","embeddable":true,"href":"https:\/\/www.hyflexpack.com\/es\/wp-json\/wp\/v2\/product_brand?post=5073"},{"taxonomy":"product_cat","embeddable":true,"href":"https:\/\/www.hyflexpack.com\/es\/wp-json\/wp\/v2\/product_cat?post=5073"},{"taxonomy":"product_tag","embeddable":true,"href":"https:\/\/www.hyflexpack.com\/es\/wp-json\/wp\/v2\/product_tag?post=5073"}],"curies":[{"name":"wp","href":"https:\/\/api.w.org\/{rel}","templated":true}]}}